{"id":9485,"date":"2022-04-19T18:49:57","date_gmt":"2022-04-19T15:49:57","guid":{"rendered":"https:\/\/www.baltvilla.lv\/?post_type=product&#038;p=9485"},"modified":"2026-03-03T14:59:20","modified_gmt":"2026-03-03T12:59:20","slug":"black-angus-liellopa-galas-burgers-ar-kraukskinatu-bekonu","status":"publish","type":"product","link":"https:\/\/www.baltvilla.lv\/en\/veikals\/restorans\/burgeri\/black-angus-liellopa-galas-burgers-ar-kraukskinatu-bekonu\/","title":{"rendered":"Black Angus liellopa ga\u013cas burgers ar krauk\u0161\u0137in\u0101tu bekonu"},"content":{"rendered":"<p>Za\u013co lapu sal\u0101ti. \u010cedaras siers. Tom\u0101ti. Lone Star BBQ &amp; pikant\u0101 m\u0113rce.<\/p>\n","protected":false},"excerpt":{"rendered":"<p>Za\u013co lapu sal\u0101ti. \u010cedaras siers. Tom\u0101ti. Lone Star BBQ &amp; pikant\u0101 m\u0113rce.<\/p>\n","protected":false},"featured_media":6991,"comment_status":"open","ping_status":"closed","template":"","meta":{"_acf_changed":false},"product_brand":[],"product_cat":[39,34],"product_tag":[],"class_list":{"0":"post-9485","1":"product","2":"type-product","3":"status-publish","4":"has-post-thumbnail","6":"product_cat-burgeri","7":"product_cat-restorans","9":"first","10":"instock","11":"taxable","12":"shipping-taxable","13":"purchasable","14":"product-type-simple"},"acf":[],"yoast_head":"<!-- This site is optimized with the Yoast SEO plugin v27.4 - https:\/\/yoast.com\/product\/yoast-seo-wordpress\/ -->\n<title>\u201eBlack Angus\u201d burgers | Baltvilla<\/title>\n<meta name=\"description\" content=\"Black Angus liellopa ga\u013cas burgers ar krauk\u0161\u0137in\u0101tu bekonu. Za\u013co lapu sal\u0101ti. \u010cedaras siers. Tom\u0101ti. Lone Star BBQ &amp; pikant\u0101 m\u0113rce.\" \/>\n<meta name=\"robots\" content=\"index, follow, max-snippet:-1, max-image-preview:large, max-video-preview:-1\" \/>\n<link rel=\"canonical\" href=\"https:\/\/www.baltvilla.lv\/en\/veikals\/restorans\/burgeri\/black-angus-liellopa-galas-burgers-ar-kraukskinatu-bekonu\/\" \/>\n<meta property=\"og:locale\" content=\"en_US\" \/>\n<meta property=\"og:type\" content=\"article\" \/>\n<meta property=\"og:title\" content=\"\u201eBlack Angus\u201d burgers | Baltvilla\" \/>\n<meta property=\"og:description\" content=\"Black Angus liellopa ga\u013cas burgers ar krauk\u0161\u0137in\u0101tu bekonu. Za\u013co lapu sal\u0101ti. \u010cedaras siers. Tom\u0101ti. Lone Star BBQ &amp; pikant\u0101 m\u0113rce.\" \/>\n<meta property=\"og:url\" content=\"https:\/\/www.baltvilla.lv\/en\/veikals\/restorans\/burgeri\/black-angus-liellopa-galas-burgers-ar-kraukskinatu-bekonu\/\" \/>\n<meta property=\"og:site_name\" content=\"Baltvilla\" \/>\n<meta property=\"article:modified_time\" content=\"2026-03-03T12:59:20+00:00\" \/>\n<meta property=\"og:image\" content=\"https:\/\/www.baltvilla.lv\/wp-content\/uploads\/2021\/10\/Untitled-design.png\" \/>\n\t<meta property=\"og:image:width\" content=\"1920\" \/>\n\t<meta property=\"og:image:height\" content=\"1080\" \/>\n\t<meta property=\"og:image:type\" content=\"image\/png\" \/>\n<meta name=\"twitter:card\" content=\"summary_large_image\" \/>\n<meta name=\"twitter:label1\" content=\"Est. reading time\" \/>\n\t<meta name=\"twitter:data1\" content=\"1 minute\" \/>\n<script type=\"application\/ld+json\" class=\"yoast-schema-graph\">{\"@context\":\"https:\\\/\\\/schema.org\",\"@graph\":[{\"@type\":\"WebPage\",\"@id\":\"https:\\\/\\\/www.baltvilla.lv\\\/en\\\/veikals\\\/restorans\\\/burgeri\\\/black-angus-liellopa-galas-burgers-ar-kraukskinatu-bekonu\\\/\",\"url\":\"https:\\\/\\\/www.baltvilla.lv\\\/en\\\/veikals\\\/restorans\\\/burgeri\\\/black-angus-liellopa-galas-burgers-ar-kraukskinatu-bekonu\\\/\",\"name\":\"\u201eBlack Angus\u201d burgers | Baltvilla\",\"isPartOf\":{\"@id\":\"https:\\\/\\\/www.baltvilla.lv\\\/en\\\/#website\"},\"primaryImageOfPage\":{\"@id\":\"https:\\\/\\\/www.baltvilla.lv\\\/en\\\/veikals\\\/restorans\\\/burgeri\\\/black-angus-liellopa-galas-burgers-ar-kraukskinatu-bekonu\\\/#primaryimage\"},\"image\":{\"@id\":\"https:\\\/\\\/www.baltvilla.lv\\\/en\\\/veikals\\\/restorans\\\/burgeri\\\/black-angus-liellopa-galas-burgers-ar-kraukskinatu-bekonu\\\/#primaryimage\"},\"thumbnailUrl\":\"https:\\\/\\\/www.baltvilla.lv\\\/wp-content\\\/uploads\\\/2021\\\/10\\\/Untitled-design.png\",\"datePublished\":\"2022-04-19T15:49:57+00:00\",\"dateModified\":\"2026-03-03T12:59:20+00:00\",\"description\":\"Black Angus liellopa ga\u013cas burgers ar krauk\u0161\u0137in\u0101tu bekonu. Za\u013co lapu sal\u0101ti. \u010cedaras siers. Tom\u0101ti. Lone Star BBQ & pikant\u0101 m\u0113rce.\",\"breadcrumb\":{\"@id\":\"https:\\\/\\\/www.baltvilla.lv\\\/en\\\/veikals\\\/restorans\\\/burgeri\\\/black-angus-liellopa-galas-burgers-ar-kraukskinatu-bekonu\\\/#breadcrumb\"},\"inLanguage\":\"en-US\",\"potentialAction\":[{\"@type\":\"ReadAction\",\"target\":[\"https:\\\/\\\/www.baltvilla.lv\\\/en\\\/veikals\\\/restorans\\\/burgeri\\\/black-angus-liellopa-galas-burgers-ar-kraukskinatu-bekonu\\\/\"]}]},{\"@type\":\"ImageObject\",\"inLanguage\":\"en-US\",\"@id\":\"https:\\\/\\\/www.baltvilla.lv\\\/en\\\/veikals\\\/restorans\\\/burgeri\\\/black-angus-liellopa-galas-burgers-ar-kraukskinatu-bekonu\\\/#primaryimage\",\"url\":\"https:\\\/\\\/www.baltvilla.lv\\\/wp-content\\\/uploads\\\/2021\\\/10\\\/Untitled-design.png\",\"contentUrl\":\"https:\\\/\\\/www.baltvilla.lv\\\/wp-content\\\/uploads\\\/2021\\\/10\\\/Untitled-design.png\",\"width\":1920,\"height\":1080,\"caption\":\"\u0112dieni l\u012bdz\u0146em\u0161anai\"},{\"@type\":\"BreadcrumbList\",\"@id\":\"https:\\\/\\\/www.baltvilla.lv\\\/en\\\/veikals\\\/restorans\\\/burgeri\\\/black-angus-liellopa-galas-burgers-ar-kraukskinatu-bekonu\\\/#breadcrumb\",\"itemListElement\":[{\"@type\":\"ListItem\",\"position\":1,\"name\":\"Home\",\"item\":\"https:\\\/\\\/www.baltvilla.lv\\\/en\\\/\"},{\"@type\":\"ListItem\",\"position\":2,\"name\":\"Shop\",\"item\":\"https:\\\/\\\/www.baltvilla.lv\\\/shop-2\\\/?lang=en\"},{\"@type\":\"ListItem\",\"position\":3,\"name\":\"Black Angus liellopa ga\u013cas burgers ar krauk\u0161\u0137in\u0101tu bekonu\"}]},{\"@type\":\"WebSite\",\"@id\":\"https:\\\/\\\/www.baltvilla.lv\\\/en\\\/#website\",\"url\":\"https:\\\/\\\/www.baltvilla.lv\\\/en\\\/\",\"name\":\"Baltvilla\",\"description\":\"\",\"publisher\":{\"@id\":\"https:\\\/\\\/www.baltvilla.lv\\\/en\\\/#organization\"},\"potentialAction\":[{\"@type\":\"SearchAction\",\"target\":{\"@type\":\"EntryPoint\",\"urlTemplate\":\"https:\\\/\\\/www.baltvilla.lv\\\/en\\\/?s={search_term_string}\"},\"query-input\":{\"@type\":\"PropertyValueSpecification\",\"valueRequired\":true,\"valueName\":\"search_term_string\"}}],\"inLanguage\":\"en-US\"},{\"@type\":\"Organization\",\"@id\":\"https:\\\/\\\/www.baltvilla.lv\\\/en\\\/#organization\",\"name\":\"Hotel \\\"Baltvilla\\\"\",\"url\":\"https:\\\/\\\/www.baltvilla.lv\\\/en\\\/\",\"logo\":{\"@type\":\"ImageObject\",\"inLanguage\":\"en-US\",\"@id\":\"https:\\\/\\\/www.baltvilla.lv\\\/en\\\/#\\\/schema\\\/logo\\\/image\\\/\",\"url\":\"https:\\\/\\\/www.baltvilla.lv\\\/wp-content\\\/uploads\\\/2021\\\/04\\\/baltvilla-logo.png\",\"contentUrl\":\"https:\\\/\\\/www.baltvilla.lv\\\/wp-content\\\/uploads\\\/2021\\\/04\\\/baltvilla-logo.png\",\"width\":207,\"height\":42,\"caption\":\"Hotel \\\"Baltvilla\\\"\"},\"image\":{\"@id\":\"https:\\\/\\\/www.baltvilla.lv\\\/en\\\/#\\\/schema\\\/logo\\\/image\\\/\"}}]}<\/script>\n<!-- \/ Yoast SEO plugin. -->","yoast_head_json":{"title":"\u201eBlack Angus\u201d burgers | Baltvilla","description":"Black Angus liellopa ga\u013cas burgers ar krauk\u0161\u0137in\u0101tu bekonu. Za\u013co lapu sal\u0101ti. \u010cedaras siers. Tom\u0101ti. Lone Star BBQ & pikant\u0101 m\u0113rce.","robots":{"index":"index","follow":"follow","max-snippet":"max-snippet:-1","max-image-preview":"max-image-preview:large","max-video-preview":"max-video-preview:-1"},"canonical":"https:\/\/www.baltvilla.lv\/en\/veikals\/restorans\/burgeri\/black-angus-liellopa-galas-burgers-ar-kraukskinatu-bekonu\/","og_locale":"en_US","og_type":"article","og_title":"\u201eBlack Angus\u201d burgers | Baltvilla","og_description":"Black Angus liellopa ga\u013cas burgers ar krauk\u0161\u0137in\u0101tu bekonu. Za\u013co lapu sal\u0101ti. \u010cedaras siers. Tom\u0101ti. Lone Star BBQ & pikant\u0101 m\u0113rce.","og_url":"https:\/\/www.baltvilla.lv\/en\/veikals\/restorans\/burgeri\/black-angus-liellopa-galas-burgers-ar-kraukskinatu-bekonu\/","og_site_name":"Baltvilla","article_modified_time":"2026-03-03T12:59:20+00:00","og_image":[{"width":1920,"height":1080,"url":"https:\/\/www.baltvilla.lv\/wp-content\/uploads\/2021\/10\/Untitled-design.png","type":"image\/png"}],"twitter_card":"summary_large_image","twitter_misc":{"Est. reading time":"1 minute"},"schema":{"@context":"https:\/\/schema.org","@graph":[{"@type":"WebPage","@id":"https:\/\/www.baltvilla.lv\/en\/veikals\/restorans\/burgeri\/black-angus-liellopa-galas-burgers-ar-kraukskinatu-bekonu\/","url":"https:\/\/www.baltvilla.lv\/en\/veikals\/restorans\/burgeri\/black-angus-liellopa-galas-burgers-ar-kraukskinatu-bekonu\/","name":"\u201eBlack Angus\u201d burgers | Baltvilla","isPartOf":{"@id":"https:\/\/www.baltvilla.lv\/en\/#website"},"primaryImageOfPage":{"@id":"https:\/\/www.baltvilla.lv\/en\/veikals\/restorans\/burgeri\/black-angus-liellopa-galas-burgers-ar-kraukskinatu-bekonu\/#primaryimage"},"image":{"@id":"https:\/\/www.baltvilla.lv\/en\/veikals\/restorans\/burgeri\/black-angus-liellopa-galas-burgers-ar-kraukskinatu-bekonu\/#primaryimage"},"thumbnailUrl":"https:\/\/www.baltvilla.lv\/wp-content\/uploads\/2021\/10\/Untitled-design.png","datePublished":"2022-04-19T15:49:57+00:00","dateModified":"2026-03-03T12:59:20+00:00","description":"Black Angus liellopa ga\u013cas burgers ar krauk\u0161\u0137in\u0101tu bekonu. Za\u013co lapu sal\u0101ti. \u010cedaras siers. Tom\u0101ti. Lone Star BBQ & pikant\u0101 m\u0113rce.","breadcrumb":{"@id":"https:\/\/www.baltvilla.lv\/en\/veikals\/restorans\/burgeri\/black-angus-liellopa-galas-burgers-ar-kraukskinatu-bekonu\/#breadcrumb"},"inLanguage":"en-US","potentialAction":[{"@type":"ReadAction","target":["https:\/\/www.baltvilla.lv\/en\/veikals\/restorans\/burgeri\/black-angus-liellopa-galas-burgers-ar-kraukskinatu-bekonu\/"]}]},{"@type":"ImageObject","inLanguage":"en-US","@id":"https:\/\/www.baltvilla.lv\/en\/veikals\/restorans\/burgeri\/black-angus-liellopa-galas-burgers-ar-kraukskinatu-bekonu\/#primaryimage","url":"https:\/\/www.baltvilla.lv\/wp-content\/uploads\/2021\/10\/Untitled-design.png","contentUrl":"https:\/\/www.baltvilla.lv\/wp-content\/uploads\/2021\/10\/Untitled-design.png","width":1920,"height":1080,"caption":"\u0112dieni l\u012bdz\u0146em\u0161anai"},{"@type":"BreadcrumbList","@id":"https:\/\/www.baltvilla.lv\/en\/veikals\/restorans\/burgeri\/black-angus-liellopa-galas-burgers-ar-kraukskinatu-bekonu\/#breadcrumb","itemListElement":[{"@type":"ListItem","position":1,"name":"Home","item":"https:\/\/www.baltvilla.lv\/en\/"},{"@type":"ListItem","position":2,"name":"Shop","item":"https:\/\/www.baltvilla.lv\/shop-2\/?lang=en"},{"@type":"ListItem","position":3,"name":"Black Angus liellopa ga\u013cas burgers ar krauk\u0161\u0137in\u0101tu bekonu"}]},{"@type":"WebSite","@id":"https:\/\/www.baltvilla.lv\/en\/#website","url":"https:\/\/www.baltvilla.lv\/en\/","name":"Baltvilla","description":"","publisher":{"@id":"https:\/\/www.baltvilla.lv\/en\/#organization"},"potentialAction":[{"@type":"SearchAction","target":{"@type":"EntryPoint","urlTemplate":"https:\/\/www.baltvilla.lv\/en\/?s={search_term_string}"},"query-input":{"@type":"PropertyValueSpecification","valueRequired":true,"valueName":"search_term_string"}}],"inLanguage":"en-US"},{"@type":"Organization","@id":"https:\/\/www.baltvilla.lv\/en\/#organization","name":"Hotel \"Baltvilla\"","url":"https:\/\/www.baltvilla.lv\/en\/","logo":{"@type":"ImageObject","inLanguage":"en-US","@id":"https:\/\/www.baltvilla.lv\/en\/#\/schema\/logo\/image\/","url":"https:\/\/www.baltvilla.lv\/wp-content\/uploads\/2021\/04\/baltvilla-logo.png","contentUrl":"https:\/\/www.baltvilla.lv\/wp-content\/uploads\/2021\/04\/baltvilla-logo.png","width":207,"height":42,"caption":"Hotel \"Baltvilla\""},"image":{"@id":"https:\/\/www.baltvilla.lv\/en\/#\/schema\/logo\/image\/"}}]}},"_links":{"self":[{"href":"https:\/\/www.baltvilla.lv\/en\/wp-json\/wp\/v2\/product\/9485","targetHints":{"allow":["GET"]}}],"collection":[{"href":"https:\/\/www.baltvilla.lv\/en\/wp-json\/wp\/v2\/product"}],"about":[{"href":"https:\/\/www.baltvilla.lv\/en\/wp-json\/wp\/v2\/types\/product"}],"replies":[{"embeddable":true,"href":"https:\/\/www.baltvilla.lv\/en\/wp-json\/wp\/v2\/comments?post=9485"}],"wp:featuredmedia":[{"embeddable":true,"href":"https:\/\/www.baltvilla.lv\/en\/wp-json\/wp\/v2\/media\/6991"}],"wp:attachment":[{"href":"https:\/\/www.baltvilla.lv\/en\/wp-json\/wp\/v2\/media?parent=9485"}],"wp:term":[{"taxonomy":"product_brand","embeddable":true,"href":"https:\/\/www.baltvilla.lv\/en\/wp-json\/wp\/v2\/product_brand?post=9485"},{"taxonomy":"product_cat","embeddable":true,"href":"https:\/\/www.baltvilla.lv\/en\/wp-json\/wp\/v2\/product_cat?post=9485"},{"taxonomy":"product_tag","embeddable":true,"href":"https:\/\/www.baltvilla.lv\/en\/wp-json\/wp\/v2\/product_tag?post=9485"}],"curies":[{"name":"wp","href":"https:\/\/api.w.org\/{rel}","templated":true}]}}