{"id":8163,"date":"2022-02-01T12:51:26","date_gmt":"2022-02-01T10:51:26","guid":{"rendered":"https:\/\/www.baltvilla.lv\/?post_type=product&#038;p=8163"},"modified":"2026-04-07T09:59:46","modified_gmt":"2026-04-07T06:59:46","slug":"brokastis-brivdienas","status":"publish","type":"product","link":"https:\/\/www.baltvilla.lv\/en\/veikals\/restorans\/branci-un-brokastis\/brokastis-brivdienas\/","title":{"rendered":"Brokastis br\u012bvdien\u0101s"},"content":{"rendered":"<h3><strong>Silto \u0113dienu izv\u0113le<\/strong><\/h3>\n<ul>\n<li>Ceptas olas ar krauk\u0161\u0137\u012bgu bekonu<\/li>\n<li>Gais\u012bgais olu kultenis<\/li>\n<li>Kr\u0101sn\u012b cepti sezonas d\u0101rze\u0146i<\/li>\n<li>\u00a0Cepti kartupe\u013ci<\/li>\n<li>Pl\u0101n\u0101s pank\u016bkas ar iev\u0101r\u012bjumu, riekstu sviestu vai \u0161okol\u0101des kr\u0113mu<\/li>\n<li>Gais\u012bgie biezpiena pl\u0101cen\u012b\u0161i ar zeme\u0146u vai upe\u0146u iev\u0101r\u012bjumu<\/li>\n<\/ul>\n<h3><strong>\u00a0Uzkodas<\/strong><\/h3>\n<ul>\n<li>Karsti k\u016bpin\u0101ts lasis<\/li>\n<li>Tuncis ol\u012bve\u013c\u013c\u0101<\/li>\n<li>Rupjmaizes kanap\u0113 ar marin\u0113tu si\u013c\u0137i<\/li>\n<li>Mozarella ar tom\u0101tiem un pesto m\u0113rci<\/li>\n<li>Biezpiens ar kr\u0113jumu un kap\u0101tiem za\u013cumiem<\/li>\n<li>da\u017e\u0101di sal\u0101ti<\/li>\n<li>Karstmaize ar siera un \u0161\u0137i\u0146\u0137a pild\u012bjumu<\/li>\n<li>Svaigu d\u0101rze\u0146u izlase ar tzatziki m\u0113rci<\/li>\n<li>Marin\u0113tu d\u0101rze\u0146u izlase: ol\u012bvas, marin\u0113tas bietes, \u0161ampinjoni, kukur\u016bza, za\u013cie zirn\u012b\u0161i<\/li>\n<\/ul>\n<p><strong>Siera plate<\/strong><\/p>\n<ul>\n<li>Edams, \u010cedara siers, Gouda, Camembert, fetas siers<\/li>\n<\/ul>\n<p><strong>Ga\u013cas plate<\/strong><\/p>\n<ul>\n<li>Salami desa, prosciutto \u0161\u0137i\u0146\u0137is, k\u016bpin\u0101ta vistas fileja<\/li>\n<\/ul>\n<h3><strong>Deserti un saldie na\u0161\u0137i<\/strong><\/h3>\n<ul>\n<li>Pa\u0161u gatavota auzu p\u0101rslu un riekstu granola ar dz\u0113rven\u0113m<\/li>\n<li>Pl\u0101tsmaize un kuci\u0146as<\/li>\n<li>Smil\u0161u cepumi ar s\u0113kli\u0146\u0101m, pipark\u016bkas, mande\u013cu cepumi<\/li>\n<li>Kruas\u0101ni<\/li>\n<li>Svaigu aug\u013cu izlase<\/li>\n<li>\u017d\u0101v\u0113tu aug\u013cu un riekstu izlase<\/li>\n<li>Riekstu sviests un \u0161okol\u0101des kr\u0113ms<\/li>\n<li>Iev\u0101r\u012bjumu izlase<\/li>\n<\/ul>\n<h3>Dz\u0113rieni<\/h3>\n<ul>\n<li>Kafija, t\u0113ja, sulas, \u016bdens ar citronu<\/li>\n<\/ul>\n","protected":false},"excerpt":{"rendered":"<p>Aicin\u0101m baud\u012bt bag\u0101t\u012bgas brokastis kop\u0101 ar \u0123imeni vai draugiem. Gaid\u012bsim J\u016bs viesn\u012bc\u0101 \u201eBaltvilla\u201d <strong>br\u012bvdienu\u00a0 r\u012btos<\/strong>\u00a0uz nesteidz\u012bg\u0101m un gard\u0101m sv\u0113tku brokast\u012bm!<\/p>\n<p><strong>Brokastu laiks no 8.00 l\u012bdz 12.00<\/strong><\/p>\n<p><strong>Brokastu cena pieaugu\u0161ajiem 20 EUR, b\u0113rniem no 3(ieskaitot) l\u012bdz 14 gadu vecumam 10 EUR.*<\/strong><\/p>\n<p>Lai m\u0113s var\u0113tu garant\u0113t vietu restor\u0101n\u0101, aicin\u0101m J\u016bs rezerv\u0113t galdi\u0146u savlaic\u012bgi pa t\u0101lr. <a href=\"tel:+37167840640\">+37167840640<\/a>, e-pastu <a href=\"mailto:info@baltvilla.lv\">info@baltvilla.lv<\/a> vai m\u016bsu m\u0101jaslap\u0101!<\/p>\n<p><em>*S\u0101kot no 15 person\u0101m, piem\u0113rojam apkalpo\u0161anas maksu 10%\u00a0<\/em><\/p>\n","protected":false},"featured_media":20864,"comment_status":"open","ping_status":"closed","template":"","meta":{"_acf_changed":false},"product_brand":[],"product_cat":[34,80],"product_tag":[],"class_list":{"0":"post-8163","1":"product","2":"type-product","3":"status-publish","4":"has-post-thumbnail","6":"product_cat-restorans","7":"product_cat-branci-un-brokastis","9":"first","10":"instock","11":"taxable","12":"shipping-taxable","13":"purchasable","14":"product-type-simple"},"acf":[],"yoast_head":"<!-- This site is optimized with the Yoast SEO plugin v27.4 - https:\/\/yoast.com\/product\/yoast-seo-wordpress\/ -->\n<title>Brokastis brivdien\u0101s | Viesn\u012bca Baltvilla<\/title>\n<meta name=\"description\" content=\"Aicin\u0101m nobaud\u012bt gardas brokastis viesn\u012bc\u0101 &quot;Baltvilla&quot;. Pied\u0101v\u0101jum\u0101 iek\u013cautas silt\u0101s un aukst\u0101s uzkodas, kafija, t\u0113ja un svaigi aug\u013ci.\" \/>\n<meta name=\"robots\" content=\"index, follow, max-snippet:-1, max-image-preview:large, max-video-preview:-1\" \/>\n<link rel=\"canonical\" href=\"https:\/\/www.baltvilla.lv\/en\/veikals\/restorans\/branci-un-brokastis\/brokastis-brivdienas\/\" \/>\n<meta property=\"og:locale\" content=\"en_US\" \/>\n<meta property=\"og:type\" content=\"article\" \/>\n<meta property=\"og:title\" content=\"Brokastis brivdien\u0101s | Viesn\u012bca Baltvilla\" \/>\n<meta property=\"og:description\" content=\"Aicin\u0101m nobaud\u012bt gardas brokastis viesn\u012bc\u0101 &quot;Baltvilla&quot;. Pied\u0101v\u0101jum\u0101 iek\u013cautas silt\u0101s un aukst\u0101s uzkodas, kafija, t\u0113ja un svaigi aug\u013ci.\" \/>\n<meta property=\"og:url\" content=\"https:\/\/www.baltvilla.lv\/en\/veikals\/restorans\/branci-un-brokastis\/brokastis-brivdienas\/\" \/>\n<meta property=\"og:site_name\" content=\"Baltvilla\" \/>\n<meta property=\"article:modified_time\" content=\"2026-04-07T06:59:46+00:00\" \/>\n<meta property=\"og:image\" content=\"https:\/\/www.baltvilla.lv\/wp-content\/uploads\/2021\/08\/Bv-SPA-6.jpg\" \/>\n\t<meta property=\"og:image:width\" content=\"1800\" \/>\n\t<meta property=\"og:image:height\" content=\"1200\" \/>\n\t<meta property=\"og:image:type\" content=\"image\/jpeg\" \/>\n<meta name=\"twitter:card\" content=\"summary_large_image\" \/>\n<meta name=\"twitter:label1\" content=\"Est. reading time\" \/>\n\t<meta name=\"twitter:data1\" content=\"1 minute\" \/>\n<script type=\"application\/ld+json\" class=\"yoast-schema-graph\">{\"@context\":\"https:\\\/\\\/schema.org\",\"@graph\":[{\"@type\":\"WebPage\",\"@id\":\"https:\\\/\\\/www.baltvilla.lv\\\/en\\\/veikals\\\/restorans\\\/branci-un-brokastis\\\/brokastis-brivdienas\\\/\",\"url\":\"https:\\\/\\\/www.baltvilla.lv\\\/en\\\/veikals\\\/restorans\\\/branci-un-brokastis\\\/brokastis-brivdienas\\\/\",\"name\":\"Brokastis brivdien\u0101s | Viesn\u012bca Baltvilla\",\"isPartOf\":{\"@id\":\"https:\\\/\\\/www.baltvilla.lv\\\/en\\\/#website\"},\"primaryImageOfPage\":{\"@id\":\"https:\\\/\\\/www.baltvilla.lv\\\/en\\\/veikals\\\/restorans\\\/branci-un-brokastis\\\/brokastis-brivdienas\\\/#primaryimage\"},\"image\":{\"@id\":\"https:\\\/\\\/www.baltvilla.lv\\\/en\\\/veikals\\\/restorans\\\/branci-un-brokastis\\\/brokastis-brivdienas\\\/#primaryimage\"},\"thumbnailUrl\":\"https:\\\/\\\/www.baltvilla.lv\\\/wp-content\\\/uploads\\\/2021\\\/08\\\/Bv-SPA-6.jpg\",\"datePublished\":\"2022-02-01T10:51:26+00:00\",\"dateModified\":\"2026-04-07T06:59:46+00:00\",\"description\":\"Aicin\u0101m nobaud\u012bt gardas brokastis viesn\u012bc\u0101 \\\"Baltvilla\\\". Pied\u0101v\u0101jum\u0101 iek\u013cautas silt\u0101s un aukst\u0101s uzkodas, kafija, t\u0113ja un svaigi aug\u013ci.\",\"breadcrumb\":{\"@id\":\"https:\\\/\\\/www.baltvilla.lv\\\/en\\\/veikals\\\/restorans\\\/branci-un-brokastis\\\/brokastis-brivdienas\\\/#breadcrumb\"},\"inLanguage\":\"en-US\",\"potentialAction\":[{\"@type\":\"ReadAction\",\"target\":[\"https:\\\/\\\/www.baltvilla.lv\\\/en\\\/veikals\\\/restorans\\\/branci-un-brokastis\\\/brokastis-brivdienas\\\/\"]}]},{\"@type\":\"ImageObject\",\"inLanguage\":\"en-US\",\"@id\":\"https:\\\/\\\/www.baltvilla.lv\\\/en\\\/veikals\\\/restorans\\\/branci-un-brokastis\\\/brokastis-brivdienas\\\/#primaryimage\",\"url\":\"https:\\\/\\\/www.baltvilla.lv\\\/wp-content\\\/uploads\\\/2021\\\/08\\\/Bv-SPA-6.jpg\",\"contentUrl\":\"https:\\\/\\\/www.baltvilla.lv\\\/wp-content\\\/uploads\\\/2021\\\/08\\\/Bv-SPA-6.jpg\",\"width\":1800,\"height\":1200},{\"@type\":\"BreadcrumbList\",\"@id\":\"https:\\\/\\\/www.baltvilla.lv\\\/en\\\/veikals\\\/restorans\\\/branci-un-brokastis\\\/brokastis-brivdienas\\\/#breadcrumb\",\"itemListElement\":[{\"@type\":\"ListItem\",\"position\":1,\"name\":\"Home\",\"item\":\"https:\\\/\\\/www.baltvilla.lv\\\/en\\\/\"},{\"@type\":\"ListItem\",\"position\":2,\"name\":\"Shop\",\"item\":\"https:\\\/\\\/www.baltvilla.lv\\\/shop-2\\\/?lang=en\"},{\"@type\":\"ListItem\",\"position\":3,\"name\":\"Brokastis br\u012bvdien\u0101s\"}]},{\"@type\":\"WebSite\",\"@id\":\"https:\\\/\\\/www.baltvilla.lv\\\/en\\\/#website\",\"url\":\"https:\\\/\\\/www.baltvilla.lv\\\/en\\\/\",\"name\":\"Baltvilla\",\"description\":\"\",\"publisher\":{\"@id\":\"https:\\\/\\\/www.baltvilla.lv\\\/en\\\/#organization\"},\"potentialAction\":[{\"@type\":\"SearchAction\",\"target\":{\"@type\":\"EntryPoint\",\"urlTemplate\":\"https:\\\/\\\/www.baltvilla.lv\\\/en\\\/?s={search_term_string}\"},\"query-input\":{\"@type\":\"PropertyValueSpecification\",\"valueRequired\":true,\"valueName\":\"search_term_string\"}}],\"inLanguage\":\"en-US\"},{\"@type\":\"Organization\",\"@id\":\"https:\\\/\\\/www.baltvilla.lv\\\/en\\\/#organization\",\"name\":\"Hotel \\\"Baltvilla\\\"\",\"url\":\"https:\\\/\\\/www.baltvilla.lv\\\/en\\\/\",\"logo\":{\"@type\":\"ImageObject\",\"inLanguage\":\"en-US\",\"@id\":\"https:\\\/\\\/www.baltvilla.lv\\\/en\\\/#\\\/schema\\\/logo\\\/image\\\/\",\"url\":\"https:\\\/\\\/www.baltvilla.lv\\\/wp-content\\\/uploads\\\/2021\\\/04\\\/baltvilla-logo.png\",\"contentUrl\":\"https:\\\/\\\/www.baltvilla.lv\\\/wp-content\\\/uploads\\\/2021\\\/04\\\/baltvilla-logo.png\",\"width\":207,\"height\":42,\"caption\":\"Hotel \\\"Baltvilla\\\"\"},\"image\":{\"@id\":\"https:\\\/\\\/www.baltvilla.lv\\\/en\\\/#\\\/schema\\\/logo\\\/image\\\/\"}}]}<\/script>\n<!-- \/ Yoast SEO plugin. -->","yoast_head_json":{"title":"Brokastis brivdien\u0101s | Viesn\u012bca Baltvilla","description":"Aicin\u0101m nobaud\u012bt gardas brokastis viesn\u012bc\u0101 \"Baltvilla\". Pied\u0101v\u0101jum\u0101 iek\u013cautas silt\u0101s un aukst\u0101s uzkodas, kafija, t\u0113ja un svaigi aug\u013ci.","robots":{"index":"index","follow":"follow","max-snippet":"max-snippet:-1","max-image-preview":"max-image-preview:large","max-video-preview":"max-video-preview:-1"},"canonical":"https:\/\/www.baltvilla.lv\/en\/veikals\/restorans\/branci-un-brokastis\/brokastis-brivdienas\/","og_locale":"en_US","og_type":"article","og_title":"Brokastis brivdien\u0101s | Viesn\u012bca Baltvilla","og_description":"Aicin\u0101m nobaud\u012bt gardas brokastis viesn\u012bc\u0101 \"Baltvilla\". Pied\u0101v\u0101jum\u0101 iek\u013cautas silt\u0101s un aukst\u0101s uzkodas, kafija, t\u0113ja un svaigi aug\u013ci.","og_url":"https:\/\/www.baltvilla.lv\/en\/veikals\/restorans\/branci-un-brokastis\/brokastis-brivdienas\/","og_site_name":"Baltvilla","article_modified_time":"2026-04-07T06:59:46+00:00","og_image":[{"width":1800,"height":1200,"url":"https:\/\/www.baltvilla.lv\/wp-content\/uploads\/2021\/08\/Bv-SPA-6.jpg","type":"image\/jpeg"}],"twitter_card":"summary_large_image","twitter_misc":{"Est. reading time":"1 minute"},"schema":{"@context":"https:\/\/schema.org","@graph":[{"@type":"WebPage","@id":"https:\/\/www.baltvilla.lv\/en\/veikals\/restorans\/branci-un-brokastis\/brokastis-brivdienas\/","url":"https:\/\/www.baltvilla.lv\/en\/veikals\/restorans\/branci-un-brokastis\/brokastis-brivdienas\/","name":"Brokastis brivdien\u0101s | Viesn\u012bca Baltvilla","isPartOf":{"@id":"https:\/\/www.baltvilla.lv\/en\/#website"},"primaryImageOfPage":{"@id":"https:\/\/www.baltvilla.lv\/en\/veikals\/restorans\/branci-un-brokastis\/brokastis-brivdienas\/#primaryimage"},"image":{"@id":"https:\/\/www.baltvilla.lv\/en\/veikals\/restorans\/branci-un-brokastis\/brokastis-brivdienas\/#primaryimage"},"thumbnailUrl":"https:\/\/www.baltvilla.lv\/wp-content\/uploads\/2021\/08\/Bv-SPA-6.jpg","datePublished":"2022-02-01T10:51:26+00:00","dateModified":"2026-04-07T06:59:46+00:00","description":"Aicin\u0101m nobaud\u012bt gardas brokastis viesn\u012bc\u0101 \"Baltvilla\". Pied\u0101v\u0101jum\u0101 iek\u013cautas silt\u0101s un aukst\u0101s uzkodas, kafija, t\u0113ja un svaigi aug\u013ci.","breadcrumb":{"@id":"https:\/\/www.baltvilla.lv\/en\/veikals\/restorans\/branci-un-brokastis\/brokastis-brivdienas\/#breadcrumb"},"inLanguage":"en-US","potentialAction":[{"@type":"ReadAction","target":["https:\/\/www.baltvilla.lv\/en\/veikals\/restorans\/branci-un-brokastis\/brokastis-brivdienas\/"]}]},{"@type":"ImageObject","inLanguage":"en-US","@id":"https:\/\/www.baltvilla.lv\/en\/veikals\/restorans\/branci-un-brokastis\/brokastis-brivdienas\/#primaryimage","url":"https:\/\/www.baltvilla.lv\/wp-content\/uploads\/2021\/08\/Bv-SPA-6.jpg","contentUrl":"https:\/\/www.baltvilla.lv\/wp-content\/uploads\/2021\/08\/Bv-SPA-6.jpg","width":1800,"height":1200},{"@type":"BreadcrumbList","@id":"https:\/\/www.baltvilla.lv\/en\/veikals\/restorans\/branci-un-brokastis\/brokastis-brivdienas\/#breadcrumb","itemListElement":[{"@type":"ListItem","position":1,"name":"Home","item":"https:\/\/www.baltvilla.lv\/en\/"},{"@type":"ListItem","position":2,"name":"Shop","item":"https:\/\/www.baltvilla.lv\/shop-2\/?lang=en"},{"@type":"ListItem","position":3,"name":"Brokastis br\u012bvdien\u0101s"}]},{"@type":"WebSite","@id":"https:\/\/www.baltvilla.lv\/en\/#website","url":"https:\/\/www.baltvilla.lv\/en\/","name":"Baltvilla","description":"","publisher":{"@id":"https:\/\/www.baltvilla.lv\/en\/#organization"},"potentialAction":[{"@type":"SearchAction","target":{"@type":"EntryPoint","urlTemplate":"https:\/\/www.baltvilla.lv\/en\/?s={search_term_string}"},"query-input":{"@type":"PropertyValueSpecification","valueRequired":true,"valueName":"search_term_string"}}],"inLanguage":"en-US"},{"@type":"Organization","@id":"https:\/\/www.baltvilla.lv\/en\/#organization","name":"Hotel \"Baltvilla\"","url":"https:\/\/www.baltvilla.lv\/en\/","logo":{"@type":"ImageObject","inLanguage":"en-US","@id":"https:\/\/www.baltvilla.lv\/en\/#\/schema\/logo\/image\/","url":"https:\/\/www.baltvilla.lv\/wp-content\/uploads\/2021\/04\/baltvilla-logo.png","contentUrl":"https:\/\/www.baltvilla.lv\/wp-content\/uploads\/2021\/04\/baltvilla-logo.png","width":207,"height":42,"caption":"Hotel \"Baltvilla\""},"image":{"@id":"https:\/\/www.baltvilla.lv\/en\/#\/schema\/logo\/image\/"}}]}},"_links":{"self":[{"href":"https:\/\/www.baltvilla.lv\/en\/wp-json\/wp\/v2\/product\/8163","targetHints":{"allow":["GET"]}}],"collection":[{"href":"https:\/\/www.baltvilla.lv\/en\/wp-json\/wp\/v2\/product"}],"about":[{"href":"https:\/\/www.baltvilla.lv\/en\/wp-json\/wp\/v2\/types\/product"}],"replies":[{"embeddable":true,"href":"https:\/\/www.baltvilla.lv\/en\/wp-json\/wp\/v2\/comments?post=8163"}],"wp:featuredmedia":[{"embeddable":true,"href":"https:\/\/www.baltvilla.lv\/en\/wp-json\/wp\/v2\/media\/20864"}],"wp:attachment":[{"href":"https:\/\/www.baltvilla.lv\/en\/wp-json\/wp\/v2\/media?parent=8163"}],"wp:term":[{"taxonomy":"product_brand","embeddable":true,"href":"https:\/\/www.baltvilla.lv\/en\/wp-json\/wp\/v2\/product_brand?post=8163"},{"taxonomy":"product_cat","embeddable":true,"href":"https:\/\/www.baltvilla.lv\/en\/wp-json\/wp\/v2\/product_cat?post=8163"},{"taxonomy":"product_tag","embeddable":true,"href":"https:\/\/www.baltvilla.lv\/en\/wp-json\/wp\/v2\/product_tag?post=8163"}],"curies":[{"name":"wp","href":"https:\/\/api.w.org\/{rel}","templated":true}]}}