{"id":6538,"date":"2021-09-13T11:42:53","date_gmt":"2021-09-13T08:42:53","guid":{"rendered":"https:\/\/www.baltvilla.lv\/?post_type=product&#038;p=6538"},"modified":"2025-11-10T11:44:30","modified_gmt":"2025-11-10T09:44:30","slug":"davanu-karte-atputa-draudzenem","status":"publish","type":"product","link":"https:\/\/www.baltvilla.lv\/en\/veikals\/davanu-kartes\/davanu-karte-atputa-draudzenem\/","title":{"rendered":"D\u0101vanu karte &#8220;Atp\u016bta draudzen\u0113m&#8221;"},"content":{"rendered":"<h3>Pied\u0101v\u0101jum\u0101 iek\u013cauti<\/h3>\n<ul>\n<li>Nak\u0161\u0146o\u0161ana div\u0101m person\u0101m (viena diena \/viena nakts) komfortablaj\u0101 <a href=\"https:\/\/www.baltvilla.lv\/viesnica\/numuri\/superior-numurs\/\">paaugstin\u0101tas kategorijas numur\u0101<\/a><\/li>\n<li>Gardas un nesteidz\u012bgas brokastis.<\/li>\n<li>Hal\u0101ti, \u010d\u012bbas un dvie\u013ci spa proced\u016brai<\/li>\n<li>Dzi\u013ci relaks\u0113jo\u0161a Spa \u0137erme\u0146a mas\u0101\u017ea <a href=\"https:\/\/www.baltvilla.lv\/spa\/spa-masazas\/aromatiska-spa-kermena-baudi-lenam\/\" target=\"_blank\" rel=\"noopener\">\u201eBaudi l\u0113n\u0101m\u201d<\/a> (60 min) vai Spa \u0137erme\u0146a toniz\u0113jo\u0161a mas\u0101\u017ea <a href=\"https:\/\/www.baltvilla.lv\/spa\/spa-masazas\/tonizejosa-spa-kermena-masaza-dzivibas-energija\/\" target=\"_blank\" rel=\"noopener\">\u201eDz\u012bv\u012bbas ener\u0123ija\u201d<\/a> (60 min) p\u0113c izv\u0113les.<\/li>\n<li>Ierodoties aug\u013cu uzkodas un gl\u0101ze dzirksto\u0161\u0101 v\u012bna numur\u0101<\/li>\n<li>Numur\u0101 pieejama t\u0113ja un Baltvillas na\u0161\u0137i.<\/li>\n<li>Labos laikapst\u0101k\u013cos pied\u0101v\u0101sim izbraucienu ar velosip\u0113diem.<\/li>\n<\/ul>\n","protected":false},"excerpt":{"rendered":"<p>D\u0101vanu karte sniegs iesp\u0113ju mazliet aizb\u0113gt no ikdienas ierastaj\u0101m r\u016bp\u0113m.\u00a0 Bezr\u016bp\u012bg\u0101 un komfortabl\u0101 atmosf\u0113r\u0101, baudot atp\u016btu kop\u0101 ar draudzeni, \u013cauties\u00a0 relaks\u0113jo\u0161ai vai toniz\u0113jo\u0161ai mas\u0101\u017eai, sirsn\u012bg\u0101m sarun\u0101m pie gardas t\u0113jas un saldumiem un iedvesmojo\u0161\u0101m pastaig\u0101m svaig\u0101 gais\u0101.<\/p>\n","protected":false},"featured_media":20813,"comment_status":"closed","ping_status":"closed","template":"","meta":{"_acf_changed":false},"product_brand":[],"product_cat":[48],"product_tag":[],"class_list":{"0":"post-6538","1":"product","2":"type-product","3":"status-publish","4":"has-post-thumbnail","6":"product_cat-davanu-kartes","8":"first","9":"instock","10":"virtual","11":"taxable","12":"purchasable","13":"product-type-simple"},"acf":[],"yoast_head":"<!-- This site is optimized with the Yoast SEO plugin v27.4 - https:\/\/yoast.com\/product\/yoast-seo-wordpress\/ -->\n<title>Spa draudzen\u0113m | D\u0101vanu karte | \u012apa\u0161ie pied\u0101v\u0101jumi | Baltvilla<\/title>\n<meta name=\"description\" content=\"Baudiet atp\u016btu un spa kop\u0101 ar draudzen\u0113m pie Baltezera: nak\u0161\u0146o\u0161ana standarta numuros, pilna \u0137erme\u0146a mas\u0101\u017ea, atp\u016bta pie ezera\" \/>\n<meta name=\"robots\" content=\"index, follow, max-snippet:-1, max-image-preview:large, max-video-preview:-1\" \/>\n<link rel=\"canonical\" href=\"https:\/\/www.baltvilla.lv\/en\/veikals\/davanu-kartes\/davanu-karte-atputa-draudzenem\/\" \/>\n<meta property=\"og:locale\" content=\"en_US\" \/>\n<meta property=\"og:type\" content=\"article\" \/>\n<meta property=\"og:title\" content=\"Spa draudzen\u0113m | D\u0101vanu karte | \u012apa\u0161ie pied\u0101v\u0101jumi | Baltvilla\" \/>\n<meta property=\"og:description\" content=\"Baudiet atp\u016btu un spa kop\u0101 ar draudzen\u0113m pie Baltezera: nak\u0161\u0146o\u0161ana standarta numuros, pilna \u0137erme\u0146a mas\u0101\u017ea, atp\u016bta pie ezera\" \/>\n<meta property=\"og:url\" content=\"https:\/\/www.baltvilla.lv\/en\/veikals\/davanu-kartes\/davanu-karte-atputa-draudzenem\/\" \/>\n<meta property=\"og:site_name\" content=\"Baltvilla\" \/>\n<meta property=\"article:modified_time\" content=\"2025-11-10T09:44:30+00:00\" \/>\n<meta property=\"og:image\" content=\"https:\/\/www.baltvilla.lv\/wp-content\/uploads\/2021\/09\/Bv-SPA-97.jpg\" \/>\n\t<meta property=\"og:image:width\" content=\"1800\" \/>\n\t<meta property=\"og:image:height\" content=\"1200\" \/>\n\t<meta property=\"og:image:type\" content=\"image\/jpeg\" \/>\n<meta name=\"twitter:card\" content=\"summary_large_image\" \/>\n<meta name=\"twitter:label1\" content=\"Est. reading time\" \/>\n\t<meta name=\"twitter:data1\" content=\"1 minute\" \/>\n<script type=\"application\/ld+json\" class=\"yoast-schema-graph\">{\"@context\":\"https:\\\/\\\/schema.org\",\"@graph\":[{\"@type\":\"WebPage\",\"@id\":\"https:\\\/\\\/www.baltvilla.lv\\\/en\\\/veikals\\\/davanu-kartes\\\/davanu-karte-atputa-draudzenem\\\/\",\"url\":\"https:\\\/\\\/www.baltvilla.lv\\\/en\\\/veikals\\\/davanu-kartes\\\/davanu-karte-atputa-draudzenem\\\/\",\"name\":\"Spa draudzen\u0113m | D\u0101vanu karte | \u012apa\u0161ie pied\u0101v\u0101jumi | Baltvilla\",\"isPartOf\":{\"@id\":\"https:\\\/\\\/www.baltvilla.lv\\\/en\\\/#website\"},\"primaryImageOfPage\":{\"@id\":\"https:\\\/\\\/www.baltvilla.lv\\\/en\\\/veikals\\\/davanu-kartes\\\/davanu-karte-atputa-draudzenem\\\/#primaryimage\"},\"image\":{\"@id\":\"https:\\\/\\\/www.baltvilla.lv\\\/en\\\/veikals\\\/davanu-kartes\\\/davanu-karte-atputa-draudzenem\\\/#primaryimage\"},\"thumbnailUrl\":\"https:\\\/\\\/www.baltvilla.lv\\\/wp-content\\\/uploads\\\/2021\\\/09\\\/Bv-SPA-97.jpg\",\"datePublished\":\"2021-09-13T08:42:53+00:00\",\"dateModified\":\"2025-11-10T09:44:30+00:00\",\"description\":\"Baudiet atp\u016btu un spa kop\u0101 ar draudzen\u0113m pie Baltezera: nak\u0161\u0146o\u0161ana standarta numuros, pilna \u0137erme\u0146a mas\u0101\u017ea, atp\u016bta pie ezera\",\"breadcrumb\":{\"@id\":\"https:\\\/\\\/www.baltvilla.lv\\\/en\\\/veikals\\\/davanu-kartes\\\/davanu-karte-atputa-draudzenem\\\/#breadcrumb\"},\"inLanguage\":\"en-US\",\"potentialAction\":[{\"@type\":\"ReadAction\",\"target\":[\"https:\\\/\\\/www.baltvilla.lv\\\/en\\\/veikals\\\/davanu-kartes\\\/davanu-karte-atputa-draudzenem\\\/\"]}]},{\"@type\":\"ImageObject\",\"inLanguage\":\"en-US\",\"@id\":\"https:\\\/\\\/www.baltvilla.lv\\\/en\\\/veikals\\\/davanu-kartes\\\/davanu-karte-atputa-draudzenem\\\/#primaryimage\",\"url\":\"https:\\\/\\\/www.baltvilla.lv\\\/wp-content\\\/uploads\\\/2021\\\/09\\\/Bv-SPA-97.jpg\",\"contentUrl\":\"https:\\\/\\\/www.baltvilla.lv\\\/wp-content\\\/uploads\\\/2021\\\/09\\\/Bv-SPA-97.jpg\",\"width\":1800,\"height\":1200},{\"@type\":\"BreadcrumbList\",\"@id\":\"https:\\\/\\\/www.baltvilla.lv\\\/en\\\/veikals\\\/davanu-kartes\\\/davanu-karte-atputa-draudzenem\\\/#breadcrumb\",\"itemListElement\":[{\"@type\":\"ListItem\",\"position\":1,\"name\":\"Home\",\"item\":\"https:\\\/\\\/www.baltvilla.lv\\\/en\\\/\"},{\"@type\":\"ListItem\",\"position\":2,\"name\":\"Shop\",\"item\":\"https:\\\/\\\/www.baltvilla.lv\\\/shop-2\\\/?lang=en\"},{\"@type\":\"ListItem\",\"position\":3,\"name\":\"D\u0101vanu karte &#8220;Atp\u016bta draudzen\u0113m&#8221;\"}]},{\"@type\":\"WebSite\",\"@id\":\"https:\\\/\\\/www.baltvilla.lv\\\/en\\\/#website\",\"url\":\"https:\\\/\\\/www.baltvilla.lv\\\/en\\\/\",\"name\":\"Baltvilla\",\"description\":\"\",\"publisher\":{\"@id\":\"https:\\\/\\\/www.baltvilla.lv\\\/en\\\/#organization\"},\"potentialAction\":[{\"@type\":\"SearchAction\",\"target\":{\"@type\":\"EntryPoint\",\"urlTemplate\":\"https:\\\/\\\/www.baltvilla.lv\\\/en\\\/?s={search_term_string}\"},\"query-input\":{\"@type\":\"PropertyValueSpecification\",\"valueRequired\":true,\"valueName\":\"search_term_string\"}}],\"inLanguage\":\"en-US\"},{\"@type\":\"Organization\",\"@id\":\"https:\\\/\\\/www.baltvilla.lv\\\/en\\\/#organization\",\"name\":\"Hotel \\\"Baltvilla\\\"\",\"url\":\"https:\\\/\\\/www.baltvilla.lv\\\/en\\\/\",\"logo\":{\"@type\":\"ImageObject\",\"inLanguage\":\"en-US\",\"@id\":\"https:\\\/\\\/www.baltvilla.lv\\\/en\\\/#\\\/schema\\\/logo\\\/image\\\/\",\"url\":\"https:\\\/\\\/www.baltvilla.lv\\\/wp-content\\\/uploads\\\/2021\\\/04\\\/baltvilla-logo.png\",\"contentUrl\":\"https:\\\/\\\/www.baltvilla.lv\\\/wp-content\\\/uploads\\\/2021\\\/04\\\/baltvilla-logo.png\",\"width\":207,\"height\":42,\"caption\":\"Hotel \\\"Baltvilla\\\"\"},\"image\":{\"@id\":\"https:\\\/\\\/www.baltvilla.lv\\\/en\\\/#\\\/schema\\\/logo\\\/image\\\/\"}}]}<\/script>\n<!-- \/ Yoast SEO plugin. -->","yoast_head_json":{"title":"Spa draudzen\u0113m | D\u0101vanu karte | \u012apa\u0161ie pied\u0101v\u0101jumi | Baltvilla","description":"Baudiet atp\u016btu un spa kop\u0101 ar draudzen\u0113m pie Baltezera: nak\u0161\u0146o\u0161ana standarta numuros, pilna \u0137erme\u0146a mas\u0101\u017ea, atp\u016bta pie ezera","robots":{"index":"index","follow":"follow","max-snippet":"max-snippet:-1","max-image-preview":"max-image-preview:large","max-video-preview":"max-video-preview:-1"},"canonical":"https:\/\/www.baltvilla.lv\/en\/veikals\/davanu-kartes\/davanu-karte-atputa-draudzenem\/","og_locale":"en_US","og_type":"article","og_title":"Spa draudzen\u0113m | D\u0101vanu karte | \u012apa\u0161ie pied\u0101v\u0101jumi | Baltvilla","og_description":"Baudiet atp\u016btu un spa kop\u0101 ar draudzen\u0113m pie Baltezera: nak\u0161\u0146o\u0161ana standarta numuros, pilna \u0137erme\u0146a mas\u0101\u017ea, atp\u016bta pie ezera","og_url":"https:\/\/www.baltvilla.lv\/en\/veikals\/davanu-kartes\/davanu-karte-atputa-draudzenem\/","og_site_name":"Baltvilla","article_modified_time":"2025-11-10T09:44:30+00:00","og_image":[{"width":1800,"height":1200,"url":"https:\/\/www.baltvilla.lv\/wp-content\/uploads\/2021\/09\/Bv-SPA-97.jpg","type":"image\/jpeg"}],"twitter_card":"summary_large_image","twitter_misc":{"Est. reading time":"1 minute"},"schema":{"@context":"https:\/\/schema.org","@graph":[{"@type":"WebPage","@id":"https:\/\/www.baltvilla.lv\/en\/veikals\/davanu-kartes\/davanu-karte-atputa-draudzenem\/","url":"https:\/\/www.baltvilla.lv\/en\/veikals\/davanu-kartes\/davanu-karte-atputa-draudzenem\/","name":"Spa draudzen\u0113m | D\u0101vanu karte | \u012apa\u0161ie pied\u0101v\u0101jumi | Baltvilla","isPartOf":{"@id":"https:\/\/www.baltvilla.lv\/en\/#website"},"primaryImageOfPage":{"@id":"https:\/\/www.baltvilla.lv\/en\/veikals\/davanu-kartes\/davanu-karte-atputa-draudzenem\/#primaryimage"},"image":{"@id":"https:\/\/www.baltvilla.lv\/en\/veikals\/davanu-kartes\/davanu-karte-atputa-draudzenem\/#primaryimage"},"thumbnailUrl":"https:\/\/www.baltvilla.lv\/wp-content\/uploads\/2021\/09\/Bv-SPA-97.jpg","datePublished":"2021-09-13T08:42:53+00:00","dateModified":"2025-11-10T09:44:30+00:00","description":"Baudiet atp\u016btu un spa kop\u0101 ar draudzen\u0113m pie Baltezera: nak\u0161\u0146o\u0161ana standarta numuros, pilna \u0137erme\u0146a mas\u0101\u017ea, atp\u016bta pie ezera","breadcrumb":{"@id":"https:\/\/www.baltvilla.lv\/en\/veikals\/davanu-kartes\/davanu-karte-atputa-draudzenem\/#breadcrumb"},"inLanguage":"en-US","potentialAction":[{"@type":"ReadAction","target":["https:\/\/www.baltvilla.lv\/en\/veikals\/davanu-kartes\/davanu-karte-atputa-draudzenem\/"]}]},{"@type":"ImageObject","inLanguage":"en-US","@id":"https:\/\/www.baltvilla.lv\/en\/veikals\/davanu-kartes\/davanu-karte-atputa-draudzenem\/#primaryimage","url":"https:\/\/www.baltvilla.lv\/wp-content\/uploads\/2021\/09\/Bv-SPA-97.jpg","contentUrl":"https:\/\/www.baltvilla.lv\/wp-content\/uploads\/2021\/09\/Bv-SPA-97.jpg","width":1800,"height":1200},{"@type":"BreadcrumbList","@id":"https:\/\/www.baltvilla.lv\/en\/veikals\/davanu-kartes\/davanu-karte-atputa-draudzenem\/#breadcrumb","itemListElement":[{"@type":"ListItem","position":1,"name":"Home","item":"https:\/\/www.baltvilla.lv\/en\/"},{"@type":"ListItem","position":2,"name":"Shop","item":"https:\/\/www.baltvilla.lv\/shop-2\/?lang=en"},{"@type":"ListItem","position":3,"name":"D\u0101vanu karte &#8220;Atp\u016bta draudzen\u0113m&#8221;"}]},{"@type":"WebSite","@id":"https:\/\/www.baltvilla.lv\/en\/#website","url":"https:\/\/www.baltvilla.lv\/en\/","name":"Baltvilla","description":"","publisher":{"@id":"https:\/\/www.baltvilla.lv\/en\/#organization"},"potentialAction":[{"@type":"SearchAction","target":{"@type":"EntryPoint","urlTemplate":"https:\/\/www.baltvilla.lv\/en\/?s={search_term_string}"},"query-input":{"@type":"PropertyValueSpecification","valueRequired":true,"valueName":"search_term_string"}}],"inLanguage":"en-US"},{"@type":"Organization","@id":"https:\/\/www.baltvilla.lv\/en\/#organization","name":"Hotel \"Baltvilla\"","url":"https:\/\/www.baltvilla.lv\/en\/","logo":{"@type":"ImageObject","inLanguage":"en-US","@id":"https:\/\/www.baltvilla.lv\/en\/#\/schema\/logo\/image\/","url":"https:\/\/www.baltvilla.lv\/wp-content\/uploads\/2021\/04\/baltvilla-logo.png","contentUrl":"https:\/\/www.baltvilla.lv\/wp-content\/uploads\/2021\/04\/baltvilla-logo.png","width":207,"height":42,"caption":"Hotel \"Baltvilla\""},"image":{"@id":"https:\/\/www.baltvilla.lv\/en\/#\/schema\/logo\/image\/"}}]}},"_links":{"self":[{"href":"https:\/\/www.baltvilla.lv\/en\/wp-json\/wp\/v2\/product\/6538","targetHints":{"allow":["GET"]}}],"collection":[{"href":"https:\/\/www.baltvilla.lv\/en\/wp-json\/wp\/v2\/product"}],"about":[{"href":"https:\/\/www.baltvilla.lv\/en\/wp-json\/wp\/v2\/types\/product"}],"replies":[{"embeddable":true,"href":"https:\/\/www.baltvilla.lv\/en\/wp-json\/wp\/v2\/comments?post=6538"}],"wp:featuredmedia":[{"embeddable":true,"href":"https:\/\/www.baltvilla.lv\/en\/wp-json\/wp\/v2\/media\/20813"}],"wp:attachment":[{"href":"https:\/\/www.baltvilla.lv\/en\/wp-json\/wp\/v2\/media?parent=6538"}],"wp:term":[{"taxonomy":"product_brand","embeddable":true,"href":"https:\/\/www.baltvilla.lv\/en\/wp-json\/wp\/v2\/product_brand?post=6538"},{"taxonomy":"product_cat","embeddable":true,"href":"https:\/\/www.baltvilla.lv\/en\/wp-json\/wp\/v2\/product_cat?post=6538"},{"taxonomy":"product_tag","embeddable":true,"href":"https:\/\/www.baltvilla.lv\/en\/wp-json\/wp\/v2\/product_tag?post=6538"}],"curies":[{"name":"wp","href":"https:\/\/api.w.org\/{rel}","templated":true}]}}