{"id":6443,"date":"2021-09-08T15:10:04","date_gmt":"2021-09-08T12:10:04","guid":{"rendered":"https:\/\/www.baltvilla.lv\/?post_type=product&#038;p=6443"},"modified":"2024-11-26T19:01:44","modified_gmt":"2024-11-26T17:01:44","slug":"klasiska-kermena-masaza","status":"publish","type":"product","link":"https:\/\/www.baltvilla.lv\/en\/veikals\/spa-interneta-veikals-baltvilla\/spa-masazas\/klasiska-kermena-masaza\/","title":{"rendered":"Klasisk\u0101 \u0137erme\u0146a mas\u0101\u017ea"},"content":{"rendered":"<p>Mas\u0101\u017eas galvenais m\u0113r\u0137is ir vienm\u0113r\u012bgi izmas\u0113t visu \u0137ermeni, lai atjaunotu norm\u0101lu musku\u013cu, loc\u012btavu, c\u012bpslu\u00a0u.\u00a0c. darb\u012bbu.<\/p>\n<p>Spa mas\u0101\u017ea ilgst 50 min. T\u0101s rezult\u0101t\u0101 J\u016bs var\u0113siet mazin\u0101t stresu un uzlabosies J\u016bsu asinsrite.<\/p>\n<ul>\n<li>Mas\u0101\u017ea \u013caus mazin\u0101t stresu un satraukumu gan \u0137ermen\u012b, gan pr\u0101t\u0101.<\/li>\n<li>Uzlabota asinsrite \u013cauj musku\u013ciem uz\u0146emt vair\u0101k sk\u0101bek\u013ca, kas mazina musku\u013cu s\u0101pes (\u012bpa\u0161i aktu\u0101li sportistiem).<\/li>\n<li>Mas\u0101\u017eas tehnika nomierin\u0101s \u0137ermeni un visu nervu sist\u0113mu.<\/li>\n<\/ul>\n","protected":false},"excerpt":{"rendered":"<p>&nbsp;<\/p>\n<p>Klasisk\u0101 mas\u0101\u017ea ir viens no vissen\u0101kajiem un iecien\u012bt\u0101kajiem mas\u0101\u017eas veidiem. \u0160\u012b mas\u0101\u017ea ne tikai iedarbojas uz fizisko \u0137ermeni\u00a0\u2014 musku\u013ciem, loc\u012btav\u0101m, c\u012bpsl\u0101m un citiem audiem\u00a0\u2014, bet ar\u012b uzlabo fizisk\u0101s un gar\u012bg\u0101s darbasp\u0113jas.<\/p>\n<p>Mas\u0101\u017ea pal\u012bdz atbr\u012bvot musku\u013cus no saspridzin\u0101juma, nov\u0113r\u0161 galvass\u0101pes, k\u0101 ar\u012b s\u0101pes mugur\u0101 un plecu zon\u0101. Mas\u0101\u017ea ir ieteicama ikvienam, kas ikdien\u0101 veic s\u0113du darbu, k\u0101 ar\u012b tiem, kas akt\u012bvi nodarbojas ar sportu.<\/p>\n<p>&nbsp;<\/p>\n","protected":false},"featured_media":19400,"comment_status":"closed","ping_status":"closed","template":"","meta":{"_acf_changed":false},"product_brand":[],"product_cat":[46,126],"product_tag":[],"class_list":{"0":"post-6443","1":"product","2":"type-product","3":"status-publish","4":"has-post-thumbnail","6":"product_cat-spa-interneta-veikals-baltvilla","7":"product_cat-spa-masazas","9":"first","10":"instock","11":"virtual","12":"taxable","13":"purchasable","14":"product-type-simple"},"acf":[],"yoast_head":"<!-- This site is optimized with the Yoast SEO plugin v27.4 - https:\/\/yoast.com\/product\/yoast-seo-wordpress\/ -->\n<title>Klasisk\u0101 \u0137erme\u0146a mas\u0101\u017ea | Spa ritu\u0101ls | Baltvilla spa<\/title>\n<meta name=\"description\" content=\"Klasisk\u0101 mas\u0101\u017ea ir \u012bpa\u0161i piem\u0113rota tiem, kas v\u0113las no\u0146emt saspringumu no muguras un plecu zonas. Piem\u0113rota person\u0101m ar s\u0113do\u0161u darbu.\" \/>\n<meta name=\"robots\" content=\"index, follow, max-snippet:-1, max-image-preview:large, max-video-preview:-1\" \/>\n<link rel=\"canonical\" href=\"https:\/\/www.baltvilla.lv\/en\/veikals\/spa-interneta-veikals-baltvilla\/spa-masazas\/klasiska-kermena-masaza\/\" \/>\n<meta property=\"og:locale\" content=\"en_US\" \/>\n<meta property=\"og:type\" content=\"article\" \/>\n<meta property=\"og:title\" content=\"Klasisk\u0101 \u0137erme\u0146a mas\u0101\u017ea | Spa ritu\u0101ls | Baltvilla spa\" \/>\n<meta property=\"og:description\" content=\"Klasisk\u0101 mas\u0101\u017ea ir \u012bpa\u0161i piem\u0113rota tiem, kas v\u0113las no\u0146emt saspringumu no muguras un plecu zonas. Piem\u0113rota person\u0101m ar s\u0113do\u0161u darbu.\" \/>\n<meta property=\"og:url\" content=\"https:\/\/www.baltvilla.lv\/en\/veikals\/spa-interneta-veikals-baltvilla\/spa-masazas\/klasiska-kermena-masaza\/\" \/>\n<meta property=\"og:site_name\" content=\"Baltvilla\" \/>\n<meta property=\"article:modified_time\" content=\"2024-11-26T17:01:44+00:00\" \/>\n<meta property=\"og:image\" content=\"https:\/\/www.baltvilla.lv\/wp-content\/uploads\/2021\/09\/Pat-45.jpg\" \/>\n\t<meta property=\"og:image:width\" content=\"1800\" \/>\n\t<meta property=\"og:image:height\" content=\"1200\" \/>\n\t<meta property=\"og:image:type\" content=\"image\/jpeg\" \/>\n<meta name=\"twitter:card\" content=\"summary_large_image\" \/>\n<meta name=\"twitter:label1\" content=\"Est. reading time\" \/>\n\t<meta name=\"twitter:data1\" content=\"1 minute\" \/>\n<script type=\"application\/ld+json\" class=\"yoast-schema-graph\">{\"@context\":\"https:\\\/\\\/schema.org\",\"@graph\":[{\"@type\":\"WebPage\",\"@id\":\"https:\\\/\\\/www.baltvilla.lv\\\/en\\\/veikals\\\/spa-interneta-veikals-baltvilla\\\/spa-masazas\\\/klasiska-kermena-masaza\\\/\",\"url\":\"https:\\\/\\\/www.baltvilla.lv\\\/en\\\/veikals\\\/spa-interneta-veikals-baltvilla\\\/spa-masazas\\\/klasiska-kermena-masaza\\\/\",\"name\":\"Klasisk\u0101 \u0137erme\u0146a mas\u0101\u017ea | Spa ritu\u0101ls | Baltvilla spa\",\"isPartOf\":{\"@id\":\"https:\\\/\\\/www.baltvilla.lv\\\/en\\\/#website\"},\"primaryImageOfPage\":{\"@id\":\"https:\\\/\\\/www.baltvilla.lv\\\/en\\\/veikals\\\/spa-interneta-veikals-baltvilla\\\/spa-masazas\\\/klasiska-kermena-masaza\\\/#primaryimage\"},\"image\":{\"@id\":\"https:\\\/\\\/www.baltvilla.lv\\\/en\\\/veikals\\\/spa-interneta-veikals-baltvilla\\\/spa-masazas\\\/klasiska-kermena-masaza\\\/#primaryimage\"},\"thumbnailUrl\":\"https:\\\/\\\/www.baltvilla.lv\\\/wp-content\\\/uploads\\\/2021\\\/09\\\/Pat-45.jpg\",\"datePublished\":\"2021-09-08T12:10:04+00:00\",\"dateModified\":\"2024-11-26T17:01:44+00:00\",\"description\":\"Klasisk\u0101 mas\u0101\u017ea ir \u012bpa\u0161i piem\u0113rota tiem, kas v\u0113las no\u0146emt saspringumu no muguras un plecu zonas. Piem\u0113rota person\u0101m ar s\u0113do\u0161u darbu.\",\"breadcrumb\":{\"@id\":\"https:\\\/\\\/www.baltvilla.lv\\\/en\\\/veikals\\\/spa-interneta-veikals-baltvilla\\\/spa-masazas\\\/klasiska-kermena-masaza\\\/#breadcrumb\"},\"inLanguage\":\"en-US\",\"potentialAction\":[{\"@type\":\"ReadAction\",\"target\":[\"https:\\\/\\\/www.baltvilla.lv\\\/en\\\/veikals\\\/spa-interneta-veikals-baltvilla\\\/spa-masazas\\\/klasiska-kermena-masaza\\\/\"]}]},{\"@type\":\"ImageObject\",\"inLanguage\":\"en-US\",\"@id\":\"https:\\\/\\\/www.baltvilla.lv\\\/en\\\/veikals\\\/spa-interneta-veikals-baltvilla\\\/spa-masazas\\\/klasiska-kermena-masaza\\\/#primaryimage\",\"url\":\"https:\\\/\\\/www.baltvilla.lv\\\/wp-content\\\/uploads\\\/2021\\\/09\\\/Pat-45.jpg\",\"contentUrl\":\"https:\\\/\\\/www.baltvilla.lv\\\/wp-content\\\/uploads\\\/2021\\\/09\\\/Pat-45.jpg\",\"width\":1800,\"height\":1200},{\"@type\":\"BreadcrumbList\",\"@id\":\"https:\\\/\\\/www.baltvilla.lv\\\/en\\\/veikals\\\/spa-interneta-veikals-baltvilla\\\/spa-masazas\\\/klasiska-kermena-masaza\\\/#breadcrumb\",\"itemListElement\":[{\"@type\":\"ListItem\",\"position\":1,\"name\":\"Home\",\"item\":\"https:\\\/\\\/www.baltvilla.lv\\\/en\\\/\"},{\"@type\":\"ListItem\",\"position\":2,\"name\":\"Shop\",\"item\":\"https:\\\/\\\/www.baltvilla.lv\\\/shop-2\\\/?lang=en\"},{\"@type\":\"ListItem\",\"position\":3,\"name\":\"Klasisk\u0101 \u0137erme\u0146a mas\u0101\u017ea\"}]},{\"@type\":\"WebSite\",\"@id\":\"https:\\\/\\\/www.baltvilla.lv\\\/en\\\/#website\",\"url\":\"https:\\\/\\\/www.baltvilla.lv\\\/en\\\/\",\"name\":\"Baltvilla\",\"description\":\"\",\"publisher\":{\"@id\":\"https:\\\/\\\/www.baltvilla.lv\\\/en\\\/#organization\"},\"potentialAction\":[{\"@type\":\"SearchAction\",\"target\":{\"@type\":\"EntryPoint\",\"urlTemplate\":\"https:\\\/\\\/www.baltvilla.lv\\\/en\\\/?s={search_term_string}\"},\"query-input\":{\"@type\":\"PropertyValueSpecification\",\"valueRequired\":true,\"valueName\":\"search_term_string\"}}],\"inLanguage\":\"en-US\"},{\"@type\":\"Organization\",\"@id\":\"https:\\\/\\\/www.baltvilla.lv\\\/en\\\/#organization\",\"name\":\"Hotel \\\"Baltvilla\\\"\",\"url\":\"https:\\\/\\\/www.baltvilla.lv\\\/en\\\/\",\"logo\":{\"@type\":\"ImageObject\",\"inLanguage\":\"en-US\",\"@id\":\"https:\\\/\\\/www.baltvilla.lv\\\/en\\\/#\\\/schema\\\/logo\\\/image\\\/\",\"url\":\"https:\\\/\\\/www.baltvilla.lv\\\/wp-content\\\/uploads\\\/2021\\\/04\\\/baltvilla-logo.png\",\"contentUrl\":\"https:\\\/\\\/www.baltvilla.lv\\\/wp-content\\\/uploads\\\/2021\\\/04\\\/baltvilla-logo.png\",\"width\":207,\"height\":42,\"caption\":\"Hotel \\\"Baltvilla\\\"\"},\"image\":{\"@id\":\"https:\\\/\\\/www.baltvilla.lv\\\/en\\\/#\\\/schema\\\/logo\\\/image\\\/\"}}]}<\/script>\n<!-- \/ Yoast SEO plugin. -->","yoast_head_json":{"title":"Klasisk\u0101 \u0137erme\u0146a mas\u0101\u017ea | Spa ritu\u0101ls | Baltvilla spa","description":"Klasisk\u0101 mas\u0101\u017ea ir \u012bpa\u0161i piem\u0113rota tiem, kas v\u0113las no\u0146emt saspringumu no muguras un plecu zonas. Piem\u0113rota person\u0101m ar s\u0113do\u0161u darbu.","robots":{"index":"index","follow":"follow","max-snippet":"max-snippet:-1","max-image-preview":"max-image-preview:large","max-video-preview":"max-video-preview:-1"},"canonical":"https:\/\/www.baltvilla.lv\/en\/veikals\/spa-interneta-veikals-baltvilla\/spa-masazas\/klasiska-kermena-masaza\/","og_locale":"en_US","og_type":"article","og_title":"Klasisk\u0101 \u0137erme\u0146a mas\u0101\u017ea | Spa ritu\u0101ls | Baltvilla spa","og_description":"Klasisk\u0101 mas\u0101\u017ea ir \u012bpa\u0161i piem\u0113rota tiem, kas v\u0113las no\u0146emt saspringumu no muguras un plecu zonas. Piem\u0113rota person\u0101m ar s\u0113do\u0161u darbu.","og_url":"https:\/\/www.baltvilla.lv\/en\/veikals\/spa-interneta-veikals-baltvilla\/spa-masazas\/klasiska-kermena-masaza\/","og_site_name":"Baltvilla","article_modified_time":"2024-11-26T17:01:44+00:00","og_image":[{"width":1800,"height":1200,"url":"https:\/\/www.baltvilla.lv\/wp-content\/uploads\/2021\/09\/Pat-45.jpg","type":"image\/jpeg"}],"twitter_card":"summary_large_image","twitter_misc":{"Est. reading time":"1 minute"},"schema":{"@context":"https:\/\/schema.org","@graph":[{"@type":"WebPage","@id":"https:\/\/www.baltvilla.lv\/en\/veikals\/spa-interneta-veikals-baltvilla\/spa-masazas\/klasiska-kermena-masaza\/","url":"https:\/\/www.baltvilla.lv\/en\/veikals\/spa-interneta-veikals-baltvilla\/spa-masazas\/klasiska-kermena-masaza\/","name":"Klasisk\u0101 \u0137erme\u0146a mas\u0101\u017ea | Spa ritu\u0101ls | Baltvilla spa","isPartOf":{"@id":"https:\/\/www.baltvilla.lv\/en\/#website"},"primaryImageOfPage":{"@id":"https:\/\/www.baltvilla.lv\/en\/veikals\/spa-interneta-veikals-baltvilla\/spa-masazas\/klasiska-kermena-masaza\/#primaryimage"},"image":{"@id":"https:\/\/www.baltvilla.lv\/en\/veikals\/spa-interneta-veikals-baltvilla\/spa-masazas\/klasiska-kermena-masaza\/#primaryimage"},"thumbnailUrl":"https:\/\/www.baltvilla.lv\/wp-content\/uploads\/2021\/09\/Pat-45.jpg","datePublished":"2021-09-08T12:10:04+00:00","dateModified":"2024-11-26T17:01:44+00:00","description":"Klasisk\u0101 mas\u0101\u017ea ir \u012bpa\u0161i piem\u0113rota tiem, kas v\u0113las no\u0146emt saspringumu no muguras un plecu zonas. Piem\u0113rota person\u0101m ar s\u0113do\u0161u darbu.","breadcrumb":{"@id":"https:\/\/www.baltvilla.lv\/en\/veikals\/spa-interneta-veikals-baltvilla\/spa-masazas\/klasiska-kermena-masaza\/#breadcrumb"},"inLanguage":"en-US","potentialAction":[{"@type":"ReadAction","target":["https:\/\/www.baltvilla.lv\/en\/veikals\/spa-interneta-veikals-baltvilla\/spa-masazas\/klasiska-kermena-masaza\/"]}]},{"@type":"ImageObject","inLanguage":"en-US","@id":"https:\/\/www.baltvilla.lv\/en\/veikals\/spa-interneta-veikals-baltvilla\/spa-masazas\/klasiska-kermena-masaza\/#primaryimage","url":"https:\/\/www.baltvilla.lv\/wp-content\/uploads\/2021\/09\/Pat-45.jpg","contentUrl":"https:\/\/www.baltvilla.lv\/wp-content\/uploads\/2021\/09\/Pat-45.jpg","width":1800,"height":1200},{"@type":"BreadcrumbList","@id":"https:\/\/www.baltvilla.lv\/en\/veikals\/spa-interneta-veikals-baltvilla\/spa-masazas\/klasiska-kermena-masaza\/#breadcrumb","itemListElement":[{"@type":"ListItem","position":1,"name":"Home","item":"https:\/\/www.baltvilla.lv\/en\/"},{"@type":"ListItem","position":2,"name":"Shop","item":"https:\/\/www.baltvilla.lv\/shop-2\/?lang=en"},{"@type":"ListItem","position":3,"name":"Klasisk\u0101 \u0137erme\u0146a mas\u0101\u017ea"}]},{"@type":"WebSite","@id":"https:\/\/www.baltvilla.lv\/en\/#website","url":"https:\/\/www.baltvilla.lv\/en\/","name":"Baltvilla","description":"","publisher":{"@id":"https:\/\/www.baltvilla.lv\/en\/#organization"},"potentialAction":[{"@type":"SearchAction","target":{"@type":"EntryPoint","urlTemplate":"https:\/\/www.baltvilla.lv\/en\/?s={search_term_string}"},"query-input":{"@type":"PropertyValueSpecification","valueRequired":true,"valueName":"search_term_string"}}],"inLanguage":"en-US"},{"@type":"Organization","@id":"https:\/\/www.baltvilla.lv\/en\/#organization","name":"Hotel \"Baltvilla\"","url":"https:\/\/www.baltvilla.lv\/en\/","logo":{"@type":"ImageObject","inLanguage":"en-US","@id":"https:\/\/www.baltvilla.lv\/en\/#\/schema\/logo\/image\/","url":"https:\/\/www.baltvilla.lv\/wp-content\/uploads\/2021\/04\/baltvilla-logo.png","contentUrl":"https:\/\/www.baltvilla.lv\/wp-content\/uploads\/2021\/04\/baltvilla-logo.png","width":207,"height":42,"caption":"Hotel \"Baltvilla\""},"image":{"@id":"https:\/\/www.baltvilla.lv\/en\/#\/schema\/logo\/image\/"}}]}},"_links":{"self":[{"href":"https:\/\/www.baltvilla.lv\/en\/wp-json\/wp\/v2\/product\/6443","targetHints":{"allow":["GET"]}}],"collection":[{"href":"https:\/\/www.baltvilla.lv\/en\/wp-json\/wp\/v2\/product"}],"about":[{"href":"https:\/\/www.baltvilla.lv\/en\/wp-json\/wp\/v2\/types\/product"}],"replies":[{"embeddable":true,"href":"https:\/\/www.baltvilla.lv\/en\/wp-json\/wp\/v2\/comments?post=6443"}],"wp:featuredmedia":[{"embeddable":true,"href":"https:\/\/www.baltvilla.lv\/en\/wp-json\/wp\/v2\/media\/19400"}],"wp:attachment":[{"href":"https:\/\/www.baltvilla.lv\/en\/wp-json\/wp\/v2\/media?parent=6443"}],"wp:term":[{"taxonomy":"product_brand","embeddable":true,"href":"https:\/\/www.baltvilla.lv\/en\/wp-json\/wp\/v2\/product_brand?post=6443"},{"taxonomy":"product_cat","embeddable":true,"href":"https:\/\/www.baltvilla.lv\/en\/wp-json\/wp\/v2\/product_cat?post=6443"},{"taxonomy":"product_tag","embeddable":true,"href":"https:\/\/www.baltvilla.lv\/en\/wp-json\/wp\/v2\/product_tag?post=6443"}],"curies":[{"name":"wp","href":"https:\/\/api.w.org\/{rel}","templated":true}]}}