{"id":6431,"date":"2021-09-08T13:34:43","date_gmt":"2021-09-08T10:34:43","guid":{"rendered":"https:\/\/www.baltvilla.lv\/?post_type=product&#038;p=6431"},"modified":"2024-11-26T19:06:45","modified_gmt":"2024-11-26T17:06:45","slug":"masaza-ar-karstajiem-akmeniem","status":"publish","type":"product","link":"https:\/\/www.baltvilla.lv\/en\/veikals\/spa-interneta-veikals-baltvilla\/spa-masazas\/masaza-ar-karstajiem-akmeniem\/","title":{"rendered":"Mas\u0101\u017ea ar karstajiem akme\u0146iem"},"content":{"rendered":"<p>Karsto akme\u0146u dziednieciskais sp\u0113ks mazina musku\u013cu saspringumu, plecu, muguras un kakla musku\u013cu s\u0101pes, st\u012bvumu un savilkumu.<\/p>\n<p>Mas\u0101\u017ea ilgst 50 min. J\u016bs var\u0113siet baud\u012bt siltu, relaks\u0113jo\u0161u mas\u0101\u017eas procesu, uzlabosies J\u016bsu asinsrite.<\/p>\n<ul>\n<li>Siltie akme\u0146i pozit\u012bvi iedarbojas uz audiem, mazinot musku\u013cu st\u012bvumu un s\u0101pes.<\/li>\n<li>Maigo, gludo un silto akme\u0146u piesk\u0101rieni rad\u012bs pozit\u012bvas izj\u016btas, b\u016btiski mazinot stresu un saspringumu.<\/li>\n<li>Mas\u0101\u017ea \u012bpa\u0161i pozit\u012bvi iedarbosies uz kakla un plecu zonas saspringtajiem musku\u013ciem, tos atsl\u0101binot.<\/li>\n<\/ul>\n","protected":false},"excerpt":{"rendered":"<p>&nbsp;<\/p>\n<p>Mas\u0101\u017ea ar karstajiem akme\u0146iem ir sens Austrumu \u0101rstniec\u012bbas veids. \u0160iem \u012bpa\u0161ajiem un gludajiem akme\u0146iem piem\u012bt dziednieciskas \u012bpa\u0161\u012bbas.<\/p>\n<p>P\u0113c katras proced\u016bra akme\u0146i tiek m\u0113rc\u0113ti j\u016bras s\u0101ls \u016bden\u012b un tad mazg\u0101ti teko\u0161\u0101 \u016bden\u012b, lai garant\u0113tu izcilu higi\u0113nu katram n\u0101kamajam spa apmekl\u0113t\u0101jam.<\/p>\n<p>&nbsp;<\/p>\n","protected":false},"featured_media":19403,"comment_status":"closed","ping_status":"closed","template":"","meta":{"_acf_changed":false},"product_brand":[],"product_cat":[46,126],"product_tag":[],"class_list":{"0":"post-6431","1":"product","2":"type-product","3":"status-publish","4":"has-post-thumbnail","6":"product_cat-spa-interneta-veikals-baltvilla","7":"product_cat-spa-masazas","9":"first","10":"instock","11":"virtual","12":"taxable","13":"purchasable","14":"product-type-simple"},"acf":[],"yoast_head":"<!-- This site is optimized with the Yoast SEO plugin v27.4 - https:\/\/yoast.com\/product\/yoast-seo-wordpress\/ -->\n<title>Mas\u0101\u017ea ar karstajiem akme\u0146iem | Spa mas\u0101\u017ea | Baltvilla spa<\/title>\n<meta name=\"description\" content=\"\u0160\u012b mas\u0101\u017ea mazina saspringumu, nogurumu un s\u0101pes. Mas\u0101\u017eu veic ar uzsild\u012btiem vulk\u0101niskajiem akme\u0146iem, kam piem\u012bt dziedino\u0161s sp\u0113ks\" \/>\n<meta name=\"robots\" content=\"index, follow, max-snippet:-1, max-image-preview:large, max-video-preview:-1\" \/>\n<link rel=\"canonical\" href=\"https:\/\/www.baltvilla.lv\/en\/veikals\/spa-interneta-veikals-baltvilla\/spa-masazas\/masaza-ar-karstajiem-akmeniem\/\" \/>\n<meta property=\"og:locale\" content=\"en_US\" \/>\n<meta property=\"og:type\" content=\"article\" \/>\n<meta property=\"og:title\" content=\"Mas\u0101\u017ea ar karstajiem akme\u0146iem | Spa mas\u0101\u017ea | Baltvilla spa\" \/>\n<meta property=\"og:description\" content=\"\u0160\u012b mas\u0101\u017ea mazina saspringumu, nogurumu un s\u0101pes. Mas\u0101\u017eu veic ar uzsild\u012btiem vulk\u0101niskajiem akme\u0146iem, kam piem\u012bt dziedino\u0161s sp\u0113ks\" \/>\n<meta property=\"og:url\" content=\"https:\/\/www.baltvilla.lv\/en\/veikals\/spa-interneta-veikals-baltvilla\/spa-masazas\/masaza-ar-karstajiem-akmeniem\/\" \/>\n<meta property=\"og:site_name\" content=\"Baltvilla\" \/>\n<meta property=\"article:modified_time\" content=\"2024-11-26T17:06:45+00:00\" \/>\n<meta property=\"og:image\" content=\"https:\/\/www.baltvilla.lv\/wp-content\/uploads\/2021\/09\/Pat-43.jpg\" \/>\n\t<meta property=\"og:image:width\" content=\"1800\" \/>\n\t<meta property=\"og:image:height\" content=\"1200\" \/>\n\t<meta property=\"og:image:type\" content=\"image\/jpeg\" \/>\n<meta name=\"twitter:card\" content=\"summary_large_image\" \/>\n<meta name=\"twitter:label1\" content=\"Est. reading time\" \/>\n\t<meta name=\"twitter:data1\" content=\"1 minute\" \/>\n<script type=\"application\/ld+json\" class=\"yoast-schema-graph\">{\"@context\":\"https:\\\/\\\/schema.org\",\"@graph\":[{\"@type\":\"WebPage\",\"@id\":\"https:\\\/\\\/www.baltvilla.lv\\\/en\\\/veikals\\\/spa-interneta-veikals-baltvilla\\\/spa-masazas\\\/masaza-ar-karstajiem-akmeniem\\\/\",\"url\":\"https:\\\/\\\/www.baltvilla.lv\\\/en\\\/veikals\\\/spa-interneta-veikals-baltvilla\\\/spa-masazas\\\/masaza-ar-karstajiem-akmeniem\\\/\",\"name\":\"Mas\u0101\u017ea ar karstajiem akme\u0146iem | Spa mas\u0101\u017ea | Baltvilla spa\",\"isPartOf\":{\"@id\":\"https:\\\/\\\/www.baltvilla.lv\\\/en\\\/#website\"},\"primaryImageOfPage\":{\"@id\":\"https:\\\/\\\/www.baltvilla.lv\\\/en\\\/veikals\\\/spa-interneta-veikals-baltvilla\\\/spa-masazas\\\/masaza-ar-karstajiem-akmeniem\\\/#primaryimage\"},\"image\":{\"@id\":\"https:\\\/\\\/www.baltvilla.lv\\\/en\\\/veikals\\\/spa-interneta-veikals-baltvilla\\\/spa-masazas\\\/masaza-ar-karstajiem-akmeniem\\\/#primaryimage\"},\"thumbnailUrl\":\"https:\\\/\\\/www.baltvilla.lv\\\/wp-content\\\/uploads\\\/2021\\\/09\\\/Pat-43.jpg\",\"datePublished\":\"2021-09-08T10:34:43+00:00\",\"dateModified\":\"2024-11-26T17:06:45+00:00\",\"description\":\"\u0160\u012b mas\u0101\u017ea mazina saspringumu, nogurumu un s\u0101pes. Mas\u0101\u017eu veic ar uzsild\u012btiem vulk\u0101niskajiem akme\u0146iem, kam piem\u012bt dziedino\u0161s sp\u0113ks\",\"breadcrumb\":{\"@id\":\"https:\\\/\\\/www.baltvilla.lv\\\/en\\\/veikals\\\/spa-interneta-veikals-baltvilla\\\/spa-masazas\\\/masaza-ar-karstajiem-akmeniem\\\/#breadcrumb\"},\"inLanguage\":\"en-US\",\"potentialAction\":[{\"@type\":\"ReadAction\",\"target\":[\"https:\\\/\\\/www.baltvilla.lv\\\/en\\\/veikals\\\/spa-interneta-veikals-baltvilla\\\/spa-masazas\\\/masaza-ar-karstajiem-akmeniem\\\/\"]}]},{\"@type\":\"ImageObject\",\"inLanguage\":\"en-US\",\"@id\":\"https:\\\/\\\/www.baltvilla.lv\\\/en\\\/veikals\\\/spa-interneta-veikals-baltvilla\\\/spa-masazas\\\/masaza-ar-karstajiem-akmeniem\\\/#primaryimage\",\"url\":\"https:\\\/\\\/www.baltvilla.lv\\\/wp-content\\\/uploads\\\/2021\\\/09\\\/Pat-43.jpg\",\"contentUrl\":\"https:\\\/\\\/www.baltvilla.lv\\\/wp-content\\\/uploads\\\/2021\\\/09\\\/Pat-43.jpg\",\"width\":1800,\"height\":1200},{\"@type\":\"BreadcrumbList\",\"@id\":\"https:\\\/\\\/www.baltvilla.lv\\\/en\\\/veikals\\\/spa-interneta-veikals-baltvilla\\\/spa-masazas\\\/masaza-ar-karstajiem-akmeniem\\\/#breadcrumb\",\"itemListElement\":[{\"@type\":\"ListItem\",\"position\":1,\"name\":\"Home\",\"item\":\"https:\\\/\\\/www.baltvilla.lv\\\/en\\\/\"},{\"@type\":\"ListItem\",\"position\":2,\"name\":\"Shop\",\"item\":\"https:\\\/\\\/www.baltvilla.lv\\\/shop-2\\\/?lang=en\"},{\"@type\":\"ListItem\",\"position\":3,\"name\":\"Mas\u0101\u017ea ar karstajiem akme\u0146iem\"}]},{\"@type\":\"WebSite\",\"@id\":\"https:\\\/\\\/www.baltvilla.lv\\\/en\\\/#website\",\"url\":\"https:\\\/\\\/www.baltvilla.lv\\\/en\\\/\",\"name\":\"Baltvilla\",\"description\":\"\",\"publisher\":{\"@id\":\"https:\\\/\\\/www.baltvilla.lv\\\/en\\\/#organization\"},\"potentialAction\":[{\"@type\":\"SearchAction\",\"target\":{\"@type\":\"EntryPoint\",\"urlTemplate\":\"https:\\\/\\\/www.baltvilla.lv\\\/en\\\/?s={search_term_string}\"},\"query-input\":{\"@type\":\"PropertyValueSpecification\",\"valueRequired\":true,\"valueName\":\"search_term_string\"}}],\"inLanguage\":\"en-US\"},{\"@type\":\"Organization\",\"@id\":\"https:\\\/\\\/www.baltvilla.lv\\\/en\\\/#organization\",\"name\":\"Hotel \\\"Baltvilla\\\"\",\"url\":\"https:\\\/\\\/www.baltvilla.lv\\\/en\\\/\",\"logo\":{\"@type\":\"ImageObject\",\"inLanguage\":\"en-US\",\"@id\":\"https:\\\/\\\/www.baltvilla.lv\\\/en\\\/#\\\/schema\\\/logo\\\/image\\\/\",\"url\":\"https:\\\/\\\/www.baltvilla.lv\\\/wp-content\\\/uploads\\\/2021\\\/04\\\/baltvilla-logo.png\",\"contentUrl\":\"https:\\\/\\\/www.baltvilla.lv\\\/wp-content\\\/uploads\\\/2021\\\/04\\\/baltvilla-logo.png\",\"width\":207,\"height\":42,\"caption\":\"Hotel \\\"Baltvilla\\\"\"},\"image\":{\"@id\":\"https:\\\/\\\/www.baltvilla.lv\\\/en\\\/#\\\/schema\\\/logo\\\/image\\\/\"}}]}<\/script>\n<!-- \/ Yoast SEO plugin. -->","yoast_head_json":{"title":"Mas\u0101\u017ea ar karstajiem akme\u0146iem | Spa mas\u0101\u017ea | Baltvilla spa","description":"\u0160\u012b mas\u0101\u017ea mazina saspringumu, nogurumu un s\u0101pes. Mas\u0101\u017eu veic ar uzsild\u012btiem vulk\u0101niskajiem akme\u0146iem, kam piem\u012bt dziedino\u0161s sp\u0113ks","robots":{"index":"index","follow":"follow","max-snippet":"max-snippet:-1","max-image-preview":"max-image-preview:large","max-video-preview":"max-video-preview:-1"},"canonical":"https:\/\/www.baltvilla.lv\/en\/veikals\/spa-interneta-veikals-baltvilla\/spa-masazas\/masaza-ar-karstajiem-akmeniem\/","og_locale":"en_US","og_type":"article","og_title":"Mas\u0101\u017ea ar karstajiem akme\u0146iem | Spa mas\u0101\u017ea | Baltvilla spa","og_description":"\u0160\u012b mas\u0101\u017ea mazina saspringumu, nogurumu un s\u0101pes. Mas\u0101\u017eu veic ar uzsild\u012btiem vulk\u0101niskajiem akme\u0146iem, kam piem\u012bt dziedino\u0161s sp\u0113ks","og_url":"https:\/\/www.baltvilla.lv\/en\/veikals\/spa-interneta-veikals-baltvilla\/spa-masazas\/masaza-ar-karstajiem-akmeniem\/","og_site_name":"Baltvilla","article_modified_time":"2024-11-26T17:06:45+00:00","og_image":[{"width":1800,"height":1200,"url":"https:\/\/www.baltvilla.lv\/wp-content\/uploads\/2021\/09\/Pat-43.jpg","type":"image\/jpeg"}],"twitter_card":"summary_large_image","twitter_misc":{"Est. reading time":"1 minute"},"schema":{"@context":"https:\/\/schema.org","@graph":[{"@type":"WebPage","@id":"https:\/\/www.baltvilla.lv\/en\/veikals\/spa-interneta-veikals-baltvilla\/spa-masazas\/masaza-ar-karstajiem-akmeniem\/","url":"https:\/\/www.baltvilla.lv\/en\/veikals\/spa-interneta-veikals-baltvilla\/spa-masazas\/masaza-ar-karstajiem-akmeniem\/","name":"Mas\u0101\u017ea ar karstajiem akme\u0146iem | Spa mas\u0101\u017ea | Baltvilla spa","isPartOf":{"@id":"https:\/\/www.baltvilla.lv\/en\/#website"},"primaryImageOfPage":{"@id":"https:\/\/www.baltvilla.lv\/en\/veikals\/spa-interneta-veikals-baltvilla\/spa-masazas\/masaza-ar-karstajiem-akmeniem\/#primaryimage"},"image":{"@id":"https:\/\/www.baltvilla.lv\/en\/veikals\/spa-interneta-veikals-baltvilla\/spa-masazas\/masaza-ar-karstajiem-akmeniem\/#primaryimage"},"thumbnailUrl":"https:\/\/www.baltvilla.lv\/wp-content\/uploads\/2021\/09\/Pat-43.jpg","datePublished":"2021-09-08T10:34:43+00:00","dateModified":"2024-11-26T17:06:45+00:00","description":"\u0160\u012b mas\u0101\u017ea mazina saspringumu, nogurumu un s\u0101pes. Mas\u0101\u017eu veic ar uzsild\u012btiem vulk\u0101niskajiem akme\u0146iem, kam piem\u012bt dziedino\u0161s sp\u0113ks","breadcrumb":{"@id":"https:\/\/www.baltvilla.lv\/en\/veikals\/spa-interneta-veikals-baltvilla\/spa-masazas\/masaza-ar-karstajiem-akmeniem\/#breadcrumb"},"inLanguage":"en-US","potentialAction":[{"@type":"ReadAction","target":["https:\/\/www.baltvilla.lv\/en\/veikals\/spa-interneta-veikals-baltvilla\/spa-masazas\/masaza-ar-karstajiem-akmeniem\/"]}]},{"@type":"ImageObject","inLanguage":"en-US","@id":"https:\/\/www.baltvilla.lv\/en\/veikals\/spa-interneta-veikals-baltvilla\/spa-masazas\/masaza-ar-karstajiem-akmeniem\/#primaryimage","url":"https:\/\/www.baltvilla.lv\/wp-content\/uploads\/2021\/09\/Pat-43.jpg","contentUrl":"https:\/\/www.baltvilla.lv\/wp-content\/uploads\/2021\/09\/Pat-43.jpg","width":1800,"height":1200},{"@type":"BreadcrumbList","@id":"https:\/\/www.baltvilla.lv\/en\/veikals\/spa-interneta-veikals-baltvilla\/spa-masazas\/masaza-ar-karstajiem-akmeniem\/#breadcrumb","itemListElement":[{"@type":"ListItem","position":1,"name":"Home","item":"https:\/\/www.baltvilla.lv\/en\/"},{"@type":"ListItem","position":2,"name":"Shop","item":"https:\/\/www.baltvilla.lv\/shop-2\/?lang=en"},{"@type":"ListItem","position":3,"name":"Mas\u0101\u017ea ar karstajiem akme\u0146iem"}]},{"@type":"WebSite","@id":"https:\/\/www.baltvilla.lv\/en\/#website","url":"https:\/\/www.baltvilla.lv\/en\/","name":"Baltvilla","description":"","publisher":{"@id":"https:\/\/www.baltvilla.lv\/en\/#organization"},"potentialAction":[{"@type":"SearchAction","target":{"@type":"EntryPoint","urlTemplate":"https:\/\/www.baltvilla.lv\/en\/?s={search_term_string}"},"query-input":{"@type":"PropertyValueSpecification","valueRequired":true,"valueName":"search_term_string"}}],"inLanguage":"en-US"},{"@type":"Organization","@id":"https:\/\/www.baltvilla.lv\/en\/#organization","name":"Hotel \"Baltvilla\"","url":"https:\/\/www.baltvilla.lv\/en\/","logo":{"@type":"ImageObject","inLanguage":"en-US","@id":"https:\/\/www.baltvilla.lv\/en\/#\/schema\/logo\/image\/","url":"https:\/\/www.baltvilla.lv\/wp-content\/uploads\/2021\/04\/baltvilla-logo.png","contentUrl":"https:\/\/www.baltvilla.lv\/wp-content\/uploads\/2021\/04\/baltvilla-logo.png","width":207,"height":42,"caption":"Hotel \"Baltvilla\""},"image":{"@id":"https:\/\/www.baltvilla.lv\/en\/#\/schema\/logo\/image\/"}}]}},"_links":{"self":[{"href":"https:\/\/www.baltvilla.lv\/en\/wp-json\/wp\/v2\/product\/6431","targetHints":{"allow":["GET"]}}],"collection":[{"href":"https:\/\/www.baltvilla.lv\/en\/wp-json\/wp\/v2\/product"}],"about":[{"href":"https:\/\/www.baltvilla.lv\/en\/wp-json\/wp\/v2\/types\/product"}],"replies":[{"embeddable":true,"href":"https:\/\/www.baltvilla.lv\/en\/wp-json\/wp\/v2\/comments?post=6431"}],"wp:featuredmedia":[{"embeddable":true,"href":"https:\/\/www.baltvilla.lv\/en\/wp-json\/wp\/v2\/media\/19403"}],"wp:attachment":[{"href":"https:\/\/www.baltvilla.lv\/en\/wp-json\/wp\/v2\/media?parent=6431"}],"wp:term":[{"taxonomy":"product_brand","embeddable":true,"href":"https:\/\/www.baltvilla.lv\/en\/wp-json\/wp\/v2\/product_brand?post=6431"},{"taxonomy":"product_cat","embeddable":true,"href":"https:\/\/www.baltvilla.lv\/en\/wp-json\/wp\/v2\/product_cat?post=6431"},{"taxonomy":"product_tag","embeddable":true,"href":"https:\/\/www.baltvilla.lv\/en\/wp-json\/wp\/v2\/product_tag?post=6431"}],"curies":[{"name":"wp","href":"https:\/\/api.w.org\/{rel}","templated":true}]}}