{"id":6426,"date":"2021-09-08T13:09:54","date_gmt":"2021-09-08T10:09:54","guid":{"rendered":"https:\/\/www.baltvilla.lv\/?post_type=product&#038;p=6426"},"modified":"2024-11-21T12:38:44","modified_gmt":"2024-11-21T10:38:44","slug":"galvas-sejas-muguras-vai-pedu-masaza","status":"publish","type":"product","link":"https:\/\/www.baltvilla.lv\/en\/veikals\/spa-interneta-veikals-baltvilla\/spa-masazas\/galvas-sejas-muguras-vai-pedu-masaza\/","title":{"rendered":"Galvas, sejas, muguras vai p\u0113du mas\u0101\u017ea"},"content":{"rendered":"<p>Galvas mas\u0101\u017ea pal\u012bdz atsl\u0101bin\u0101t saspringu\u0161os galvas un kakla musku\u013cus.<\/p>\n<p>Sejas mas\u0101\u017ea\u00a0 uzlabo \u0101das tvirtumu un izskatu, maigi atsl\u0101binot saspringtus sejas m\u012bmikas musku\u013cus.<\/p>\n<p>Relaks\u0113jo\u0161a muguras mas\u0101\u017ea atsl\u0101bin\u0101s un uzlabos asinsriti.<\/p>\n<p>Relaks\u0113jo\u0161a p\u0113du un apak\u0161stilbu mas\u0101\u017ea atsl\u0101bin\u0101s un uzlabos asinsriti, \u012bpa\u0161i piem\u0113rota person\u0101m, kas ilgi atrodas st\u0101vus poz\u0101, tostarp iet vai intens\u012bvi sporto.<\/p>\n<p>&nbsp;<\/p>\n","protected":false},"excerpt":{"rendered":"<p>Izv\u0113lieties divas no \u010detr\u0101m \u0137erme\u0146a zon\u0101m un baudiet nesteidz\u012bgu relaks\u0113jo\u0161u mas\u0101\u017eu \u0161\u012bm zon\u0101m.<\/p>\n<p>Mas\u0101\u017eas ilgums 50 min.<\/p>\n<p>&nbsp;<\/p>\n","protected":false},"featured_media":19386,"comment_status":"closed","ping_status":"closed","template":"","meta":{"_acf_changed":false},"product_brand":[],"product_cat":[46,126],"product_tag":[],"class_list":{"0":"post-6426","1":"product","2":"type-product","3":"status-publish","4":"has-post-thumbnail","6":"product_cat-spa-interneta-veikals-baltvilla","7":"product_cat-spa-masazas","9":"first","10":"instock","11":"virtual","12":"taxable","13":"purchasable","14":"product-type-simple"},"acf":[],"yoast_head":"<!-- This site is optimized with the Yoast SEO plugin v27.4 - https:\/\/yoast.com\/product\/yoast-seo-wordpress\/ -->\n<title>Relaks\u0113jo\u0161a mas\u0101\u017ea | Spa mas\u0101\u017eas | Baltvilla spa<\/title>\n<meta name=\"description\" content=\"Relaks\u0113jo\u0161a galvas, sejas, p\u0113du vai muguras mas\u0101\u017eu -izv\u0113lieties divas no \u010detr\u0101m \u0137erme\u0146a zon\u0101m un baudiet nesteidz\u012bgu relaks\u0113jo\u0161u mas\u0101\u017eu \u0161\u012bm zon\u0101m.\" \/>\n<meta name=\"robots\" content=\"index, follow, max-snippet:-1, max-image-preview:large, max-video-preview:-1\" \/>\n<link rel=\"canonical\" href=\"https:\/\/www.baltvilla.lv\/en\/veikals\/spa-interneta-veikals-baltvilla\/spa-masazas\/galvas-sejas-muguras-vai-pedu-masaza\/\" \/>\n<meta property=\"og:locale\" content=\"en_US\" \/>\n<meta property=\"og:type\" content=\"article\" \/>\n<meta property=\"og:title\" content=\"Relaks\u0113jo\u0161a mas\u0101\u017ea | Spa mas\u0101\u017eas | Baltvilla spa\" \/>\n<meta property=\"og:description\" content=\"Relaks\u0113jo\u0161a galvas, sejas, p\u0113du vai muguras mas\u0101\u017eu -izv\u0113lieties divas no \u010detr\u0101m \u0137erme\u0146a zon\u0101m un baudiet nesteidz\u012bgu relaks\u0113jo\u0161u mas\u0101\u017eu \u0161\u012bm zon\u0101m.\" \/>\n<meta property=\"og:url\" content=\"https:\/\/www.baltvilla.lv\/en\/veikals\/spa-interneta-veikals-baltvilla\/spa-masazas\/galvas-sejas-muguras-vai-pedu-masaza\/\" \/>\n<meta property=\"og:site_name\" content=\"Baltvilla\" \/>\n<meta property=\"article:modified_time\" content=\"2024-11-21T10:38:44+00:00\" \/>\n<meta property=\"og:image\" content=\"https:\/\/www.baltvilla.lv\/wp-content\/uploads\/2024\/11\/Pat-26.jpg\" \/>\n\t<meta property=\"og:image:width\" content=\"1800\" \/>\n\t<meta property=\"og:image:height\" content=\"1200\" \/>\n\t<meta property=\"og:image:type\" content=\"image\/jpeg\" \/>\n<meta name=\"twitter:card\" content=\"summary_large_image\" \/>\n<meta name=\"twitter:label1\" content=\"Est. reading time\" \/>\n\t<meta name=\"twitter:data1\" content=\"1 minute\" \/>\n<script type=\"application\/ld+json\" class=\"yoast-schema-graph\">{\"@context\":\"https:\\\/\\\/schema.org\",\"@graph\":[{\"@type\":\"WebPage\",\"@id\":\"https:\\\/\\\/www.baltvilla.lv\\\/en\\\/veikals\\\/spa-interneta-veikals-baltvilla\\\/spa-masazas\\\/galvas-sejas-muguras-vai-pedu-masaza\\\/\",\"url\":\"https:\\\/\\\/www.baltvilla.lv\\\/en\\\/veikals\\\/spa-interneta-veikals-baltvilla\\\/spa-masazas\\\/galvas-sejas-muguras-vai-pedu-masaza\\\/\",\"name\":\"Relaks\u0113jo\u0161a mas\u0101\u017ea | Spa mas\u0101\u017eas | Baltvilla spa\",\"isPartOf\":{\"@id\":\"https:\\\/\\\/www.baltvilla.lv\\\/en\\\/#website\"},\"primaryImageOfPage\":{\"@id\":\"https:\\\/\\\/www.baltvilla.lv\\\/en\\\/veikals\\\/spa-interneta-veikals-baltvilla\\\/spa-masazas\\\/galvas-sejas-muguras-vai-pedu-masaza\\\/#primaryimage\"},\"image\":{\"@id\":\"https:\\\/\\\/www.baltvilla.lv\\\/en\\\/veikals\\\/spa-interneta-veikals-baltvilla\\\/spa-masazas\\\/galvas-sejas-muguras-vai-pedu-masaza\\\/#primaryimage\"},\"thumbnailUrl\":\"https:\\\/\\\/www.baltvilla.lv\\\/wp-content\\\/uploads\\\/2024\\\/11\\\/Pat-26.jpg\",\"datePublished\":\"2021-09-08T10:09:54+00:00\",\"dateModified\":\"2024-11-21T10:38:44+00:00\",\"description\":\"Relaks\u0113jo\u0161a galvas, sejas, p\u0113du vai muguras mas\u0101\u017eu -izv\u0113lieties divas no \u010detr\u0101m \u0137erme\u0146a zon\u0101m un baudiet nesteidz\u012bgu relaks\u0113jo\u0161u mas\u0101\u017eu \u0161\u012bm zon\u0101m.\",\"breadcrumb\":{\"@id\":\"https:\\\/\\\/www.baltvilla.lv\\\/en\\\/veikals\\\/spa-interneta-veikals-baltvilla\\\/spa-masazas\\\/galvas-sejas-muguras-vai-pedu-masaza\\\/#breadcrumb\"},\"inLanguage\":\"en-US\",\"potentialAction\":[{\"@type\":\"ReadAction\",\"target\":[\"https:\\\/\\\/www.baltvilla.lv\\\/en\\\/veikals\\\/spa-interneta-veikals-baltvilla\\\/spa-masazas\\\/galvas-sejas-muguras-vai-pedu-masaza\\\/\"]}]},{\"@type\":\"ImageObject\",\"inLanguage\":\"en-US\",\"@id\":\"https:\\\/\\\/www.baltvilla.lv\\\/en\\\/veikals\\\/spa-interneta-veikals-baltvilla\\\/spa-masazas\\\/galvas-sejas-muguras-vai-pedu-masaza\\\/#primaryimage\",\"url\":\"https:\\\/\\\/www.baltvilla.lv\\\/wp-content\\\/uploads\\\/2024\\\/11\\\/Pat-26.jpg\",\"contentUrl\":\"https:\\\/\\\/www.baltvilla.lv\\\/wp-content\\\/uploads\\\/2024\\\/11\\\/Pat-26.jpg\",\"width\":1800,\"height\":1200},{\"@type\":\"BreadcrumbList\",\"@id\":\"https:\\\/\\\/www.baltvilla.lv\\\/en\\\/veikals\\\/spa-interneta-veikals-baltvilla\\\/spa-masazas\\\/galvas-sejas-muguras-vai-pedu-masaza\\\/#breadcrumb\",\"itemListElement\":[{\"@type\":\"ListItem\",\"position\":1,\"name\":\"Home\",\"item\":\"https:\\\/\\\/www.baltvilla.lv\\\/en\\\/\"},{\"@type\":\"ListItem\",\"position\":2,\"name\":\"Shop\",\"item\":\"https:\\\/\\\/www.baltvilla.lv\\\/shop-2\\\/?lang=en\"},{\"@type\":\"ListItem\",\"position\":3,\"name\":\"Galvas, sejas, muguras vai p\u0113du mas\u0101\u017ea\"}]},{\"@type\":\"WebSite\",\"@id\":\"https:\\\/\\\/www.baltvilla.lv\\\/en\\\/#website\",\"url\":\"https:\\\/\\\/www.baltvilla.lv\\\/en\\\/\",\"name\":\"Baltvilla\",\"description\":\"\",\"publisher\":{\"@id\":\"https:\\\/\\\/www.baltvilla.lv\\\/en\\\/#organization\"},\"potentialAction\":[{\"@type\":\"SearchAction\",\"target\":{\"@type\":\"EntryPoint\",\"urlTemplate\":\"https:\\\/\\\/www.baltvilla.lv\\\/en\\\/?s={search_term_string}\"},\"query-input\":{\"@type\":\"PropertyValueSpecification\",\"valueRequired\":true,\"valueName\":\"search_term_string\"}}],\"inLanguage\":\"en-US\"},{\"@type\":\"Organization\",\"@id\":\"https:\\\/\\\/www.baltvilla.lv\\\/en\\\/#organization\",\"name\":\"Hotel \\\"Baltvilla\\\"\",\"url\":\"https:\\\/\\\/www.baltvilla.lv\\\/en\\\/\",\"logo\":{\"@type\":\"ImageObject\",\"inLanguage\":\"en-US\",\"@id\":\"https:\\\/\\\/www.baltvilla.lv\\\/en\\\/#\\\/schema\\\/logo\\\/image\\\/\",\"url\":\"https:\\\/\\\/www.baltvilla.lv\\\/wp-content\\\/uploads\\\/2021\\\/04\\\/baltvilla-logo.png\",\"contentUrl\":\"https:\\\/\\\/www.baltvilla.lv\\\/wp-content\\\/uploads\\\/2021\\\/04\\\/baltvilla-logo.png\",\"width\":207,\"height\":42,\"caption\":\"Hotel \\\"Baltvilla\\\"\"},\"image\":{\"@id\":\"https:\\\/\\\/www.baltvilla.lv\\\/en\\\/#\\\/schema\\\/logo\\\/image\\\/\"}}]}<\/script>\n<!-- \/ Yoast SEO plugin. -->","yoast_head_json":{"title":"Relaks\u0113jo\u0161a mas\u0101\u017ea | Spa mas\u0101\u017eas | Baltvilla spa","description":"Relaks\u0113jo\u0161a galvas, sejas, p\u0113du vai muguras mas\u0101\u017eu -izv\u0113lieties divas no \u010detr\u0101m \u0137erme\u0146a zon\u0101m un baudiet nesteidz\u012bgu relaks\u0113jo\u0161u mas\u0101\u017eu \u0161\u012bm zon\u0101m.","robots":{"index":"index","follow":"follow","max-snippet":"max-snippet:-1","max-image-preview":"max-image-preview:large","max-video-preview":"max-video-preview:-1"},"canonical":"https:\/\/www.baltvilla.lv\/en\/veikals\/spa-interneta-veikals-baltvilla\/spa-masazas\/galvas-sejas-muguras-vai-pedu-masaza\/","og_locale":"en_US","og_type":"article","og_title":"Relaks\u0113jo\u0161a mas\u0101\u017ea | Spa mas\u0101\u017eas | Baltvilla spa","og_description":"Relaks\u0113jo\u0161a galvas, sejas, p\u0113du vai muguras mas\u0101\u017eu -izv\u0113lieties divas no \u010detr\u0101m \u0137erme\u0146a zon\u0101m un baudiet nesteidz\u012bgu relaks\u0113jo\u0161u mas\u0101\u017eu \u0161\u012bm zon\u0101m.","og_url":"https:\/\/www.baltvilla.lv\/en\/veikals\/spa-interneta-veikals-baltvilla\/spa-masazas\/galvas-sejas-muguras-vai-pedu-masaza\/","og_site_name":"Baltvilla","article_modified_time":"2024-11-21T10:38:44+00:00","og_image":[{"width":1800,"height":1200,"url":"https:\/\/www.baltvilla.lv\/wp-content\/uploads\/2024\/11\/Pat-26.jpg","type":"image\/jpeg"}],"twitter_card":"summary_large_image","twitter_misc":{"Est. reading time":"1 minute"},"schema":{"@context":"https:\/\/schema.org","@graph":[{"@type":"WebPage","@id":"https:\/\/www.baltvilla.lv\/en\/veikals\/spa-interneta-veikals-baltvilla\/spa-masazas\/galvas-sejas-muguras-vai-pedu-masaza\/","url":"https:\/\/www.baltvilla.lv\/en\/veikals\/spa-interneta-veikals-baltvilla\/spa-masazas\/galvas-sejas-muguras-vai-pedu-masaza\/","name":"Relaks\u0113jo\u0161a mas\u0101\u017ea | Spa mas\u0101\u017eas | Baltvilla spa","isPartOf":{"@id":"https:\/\/www.baltvilla.lv\/en\/#website"},"primaryImageOfPage":{"@id":"https:\/\/www.baltvilla.lv\/en\/veikals\/spa-interneta-veikals-baltvilla\/spa-masazas\/galvas-sejas-muguras-vai-pedu-masaza\/#primaryimage"},"image":{"@id":"https:\/\/www.baltvilla.lv\/en\/veikals\/spa-interneta-veikals-baltvilla\/spa-masazas\/galvas-sejas-muguras-vai-pedu-masaza\/#primaryimage"},"thumbnailUrl":"https:\/\/www.baltvilla.lv\/wp-content\/uploads\/2024\/11\/Pat-26.jpg","datePublished":"2021-09-08T10:09:54+00:00","dateModified":"2024-11-21T10:38:44+00:00","description":"Relaks\u0113jo\u0161a galvas, sejas, p\u0113du vai muguras mas\u0101\u017eu -izv\u0113lieties divas no \u010detr\u0101m \u0137erme\u0146a zon\u0101m un baudiet nesteidz\u012bgu relaks\u0113jo\u0161u mas\u0101\u017eu \u0161\u012bm zon\u0101m.","breadcrumb":{"@id":"https:\/\/www.baltvilla.lv\/en\/veikals\/spa-interneta-veikals-baltvilla\/spa-masazas\/galvas-sejas-muguras-vai-pedu-masaza\/#breadcrumb"},"inLanguage":"en-US","potentialAction":[{"@type":"ReadAction","target":["https:\/\/www.baltvilla.lv\/en\/veikals\/spa-interneta-veikals-baltvilla\/spa-masazas\/galvas-sejas-muguras-vai-pedu-masaza\/"]}]},{"@type":"ImageObject","inLanguage":"en-US","@id":"https:\/\/www.baltvilla.lv\/en\/veikals\/spa-interneta-veikals-baltvilla\/spa-masazas\/galvas-sejas-muguras-vai-pedu-masaza\/#primaryimage","url":"https:\/\/www.baltvilla.lv\/wp-content\/uploads\/2024\/11\/Pat-26.jpg","contentUrl":"https:\/\/www.baltvilla.lv\/wp-content\/uploads\/2024\/11\/Pat-26.jpg","width":1800,"height":1200},{"@type":"BreadcrumbList","@id":"https:\/\/www.baltvilla.lv\/en\/veikals\/spa-interneta-veikals-baltvilla\/spa-masazas\/galvas-sejas-muguras-vai-pedu-masaza\/#breadcrumb","itemListElement":[{"@type":"ListItem","position":1,"name":"Home","item":"https:\/\/www.baltvilla.lv\/en\/"},{"@type":"ListItem","position":2,"name":"Shop","item":"https:\/\/www.baltvilla.lv\/shop-2\/?lang=en"},{"@type":"ListItem","position":3,"name":"Galvas, sejas, muguras vai p\u0113du mas\u0101\u017ea"}]},{"@type":"WebSite","@id":"https:\/\/www.baltvilla.lv\/en\/#website","url":"https:\/\/www.baltvilla.lv\/en\/","name":"Baltvilla","description":"","publisher":{"@id":"https:\/\/www.baltvilla.lv\/en\/#organization"},"potentialAction":[{"@type":"SearchAction","target":{"@type":"EntryPoint","urlTemplate":"https:\/\/www.baltvilla.lv\/en\/?s={search_term_string}"},"query-input":{"@type":"PropertyValueSpecification","valueRequired":true,"valueName":"search_term_string"}}],"inLanguage":"en-US"},{"@type":"Organization","@id":"https:\/\/www.baltvilla.lv\/en\/#organization","name":"Hotel \"Baltvilla\"","url":"https:\/\/www.baltvilla.lv\/en\/","logo":{"@type":"ImageObject","inLanguage":"en-US","@id":"https:\/\/www.baltvilla.lv\/en\/#\/schema\/logo\/image\/","url":"https:\/\/www.baltvilla.lv\/wp-content\/uploads\/2021\/04\/baltvilla-logo.png","contentUrl":"https:\/\/www.baltvilla.lv\/wp-content\/uploads\/2021\/04\/baltvilla-logo.png","width":207,"height":42,"caption":"Hotel \"Baltvilla\""},"image":{"@id":"https:\/\/www.baltvilla.lv\/en\/#\/schema\/logo\/image\/"}}]}},"_links":{"self":[{"href":"https:\/\/www.baltvilla.lv\/en\/wp-json\/wp\/v2\/product\/6426","targetHints":{"allow":["GET"]}}],"collection":[{"href":"https:\/\/www.baltvilla.lv\/en\/wp-json\/wp\/v2\/product"}],"about":[{"href":"https:\/\/www.baltvilla.lv\/en\/wp-json\/wp\/v2\/types\/product"}],"replies":[{"embeddable":true,"href":"https:\/\/www.baltvilla.lv\/en\/wp-json\/wp\/v2\/comments?post=6426"}],"wp:featuredmedia":[{"embeddable":true,"href":"https:\/\/www.baltvilla.lv\/en\/wp-json\/wp\/v2\/media\/19386"}],"wp:attachment":[{"href":"https:\/\/www.baltvilla.lv\/en\/wp-json\/wp\/v2\/media?parent=6426"}],"wp:term":[{"taxonomy":"product_brand","embeddable":true,"href":"https:\/\/www.baltvilla.lv\/en\/wp-json\/wp\/v2\/product_brand?post=6426"},{"taxonomy":"product_cat","embeddable":true,"href":"https:\/\/www.baltvilla.lv\/en\/wp-json\/wp\/v2\/product_cat?post=6426"},{"taxonomy":"product_tag","embeddable":true,"href":"https:\/\/www.baltvilla.lv\/en\/wp-json\/wp\/v2\/product_tag?post=6426"}],"curies":[{"name":"wp","href":"https:\/\/api.w.org\/{rel}","templated":true}]}}