{"id":6261,"date":"2021-09-01T15:40:26","date_gmt":"2021-09-01T12:40:26","guid":{"rendered":"https:\/\/www.baltvilla.lv\/?post_type=product&#038;p=6261"},"modified":"2026-01-05T12:31:05","modified_gmt":"2026-01-05T10:31:05","slug":"davanu-karte-romantiska-elegance-diviem","status":"publish","type":"product","link":"https:\/\/www.baltvilla.lv\/en\/veikals\/davanu-kartes\/davanu-karte-romantiska-elegance-diviem\/","title":{"rendered":"D\u0101vanu karte &#8220;Romantiska elegance diviem&#8221;"},"content":{"rendered":"<h3>Pied\u0101v\u0101jum\u0101 iek\u013cauti<\/h3>\n<ul>\n<li>Nak\u0161\u0146o\u0161ana div\u0101m person\u0101m viesn\u012bcas \u201eBaltvilla\u201d luksusa kategorijas (<a href=\"https:\/\/www.baltvilla.lv\/viesnica\/numuri\/romantiskais-luksus\/\" target=\"_blank\" rel=\"noopener\">Romantiskais Luksus<\/a> vai <a href=\"https:\/\/www.baltvilla.lv\/viesnica\/numuri\/biznesa-luksus\/\" target=\"_blank\" rel=\"noopener\">Biznesa Luksus<\/a>) numur\u0101 ar \u0113rtu un pla\u0161u divgu\u013camo gultu.<\/li>\n<li>Gardas un nesteidz\u012bgas brokastis n\u0101kamaj\u0101 r\u012bt\u0101 div\u0101m person\u0101m.<\/li>\n<li>Izsmalcin\u0101tas 4 k\u0101rtu vakari\u0146as (2 uzkodas, pamat\u0113diens, deserts), k\u0101 ar\u012b divas gl\u0101zes v\u012bna (100 ml)\u00a0\u2014 viena pie uzkod\u0101m un otra pie pamat\u0113diena\u00a0\u2014, ko v\u012bnzinis ir pieska\u0146ojis j\u016bsu vakari\u0146\u0101m.<\/li>\n<li>\u0136erme\u0146a mas\u0101\u017eas abiem Baltvilla SPA salon\u0101 p\u0113c izv\u0113les &#8211;\u00a0 arom\u0101tisk\u0101 \u0137erme\u0146a mas\u0101\u017ea <a href=\"https:\/\/www.baltvilla.lv\/spa\/spa-masazas\/aromatiska-spa-kermena-baudi-lenam\/\" target=\"_blank\" rel=\"noopener\">\u201eBaudi l\u0113n\u0101m\u201d<\/a>(60 min) vai \u0137erme\u0146a toniz\u0113jo\u0161\u0101 mas\u0101\u017ea <a href=\"https:\/\/www.baltvilla.lv\/spa\/spa-masazas\/tonizejosa-spa-kermena-masaza-dzivibas-energija\/\" target=\"_blank\" rel=\"noopener\">&#8220;Dz\u012bv\u012bbas ener\u0123ija\u201d<\/a> (60 min).<\/li>\n<li>Arom\u0101tiska un relaks\u0113jo\u0161a vanna pirms naktsmiera j\u016bsu luksusa numur\u0101.<\/li>\n<li>Numur\u0101 pieejama t\u0113ja ar &#8220;Baltvillas&#8221; na\u0161\u0137iem.<\/li>\n<li>Labos laikapst\u0101k\u013cos pied\u0101v\u0101sim\u00a0 izbraucienu ar velosip\u0113diem.<\/li>\n<\/ul>\n","protected":false},"excerpt":{"rendered":"<p>D\u0101vanu karte priec\u0113s izsmalcin\u0101tas atp\u016btas baud\u012bt\u0101jus- nak\u0161\u0146o\u0161ana luksusa kategorijas numur\u0101, spa ritu\u0101ls \u201eBaudi l\u0113n\u0101m\u201d vai &#8220;Dz\u012bv\u012bbas ener\u0123ija\u201d p\u0113c izv\u0113les, k\u0101 ar\u012b izsmalcin\u0101tas vakari\u0146as, kas atkl\u0101s jaunas gar\u0161as un arom\u0101tus.<\/p>\n","protected":false},"featured_media":23948,"comment_status":"closed","ping_status":"closed","template":"","meta":{"_acf_changed":false},"product_brand":[],"product_cat":[48],"product_tag":[],"class_list":{"0":"post-6261","1":"product","2":"type-product","3":"status-publish","4":"has-post-thumbnail","6":"product_cat-davanu-kartes","8":"first","9":"instock","10":"virtual","11":"taxable","12":"purchasable","13":"product-type-simple"},"acf":[],"yoast_head":"<!-- This site is optimized with the Yoast SEO plugin v27.4 - https:\/\/yoast.com\/product\/yoast-seo-wordpress\/ -->\n<title>Romantiska elegance diviem | D\u0101vanu karte | Baltvilla<\/title>\n<meta name=\"description\" content=\"D\u0101vanu kartes \u012apa\u0161aj\u0101 pied\u0101v\u0101jum\u0101 ir iek\u013cauta nak\u0161\u0146o\u0161ana div\u0101m person\u0101m luksusa kategorijas numur\u0101, vakari\u0146as ar v\u012bnu, spa ritu\u0101ls, brokastis\u2026\" \/>\n<meta name=\"robots\" content=\"index, follow, max-snippet:-1, max-image-preview:large, max-video-preview:-1\" \/>\n<link rel=\"canonical\" href=\"https:\/\/www.baltvilla.lv\/en\/veikals\/davanu-kartes\/davanu-karte-romantiska-elegance-diviem\/\" \/>\n<meta property=\"og:locale\" content=\"en_US\" \/>\n<meta property=\"og:type\" content=\"article\" \/>\n<meta property=\"og:title\" content=\"Romantiska elegance diviem | D\u0101vanu karte | Baltvilla\" \/>\n<meta property=\"og:description\" content=\"D\u0101vanu kartes \u012apa\u0161aj\u0101 pied\u0101v\u0101jum\u0101 ir iek\u013cauta nak\u0161\u0146o\u0161ana div\u0101m person\u0101m luksusa kategorijas numur\u0101, vakari\u0146as ar v\u012bnu, spa ritu\u0101ls, brokastis\u2026\" \/>\n<meta property=\"og:url\" content=\"https:\/\/www.baltvilla.lv\/en\/veikals\/davanu-kartes\/davanu-karte-romantiska-elegance-diviem\/\" \/>\n<meta property=\"og:site_name\" content=\"Baltvilla\" \/>\n<meta property=\"article:modified_time\" content=\"2026-01-05T10:31:05+00:00\" \/>\n<meta property=\"og:image\" content=\"https:\/\/www.baltvilla.lv\/wp-content\/uploads\/2021\/08\/Bv-SPA-178.jpg\" \/>\n\t<meta property=\"og:image:width\" content=\"1800\" \/>\n\t<meta property=\"og:image:height\" content=\"1200\" \/>\n\t<meta property=\"og:image:type\" content=\"image\/jpeg\" \/>\n<meta name=\"twitter:card\" content=\"summary_large_image\" \/>\n<meta name=\"twitter:label1\" content=\"Est. reading time\" \/>\n\t<meta name=\"twitter:data1\" content=\"1 minute\" \/>\n<script type=\"application\/ld+json\" class=\"yoast-schema-graph\">{\"@context\":\"https:\\\/\\\/schema.org\",\"@graph\":[{\"@type\":\"WebPage\",\"@id\":\"https:\\\/\\\/www.baltvilla.lv\\\/en\\\/veikals\\\/davanu-kartes\\\/davanu-karte-romantiska-elegance-diviem\\\/\",\"url\":\"https:\\\/\\\/www.baltvilla.lv\\\/en\\\/veikals\\\/davanu-kartes\\\/davanu-karte-romantiska-elegance-diviem\\\/\",\"name\":\"Romantiska elegance diviem | D\u0101vanu karte | Baltvilla\",\"isPartOf\":{\"@id\":\"https:\\\/\\\/www.baltvilla.lv\\\/en\\\/#website\"},\"primaryImageOfPage\":{\"@id\":\"https:\\\/\\\/www.baltvilla.lv\\\/en\\\/veikals\\\/davanu-kartes\\\/davanu-karte-romantiska-elegance-diviem\\\/#primaryimage\"},\"image\":{\"@id\":\"https:\\\/\\\/www.baltvilla.lv\\\/en\\\/veikals\\\/davanu-kartes\\\/davanu-karte-romantiska-elegance-diviem\\\/#primaryimage\"},\"thumbnailUrl\":\"https:\\\/\\\/www.baltvilla.lv\\\/wp-content\\\/uploads\\\/2021\\\/08\\\/Bv-SPA-178.jpg\",\"datePublished\":\"2021-09-01T12:40:26+00:00\",\"dateModified\":\"2026-01-05T10:31:05+00:00\",\"description\":\"D\u0101vanu kartes \u012apa\u0161aj\u0101 pied\u0101v\u0101jum\u0101 ir iek\u013cauta nak\u0161\u0146o\u0161ana div\u0101m person\u0101m luksusa kategorijas numur\u0101, vakari\u0146as ar v\u012bnu, spa ritu\u0101ls, brokastis\u2026\",\"breadcrumb\":{\"@id\":\"https:\\\/\\\/www.baltvilla.lv\\\/en\\\/veikals\\\/davanu-kartes\\\/davanu-karte-romantiska-elegance-diviem\\\/#breadcrumb\"},\"inLanguage\":\"en-US\",\"potentialAction\":[{\"@type\":\"ReadAction\",\"target\":[\"https:\\\/\\\/www.baltvilla.lv\\\/en\\\/veikals\\\/davanu-kartes\\\/davanu-karte-romantiska-elegance-diviem\\\/\"]}]},{\"@type\":\"ImageObject\",\"inLanguage\":\"en-US\",\"@id\":\"https:\\\/\\\/www.baltvilla.lv\\\/en\\\/veikals\\\/davanu-kartes\\\/davanu-karte-romantiska-elegance-diviem\\\/#primaryimage\",\"url\":\"https:\\\/\\\/www.baltvilla.lv\\\/wp-content\\\/uploads\\\/2021\\\/08\\\/Bv-SPA-178.jpg\",\"contentUrl\":\"https:\\\/\\\/www.baltvilla.lv\\\/wp-content\\\/uploads\\\/2021\\\/08\\\/Bv-SPA-178.jpg\",\"width\":1800,\"height\":1200},{\"@type\":\"BreadcrumbList\",\"@id\":\"https:\\\/\\\/www.baltvilla.lv\\\/en\\\/veikals\\\/davanu-kartes\\\/davanu-karte-romantiska-elegance-diviem\\\/#breadcrumb\",\"itemListElement\":[{\"@type\":\"ListItem\",\"position\":1,\"name\":\"Home\",\"item\":\"https:\\\/\\\/www.baltvilla.lv\\\/en\\\/\"},{\"@type\":\"ListItem\",\"position\":2,\"name\":\"Shop\",\"item\":\"https:\\\/\\\/www.baltvilla.lv\\\/shop-2\\\/?lang=en\"},{\"@type\":\"ListItem\",\"position\":3,\"name\":\"D\u0101vanu karte &#8220;Romantiska elegance diviem&#8221;\"}]},{\"@type\":\"WebSite\",\"@id\":\"https:\\\/\\\/www.baltvilla.lv\\\/en\\\/#website\",\"url\":\"https:\\\/\\\/www.baltvilla.lv\\\/en\\\/\",\"name\":\"Baltvilla\",\"description\":\"\",\"publisher\":{\"@id\":\"https:\\\/\\\/www.baltvilla.lv\\\/en\\\/#organization\"},\"potentialAction\":[{\"@type\":\"SearchAction\",\"target\":{\"@type\":\"EntryPoint\",\"urlTemplate\":\"https:\\\/\\\/www.baltvilla.lv\\\/en\\\/?s={search_term_string}\"},\"query-input\":{\"@type\":\"PropertyValueSpecification\",\"valueRequired\":true,\"valueName\":\"search_term_string\"}}],\"inLanguage\":\"en-US\"},{\"@type\":\"Organization\",\"@id\":\"https:\\\/\\\/www.baltvilla.lv\\\/en\\\/#organization\",\"name\":\"Hotel \\\"Baltvilla\\\"\",\"url\":\"https:\\\/\\\/www.baltvilla.lv\\\/en\\\/\",\"logo\":{\"@type\":\"ImageObject\",\"inLanguage\":\"en-US\",\"@id\":\"https:\\\/\\\/www.baltvilla.lv\\\/en\\\/#\\\/schema\\\/logo\\\/image\\\/\",\"url\":\"https:\\\/\\\/www.baltvilla.lv\\\/wp-content\\\/uploads\\\/2021\\\/04\\\/baltvilla-logo.png\",\"contentUrl\":\"https:\\\/\\\/www.baltvilla.lv\\\/wp-content\\\/uploads\\\/2021\\\/04\\\/baltvilla-logo.png\",\"width\":207,\"height\":42,\"caption\":\"Hotel \\\"Baltvilla\\\"\"},\"image\":{\"@id\":\"https:\\\/\\\/www.baltvilla.lv\\\/en\\\/#\\\/schema\\\/logo\\\/image\\\/\"}}]}<\/script>\n<!-- \/ Yoast SEO plugin. -->","yoast_head_json":{"title":"Romantiska elegance diviem | D\u0101vanu karte | Baltvilla","description":"D\u0101vanu kartes \u012apa\u0161aj\u0101 pied\u0101v\u0101jum\u0101 ir iek\u013cauta nak\u0161\u0146o\u0161ana div\u0101m person\u0101m luksusa kategorijas numur\u0101, vakari\u0146as ar v\u012bnu, spa ritu\u0101ls, brokastis\u2026","robots":{"index":"index","follow":"follow","max-snippet":"max-snippet:-1","max-image-preview":"max-image-preview:large","max-video-preview":"max-video-preview:-1"},"canonical":"https:\/\/www.baltvilla.lv\/en\/veikals\/davanu-kartes\/davanu-karte-romantiska-elegance-diviem\/","og_locale":"en_US","og_type":"article","og_title":"Romantiska elegance diviem | D\u0101vanu karte | Baltvilla","og_description":"D\u0101vanu kartes \u012apa\u0161aj\u0101 pied\u0101v\u0101jum\u0101 ir iek\u013cauta nak\u0161\u0146o\u0161ana div\u0101m person\u0101m luksusa kategorijas numur\u0101, vakari\u0146as ar v\u012bnu, spa ritu\u0101ls, brokastis\u2026","og_url":"https:\/\/www.baltvilla.lv\/en\/veikals\/davanu-kartes\/davanu-karte-romantiska-elegance-diviem\/","og_site_name":"Baltvilla","article_modified_time":"2026-01-05T10:31:05+00:00","og_image":[{"width":1800,"height":1200,"url":"https:\/\/www.baltvilla.lv\/wp-content\/uploads\/2021\/08\/Bv-SPA-178.jpg","type":"image\/jpeg"}],"twitter_card":"summary_large_image","twitter_misc":{"Est. reading time":"1 minute"},"schema":{"@context":"https:\/\/schema.org","@graph":[{"@type":"WebPage","@id":"https:\/\/www.baltvilla.lv\/en\/veikals\/davanu-kartes\/davanu-karte-romantiska-elegance-diviem\/","url":"https:\/\/www.baltvilla.lv\/en\/veikals\/davanu-kartes\/davanu-karte-romantiska-elegance-diviem\/","name":"Romantiska elegance diviem | D\u0101vanu karte | Baltvilla","isPartOf":{"@id":"https:\/\/www.baltvilla.lv\/en\/#website"},"primaryImageOfPage":{"@id":"https:\/\/www.baltvilla.lv\/en\/veikals\/davanu-kartes\/davanu-karte-romantiska-elegance-diviem\/#primaryimage"},"image":{"@id":"https:\/\/www.baltvilla.lv\/en\/veikals\/davanu-kartes\/davanu-karte-romantiska-elegance-diviem\/#primaryimage"},"thumbnailUrl":"https:\/\/www.baltvilla.lv\/wp-content\/uploads\/2021\/08\/Bv-SPA-178.jpg","datePublished":"2021-09-01T12:40:26+00:00","dateModified":"2026-01-05T10:31:05+00:00","description":"D\u0101vanu kartes \u012apa\u0161aj\u0101 pied\u0101v\u0101jum\u0101 ir iek\u013cauta nak\u0161\u0146o\u0161ana div\u0101m person\u0101m luksusa kategorijas numur\u0101, vakari\u0146as ar v\u012bnu, spa ritu\u0101ls, brokastis\u2026","breadcrumb":{"@id":"https:\/\/www.baltvilla.lv\/en\/veikals\/davanu-kartes\/davanu-karte-romantiska-elegance-diviem\/#breadcrumb"},"inLanguage":"en-US","potentialAction":[{"@type":"ReadAction","target":["https:\/\/www.baltvilla.lv\/en\/veikals\/davanu-kartes\/davanu-karte-romantiska-elegance-diviem\/"]}]},{"@type":"ImageObject","inLanguage":"en-US","@id":"https:\/\/www.baltvilla.lv\/en\/veikals\/davanu-kartes\/davanu-karte-romantiska-elegance-diviem\/#primaryimage","url":"https:\/\/www.baltvilla.lv\/wp-content\/uploads\/2021\/08\/Bv-SPA-178.jpg","contentUrl":"https:\/\/www.baltvilla.lv\/wp-content\/uploads\/2021\/08\/Bv-SPA-178.jpg","width":1800,"height":1200},{"@type":"BreadcrumbList","@id":"https:\/\/www.baltvilla.lv\/en\/veikals\/davanu-kartes\/davanu-karte-romantiska-elegance-diviem\/#breadcrumb","itemListElement":[{"@type":"ListItem","position":1,"name":"Home","item":"https:\/\/www.baltvilla.lv\/en\/"},{"@type":"ListItem","position":2,"name":"Shop","item":"https:\/\/www.baltvilla.lv\/shop-2\/?lang=en"},{"@type":"ListItem","position":3,"name":"D\u0101vanu karte &#8220;Romantiska elegance diviem&#8221;"}]},{"@type":"WebSite","@id":"https:\/\/www.baltvilla.lv\/en\/#website","url":"https:\/\/www.baltvilla.lv\/en\/","name":"Baltvilla","description":"","publisher":{"@id":"https:\/\/www.baltvilla.lv\/en\/#organization"},"potentialAction":[{"@type":"SearchAction","target":{"@type":"EntryPoint","urlTemplate":"https:\/\/www.baltvilla.lv\/en\/?s={search_term_string}"},"query-input":{"@type":"PropertyValueSpecification","valueRequired":true,"valueName":"search_term_string"}}],"inLanguage":"en-US"},{"@type":"Organization","@id":"https:\/\/www.baltvilla.lv\/en\/#organization","name":"Hotel \"Baltvilla\"","url":"https:\/\/www.baltvilla.lv\/en\/","logo":{"@type":"ImageObject","inLanguage":"en-US","@id":"https:\/\/www.baltvilla.lv\/en\/#\/schema\/logo\/image\/","url":"https:\/\/www.baltvilla.lv\/wp-content\/uploads\/2021\/04\/baltvilla-logo.png","contentUrl":"https:\/\/www.baltvilla.lv\/wp-content\/uploads\/2021\/04\/baltvilla-logo.png","width":207,"height":42,"caption":"Hotel \"Baltvilla\""},"image":{"@id":"https:\/\/www.baltvilla.lv\/en\/#\/schema\/logo\/image\/"}}]}},"_links":{"self":[{"href":"https:\/\/www.baltvilla.lv\/en\/wp-json\/wp\/v2\/product\/6261","targetHints":{"allow":["GET"]}}],"collection":[{"href":"https:\/\/www.baltvilla.lv\/en\/wp-json\/wp\/v2\/product"}],"about":[{"href":"https:\/\/www.baltvilla.lv\/en\/wp-json\/wp\/v2\/types\/product"}],"replies":[{"embeddable":true,"href":"https:\/\/www.baltvilla.lv\/en\/wp-json\/wp\/v2\/comments?post=6261"}],"wp:featuredmedia":[{"embeddable":true,"href":"https:\/\/www.baltvilla.lv\/en\/wp-json\/wp\/v2\/media\/23948"}],"wp:attachment":[{"href":"https:\/\/www.baltvilla.lv\/en\/wp-json\/wp\/v2\/media?parent=6261"}],"wp:term":[{"taxonomy":"product_brand","embeddable":true,"href":"https:\/\/www.baltvilla.lv\/en\/wp-json\/wp\/v2\/product_brand?post=6261"},{"taxonomy":"product_cat","embeddable":true,"href":"https:\/\/www.baltvilla.lv\/en\/wp-json\/wp\/v2\/product_cat?post=6261"},{"taxonomy":"product_tag","embeddable":true,"href":"https:\/\/www.baltvilla.lv\/en\/wp-json\/wp\/v2\/product_tag?post=6261"}],"curies":[{"name":"wp","href":"https:\/\/api.w.org\/{rel}","templated":true}]}}