{"id":6193,"date":"2021-08-31T10:31:42","date_gmt":"2021-08-31T07:31:42","guid":{"rendered":"https:\/\/www.baltvilla.lv\/?post_type=product&#038;p=6193"},"modified":"2025-11-14T14:26:11","modified_gmt":"2025-11-14T12:26:11","slug":"baltezera-perle","status":"publish","type":"product","link":"https:\/\/www.baltvilla.lv\/en\/veikals\/ipasie-piedavajumi\/baltezera-perle\/","title":{"rendered":"Baltezera p\u0113rle"},"content":{"rendered":"<h3 class=\"p-rich_text_section\">Pied\u0101v\u0101jum\u0101 iek\u013cauti<\/h3>\n<ul class=\"p-rich_text_list p-rich_text_list__bullet\" data-stringify-type=\"unordered-list\" data-indent=\"0\">\n<li>Nak\u0161\u0146o\u0161ana div\u0101m person\u0101m viesn\u012bcas \u201eBaltvilla\u201d <a href=\"https:\/\/www.baltvilla.lv\/viesnica\/numuri\/superior-numurs\/\" target=\"_blank\" rel=\"noopener\">paaugstin\u0101tas kategorijas<\/a> numur\u0101 ar \u0113rtu un pla\u0161u divgu\u013camo gultu.<\/li>\n<li>Gardas un nesteidz\u012bgas brokastis n\u0101kamaj\u0101 r\u012bt\u0101 div\u0101m person\u0101m.<\/li>\n<li>Izsmalcin\u0101tas 3 k\u0101rtu vakari\u0146as (uzkoda, pamat\u0113diens, deserts) un gl\u0101ze v\u012bna (100 ml), ko v\u012bnzinis ir pieska\u0146ojis j\u016bsu vakari\u0146\u0101m.<\/li>\n<li>\u0136erme\u0146a mas\u0101\u017eas abiem Baltvilla SPA salon\u0101\u00a0 &#8211; arom\u0101tisk\u0101 \u0137erme\u0146a mas\u0101\u017ea <a href=\"https:\/\/www.baltvilla.lv\/spa\/spa-masazas\/aromatiska-spa-kermena-baudi-lenam\/\" target=\"_blank\" rel=\"noopener\">\u201eBaudi l\u0113n\u0101m\u201d<\/a> (2x 60 min)<\/li>\n<li>Numur\u0101 pieejama t\u0113ja ar &#8220;Baltvillas&#8221; na\u0161\u0137iem.<\/li>\n<li>Labos laikapst\u0101k\u013cos pied\u0101v\u0101jam izbraucienu ar velosip\u0113diem.<\/li>\n<\/ul>\n<h3>Papildu inform\u0101cija<\/h3>\n<ul>\n<li>Iera\u0161an\u0101s viesn\u012bc\u0101 ir iesp\u0113jama no pulksten 15.00. Neatkar\u012bgi no iera\u0161an\u0101s laika izrakst\u012b\u0161an\u0101s laiks ir l\u012bdz pulksten 12.00.<\/li>\n<\/ul>\n","protected":false},"excerpt":{"rendered":"<p>\u0160is \u012bpa\u0161ais pied\u0101v\u0101jums ir piem\u0113rots p\u0101riem, kas v\u0113las baud\u012bt komfortablu un relaks\u0113jo\u0161u atp\u016btu viesn\u012bc\u0101 \u201eBaltvilla\u201d Baltezera krast\u0101. T\u0101 b\u016bs k\u0101 mirdzo\u0161a p\u0113rle J\u016bsu attiec\u012bb\u0101m un kop\u0101 pavad\u012btajam laikam &#8211; iesp\u0113ja atjaunot ener\u0123iju, nodoties nesteidz\u012bg\u0101m sarun\u0101m un baud\u012bt bezr\u016bp\u012bbu un vienam otru.<\/p>\n","protected":false},"featured_media":23948,"comment_status":"closed","ping_status":"closed","template":"","meta":{"_acf_changed":false},"product_brand":[],"product_cat":[33],"product_tag":[],"class_list":{"0":"post-6193","1":"product","2":"type-product","3":"status-publish","4":"has-post-thumbnail","6":"product_cat-ipasie-piedavajumi","8":"first","9":"instock","10":"taxable","11":"shipping-taxable","12":"purchasable","13":"product-type-simple"},"acf":[],"yoast_head":"<!-- This site is optimized with the Yoast SEO plugin v27.4 - https:\/\/yoast.com\/product\/yoast-seo-wordpress\/ -->\n<title>Baltezera p\u0113rle | \u012apa\u0161ie pied\u0101v\u0101jumi | Baltvilla<\/title>\n<meta name=\"description\" content=\"\u012apa\u0161aj\u0101 pied\u0101v\u0101jum\u0101 ir iek\u013cauta nak\u0161\u0146o\u0161ana div\u0101m person\u0101m paaugstin\u0101tas kategorijas numur\u0101, vakari\u0146as, mas\u0101\u017ea, brokastis\u2026\" \/>\n<meta name=\"robots\" content=\"index, follow, max-snippet:-1, max-image-preview:large, max-video-preview:-1\" \/>\n<link rel=\"canonical\" href=\"https:\/\/www.baltvilla.lv\/en\/veikals\/ipasie-piedavajumi\/baltezera-perle\/\" \/>\n<meta property=\"og:locale\" content=\"en_US\" \/>\n<meta property=\"og:type\" content=\"article\" \/>\n<meta property=\"og:title\" content=\"Baltezera p\u0113rle | \u012apa\u0161ie pied\u0101v\u0101jumi | Baltvilla\" \/>\n<meta property=\"og:description\" content=\"\u012apa\u0161aj\u0101 pied\u0101v\u0101jum\u0101 ir iek\u013cauta nak\u0161\u0146o\u0161ana div\u0101m person\u0101m paaugstin\u0101tas kategorijas numur\u0101, vakari\u0146as, mas\u0101\u017ea, brokastis\u2026\" \/>\n<meta property=\"og:url\" content=\"https:\/\/www.baltvilla.lv\/en\/veikals\/ipasie-piedavajumi\/baltezera-perle\/\" \/>\n<meta property=\"og:site_name\" content=\"Baltvilla\" \/>\n<meta property=\"article:modified_time\" content=\"2025-11-14T12:26:11+00:00\" \/>\n<meta property=\"og:image\" content=\"https:\/\/www.baltvilla.lv\/wp-content\/uploads\/2021\/08\/Bv-SPA-178.jpg\" \/>\n\t<meta property=\"og:image:width\" content=\"1800\" \/>\n\t<meta property=\"og:image:height\" content=\"1200\" \/>\n\t<meta property=\"og:image:type\" content=\"image\/jpeg\" \/>\n<meta name=\"twitter:card\" content=\"summary_large_image\" \/>\n<meta name=\"twitter:label1\" content=\"Est. reading time\" \/>\n\t<meta name=\"twitter:data1\" content=\"1 minute\" \/>\n<script type=\"application\/ld+json\" class=\"yoast-schema-graph\">{\"@context\":\"https:\\\/\\\/schema.org\",\"@graph\":[{\"@type\":\"WebPage\",\"@id\":\"https:\\\/\\\/www.baltvilla.lv\\\/en\\\/veikals\\\/ipasie-piedavajumi\\\/baltezera-perle\\\/\",\"url\":\"https:\\\/\\\/www.baltvilla.lv\\\/en\\\/veikals\\\/ipasie-piedavajumi\\\/baltezera-perle\\\/\",\"name\":\"Baltezera p\u0113rle | \u012apa\u0161ie pied\u0101v\u0101jumi | Baltvilla\",\"isPartOf\":{\"@id\":\"https:\\\/\\\/www.baltvilla.lv\\\/en\\\/#website\"},\"primaryImageOfPage\":{\"@id\":\"https:\\\/\\\/www.baltvilla.lv\\\/en\\\/veikals\\\/ipasie-piedavajumi\\\/baltezera-perle\\\/#primaryimage\"},\"image\":{\"@id\":\"https:\\\/\\\/www.baltvilla.lv\\\/en\\\/veikals\\\/ipasie-piedavajumi\\\/baltezera-perle\\\/#primaryimage\"},\"thumbnailUrl\":\"https:\\\/\\\/www.baltvilla.lv\\\/wp-content\\\/uploads\\\/2021\\\/08\\\/Bv-SPA-178.jpg\",\"datePublished\":\"2021-08-31T07:31:42+00:00\",\"dateModified\":\"2025-11-14T12:26:11+00:00\",\"description\":\"\u012apa\u0161aj\u0101 pied\u0101v\u0101jum\u0101 ir iek\u013cauta nak\u0161\u0146o\u0161ana div\u0101m person\u0101m paaugstin\u0101tas kategorijas numur\u0101, vakari\u0146as, mas\u0101\u017ea, brokastis\u2026\",\"breadcrumb\":{\"@id\":\"https:\\\/\\\/www.baltvilla.lv\\\/en\\\/veikals\\\/ipasie-piedavajumi\\\/baltezera-perle\\\/#breadcrumb\"},\"inLanguage\":\"en-US\",\"potentialAction\":[{\"@type\":\"ReadAction\",\"target\":[\"https:\\\/\\\/www.baltvilla.lv\\\/en\\\/veikals\\\/ipasie-piedavajumi\\\/baltezera-perle\\\/\"]}]},{\"@type\":\"ImageObject\",\"inLanguage\":\"en-US\",\"@id\":\"https:\\\/\\\/www.baltvilla.lv\\\/en\\\/veikals\\\/ipasie-piedavajumi\\\/baltezera-perle\\\/#primaryimage\",\"url\":\"https:\\\/\\\/www.baltvilla.lv\\\/wp-content\\\/uploads\\\/2021\\\/08\\\/Bv-SPA-178.jpg\",\"contentUrl\":\"https:\\\/\\\/www.baltvilla.lv\\\/wp-content\\\/uploads\\\/2021\\\/08\\\/Bv-SPA-178.jpg\",\"width\":1800,\"height\":1200},{\"@type\":\"BreadcrumbList\",\"@id\":\"https:\\\/\\\/www.baltvilla.lv\\\/en\\\/veikals\\\/ipasie-piedavajumi\\\/baltezera-perle\\\/#breadcrumb\",\"itemListElement\":[{\"@type\":\"ListItem\",\"position\":1,\"name\":\"Home\",\"item\":\"https:\\\/\\\/www.baltvilla.lv\\\/en\\\/\"},{\"@type\":\"ListItem\",\"position\":2,\"name\":\"Shop\",\"item\":\"https:\\\/\\\/www.baltvilla.lv\\\/shop-2\\\/?lang=en\"},{\"@type\":\"ListItem\",\"position\":3,\"name\":\"Baltezera p\u0113rle\"}]},{\"@type\":\"WebSite\",\"@id\":\"https:\\\/\\\/www.baltvilla.lv\\\/en\\\/#website\",\"url\":\"https:\\\/\\\/www.baltvilla.lv\\\/en\\\/\",\"name\":\"Baltvilla\",\"description\":\"\",\"publisher\":{\"@id\":\"https:\\\/\\\/www.baltvilla.lv\\\/en\\\/#organization\"},\"potentialAction\":[{\"@type\":\"SearchAction\",\"target\":{\"@type\":\"EntryPoint\",\"urlTemplate\":\"https:\\\/\\\/www.baltvilla.lv\\\/en\\\/?s={search_term_string}\"},\"query-input\":{\"@type\":\"PropertyValueSpecification\",\"valueRequired\":true,\"valueName\":\"search_term_string\"}}],\"inLanguage\":\"en-US\"},{\"@type\":\"Organization\",\"@id\":\"https:\\\/\\\/www.baltvilla.lv\\\/en\\\/#organization\",\"name\":\"Hotel \\\"Baltvilla\\\"\",\"url\":\"https:\\\/\\\/www.baltvilla.lv\\\/en\\\/\",\"logo\":{\"@type\":\"ImageObject\",\"inLanguage\":\"en-US\",\"@id\":\"https:\\\/\\\/www.baltvilla.lv\\\/en\\\/#\\\/schema\\\/logo\\\/image\\\/\",\"url\":\"https:\\\/\\\/www.baltvilla.lv\\\/wp-content\\\/uploads\\\/2021\\\/04\\\/baltvilla-logo.png\",\"contentUrl\":\"https:\\\/\\\/www.baltvilla.lv\\\/wp-content\\\/uploads\\\/2021\\\/04\\\/baltvilla-logo.png\",\"width\":207,\"height\":42,\"caption\":\"Hotel \\\"Baltvilla\\\"\"},\"image\":{\"@id\":\"https:\\\/\\\/www.baltvilla.lv\\\/en\\\/#\\\/schema\\\/logo\\\/image\\\/\"}}]}<\/script>\n<!-- \/ Yoast SEO plugin. -->","yoast_head_json":{"title":"Baltezera p\u0113rle | \u012apa\u0161ie pied\u0101v\u0101jumi | Baltvilla","description":"\u012apa\u0161aj\u0101 pied\u0101v\u0101jum\u0101 ir iek\u013cauta nak\u0161\u0146o\u0161ana div\u0101m person\u0101m paaugstin\u0101tas kategorijas numur\u0101, vakari\u0146as, mas\u0101\u017ea, brokastis\u2026","robots":{"index":"index","follow":"follow","max-snippet":"max-snippet:-1","max-image-preview":"max-image-preview:large","max-video-preview":"max-video-preview:-1"},"canonical":"https:\/\/www.baltvilla.lv\/en\/veikals\/ipasie-piedavajumi\/baltezera-perle\/","og_locale":"en_US","og_type":"article","og_title":"Baltezera p\u0113rle | \u012apa\u0161ie pied\u0101v\u0101jumi | Baltvilla","og_description":"\u012apa\u0161aj\u0101 pied\u0101v\u0101jum\u0101 ir iek\u013cauta nak\u0161\u0146o\u0161ana div\u0101m person\u0101m paaugstin\u0101tas kategorijas numur\u0101, vakari\u0146as, mas\u0101\u017ea, brokastis\u2026","og_url":"https:\/\/www.baltvilla.lv\/en\/veikals\/ipasie-piedavajumi\/baltezera-perle\/","og_site_name":"Baltvilla","article_modified_time":"2025-11-14T12:26:11+00:00","og_image":[{"width":1800,"height":1200,"url":"https:\/\/www.baltvilla.lv\/wp-content\/uploads\/2021\/08\/Bv-SPA-178.jpg","type":"image\/jpeg"}],"twitter_card":"summary_large_image","twitter_misc":{"Est. reading time":"1 minute"},"schema":{"@context":"https:\/\/schema.org","@graph":[{"@type":"WebPage","@id":"https:\/\/www.baltvilla.lv\/en\/veikals\/ipasie-piedavajumi\/baltezera-perle\/","url":"https:\/\/www.baltvilla.lv\/en\/veikals\/ipasie-piedavajumi\/baltezera-perle\/","name":"Baltezera p\u0113rle | \u012apa\u0161ie pied\u0101v\u0101jumi | Baltvilla","isPartOf":{"@id":"https:\/\/www.baltvilla.lv\/en\/#website"},"primaryImageOfPage":{"@id":"https:\/\/www.baltvilla.lv\/en\/veikals\/ipasie-piedavajumi\/baltezera-perle\/#primaryimage"},"image":{"@id":"https:\/\/www.baltvilla.lv\/en\/veikals\/ipasie-piedavajumi\/baltezera-perle\/#primaryimage"},"thumbnailUrl":"https:\/\/www.baltvilla.lv\/wp-content\/uploads\/2021\/08\/Bv-SPA-178.jpg","datePublished":"2021-08-31T07:31:42+00:00","dateModified":"2025-11-14T12:26:11+00:00","description":"\u012apa\u0161aj\u0101 pied\u0101v\u0101jum\u0101 ir iek\u013cauta nak\u0161\u0146o\u0161ana div\u0101m person\u0101m paaugstin\u0101tas kategorijas numur\u0101, vakari\u0146as, mas\u0101\u017ea, brokastis\u2026","breadcrumb":{"@id":"https:\/\/www.baltvilla.lv\/en\/veikals\/ipasie-piedavajumi\/baltezera-perle\/#breadcrumb"},"inLanguage":"en-US","potentialAction":[{"@type":"ReadAction","target":["https:\/\/www.baltvilla.lv\/en\/veikals\/ipasie-piedavajumi\/baltezera-perle\/"]}]},{"@type":"ImageObject","inLanguage":"en-US","@id":"https:\/\/www.baltvilla.lv\/en\/veikals\/ipasie-piedavajumi\/baltezera-perle\/#primaryimage","url":"https:\/\/www.baltvilla.lv\/wp-content\/uploads\/2021\/08\/Bv-SPA-178.jpg","contentUrl":"https:\/\/www.baltvilla.lv\/wp-content\/uploads\/2021\/08\/Bv-SPA-178.jpg","width":1800,"height":1200},{"@type":"BreadcrumbList","@id":"https:\/\/www.baltvilla.lv\/en\/veikals\/ipasie-piedavajumi\/baltezera-perle\/#breadcrumb","itemListElement":[{"@type":"ListItem","position":1,"name":"Home","item":"https:\/\/www.baltvilla.lv\/en\/"},{"@type":"ListItem","position":2,"name":"Shop","item":"https:\/\/www.baltvilla.lv\/shop-2\/?lang=en"},{"@type":"ListItem","position":3,"name":"Baltezera p\u0113rle"}]},{"@type":"WebSite","@id":"https:\/\/www.baltvilla.lv\/en\/#website","url":"https:\/\/www.baltvilla.lv\/en\/","name":"Baltvilla","description":"","publisher":{"@id":"https:\/\/www.baltvilla.lv\/en\/#organization"},"potentialAction":[{"@type":"SearchAction","target":{"@type":"EntryPoint","urlTemplate":"https:\/\/www.baltvilla.lv\/en\/?s={search_term_string}"},"query-input":{"@type":"PropertyValueSpecification","valueRequired":true,"valueName":"search_term_string"}}],"inLanguage":"en-US"},{"@type":"Organization","@id":"https:\/\/www.baltvilla.lv\/en\/#organization","name":"Hotel \"Baltvilla\"","url":"https:\/\/www.baltvilla.lv\/en\/","logo":{"@type":"ImageObject","inLanguage":"en-US","@id":"https:\/\/www.baltvilla.lv\/en\/#\/schema\/logo\/image\/","url":"https:\/\/www.baltvilla.lv\/wp-content\/uploads\/2021\/04\/baltvilla-logo.png","contentUrl":"https:\/\/www.baltvilla.lv\/wp-content\/uploads\/2021\/04\/baltvilla-logo.png","width":207,"height":42,"caption":"Hotel \"Baltvilla\""},"image":{"@id":"https:\/\/www.baltvilla.lv\/en\/#\/schema\/logo\/image\/"}}]}},"_links":{"self":[{"href":"https:\/\/www.baltvilla.lv\/en\/wp-json\/wp\/v2\/product\/6193","targetHints":{"allow":["GET"]}}],"collection":[{"href":"https:\/\/www.baltvilla.lv\/en\/wp-json\/wp\/v2\/product"}],"about":[{"href":"https:\/\/www.baltvilla.lv\/en\/wp-json\/wp\/v2\/types\/product"}],"replies":[{"embeddable":true,"href":"https:\/\/www.baltvilla.lv\/en\/wp-json\/wp\/v2\/comments?post=6193"}],"wp:featuredmedia":[{"embeddable":true,"href":"https:\/\/www.baltvilla.lv\/en\/wp-json\/wp\/v2\/media\/23948"}],"wp:attachment":[{"href":"https:\/\/www.baltvilla.lv\/en\/wp-json\/wp\/v2\/media?parent=6193"}],"wp:term":[{"taxonomy":"product_brand","embeddable":true,"href":"https:\/\/www.baltvilla.lv\/en\/wp-json\/wp\/v2\/product_brand?post=6193"},{"taxonomy":"product_cat","embeddable":true,"href":"https:\/\/www.baltvilla.lv\/en\/wp-json\/wp\/v2\/product_cat?post=6193"},{"taxonomy":"product_tag","embeddable":true,"href":"https:\/\/www.baltvilla.lv\/en\/wp-json\/wp\/v2\/product_tag?post=6193"}],"curies":[{"name":"wp","href":"https:\/\/api.w.org\/{rel}","templated":true}]}}