{"id":5137,"date":"2021-07-02T11:55:19","date_gmt":"2021-07-02T08:55:19","guid":{"rendered":"https:\/\/www.baltvilla.lv\/?post_type=product&#038;p=5137"},"modified":"2025-12-11T10:00:00","modified_gmt":"2025-12-11T08:00:00","slug":"uzkodas-mazajam-svinibam-2","status":"publish","type":"product","link":"https:\/\/www.baltvilla.lv\/en\/veikals\/restorans\/uzkodas\/uzkodas-mazajam-svinibam-2\/","title":{"rendered":"Uzkodas mazaj\u0101m svin\u012bb\u0101m 2"},"content":{"rendered":"<h3>Uzkodu pied\u0101v\u0101jum\u0101 ietilpst<\/h3>\n<ul>\n<li>Buratas siers ar tom\u0101tiem, v\u012btin\u0101tu ga\u013cu, pesto m\u0113rci, za\u013cajiem sal\u0101tiem un kim\u010di s\u0113kl\u0101m<\/li>\n<li>Tun\u010da tataki ar apels\u012bnu filej\u0101m, fenheli un za\u013co lapu sal\u0101tiem<\/li>\n<li>J\u016bras \u0137emm\u012b\u0161u muss ar za\u013co tom\u0101tu &#8211; Yuzu \u010datnijs ar lidojo\u0161\u0101s zivs ikriem<\/li>\n<li>Viegli marin\u0113ta un svilin\u0101ta forele ar s\u012bpolu kr\u0113mu un svaigu \u0101bolu str\u0113mel\u0113m<\/li>\n<li>Brie\u017ea ga\u013cas tartars ar olu dzeltenuma g\u0113lu, marin\u0113tiem patisoniem un kartupe\u013cu \u010dipsiem<\/li>\n<li>D\u016bmots liellopa <em>carpaccio<\/em> ar rukolu un baraviku\u2013trife\u013cu aioli<\/li>\n<\/ul>\n","protected":false},"excerpt":{"rendered":"<p>Garda daudzveid\u012bgu uzkodu izlase, kas pal\u012bdz\u0113s remd\u0113t J\u016bsu svin\u012bbu viesu izsalkumu. M\u016bsu \u0161efpav\u0101rs un vi\u0146a komanda ir sar\u016bp\u0113ju\u0161i izsmalcin\u0101tas uzkodas, kas \u013caus ikvienam viesim atkl\u0101t jaunus gar\u0161u un arom\u0101tu salikumus un lieliski sader\u0113s gan ar v\u012bniem, gan aperit\u012bviem, gan jebkuru citu dz\u0113rienu.<\/p>\n<p><strong>Minim\u0101lais pas\u016bt\u012bjums &#8211; s\u0101kot no\u00a0 6 person\u0101m!<\/strong><\/p>\n","protected":false},"featured_media":21789,"comment_status":"open","ping_status":"closed","template":"","meta":{"_acf_changed":false},"product_brand":[],"product_cat":[34,35],"product_tag":[],"class_list":{"0":"post-5137","1":"product","2":"type-product","3":"status-publish","4":"has-post-thumbnail","6":"product_cat-restorans","7":"product_cat-uzkodas","9":"first","10":"instock","11":"taxable","12":"shipping-taxable","13":"purchasable","14":"product-type-simple"},"acf":[],"yoast_head":"<!-- This site is optimized with the Yoast SEO plugin v27.4 - https:\/\/yoast.com\/product\/yoast-seo-wordpress\/ -->\n<title>Uzkodas 2 | Svin\u012bbas &quot;Baltvill\u0101&quot; | Restor\u0101ns &quot;Baltvilla&quot;<\/title>\n<meta name=\"description\" content=\"Garda daudzveid\u012bgu uzkodu izlase, kas pal\u012bdz\u0113s remd\u0113t J\u016bsu svin\u012bbu viesu izsalkumu: liellopu ga\u013cas tartars, p\u012bles kr\u016bti\u0146a u.c.\" \/>\n<meta name=\"robots\" content=\"index, follow, max-snippet:-1, max-image-preview:large, max-video-preview:-1\" \/>\n<link rel=\"canonical\" href=\"https:\/\/www.baltvilla.lv\/en\/veikals\/restorans\/uzkodas\/uzkodas-mazajam-svinibam-2\/\" \/>\n<meta property=\"og:locale\" content=\"en_US\" \/>\n<meta property=\"og:type\" content=\"article\" \/>\n<meta property=\"og:title\" content=\"Uzkodas 2 | Svin\u012bbas &quot;Baltvill\u0101&quot; | Restor\u0101ns &quot;Baltvilla&quot;\" \/>\n<meta property=\"og:description\" content=\"Garda daudzveid\u012bgu uzkodu izlase, kas pal\u012bdz\u0113s remd\u0113t J\u016bsu svin\u012bbu viesu izsalkumu: liellopu ga\u013cas tartars, p\u012bles kr\u016bti\u0146a u.c.\" \/>\n<meta property=\"og:url\" content=\"https:\/\/www.baltvilla.lv\/en\/veikals\/restorans\/uzkodas\/uzkodas-mazajam-svinibam-2\/\" \/>\n<meta property=\"og:site_name\" content=\"Baltvilla\" \/>\n<meta property=\"article:modified_time\" content=\"2025-12-11T08:00:00+00:00\" \/>\n<meta property=\"og:image\" content=\"https:\/\/www.baltvilla.lv\/wp-content\/uploads\/2025\/04\/bs-svetki-4.jpg\" \/>\n\t<meta property=\"og:image:width\" content=\"1800\" \/>\n\t<meta property=\"og:image:height\" content=\"1200\" \/>\n\t<meta property=\"og:image:type\" content=\"image\/jpeg\" \/>\n<meta name=\"twitter:card\" content=\"summary_large_image\" \/>\n<meta name=\"twitter:label1\" content=\"Est. reading time\" \/>\n\t<meta name=\"twitter:data1\" content=\"1 minute\" \/>\n<script type=\"application\/ld+json\" class=\"yoast-schema-graph\">{\"@context\":\"https:\\\/\\\/schema.org\",\"@graph\":[{\"@type\":\"WebPage\",\"@id\":\"https:\\\/\\\/www.baltvilla.lv\\\/en\\\/veikals\\\/restorans\\\/uzkodas\\\/uzkodas-mazajam-svinibam-2\\\/\",\"url\":\"https:\\\/\\\/www.baltvilla.lv\\\/en\\\/veikals\\\/restorans\\\/uzkodas\\\/uzkodas-mazajam-svinibam-2\\\/\",\"name\":\"Uzkodas 2 | Svin\u012bbas \\\"Baltvill\u0101\\\" | Restor\u0101ns \\\"Baltvilla\\\"\",\"isPartOf\":{\"@id\":\"https:\\\/\\\/www.baltvilla.lv\\\/en\\\/#website\"},\"primaryImageOfPage\":{\"@id\":\"https:\\\/\\\/www.baltvilla.lv\\\/en\\\/veikals\\\/restorans\\\/uzkodas\\\/uzkodas-mazajam-svinibam-2\\\/#primaryimage\"},\"image\":{\"@id\":\"https:\\\/\\\/www.baltvilla.lv\\\/en\\\/veikals\\\/restorans\\\/uzkodas\\\/uzkodas-mazajam-svinibam-2\\\/#primaryimage\"},\"thumbnailUrl\":\"https:\\\/\\\/www.baltvilla.lv\\\/wp-content\\\/uploads\\\/2025\\\/04\\\/bs-svetki-4.jpg\",\"datePublished\":\"2021-07-02T08:55:19+00:00\",\"dateModified\":\"2025-12-11T08:00:00+00:00\",\"description\":\"Garda daudzveid\u012bgu uzkodu izlase, kas pal\u012bdz\u0113s remd\u0113t J\u016bsu svin\u012bbu viesu izsalkumu: liellopu ga\u013cas tartars, p\u012bles kr\u016bti\u0146a u.c.\",\"breadcrumb\":{\"@id\":\"https:\\\/\\\/www.baltvilla.lv\\\/en\\\/veikals\\\/restorans\\\/uzkodas\\\/uzkodas-mazajam-svinibam-2\\\/#breadcrumb\"},\"inLanguage\":\"en-US\",\"potentialAction\":[{\"@type\":\"ReadAction\",\"target\":[\"https:\\\/\\\/www.baltvilla.lv\\\/en\\\/veikals\\\/restorans\\\/uzkodas\\\/uzkodas-mazajam-svinibam-2\\\/\"]}]},{\"@type\":\"ImageObject\",\"inLanguage\":\"en-US\",\"@id\":\"https:\\\/\\\/www.baltvilla.lv\\\/en\\\/veikals\\\/restorans\\\/uzkodas\\\/uzkodas-mazajam-svinibam-2\\\/#primaryimage\",\"url\":\"https:\\\/\\\/www.baltvilla.lv\\\/wp-content\\\/uploads\\\/2025\\\/04\\\/bs-svetki-4.jpg\",\"contentUrl\":\"https:\\\/\\\/www.baltvilla.lv\\\/wp-content\\\/uploads\\\/2025\\\/04\\\/bs-svetki-4.jpg\",\"width\":1800,\"height\":1200},{\"@type\":\"BreadcrumbList\",\"@id\":\"https:\\\/\\\/www.baltvilla.lv\\\/en\\\/veikals\\\/restorans\\\/uzkodas\\\/uzkodas-mazajam-svinibam-2\\\/#breadcrumb\",\"itemListElement\":[{\"@type\":\"ListItem\",\"position\":1,\"name\":\"Home\",\"item\":\"https:\\\/\\\/www.baltvilla.lv\\\/en\\\/\"},{\"@type\":\"ListItem\",\"position\":2,\"name\":\"Shop\",\"item\":\"https:\\\/\\\/www.baltvilla.lv\\\/shop-2\\\/?lang=en\"},{\"@type\":\"ListItem\",\"position\":3,\"name\":\"Uzkodas mazaj\u0101m svin\u012bb\u0101m 2\"}]},{\"@type\":\"WebSite\",\"@id\":\"https:\\\/\\\/www.baltvilla.lv\\\/en\\\/#website\",\"url\":\"https:\\\/\\\/www.baltvilla.lv\\\/en\\\/\",\"name\":\"Baltvilla\",\"description\":\"\",\"publisher\":{\"@id\":\"https:\\\/\\\/www.baltvilla.lv\\\/en\\\/#organization\"},\"potentialAction\":[{\"@type\":\"SearchAction\",\"target\":{\"@type\":\"EntryPoint\",\"urlTemplate\":\"https:\\\/\\\/www.baltvilla.lv\\\/en\\\/?s={search_term_string}\"},\"query-input\":{\"@type\":\"PropertyValueSpecification\",\"valueRequired\":true,\"valueName\":\"search_term_string\"}}],\"inLanguage\":\"en-US\"},{\"@type\":\"Organization\",\"@id\":\"https:\\\/\\\/www.baltvilla.lv\\\/en\\\/#organization\",\"name\":\"Hotel \\\"Baltvilla\\\"\",\"url\":\"https:\\\/\\\/www.baltvilla.lv\\\/en\\\/\",\"logo\":{\"@type\":\"ImageObject\",\"inLanguage\":\"en-US\",\"@id\":\"https:\\\/\\\/www.baltvilla.lv\\\/en\\\/#\\\/schema\\\/logo\\\/image\\\/\",\"url\":\"https:\\\/\\\/www.baltvilla.lv\\\/wp-content\\\/uploads\\\/2021\\\/04\\\/baltvilla-logo.png\",\"contentUrl\":\"https:\\\/\\\/www.baltvilla.lv\\\/wp-content\\\/uploads\\\/2021\\\/04\\\/baltvilla-logo.png\",\"width\":207,\"height\":42,\"caption\":\"Hotel \\\"Baltvilla\\\"\"},\"image\":{\"@id\":\"https:\\\/\\\/www.baltvilla.lv\\\/en\\\/#\\\/schema\\\/logo\\\/image\\\/\"}}]}<\/script>\n<!-- \/ Yoast SEO plugin. -->","yoast_head_json":{"title":"Uzkodas 2 | Svin\u012bbas \"Baltvill\u0101\" | Restor\u0101ns \"Baltvilla\"","description":"Garda daudzveid\u012bgu uzkodu izlase, kas pal\u012bdz\u0113s remd\u0113t J\u016bsu svin\u012bbu viesu izsalkumu: liellopu ga\u013cas tartars, p\u012bles kr\u016bti\u0146a u.c.","robots":{"index":"index","follow":"follow","max-snippet":"max-snippet:-1","max-image-preview":"max-image-preview:large","max-video-preview":"max-video-preview:-1"},"canonical":"https:\/\/www.baltvilla.lv\/en\/veikals\/restorans\/uzkodas\/uzkodas-mazajam-svinibam-2\/","og_locale":"en_US","og_type":"article","og_title":"Uzkodas 2 | Svin\u012bbas \"Baltvill\u0101\" | Restor\u0101ns \"Baltvilla\"","og_description":"Garda daudzveid\u012bgu uzkodu izlase, kas pal\u012bdz\u0113s remd\u0113t J\u016bsu svin\u012bbu viesu izsalkumu: liellopu ga\u013cas tartars, p\u012bles kr\u016bti\u0146a u.c.","og_url":"https:\/\/www.baltvilla.lv\/en\/veikals\/restorans\/uzkodas\/uzkodas-mazajam-svinibam-2\/","og_site_name":"Baltvilla","article_modified_time":"2025-12-11T08:00:00+00:00","og_image":[{"width":1800,"height":1200,"url":"https:\/\/www.baltvilla.lv\/wp-content\/uploads\/2025\/04\/bs-svetki-4.jpg","type":"image\/jpeg"}],"twitter_card":"summary_large_image","twitter_misc":{"Est. reading time":"1 minute"},"schema":{"@context":"https:\/\/schema.org","@graph":[{"@type":"WebPage","@id":"https:\/\/www.baltvilla.lv\/en\/veikals\/restorans\/uzkodas\/uzkodas-mazajam-svinibam-2\/","url":"https:\/\/www.baltvilla.lv\/en\/veikals\/restorans\/uzkodas\/uzkodas-mazajam-svinibam-2\/","name":"Uzkodas 2 | Svin\u012bbas \"Baltvill\u0101\" | Restor\u0101ns \"Baltvilla\"","isPartOf":{"@id":"https:\/\/www.baltvilla.lv\/en\/#website"},"primaryImageOfPage":{"@id":"https:\/\/www.baltvilla.lv\/en\/veikals\/restorans\/uzkodas\/uzkodas-mazajam-svinibam-2\/#primaryimage"},"image":{"@id":"https:\/\/www.baltvilla.lv\/en\/veikals\/restorans\/uzkodas\/uzkodas-mazajam-svinibam-2\/#primaryimage"},"thumbnailUrl":"https:\/\/www.baltvilla.lv\/wp-content\/uploads\/2025\/04\/bs-svetki-4.jpg","datePublished":"2021-07-02T08:55:19+00:00","dateModified":"2025-12-11T08:00:00+00:00","description":"Garda daudzveid\u012bgu uzkodu izlase, kas pal\u012bdz\u0113s remd\u0113t J\u016bsu svin\u012bbu viesu izsalkumu: liellopu ga\u013cas tartars, p\u012bles kr\u016bti\u0146a u.c.","breadcrumb":{"@id":"https:\/\/www.baltvilla.lv\/en\/veikals\/restorans\/uzkodas\/uzkodas-mazajam-svinibam-2\/#breadcrumb"},"inLanguage":"en-US","potentialAction":[{"@type":"ReadAction","target":["https:\/\/www.baltvilla.lv\/en\/veikals\/restorans\/uzkodas\/uzkodas-mazajam-svinibam-2\/"]}]},{"@type":"ImageObject","inLanguage":"en-US","@id":"https:\/\/www.baltvilla.lv\/en\/veikals\/restorans\/uzkodas\/uzkodas-mazajam-svinibam-2\/#primaryimage","url":"https:\/\/www.baltvilla.lv\/wp-content\/uploads\/2025\/04\/bs-svetki-4.jpg","contentUrl":"https:\/\/www.baltvilla.lv\/wp-content\/uploads\/2025\/04\/bs-svetki-4.jpg","width":1800,"height":1200},{"@type":"BreadcrumbList","@id":"https:\/\/www.baltvilla.lv\/en\/veikals\/restorans\/uzkodas\/uzkodas-mazajam-svinibam-2\/#breadcrumb","itemListElement":[{"@type":"ListItem","position":1,"name":"Home","item":"https:\/\/www.baltvilla.lv\/en\/"},{"@type":"ListItem","position":2,"name":"Shop","item":"https:\/\/www.baltvilla.lv\/shop-2\/?lang=en"},{"@type":"ListItem","position":3,"name":"Uzkodas mazaj\u0101m svin\u012bb\u0101m 2"}]},{"@type":"WebSite","@id":"https:\/\/www.baltvilla.lv\/en\/#website","url":"https:\/\/www.baltvilla.lv\/en\/","name":"Baltvilla","description":"","publisher":{"@id":"https:\/\/www.baltvilla.lv\/en\/#organization"},"potentialAction":[{"@type":"SearchAction","target":{"@type":"EntryPoint","urlTemplate":"https:\/\/www.baltvilla.lv\/en\/?s={search_term_string}"},"query-input":{"@type":"PropertyValueSpecification","valueRequired":true,"valueName":"search_term_string"}}],"inLanguage":"en-US"},{"@type":"Organization","@id":"https:\/\/www.baltvilla.lv\/en\/#organization","name":"Hotel \"Baltvilla\"","url":"https:\/\/www.baltvilla.lv\/en\/","logo":{"@type":"ImageObject","inLanguage":"en-US","@id":"https:\/\/www.baltvilla.lv\/en\/#\/schema\/logo\/image\/","url":"https:\/\/www.baltvilla.lv\/wp-content\/uploads\/2021\/04\/baltvilla-logo.png","contentUrl":"https:\/\/www.baltvilla.lv\/wp-content\/uploads\/2021\/04\/baltvilla-logo.png","width":207,"height":42,"caption":"Hotel \"Baltvilla\""},"image":{"@id":"https:\/\/www.baltvilla.lv\/en\/#\/schema\/logo\/image\/"}}]}},"_links":{"self":[{"href":"https:\/\/www.baltvilla.lv\/en\/wp-json\/wp\/v2\/product\/5137","targetHints":{"allow":["GET"]}}],"collection":[{"href":"https:\/\/www.baltvilla.lv\/en\/wp-json\/wp\/v2\/product"}],"about":[{"href":"https:\/\/www.baltvilla.lv\/en\/wp-json\/wp\/v2\/types\/product"}],"replies":[{"embeddable":true,"href":"https:\/\/www.baltvilla.lv\/en\/wp-json\/wp\/v2\/comments?post=5137"}],"wp:featuredmedia":[{"embeddable":true,"href":"https:\/\/www.baltvilla.lv\/en\/wp-json\/wp\/v2\/media\/21789"}],"wp:attachment":[{"href":"https:\/\/www.baltvilla.lv\/en\/wp-json\/wp\/v2\/media?parent=5137"}],"wp:term":[{"taxonomy":"product_brand","embeddable":true,"href":"https:\/\/www.baltvilla.lv\/en\/wp-json\/wp\/v2\/product_brand?post=5137"},{"taxonomy":"product_cat","embeddable":true,"href":"https:\/\/www.baltvilla.lv\/en\/wp-json\/wp\/v2\/product_cat?post=5137"},{"taxonomy":"product_tag","embeddable":true,"href":"https:\/\/www.baltvilla.lv\/en\/wp-json\/wp\/v2\/product_tag?post=5137"}],"curies":[{"name":"wp","href":"https:\/\/api.w.org\/{rel}","templated":true}]}}