{"id":25191,"date":"2026-05-05T13:11:39","date_gmt":"2026-05-05T10:11:39","guid":{"rendered":"https:\/\/www.baltvilla.lv\/?post_type=product&#038;p=25191"},"modified":"2026-05-05T13:21:37","modified_gmt":"2026-05-05T10:21:37","slug":"anti-age-spa-sejas-procedura","status":"publish","type":"product","link":"https:\/\/www.baltvilla.lv\/en\/veikals\/spa-interneta-veikals-baltvilla\/spa-proceduras-sejai\/anti-age-spa-sejas-procedura\/","title":{"rendered":"Anti-age SPA sejas proced\u016bra"},"content":{"rendered":"<p>Intens\u012bva pretnoveco\u0161an\u0101s proced\u016bra, kas apvieno R.D.R. sejas liftinga mas\u0101\u017eu ar jaun\u0101k\u0101s paaudzes 75.25 \u0161\u016bnu kop\u0161anu. Proced\u016bras laik\u0101 dzi\u013ca, struktur\u0113ta mas\u0101\u017ea stimul\u0113 sejas musku\u013cus un saistaudus, veicina mikrocirkul\u0101ciju, uzlabo tonusu un atjauno \u0101das elast\u012bbu.<\/p>\n","protected":false},"excerpt":{"rendered":"<p>Proced\u016bra pal\u012bdz defin\u0113t sejas ov\u0101lu, mazin\u0101t saspringumu un nodro\u0161ina redzamu liftinga efektu.<\/p>\n<p>Spa proced\u016bra ilgst 50 min.<\/p>\n<p>&nbsp;<\/p>\n","protected":false},"featured_media":25180,"comment_status":"closed","ping_status":"closed","template":"","meta":{"_acf_changed":false},"product_brand":[],"product_cat":[46,125],"product_tag":[],"class_list":{"0":"post-25191","1":"product","2":"type-product","3":"status-publish","4":"has-post-thumbnail","6":"product_cat-spa-interneta-veikals-baltvilla","7":"product_cat-spa-proceduras-sejai","9":"first","10":"instock","11":"virtual","12":"taxable","13":"purchasable","14":"product-type-simple"},"acf":[],"yoast_head":"<!-- This site is optimized with the Yoast SEO plugin v27.4 - https:\/\/yoast.com\/product\/yoast-seo-wordpress\/ -->\n<title>Anti-age SPA sejas proced\u016bra | Baltvilla spa | Baltvilla<\/title>\n<meta name=\"description\" content=\"Iedarb\u012bga liftinga proced\u016bra, kas apvieno dzi\u013cu relaks\u0101ciju ar redzamu liftinga efektu. Nostiprina \u0101du, uzlabo sejas ov\u0101lu un mirdzumu.\" \/>\n<meta name=\"robots\" content=\"index, follow, max-snippet:-1, max-image-preview:large, max-video-preview:-1\" \/>\n<link rel=\"canonical\" href=\"https:\/\/www.baltvilla.lv\/en\/veikals\/spa-interneta-veikals-baltvilla\/spa-proceduras-sejai\/anti-age-spa-sejas-procedura\/\" \/>\n<meta property=\"og:locale\" content=\"en_US\" \/>\n<meta property=\"og:type\" content=\"article\" \/>\n<meta property=\"og:title\" content=\"Anti-age SPA sejas proced\u016bra | Baltvilla spa | Baltvilla\" \/>\n<meta property=\"og:description\" content=\"Iedarb\u012bga liftinga proced\u016bra, kas apvieno dzi\u013cu relaks\u0101ciju ar redzamu liftinga efektu. Nostiprina \u0101du, uzlabo sejas ov\u0101lu un mirdzumu.\" \/>\n<meta property=\"og:url\" content=\"https:\/\/www.baltvilla.lv\/en\/veikals\/spa-interneta-veikals-baltvilla\/spa-proceduras-sejai\/anti-age-spa-sejas-procedura\/\" \/>\n<meta property=\"og:site_name\" content=\"Baltvilla\" \/>\n<meta property=\"article:modified_time\" content=\"2026-05-05T10:21:37+00:00\" \/>\n<meta property=\"og:image\" content=\"https:\/\/www.baltvilla.lv\/wp-content\/uploads\/2026\/05\/Face8.png\" \/>\n\t<meta property=\"og:image:width\" content=\"681\" \/>\n\t<meta property=\"og:image:height\" content=\"372\" \/>\n\t<meta property=\"og:image:type\" content=\"image\/png\" \/>\n<meta name=\"twitter:card\" content=\"summary_large_image\" \/>\n<meta name=\"twitter:label1\" content=\"Est. reading time\" \/>\n\t<meta name=\"twitter:data1\" content=\"1 minute\" \/>\n<script type=\"application\/ld+json\" class=\"yoast-schema-graph\">{\"@context\":\"https:\\\/\\\/schema.org\",\"@graph\":[{\"@type\":\"WebPage\",\"@id\":\"https:\\\/\\\/www.baltvilla.lv\\\/en\\\/veikals\\\/spa-interneta-veikals-baltvilla\\\/spa-proceduras-sejai\\\/anti-age-spa-sejas-procedura\\\/\",\"url\":\"https:\\\/\\\/www.baltvilla.lv\\\/en\\\/veikals\\\/spa-interneta-veikals-baltvilla\\\/spa-proceduras-sejai\\\/anti-age-spa-sejas-procedura\\\/\",\"name\":\"Anti-age SPA sejas proced\u016bra | Baltvilla spa | Baltvilla\",\"isPartOf\":{\"@id\":\"https:\\\/\\\/www.baltvilla.lv\\\/en\\\/#website\"},\"primaryImageOfPage\":{\"@id\":\"https:\\\/\\\/www.baltvilla.lv\\\/en\\\/veikals\\\/spa-interneta-veikals-baltvilla\\\/spa-proceduras-sejai\\\/anti-age-spa-sejas-procedura\\\/#primaryimage\"},\"image\":{\"@id\":\"https:\\\/\\\/www.baltvilla.lv\\\/en\\\/veikals\\\/spa-interneta-veikals-baltvilla\\\/spa-proceduras-sejai\\\/anti-age-spa-sejas-procedura\\\/#primaryimage\"},\"thumbnailUrl\":\"https:\\\/\\\/www.baltvilla.lv\\\/wp-content\\\/uploads\\\/2026\\\/05\\\/Face8.png\",\"datePublished\":\"2026-05-05T10:11:39+00:00\",\"dateModified\":\"2026-05-05T10:21:37+00:00\",\"description\":\"Iedarb\u012bga liftinga proced\u016bra, kas apvieno dzi\u013cu relaks\u0101ciju ar redzamu liftinga efektu. Nostiprina \u0101du, uzlabo sejas ov\u0101lu un mirdzumu.\",\"breadcrumb\":{\"@id\":\"https:\\\/\\\/www.baltvilla.lv\\\/en\\\/veikals\\\/spa-interneta-veikals-baltvilla\\\/spa-proceduras-sejai\\\/anti-age-spa-sejas-procedura\\\/#breadcrumb\"},\"inLanguage\":\"en-US\",\"potentialAction\":[{\"@type\":\"ReadAction\",\"target\":[\"https:\\\/\\\/www.baltvilla.lv\\\/en\\\/veikals\\\/spa-interneta-veikals-baltvilla\\\/spa-proceduras-sejai\\\/anti-age-spa-sejas-procedura\\\/\"]}]},{\"@type\":\"ImageObject\",\"inLanguage\":\"en-US\",\"@id\":\"https:\\\/\\\/www.baltvilla.lv\\\/en\\\/veikals\\\/spa-interneta-veikals-baltvilla\\\/spa-proceduras-sejai\\\/anti-age-spa-sejas-procedura\\\/#primaryimage\",\"url\":\"https:\\\/\\\/www.baltvilla.lv\\\/wp-content\\\/uploads\\\/2026\\\/05\\\/Face8.png\",\"contentUrl\":\"https:\\\/\\\/www.baltvilla.lv\\\/wp-content\\\/uploads\\\/2026\\\/05\\\/Face8.png\",\"width\":681,\"height\":372},{\"@type\":\"BreadcrumbList\",\"@id\":\"https:\\\/\\\/www.baltvilla.lv\\\/en\\\/veikals\\\/spa-interneta-veikals-baltvilla\\\/spa-proceduras-sejai\\\/anti-age-spa-sejas-procedura\\\/#breadcrumb\",\"itemListElement\":[{\"@type\":\"ListItem\",\"position\":1,\"name\":\"Home\",\"item\":\"https:\\\/\\\/www.baltvilla.lv\\\/en\\\/\"},{\"@type\":\"ListItem\",\"position\":2,\"name\":\"Shop\",\"item\":\"https:\\\/\\\/www.baltvilla.lv\\\/shop-2\\\/?lang=en\"},{\"@type\":\"ListItem\",\"position\":3,\"name\":\"Anti-age SPA sejas proced\u016bra\"}]},{\"@type\":\"WebSite\",\"@id\":\"https:\\\/\\\/www.baltvilla.lv\\\/en\\\/#website\",\"url\":\"https:\\\/\\\/www.baltvilla.lv\\\/en\\\/\",\"name\":\"Baltvilla\",\"description\":\"\",\"publisher\":{\"@id\":\"https:\\\/\\\/www.baltvilla.lv\\\/en\\\/#organization\"},\"potentialAction\":[{\"@type\":\"SearchAction\",\"target\":{\"@type\":\"EntryPoint\",\"urlTemplate\":\"https:\\\/\\\/www.baltvilla.lv\\\/en\\\/?s={search_term_string}\"},\"query-input\":{\"@type\":\"PropertyValueSpecification\",\"valueRequired\":true,\"valueName\":\"search_term_string\"}}],\"inLanguage\":\"en-US\"},{\"@type\":\"Organization\",\"@id\":\"https:\\\/\\\/www.baltvilla.lv\\\/en\\\/#organization\",\"name\":\"Hotel \\\"Baltvilla\\\"\",\"url\":\"https:\\\/\\\/www.baltvilla.lv\\\/en\\\/\",\"logo\":{\"@type\":\"ImageObject\",\"inLanguage\":\"en-US\",\"@id\":\"https:\\\/\\\/www.baltvilla.lv\\\/en\\\/#\\\/schema\\\/logo\\\/image\\\/\",\"url\":\"https:\\\/\\\/www.baltvilla.lv\\\/wp-content\\\/uploads\\\/2021\\\/04\\\/baltvilla-logo.png\",\"contentUrl\":\"https:\\\/\\\/www.baltvilla.lv\\\/wp-content\\\/uploads\\\/2021\\\/04\\\/baltvilla-logo.png\",\"width\":207,\"height\":42,\"caption\":\"Hotel \\\"Baltvilla\\\"\"},\"image\":{\"@id\":\"https:\\\/\\\/www.baltvilla.lv\\\/en\\\/#\\\/schema\\\/logo\\\/image\\\/\"}}]}<\/script>\n<!-- \/ Yoast SEO plugin. -->","yoast_head_json":{"title":"Anti-age SPA sejas proced\u016bra | Baltvilla spa | Baltvilla","description":"Iedarb\u012bga liftinga proced\u016bra, kas apvieno dzi\u013cu relaks\u0101ciju ar redzamu liftinga efektu. Nostiprina \u0101du, uzlabo sejas ov\u0101lu un mirdzumu.","robots":{"index":"index","follow":"follow","max-snippet":"max-snippet:-1","max-image-preview":"max-image-preview:large","max-video-preview":"max-video-preview:-1"},"canonical":"https:\/\/www.baltvilla.lv\/en\/veikals\/spa-interneta-veikals-baltvilla\/spa-proceduras-sejai\/anti-age-spa-sejas-procedura\/","og_locale":"en_US","og_type":"article","og_title":"Anti-age SPA sejas proced\u016bra | Baltvilla spa | Baltvilla","og_description":"Iedarb\u012bga liftinga proced\u016bra, kas apvieno dzi\u013cu relaks\u0101ciju ar redzamu liftinga efektu. Nostiprina \u0101du, uzlabo sejas ov\u0101lu un mirdzumu.","og_url":"https:\/\/www.baltvilla.lv\/en\/veikals\/spa-interneta-veikals-baltvilla\/spa-proceduras-sejai\/anti-age-spa-sejas-procedura\/","og_site_name":"Baltvilla","article_modified_time":"2026-05-05T10:21:37+00:00","og_image":[{"width":681,"height":372,"url":"https:\/\/www.baltvilla.lv\/wp-content\/uploads\/2026\/05\/Face8.png","type":"image\/png"}],"twitter_card":"summary_large_image","twitter_misc":{"Est. reading time":"1 minute"},"schema":{"@context":"https:\/\/schema.org","@graph":[{"@type":"WebPage","@id":"https:\/\/www.baltvilla.lv\/en\/veikals\/spa-interneta-veikals-baltvilla\/spa-proceduras-sejai\/anti-age-spa-sejas-procedura\/","url":"https:\/\/www.baltvilla.lv\/en\/veikals\/spa-interneta-veikals-baltvilla\/spa-proceduras-sejai\/anti-age-spa-sejas-procedura\/","name":"Anti-age SPA sejas proced\u016bra | Baltvilla spa | Baltvilla","isPartOf":{"@id":"https:\/\/www.baltvilla.lv\/en\/#website"},"primaryImageOfPage":{"@id":"https:\/\/www.baltvilla.lv\/en\/veikals\/spa-interneta-veikals-baltvilla\/spa-proceduras-sejai\/anti-age-spa-sejas-procedura\/#primaryimage"},"image":{"@id":"https:\/\/www.baltvilla.lv\/en\/veikals\/spa-interneta-veikals-baltvilla\/spa-proceduras-sejai\/anti-age-spa-sejas-procedura\/#primaryimage"},"thumbnailUrl":"https:\/\/www.baltvilla.lv\/wp-content\/uploads\/2026\/05\/Face8.png","datePublished":"2026-05-05T10:11:39+00:00","dateModified":"2026-05-05T10:21:37+00:00","description":"Iedarb\u012bga liftinga proced\u016bra, kas apvieno dzi\u013cu relaks\u0101ciju ar redzamu liftinga efektu. Nostiprina \u0101du, uzlabo sejas ov\u0101lu un mirdzumu.","breadcrumb":{"@id":"https:\/\/www.baltvilla.lv\/en\/veikals\/spa-interneta-veikals-baltvilla\/spa-proceduras-sejai\/anti-age-spa-sejas-procedura\/#breadcrumb"},"inLanguage":"en-US","potentialAction":[{"@type":"ReadAction","target":["https:\/\/www.baltvilla.lv\/en\/veikals\/spa-interneta-veikals-baltvilla\/spa-proceduras-sejai\/anti-age-spa-sejas-procedura\/"]}]},{"@type":"ImageObject","inLanguage":"en-US","@id":"https:\/\/www.baltvilla.lv\/en\/veikals\/spa-interneta-veikals-baltvilla\/spa-proceduras-sejai\/anti-age-spa-sejas-procedura\/#primaryimage","url":"https:\/\/www.baltvilla.lv\/wp-content\/uploads\/2026\/05\/Face8.png","contentUrl":"https:\/\/www.baltvilla.lv\/wp-content\/uploads\/2026\/05\/Face8.png","width":681,"height":372},{"@type":"BreadcrumbList","@id":"https:\/\/www.baltvilla.lv\/en\/veikals\/spa-interneta-veikals-baltvilla\/spa-proceduras-sejai\/anti-age-spa-sejas-procedura\/#breadcrumb","itemListElement":[{"@type":"ListItem","position":1,"name":"Home","item":"https:\/\/www.baltvilla.lv\/en\/"},{"@type":"ListItem","position":2,"name":"Shop","item":"https:\/\/www.baltvilla.lv\/shop-2\/?lang=en"},{"@type":"ListItem","position":3,"name":"Anti-age SPA sejas proced\u016bra"}]},{"@type":"WebSite","@id":"https:\/\/www.baltvilla.lv\/en\/#website","url":"https:\/\/www.baltvilla.lv\/en\/","name":"Baltvilla","description":"","publisher":{"@id":"https:\/\/www.baltvilla.lv\/en\/#organization"},"potentialAction":[{"@type":"SearchAction","target":{"@type":"EntryPoint","urlTemplate":"https:\/\/www.baltvilla.lv\/en\/?s={search_term_string}"},"query-input":{"@type":"PropertyValueSpecification","valueRequired":true,"valueName":"search_term_string"}}],"inLanguage":"en-US"},{"@type":"Organization","@id":"https:\/\/www.baltvilla.lv\/en\/#organization","name":"Hotel \"Baltvilla\"","url":"https:\/\/www.baltvilla.lv\/en\/","logo":{"@type":"ImageObject","inLanguage":"en-US","@id":"https:\/\/www.baltvilla.lv\/en\/#\/schema\/logo\/image\/","url":"https:\/\/www.baltvilla.lv\/wp-content\/uploads\/2021\/04\/baltvilla-logo.png","contentUrl":"https:\/\/www.baltvilla.lv\/wp-content\/uploads\/2021\/04\/baltvilla-logo.png","width":207,"height":42,"caption":"Hotel \"Baltvilla\""},"image":{"@id":"https:\/\/www.baltvilla.lv\/en\/#\/schema\/logo\/image\/"}}]}},"_links":{"self":[{"href":"https:\/\/www.baltvilla.lv\/en\/wp-json\/wp\/v2\/product\/25191","targetHints":{"allow":["GET"]}}],"collection":[{"href":"https:\/\/www.baltvilla.lv\/en\/wp-json\/wp\/v2\/product"}],"about":[{"href":"https:\/\/www.baltvilla.lv\/en\/wp-json\/wp\/v2\/types\/product"}],"replies":[{"embeddable":true,"href":"https:\/\/www.baltvilla.lv\/en\/wp-json\/wp\/v2\/comments?post=25191"}],"wp:featuredmedia":[{"embeddable":true,"href":"https:\/\/www.baltvilla.lv\/en\/wp-json\/wp\/v2\/media\/25180"}],"wp:attachment":[{"href":"https:\/\/www.baltvilla.lv\/en\/wp-json\/wp\/v2\/media?parent=25191"}],"wp:term":[{"taxonomy":"product_brand","embeddable":true,"href":"https:\/\/www.baltvilla.lv\/en\/wp-json\/wp\/v2\/product_brand?post=25191"},{"taxonomy":"product_cat","embeddable":true,"href":"https:\/\/www.baltvilla.lv\/en\/wp-json\/wp\/v2\/product_cat?post=25191"},{"taxonomy":"product_tag","embeddable":true,"href":"https:\/\/www.baltvilla.lv\/en\/wp-json\/wp\/v2\/product_tag?post=25191"}],"curies":[{"name":"wp","href":"https:\/\/api.w.org\/{rel}","templated":true}]}}