{"id":25067,"date":"2026-04-20T11:58:21","date_gmt":"2026-04-20T08:58:21","guid":{"rendered":"https:\/\/www.baltvilla.lv\/?post_type=product&#038;p=25067"},"modified":"2026-04-21T13:22:03","modified_gmt":"2026-04-21T10:22:03","slug":"mamindienas-brancs","status":"publish","type":"product","link":"https:\/\/www.baltvilla.lv\/en\/veikals\/restorans\/branci-un-brokastis\/mamindienas-brancs\/","title":{"rendered":"M\u0101mi\u0146dienas bran\u010ds"},"content":{"rendered":"","protected":false},"excerpt":{"rendered":"<p>Baltvilla aicina svin\u0113t M\u0101mi\u0146dienu ar gardu \u0113dienu un m\u012b\u013ciem br\u012b\u017eiem kop\u0101 ar \u0123imeni.\u00a0 Gardi un bag\u0101t\u012bgi brokastu \u0113dieni, pamat\u0113dieni un, protams, sv\u0113tku deserti, cen\u0101 iek\u013cauta t\u0113ja, kafija, \u016bdens un gl\u0101ze Prosecco m\u0101mi\u0146\u0101m.<\/p>\n<h4><strong>Bran\u010ds notiks\u00a0 10. maij\u0101 no plkst. 10.00 l\u012bdz 16.00.<\/strong><\/h4>\n<p><strong>Brokastu cena:<\/strong><\/p>\n<ul>\n<li><strong>pieaugu\u0161ajiem 45 EUR, b\u0113rniem <\/strong><\/li>\n<li><strong>l\u012bdz 5 (ieskaitot) gadu vecumam bez maksas. <\/strong><\/li>\n<li><strong>6\u201312 gadus veciem b\u0113rniem 15 eiro\/pers.*<\/strong><\/li>\n<\/ul>\n<p><strong>Veicot apmaksu, l\u016bgums nor\u0101d\u012bt iera\u0161an\u0101s laiku!<\/strong><\/p>\n<p><em>*Samaksu par b\u0113rniem var\u0113s veikt brokastu laik\u0101. <\/em><em>S\u0101kot no 15 person\u0101m, piem\u0113rojam apkalpo\u0161anas maksu 10%\u00a0<\/em><\/p>\n","protected":false},"featured_media":25051,"comment_status":"open","ping_status":"closed","template":"","meta":{"_acf_changed":false},"product_brand":[],"product_cat":[80,34],"product_tag":[],"class_list":{"0":"post-25067","1":"product","2":"type-product","3":"status-publish","4":"has-post-thumbnail","6":"product_cat-branci-un-brokastis","7":"product_cat-restorans","9":"first","10":"instock","11":"taxable","12":"shipping-taxable","13":"purchasable","14":"product-type-simple"},"acf":[],"yoast_head":"<!-- This site is optimized with the Yoast SEO plugin v27.4 - https:\/\/yoast.com\/product\/yoast-seo-wordpress\/ -->\n<title>M\u0101mi\u0146dienas bran\u010ds | Restor\u0101ns Baltvilla | Baltvilla<\/title>\n<meta name=\"description\" content=\"Baltvilla aicina svin\u0113t M\u0101mi\u0146dienu dienu ar gardu \u0113dienu un m\u012b\u013ciem br\u012b\u017eiem kop\u0101 ar \u0123imeni. T\u0113ja, kafija un uzkodas iek\u013cauti cen\u0101.\" \/>\n<meta name=\"robots\" content=\"index, follow, max-snippet:-1, max-image-preview:large, max-video-preview:-1\" \/>\n<link rel=\"canonical\" href=\"https:\/\/www.baltvilla.lv\/en\/veikals\/restorans\/branci-un-brokastis\/mamindienas-brancs\/\" \/>\n<meta property=\"og:locale\" content=\"en_US\" \/>\n<meta property=\"og:type\" content=\"article\" \/>\n<meta property=\"og:title\" content=\"M\u0101mi\u0146dienas bran\u010ds | Restor\u0101ns Baltvilla | Baltvilla\" \/>\n<meta property=\"og:description\" content=\"Baltvilla aicina svin\u0113t M\u0101mi\u0146dienu dienu ar gardu \u0113dienu un m\u012b\u013ciem br\u012b\u017eiem kop\u0101 ar \u0123imeni. T\u0113ja, kafija un uzkodas iek\u013cauti cen\u0101.\" \/>\n<meta property=\"og:url\" content=\"https:\/\/www.baltvilla.lv\/en\/veikals\/restorans\/branci-un-brokastis\/mamindienas-brancs\/\" \/>\n<meta property=\"og:site_name\" content=\"Baltvilla\" \/>\n<meta property=\"article:modified_time\" content=\"2026-04-21T10:22:03+00:00\" \/>\n<meta property=\"og:image\" content=\"https:\/\/www.baltvilla.lv\/wp-content\/uploads\/2026\/04\/Pat-Brokastis-Rudens-28.jpg\" \/>\n\t<meta property=\"og:image:width\" content=\"1800\" \/>\n\t<meta property=\"og:image:height\" content=\"1200\" \/>\n\t<meta property=\"og:image:type\" content=\"image\/jpeg\" \/>\n<meta name=\"twitter:card\" content=\"summary_large_image\" \/>\n<meta name=\"twitter:label1\" content=\"Est. reading time\" \/>\n\t<meta name=\"twitter:data1\" content=\"1 minute\" \/>\n<script type=\"application\/ld+json\" class=\"yoast-schema-graph\">{\"@context\":\"https:\\\/\\\/schema.org\",\"@graph\":[{\"@type\":\"WebPage\",\"@id\":\"https:\\\/\\\/www.baltvilla.lv\\\/en\\\/veikals\\\/restorans\\\/branci-un-brokastis\\\/mamindienas-brancs\\\/\",\"url\":\"https:\\\/\\\/www.baltvilla.lv\\\/en\\\/veikals\\\/restorans\\\/branci-un-brokastis\\\/mamindienas-brancs\\\/\",\"name\":\"M\u0101mi\u0146dienas bran\u010ds | Restor\u0101ns Baltvilla | Baltvilla\",\"isPartOf\":{\"@id\":\"https:\\\/\\\/www.baltvilla.lv\\\/en\\\/#website\"},\"primaryImageOfPage\":{\"@id\":\"https:\\\/\\\/www.baltvilla.lv\\\/en\\\/veikals\\\/restorans\\\/branci-un-brokastis\\\/mamindienas-brancs\\\/#primaryimage\"},\"image\":{\"@id\":\"https:\\\/\\\/www.baltvilla.lv\\\/en\\\/veikals\\\/restorans\\\/branci-un-brokastis\\\/mamindienas-brancs\\\/#primaryimage\"},\"thumbnailUrl\":\"https:\\\/\\\/www.baltvilla.lv\\\/wp-content\\\/uploads\\\/2026\\\/04\\\/Pat-Brokastis-Rudens-28.jpg\",\"datePublished\":\"2026-04-20T08:58:21+00:00\",\"dateModified\":\"2026-04-21T10:22:03+00:00\",\"description\":\"Baltvilla aicina svin\u0113t M\u0101mi\u0146dienu dienu ar gardu \u0113dienu un m\u012b\u013ciem br\u012b\u017eiem kop\u0101 ar \u0123imeni. T\u0113ja, kafija un uzkodas iek\u013cauti cen\u0101.\",\"breadcrumb\":{\"@id\":\"https:\\\/\\\/www.baltvilla.lv\\\/en\\\/veikals\\\/restorans\\\/branci-un-brokastis\\\/mamindienas-brancs\\\/#breadcrumb\"},\"inLanguage\":\"en-US\",\"potentialAction\":[{\"@type\":\"ReadAction\",\"target\":[\"https:\\\/\\\/www.baltvilla.lv\\\/en\\\/veikals\\\/restorans\\\/branci-un-brokastis\\\/mamindienas-brancs\\\/\"]}]},{\"@type\":\"ImageObject\",\"inLanguage\":\"en-US\",\"@id\":\"https:\\\/\\\/www.baltvilla.lv\\\/en\\\/veikals\\\/restorans\\\/branci-un-brokastis\\\/mamindienas-brancs\\\/#primaryimage\",\"url\":\"https:\\\/\\\/www.baltvilla.lv\\\/wp-content\\\/uploads\\\/2026\\\/04\\\/Pat-Brokastis-Rudens-28.jpg\",\"contentUrl\":\"https:\\\/\\\/www.baltvilla.lv\\\/wp-content\\\/uploads\\\/2026\\\/04\\\/Pat-Brokastis-Rudens-28.jpg\",\"width\":1800,\"height\":1200},{\"@type\":\"BreadcrumbList\",\"@id\":\"https:\\\/\\\/www.baltvilla.lv\\\/en\\\/veikals\\\/restorans\\\/branci-un-brokastis\\\/mamindienas-brancs\\\/#breadcrumb\",\"itemListElement\":[{\"@type\":\"ListItem\",\"position\":1,\"name\":\"Home\",\"item\":\"https:\\\/\\\/www.baltvilla.lv\\\/en\\\/\"},{\"@type\":\"ListItem\",\"position\":2,\"name\":\"Shop\",\"item\":\"https:\\\/\\\/www.baltvilla.lv\\\/shop-2\\\/?lang=en\"},{\"@type\":\"ListItem\",\"position\":3,\"name\":\"M\u0101mi\u0146dienas bran\u010ds\"}]},{\"@type\":\"WebSite\",\"@id\":\"https:\\\/\\\/www.baltvilla.lv\\\/en\\\/#website\",\"url\":\"https:\\\/\\\/www.baltvilla.lv\\\/en\\\/\",\"name\":\"Baltvilla\",\"description\":\"\",\"publisher\":{\"@id\":\"https:\\\/\\\/www.baltvilla.lv\\\/en\\\/#organization\"},\"potentialAction\":[{\"@type\":\"SearchAction\",\"target\":{\"@type\":\"EntryPoint\",\"urlTemplate\":\"https:\\\/\\\/www.baltvilla.lv\\\/en\\\/?s={search_term_string}\"},\"query-input\":{\"@type\":\"PropertyValueSpecification\",\"valueRequired\":true,\"valueName\":\"search_term_string\"}}],\"inLanguage\":\"en-US\"},{\"@type\":\"Organization\",\"@id\":\"https:\\\/\\\/www.baltvilla.lv\\\/en\\\/#organization\",\"name\":\"Hotel \\\"Baltvilla\\\"\",\"url\":\"https:\\\/\\\/www.baltvilla.lv\\\/en\\\/\",\"logo\":{\"@type\":\"ImageObject\",\"inLanguage\":\"en-US\",\"@id\":\"https:\\\/\\\/www.baltvilla.lv\\\/en\\\/#\\\/schema\\\/logo\\\/image\\\/\",\"url\":\"https:\\\/\\\/www.baltvilla.lv\\\/wp-content\\\/uploads\\\/2021\\\/04\\\/baltvilla-logo.png\",\"contentUrl\":\"https:\\\/\\\/www.baltvilla.lv\\\/wp-content\\\/uploads\\\/2021\\\/04\\\/baltvilla-logo.png\",\"width\":207,\"height\":42,\"caption\":\"Hotel \\\"Baltvilla\\\"\"},\"image\":{\"@id\":\"https:\\\/\\\/www.baltvilla.lv\\\/en\\\/#\\\/schema\\\/logo\\\/image\\\/\"}}]}<\/script>\n<!-- \/ Yoast SEO plugin. -->","yoast_head_json":{"title":"M\u0101mi\u0146dienas bran\u010ds | Restor\u0101ns Baltvilla | Baltvilla","description":"Baltvilla aicina svin\u0113t M\u0101mi\u0146dienu dienu ar gardu \u0113dienu un m\u012b\u013ciem br\u012b\u017eiem kop\u0101 ar \u0123imeni. T\u0113ja, kafija un uzkodas iek\u013cauti cen\u0101.","robots":{"index":"index","follow":"follow","max-snippet":"max-snippet:-1","max-image-preview":"max-image-preview:large","max-video-preview":"max-video-preview:-1"},"canonical":"https:\/\/www.baltvilla.lv\/en\/veikals\/restorans\/branci-un-brokastis\/mamindienas-brancs\/","og_locale":"en_US","og_type":"article","og_title":"M\u0101mi\u0146dienas bran\u010ds | Restor\u0101ns Baltvilla | Baltvilla","og_description":"Baltvilla aicina svin\u0113t M\u0101mi\u0146dienu dienu ar gardu \u0113dienu un m\u012b\u013ciem br\u012b\u017eiem kop\u0101 ar \u0123imeni. T\u0113ja, kafija un uzkodas iek\u013cauti cen\u0101.","og_url":"https:\/\/www.baltvilla.lv\/en\/veikals\/restorans\/branci-un-brokastis\/mamindienas-brancs\/","og_site_name":"Baltvilla","article_modified_time":"2026-04-21T10:22:03+00:00","og_image":[{"width":1800,"height":1200,"url":"https:\/\/www.baltvilla.lv\/wp-content\/uploads\/2026\/04\/Pat-Brokastis-Rudens-28.jpg","type":"image\/jpeg"}],"twitter_card":"summary_large_image","twitter_misc":{"Est. reading time":"1 minute"},"schema":{"@context":"https:\/\/schema.org","@graph":[{"@type":"WebPage","@id":"https:\/\/www.baltvilla.lv\/en\/veikals\/restorans\/branci-un-brokastis\/mamindienas-brancs\/","url":"https:\/\/www.baltvilla.lv\/en\/veikals\/restorans\/branci-un-brokastis\/mamindienas-brancs\/","name":"M\u0101mi\u0146dienas bran\u010ds | Restor\u0101ns Baltvilla | Baltvilla","isPartOf":{"@id":"https:\/\/www.baltvilla.lv\/en\/#website"},"primaryImageOfPage":{"@id":"https:\/\/www.baltvilla.lv\/en\/veikals\/restorans\/branci-un-brokastis\/mamindienas-brancs\/#primaryimage"},"image":{"@id":"https:\/\/www.baltvilla.lv\/en\/veikals\/restorans\/branci-un-brokastis\/mamindienas-brancs\/#primaryimage"},"thumbnailUrl":"https:\/\/www.baltvilla.lv\/wp-content\/uploads\/2026\/04\/Pat-Brokastis-Rudens-28.jpg","datePublished":"2026-04-20T08:58:21+00:00","dateModified":"2026-04-21T10:22:03+00:00","description":"Baltvilla aicina svin\u0113t M\u0101mi\u0146dienu dienu ar gardu \u0113dienu un m\u012b\u013ciem br\u012b\u017eiem kop\u0101 ar \u0123imeni. T\u0113ja, kafija un uzkodas iek\u013cauti cen\u0101.","breadcrumb":{"@id":"https:\/\/www.baltvilla.lv\/en\/veikals\/restorans\/branci-un-brokastis\/mamindienas-brancs\/#breadcrumb"},"inLanguage":"en-US","potentialAction":[{"@type":"ReadAction","target":["https:\/\/www.baltvilla.lv\/en\/veikals\/restorans\/branci-un-brokastis\/mamindienas-brancs\/"]}]},{"@type":"ImageObject","inLanguage":"en-US","@id":"https:\/\/www.baltvilla.lv\/en\/veikals\/restorans\/branci-un-brokastis\/mamindienas-brancs\/#primaryimage","url":"https:\/\/www.baltvilla.lv\/wp-content\/uploads\/2026\/04\/Pat-Brokastis-Rudens-28.jpg","contentUrl":"https:\/\/www.baltvilla.lv\/wp-content\/uploads\/2026\/04\/Pat-Brokastis-Rudens-28.jpg","width":1800,"height":1200},{"@type":"BreadcrumbList","@id":"https:\/\/www.baltvilla.lv\/en\/veikals\/restorans\/branci-un-brokastis\/mamindienas-brancs\/#breadcrumb","itemListElement":[{"@type":"ListItem","position":1,"name":"Home","item":"https:\/\/www.baltvilla.lv\/en\/"},{"@type":"ListItem","position":2,"name":"Shop","item":"https:\/\/www.baltvilla.lv\/shop-2\/?lang=en"},{"@type":"ListItem","position":3,"name":"M\u0101mi\u0146dienas bran\u010ds"}]},{"@type":"WebSite","@id":"https:\/\/www.baltvilla.lv\/en\/#website","url":"https:\/\/www.baltvilla.lv\/en\/","name":"Baltvilla","description":"","publisher":{"@id":"https:\/\/www.baltvilla.lv\/en\/#organization"},"potentialAction":[{"@type":"SearchAction","target":{"@type":"EntryPoint","urlTemplate":"https:\/\/www.baltvilla.lv\/en\/?s={search_term_string}"},"query-input":{"@type":"PropertyValueSpecification","valueRequired":true,"valueName":"search_term_string"}}],"inLanguage":"en-US"},{"@type":"Organization","@id":"https:\/\/www.baltvilla.lv\/en\/#organization","name":"Hotel \"Baltvilla\"","url":"https:\/\/www.baltvilla.lv\/en\/","logo":{"@type":"ImageObject","inLanguage":"en-US","@id":"https:\/\/www.baltvilla.lv\/en\/#\/schema\/logo\/image\/","url":"https:\/\/www.baltvilla.lv\/wp-content\/uploads\/2021\/04\/baltvilla-logo.png","contentUrl":"https:\/\/www.baltvilla.lv\/wp-content\/uploads\/2021\/04\/baltvilla-logo.png","width":207,"height":42,"caption":"Hotel \"Baltvilla\""},"image":{"@id":"https:\/\/www.baltvilla.lv\/en\/#\/schema\/logo\/image\/"}}]}},"_links":{"self":[{"href":"https:\/\/www.baltvilla.lv\/en\/wp-json\/wp\/v2\/product\/25067","targetHints":{"allow":["GET"]}}],"collection":[{"href":"https:\/\/www.baltvilla.lv\/en\/wp-json\/wp\/v2\/product"}],"about":[{"href":"https:\/\/www.baltvilla.lv\/en\/wp-json\/wp\/v2\/types\/product"}],"replies":[{"embeddable":true,"href":"https:\/\/www.baltvilla.lv\/en\/wp-json\/wp\/v2\/comments?post=25067"}],"wp:featuredmedia":[{"embeddable":true,"href":"https:\/\/www.baltvilla.lv\/en\/wp-json\/wp\/v2\/media\/25051"}],"wp:attachment":[{"href":"https:\/\/www.baltvilla.lv\/en\/wp-json\/wp\/v2\/media?parent=25067"}],"wp:term":[{"taxonomy":"product_brand","embeddable":true,"href":"https:\/\/www.baltvilla.lv\/en\/wp-json\/wp\/v2\/product_brand?post=25067"},{"taxonomy":"product_cat","embeddable":true,"href":"https:\/\/www.baltvilla.lv\/en\/wp-json\/wp\/v2\/product_cat?post=25067"},{"taxonomy":"product_tag","embeddable":true,"href":"https:\/\/www.baltvilla.lv\/en\/wp-json\/wp\/v2\/product_tag?post=25067"}],"curies":[{"name":"wp","href":"https:\/\/api.w.org\/{rel}","templated":true}]}}