{"id":24838,"date":"2026-03-23T13:27:23","date_gmt":"2026-03-23T11:27:23","guid":{"rendered":"https:\/\/www.baltvilla.lv\/?post_type=product&#038;p=24838"},"modified":"2026-03-24T11:13:05","modified_gmt":"2026-03-24T09:13:05","slug":"lieldienu-brokastis","status":"publish","type":"product","link":"https:\/\/www.baltvilla.lv\/en\/veikals\/restorans\/branci-un-brokastis\/lieldienu-brokastis\/","title":{"rendered":"Lieldienu brokastis"},"content":{"rendered":"<h3><strong>Lieldienu brokastis<\/strong><\/h3>\n<p>S\u0101c dienu ar s\u0101t\u012bgiem un gardiem \u0113dieniem!<\/p>\n<p><strong>Siltie \u0113dieni<\/strong><\/p>\n<ul>\n<li>Gais\u012bgs olu kultenis<\/li>\n<li>Siltie vistas filejas gabali\u0146i<\/li>\n<li>Kr\u0101sn\u012b cepti d\u0101rze\u0146i balzamiko m\u0113rc\u0113<\/li>\n<li>Kr\u0101sn\u012b ceptas kartupe\u013cu daivi\u0146as ar gar\u0161augiem<\/li>\n<li>Biezpiena pank\u016bkas<\/li>\n<li>Pl\u0101n\u0101s pank\u016bkas ar karame\u013cu s\u012brupu un riekstu kr\u0113mu<\/li>\n<\/ul>\n<p><strong>Uzkodas<\/strong><\/p>\n<ul>\n<li>Kr\u0101sainas Lieldienu olas<\/li>\n<li>Ki\u0161s ar sieru un spin\u0101tiem<\/li>\n<li>Brusketa ar k\u016bpin\u0101ta la\u0161a past\u0113ti<\/li>\n<li>Klasiski pild\u012btas olu pus\u012btes ar an\u0161ovu ikriem<\/li>\n<li>Svaigi lapu sal\u0101ti ar red\u012bsiem un gur\u0137iem<\/li>\n<li>Jauno kartupe\u013cu un tun\u010da sal\u0101ti<\/li>\n<li>Pa\u0161u gatavota mazs\u0101l\u012bta la\u0161a fileja ar kap\u0101tiem za\u013cumiem<\/li>\n<li>Mocarella ar tom\u0101tiem un pesto m\u0113rci<\/li>\n<li>Biezpiens ar red\u012bsiem, za\u013cumiem un kr\u0113jumu<\/li>\n<li>Cieto un m\u012bksto sieru izlase<\/li>\n<li>Ga\u013cas uzkodu izlase<\/li>\n<li>Marin\u0113ti un svaigi d\u0101rze\u0146i<\/li>\n<\/ul>\n<p><strong>M\u0113rces un piedevas<\/strong><\/p>\n<ul>\n<li>Ol\u012bve\u013c\u013ca<\/li>\n<li>Balzamiko m\u0113rce<\/li>\n<li>Tzatziki m\u0113rce<\/li>\n<li>Majon\u0113ze un ke\u010dups porciju iepakojumos<\/li>\n<li>Fetas siers<\/li>\n<li>Marin\u0113ti d\u0101rze\u0146i: ol\u012bvas, tom\u0101ti, gur\u0137i, \u0161ampinjoni, kukur\u016bza, za\u013cie zirn\u012b\u0161i<\/li>\n<\/ul>\n<p><strong>Deserti<\/strong><\/p>\n<ul>\n<li>Pa\u0161u gatavota granola<\/li>\n<li>Lieldienu biezpiena deserts ar \u017e\u0101v\u0113tiem aug\u013ciem<\/li>\n<li>Pl\u016bmju pl\u0101tsmaize<\/li>\n<li>Aug\u013cu k\u016bci\u0146as<\/li>\n<li>Citronu k\u0113kss<\/li>\n<li>Kruas\u0101ni<\/li>\n<li>Svaigi aug\u013ci<\/li>\n<li>Grie\u0137u jogurts<\/li>\n<li>Iev\u0101r\u012bjumu un d\u017eemu izlase<\/li>\n<li>Pa\u0161u gatavots \u0101bolu biezenis vai iev\u0101r\u012bjums<\/li>\n<li>Cepumu izlase<\/li>\n<li>R\u012bsu un kukur\u016bzas galetes<\/li>\n<\/ul>\n<h3>Dz\u0113rieni<\/h3>\n<ul>\n<li>Kafija, t\u0113ja, sulas, \u016bdens ar citronu<\/li>\n<\/ul>\n","protected":false},"excerpt":{"rendered":"<p><span lang=\"LV\" style=\"font-size: 14.0pt;\">Svin\u0113sim gar\u0161\u012bgi Lieldien\u0101s \u2013\u00a0 pied\u0101v\u0101jam brokastot kop\u0101 ar \u0123imeni un draugiem Baltvill\u0101. Restor\u0101na komanda b\u016bs sar\u016bp\u0113jusi gardu \u0113dienu bufeti, savuk\u0101rt kafija, t\u0113ja iek\u013cauti brokastu cen\u0101.<\/span><\/p>\n<h4><strong>Brokastis notiks\u00a0 3., 4., 5. un 6. apr\u012bl\u012b no plkst. 8.00 l\u012bdz 12.00.<\/strong><\/h4>\n<p><strong>Brokastu cena pieaugu\u0161ajiem 25 EUR, b\u0113rniem no 3(ieskaitot) l\u012bdz 14 gadu vecumam 10 EUR.*\u00a0<\/strong><\/p>\n<p>Lai m\u0113s var\u0113tu garant\u0113t vietu restor\u0101n\u0101, aicin\u0101m J\u016bs rezerv\u0113t galdi\u0146u savlaic\u012bgi pa t\u0101lr. <a href=\"tel:+37167840640\">+37167840640<\/a>, e-pastu <a href=\"mailto:info@baltvilla.lv\">info@baltvilla.lv<\/a> vai m\u016bsu m\u0101jaslap\u0101!<\/p>\n<p><em>*Samaksu par b\u0113rniem var\u0113s veikt brokastu laik\u0101<\/em><\/p>\n<p><em>S\u0101kot no 15 person\u0101m, piem\u0113rojam apkalpo\u0161anas maksu 10%\u00a0<\/em><\/p>\n","protected":false},"featured_media":24839,"comment_status":"open","ping_status":"closed","template":"","meta":{"_acf_changed":false},"product_brand":[],"product_cat":[34,80],"product_tag":[],"class_list":{"0":"post-24838","1":"product","2":"type-product","3":"status-publish","4":"has-post-thumbnail","6":"product_cat-restorans","7":"product_cat-branci-un-brokastis","9":"first","10":"instock","11":"taxable","12":"shipping-taxable","13":"purchasable","14":"product-type-simple"},"acf":[],"yoast_head":"<!-- This site is optimized with the Yoast SEO plugin v26.7 - https:\/\/yoast.com\/wordpress\/plugins\/seo\/ -->\n<title>Lieldienu brokastis | Viesn\u012bca Baltvilla<\/title>\n<meta name=\"description\" content=\"Aicin\u0101m nobaud\u012bt gardas Lieldienu brokastis viesn\u012bc\u0101 &quot;Baltvilla&quot;. Pied\u0101v\u0101jum\u0101 iek\u013cautas silt\u0101s un aukst\u0101s uzkodas, kafija, t\u0113ja un svaigi aug\u013ci.\" \/>\n<meta name=\"robots\" content=\"index, follow, max-snippet:-1, max-image-preview:large, max-video-preview:-1\" \/>\n<link rel=\"canonical\" href=\"https:\/\/www.baltvilla.lv\/en\/veikals\/restorans\/branci-un-brokastis\/lieldienu-brokastis\/\" \/>\n<meta property=\"og:locale\" content=\"en_US\" \/>\n<meta property=\"og:type\" content=\"article\" \/>\n<meta property=\"og:title\" content=\"Lieldienu brokastis | Viesn\u012bca Baltvilla\" \/>\n<meta property=\"og:description\" content=\"Aicin\u0101m nobaud\u012bt gardas Lieldienu brokastis viesn\u012bc\u0101 &quot;Baltvilla&quot;. Pied\u0101v\u0101jum\u0101 iek\u013cautas silt\u0101s un aukst\u0101s uzkodas, kafija, t\u0113ja un svaigi aug\u013ci.\" \/>\n<meta property=\"og:url\" content=\"https:\/\/www.baltvilla.lv\/en\/veikals\/restorans\/branci-un-brokastis\/lieldienu-brokastis\/\" \/>\n<meta property=\"og:site_name\" content=\"Baltvilla\" \/>\n<meta property=\"article:modified_time\" content=\"2026-03-24T09:13:05+00:00\" \/>\n<meta property=\"og:image\" content=\"https:\/\/www.baltvilla.lv\/wp-content\/uploads\/2026\/03\/BV9-102.jpg\" \/>\n\t<meta property=\"og:image:width\" content=\"1800\" \/>\n\t<meta property=\"og:image:height\" content=\"1200\" \/>\n\t<meta property=\"og:image:type\" content=\"image\/jpeg\" \/>\n<meta name=\"twitter:card\" content=\"summary_large_image\" \/>\n<meta name=\"twitter:label1\" content=\"Est. reading time\" \/>\n\t<meta name=\"twitter:data1\" content=\"2 minutes\" \/>\n<script type=\"application\/ld+json\" class=\"yoast-schema-graph\">{\"@context\":\"https:\/\/schema.org\",\"@graph\":[{\"@type\":\"WebPage\",\"@id\":\"https:\/\/www.baltvilla.lv\/en\/veikals\/restorans\/branci-un-brokastis\/lieldienu-brokastis\/\",\"url\":\"https:\/\/www.baltvilla.lv\/en\/veikals\/restorans\/branci-un-brokastis\/lieldienu-brokastis\/\",\"name\":\"Lieldienu brokastis | Viesn\u012bca Baltvilla\",\"isPartOf\":{\"@id\":\"https:\/\/www.baltvilla.lv\/en\/#website\"},\"primaryImageOfPage\":{\"@id\":\"https:\/\/www.baltvilla.lv\/en\/veikals\/restorans\/branci-un-brokastis\/lieldienu-brokastis\/#primaryimage\"},\"image\":{\"@id\":\"https:\/\/www.baltvilla.lv\/en\/veikals\/restorans\/branci-un-brokastis\/lieldienu-brokastis\/#primaryimage\"},\"thumbnailUrl\":\"https:\/\/www.baltvilla.lv\/wp-content\/uploads\/2026\/03\/BV9-102.jpg\",\"datePublished\":\"2026-03-23T11:27:23+00:00\",\"dateModified\":\"2026-03-24T09:13:05+00:00\",\"description\":\"Aicin\u0101m nobaud\u012bt gardas Lieldienu brokastis viesn\u012bc\u0101 \\\"Baltvilla\\\". Pied\u0101v\u0101jum\u0101 iek\u013cautas silt\u0101s un aukst\u0101s uzkodas, kafija, t\u0113ja un svaigi aug\u013ci.\",\"breadcrumb\":{\"@id\":\"https:\/\/www.baltvilla.lv\/en\/veikals\/restorans\/branci-un-brokastis\/lieldienu-brokastis\/#breadcrumb\"},\"inLanguage\":\"en-US\",\"potentialAction\":[{\"@type\":\"ReadAction\",\"target\":[\"https:\/\/www.baltvilla.lv\/en\/veikals\/restorans\/branci-un-brokastis\/lieldienu-brokastis\/\"]}]},{\"@type\":\"ImageObject\",\"inLanguage\":\"en-US\",\"@id\":\"https:\/\/www.baltvilla.lv\/en\/veikals\/restorans\/branci-un-brokastis\/lieldienu-brokastis\/#primaryimage\",\"url\":\"https:\/\/www.baltvilla.lv\/wp-content\/uploads\/2026\/03\/BV9-102.jpg\",\"contentUrl\":\"https:\/\/www.baltvilla.lv\/wp-content\/uploads\/2026\/03\/BV9-102.jpg\",\"width\":1800,\"height\":1200},{\"@type\":\"BreadcrumbList\",\"@id\":\"https:\/\/www.baltvilla.lv\/en\/veikals\/restorans\/branci-un-brokastis\/lieldienu-brokastis\/#breadcrumb\",\"itemListElement\":[{\"@type\":\"ListItem\",\"position\":1,\"name\":\"Home\",\"item\":\"https:\/\/www.baltvilla.lv\/en\/\"},{\"@type\":\"ListItem\",\"position\":2,\"name\":\"Shop\",\"item\":\"https:\/\/www.baltvilla.lv\/shop-2\/?lang=en\"},{\"@type\":\"ListItem\",\"position\":3,\"name\":\"Lieldienu brokastis\"}]},{\"@type\":\"WebSite\",\"@id\":\"https:\/\/www.baltvilla.lv\/en\/#website\",\"url\":\"https:\/\/www.baltvilla.lv\/en\/\",\"name\":\"Baltvilla\",\"description\":\"\",\"publisher\":{\"@id\":\"https:\/\/www.baltvilla.lv\/en\/#organization\"},\"potentialAction\":[{\"@type\":\"SearchAction\",\"target\":{\"@type\":\"EntryPoint\",\"urlTemplate\":\"https:\/\/www.baltvilla.lv\/en\/?s={search_term_string}\"},\"query-input\":{\"@type\":\"PropertyValueSpecification\",\"valueRequired\":true,\"valueName\":\"search_term_string\"}}],\"inLanguage\":\"en-US\"},{\"@type\":\"Organization\",\"@id\":\"https:\/\/www.baltvilla.lv\/en\/#organization\",\"name\":\"Hotel \\\"Baltvilla\\\"\",\"url\":\"https:\/\/www.baltvilla.lv\/en\/\",\"logo\":{\"@type\":\"ImageObject\",\"inLanguage\":\"en-US\",\"@id\":\"https:\/\/www.baltvilla.lv\/en\/#\/schema\/logo\/image\/\",\"url\":\"https:\/\/www.baltvilla.lv\/wp-content\/uploads\/2021\/04\/baltvilla-logo.png\",\"contentUrl\":\"https:\/\/www.baltvilla.lv\/wp-content\/uploads\/2021\/04\/baltvilla-logo.png\",\"width\":207,\"height\":42,\"caption\":\"Hotel \\\"Baltvilla\\\"\"},\"image\":{\"@id\":\"https:\/\/www.baltvilla.lv\/en\/#\/schema\/logo\/image\/\"}}]}<\/script>\n<!-- \/ Yoast SEO plugin. -->","yoast_head_json":{"title":"Lieldienu brokastis | Viesn\u012bca Baltvilla","description":"Aicin\u0101m nobaud\u012bt gardas Lieldienu brokastis viesn\u012bc\u0101 \"Baltvilla\". Pied\u0101v\u0101jum\u0101 iek\u013cautas silt\u0101s un aukst\u0101s uzkodas, kafija, t\u0113ja un svaigi aug\u013ci.","robots":{"index":"index","follow":"follow","max-snippet":"max-snippet:-1","max-image-preview":"max-image-preview:large","max-video-preview":"max-video-preview:-1"},"canonical":"https:\/\/www.baltvilla.lv\/en\/veikals\/restorans\/branci-un-brokastis\/lieldienu-brokastis\/","og_locale":"en_US","og_type":"article","og_title":"Lieldienu brokastis | Viesn\u012bca Baltvilla","og_description":"Aicin\u0101m nobaud\u012bt gardas Lieldienu brokastis viesn\u012bc\u0101 \"Baltvilla\". Pied\u0101v\u0101jum\u0101 iek\u013cautas silt\u0101s un aukst\u0101s uzkodas, kafija, t\u0113ja un svaigi aug\u013ci.","og_url":"https:\/\/www.baltvilla.lv\/en\/veikals\/restorans\/branci-un-brokastis\/lieldienu-brokastis\/","og_site_name":"Baltvilla","article_modified_time":"2026-03-24T09:13:05+00:00","og_image":[{"width":1800,"height":1200,"url":"https:\/\/www.baltvilla.lv\/wp-content\/uploads\/2026\/03\/BV9-102.jpg","type":"image\/jpeg"}],"twitter_card":"summary_large_image","twitter_misc":{"Est. reading time":"2 minutes"},"schema":{"@context":"https:\/\/schema.org","@graph":[{"@type":"WebPage","@id":"https:\/\/www.baltvilla.lv\/en\/veikals\/restorans\/branci-un-brokastis\/lieldienu-brokastis\/","url":"https:\/\/www.baltvilla.lv\/en\/veikals\/restorans\/branci-un-brokastis\/lieldienu-brokastis\/","name":"Lieldienu brokastis | Viesn\u012bca Baltvilla","isPartOf":{"@id":"https:\/\/www.baltvilla.lv\/en\/#website"},"primaryImageOfPage":{"@id":"https:\/\/www.baltvilla.lv\/en\/veikals\/restorans\/branci-un-brokastis\/lieldienu-brokastis\/#primaryimage"},"image":{"@id":"https:\/\/www.baltvilla.lv\/en\/veikals\/restorans\/branci-un-brokastis\/lieldienu-brokastis\/#primaryimage"},"thumbnailUrl":"https:\/\/www.baltvilla.lv\/wp-content\/uploads\/2026\/03\/BV9-102.jpg","datePublished":"2026-03-23T11:27:23+00:00","dateModified":"2026-03-24T09:13:05+00:00","description":"Aicin\u0101m nobaud\u012bt gardas Lieldienu brokastis viesn\u012bc\u0101 \"Baltvilla\". Pied\u0101v\u0101jum\u0101 iek\u013cautas silt\u0101s un aukst\u0101s uzkodas, kafija, t\u0113ja un svaigi aug\u013ci.","breadcrumb":{"@id":"https:\/\/www.baltvilla.lv\/en\/veikals\/restorans\/branci-un-brokastis\/lieldienu-brokastis\/#breadcrumb"},"inLanguage":"en-US","potentialAction":[{"@type":"ReadAction","target":["https:\/\/www.baltvilla.lv\/en\/veikals\/restorans\/branci-un-brokastis\/lieldienu-brokastis\/"]}]},{"@type":"ImageObject","inLanguage":"en-US","@id":"https:\/\/www.baltvilla.lv\/en\/veikals\/restorans\/branci-un-brokastis\/lieldienu-brokastis\/#primaryimage","url":"https:\/\/www.baltvilla.lv\/wp-content\/uploads\/2026\/03\/BV9-102.jpg","contentUrl":"https:\/\/www.baltvilla.lv\/wp-content\/uploads\/2026\/03\/BV9-102.jpg","width":1800,"height":1200},{"@type":"BreadcrumbList","@id":"https:\/\/www.baltvilla.lv\/en\/veikals\/restorans\/branci-un-brokastis\/lieldienu-brokastis\/#breadcrumb","itemListElement":[{"@type":"ListItem","position":1,"name":"Home","item":"https:\/\/www.baltvilla.lv\/en\/"},{"@type":"ListItem","position":2,"name":"Shop","item":"https:\/\/www.baltvilla.lv\/shop-2\/?lang=en"},{"@type":"ListItem","position":3,"name":"Lieldienu brokastis"}]},{"@type":"WebSite","@id":"https:\/\/www.baltvilla.lv\/en\/#website","url":"https:\/\/www.baltvilla.lv\/en\/","name":"Baltvilla","description":"","publisher":{"@id":"https:\/\/www.baltvilla.lv\/en\/#organization"},"potentialAction":[{"@type":"SearchAction","target":{"@type":"EntryPoint","urlTemplate":"https:\/\/www.baltvilla.lv\/en\/?s={search_term_string}"},"query-input":{"@type":"PropertyValueSpecification","valueRequired":true,"valueName":"search_term_string"}}],"inLanguage":"en-US"},{"@type":"Organization","@id":"https:\/\/www.baltvilla.lv\/en\/#organization","name":"Hotel \"Baltvilla\"","url":"https:\/\/www.baltvilla.lv\/en\/","logo":{"@type":"ImageObject","inLanguage":"en-US","@id":"https:\/\/www.baltvilla.lv\/en\/#\/schema\/logo\/image\/","url":"https:\/\/www.baltvilla.lv\/wp-content\/uploads\/2021\/04\/baltvilla-logo.png","contentUrl":"https:\/\/www.baltvilla.lv\/wp-content\/uploads\/2021\/04\/baltvilla-logo.png","width":207,"height":42,"caption":"Hotel \"Baltvilla\""},"image":{"@id":"https:\/\/www.baltvilla.lv\/en\/#\/schema\/logo\/image\/"}}]}},"_links":{"self":[{"href":"https:\/\/www.baltvilla.lv\/en\/wp-json\/wp\/v2\/product\/24838","targetHints":{"allow":["GET"]}}],"collection":[{"href":"https:\/\/www.baltvilla.lv\/en\/wp-json\/wp\/v2\/product"}],"about":[{"href":"https:\/\/www.baltvilla.lv\/en\/wp-json\/wp\/v2\/types\/product"}],"replies":[{"embeddable":true,"href":"https:\/\/www.baltvilla.lv\/en\/wp-json\/wp\/v2\/comments?post=24838"}],"wp:featuredmedia":[{"embeddable":true,"href":"https:\/\/www.baltvilla.lv\/en\/wp-json\/wp\/v2\/media\/24839"}],"wp:attachment":[{"href":"https:\/\/www.baltvilla.lv\/en\/wp-json\/wp\/v2\/media?parent=24838"}],"wp:term":[{"taxonomy":"product_brand","embeddable":true,"href":"https:\/\/www.baltvilla.lv\/en\/wp-json\/wp\/v2\/product_brand?post=24838"},{"taxonomy":"product_cat","embeddable":true,"href":"https:\/\/www.baltvilla.lv\/en\/wp-json\/wp\/v2\/product_cat?post=24838"},{"taxonomy":"product_tag","embeddable":true,"href":"https:\/\/www.baltvilla.lv\/en\/wp-json\/wp\/v2\/product_tag?post=24838"}],"curies":[{"name":"wp","href":"https:\/\/api.w.org\/{rel}","templated":true}]}}