{"id":23991,"date":"2025-11-21T13:11:21","date_gmt":"2025-11-21T11:11:21","guid":{"rendered":"https:\/\/www.baltvilla.lv\/?post_type=product&#038;p=23991"},"modified":"2025-11-21T13:28:23","modified_gmt":"2025-11-21T11:28:23","slug":"atjaunojosa-spa-masaza-uzmirdzi-svetkos","status":"publish","type":"product","link":"https:\/\/www.baltvilla.lv\/en\/veikals\/spa-interneta-veikals-baltvilla\/spa-masazas\/atjaunojosa-spa-masaza-uzmirdzi-svetkos\/","title":{"rendered":"Atjaunojo\u0161a spa mas\u0101\u017ea \u201eUzmirdzi sv\u0113tkos\u201d"},"content":{"rendered":"<p>Ritu\u0101ls apvieno 45 min arommas\u0101\u017eu ar Vagheggi Detossinante \u0113terisko e\u013c\u013cu, kuras sast\u0101v\u0101 ir apels\u012bns, mandar\u012bns, citrons un cajeput. \u0160is sast\u0101vs maigi silda, stimul\u0113 mikrocirkul\u0101ciju, pal\u012bdz izvad\u012bt toks\u012bnus un pie\u0161\u0137ir \u0137ermenim viegluma saj\u016btu, vienlaikus d\u0101v\u0101jot emocion\u0101lu l\u012bdzsvaru un dz\u012bvesprieku.<\/p>\n<p>Ritu\u0101lu nosl\u0113dz 15 min sejas SPA mas\u0101\u017ea ar Lime C vitam\u012bna e\u013c\u013cu, bag\u0101tin\u0101tu ar E vitam\u012bnu un mandar\u012bnu \u0113terisko e\u013c\u013cu. T\u0101 uzlabo sejas toni, atjauno \u0101das ener\u0123iju, veicina kolag\u0113na sint\u0113zi, sniedzot svaigu mirdzumu un elast\u012bbu.<\/p>\n","protected":false},"excerpt":{"rendered":"<p>\u0160aj\u0101 pirmssv\u0113tku laik\u0101 aicin\u0101m uz \u012bpa\u0161u ziemas atjauno\u0161an\u0101s ritu\u0101lu \u2013 arom\u0101tisku, sildo\u0161u un ener\u0123iju atmodino\u0161u pieredzi. Mas\u0101\u017ea \u0137ermenim ar \u0113terisko e\u013c\u013cu, kuras sast\u0101v\u0101 ir apels\u012bns, mandar\u012bns, citrons un cajeput un Lime C vitam\u012bna sejas mas\u0101\u017ea \u013caus Jums uzmirdz\u0113t sv\u0113tku laik\u0101!<\/p>\n","protected":false},"featured_media":23983,"comment_status":"closed","ping_status":"closed","template":"","meta":{"_acf_changed":false},"product_brand":[],"product_cat":[46,126],"product_tag":[],"class_list":{"0":"post-23991","1":"product","2":"type-product","3":"status-publish","4":"has-post-thumbnail","6":"product_cat-spa-interneta-veikals-baltvilla","7":"product_cat-spa-masazas","9":"first","10":"instock","11":"virtual","12":"taxable","13":"purchasable","14":"product-type-simple"},"acf":[],"yoast_head":"<!-- This site is optimized with the Yoast SEO plugin v27.4 - https:\/\/yoast.com\/product\/yoast-seo-wordpress\/ -->\n<title>Uzmirdzi svetkos | Baltvilla spa | Baltvilla<\/title>\n<meta name=\"description\" content=\"\u012apa\u0161a spa \u0137erme\u0146a un sejas mas\u0101\u017ea ar \u0113terisko e\u013c\u013cu, kuras sast\u0101v\u0101 ir apels\u012bns, mandar\u012bns, citrons un cajeput un Lime C vitam\u012bna sejas mas\u0101\u017ea.\" \/>\n<meta name=\"robots\" content=\"index, follow, max-snippet:-1, max-image-preview:large, max-video-preview:-1\" \/>\n<link rel=\"canonical\" href=\"https:\/\/www.baltvilla.lv\/en\/veikals\/spa-interneta-veikals-baltvilla\/spa-masazas\/atjaunojosa-spa-masaza-uzmirdzi-svetkos\/\" \/>\n<meta property=\"og:locale\" content=\"en_US\" \/>\n<meta property=\"og:type\" content=\"article\" \/>\n<meta property=\"og:title\" content=\"Uzmirdzi svetkos | Baltvilla spa | Baltvilla\" \/>\n<meta property=\"og:description\" content=\"\u012apa\u0161a spa \u0137erme\u0146a un sejas mas\u0101\u017ea ar \u0113terisko e\u013c\u013cu, kuras sast\u0101v\u0101 ir apels\u012bns, mandar\u012bns, citrons un cajeput un Lime C vitam\u012bna sejas mas\u0101\u017ea.\" \/>\n<meta property=\"og:url\" content=\"https:\/\/www.baltvilla.lv\/en\/veikals\/spa-interneta-veikals-baltvilla\/spa-masazas\/atjaunojosa-spa-masaza-uzmirdzi-svetkos\/\" \/>\n<meta property=\"og:site_name\" content=\"Baltvilla\" \/>\n<meta property=\"article:modified_time\" content=\"2025-11-21T11:28:23+00:00\" \/>\n<meta property=\"og:image\" content=\"https:\/\/www.baltvilla.lv\/wp-content\/uploads\/2025\/11\/Bv-SPA-106.jpg\" \/>\n\t<meta property=\"og:image:width\" content=\"1800\" \/>\n\t<meta property=\"og:image:height\" content=\"1200\" \/>\n\t<meta property=\"og:image:type\" content=\"image\/jpeg\" \/>\n<meta name=\"twitter:card\" content=\"summary_large_image\" \/>\n<meta name=\"twitter:label1\" content=\"Est. reading time\" \/>\n\t<meta name=\"twitter:data1\" content=\"1 minute\" \/>\n<script type=\"application\/ld+json\" class=\"yoast-schema-graph\">{\"@context\":\"https:\\\/\\\/schema.org\",\"@graph\":[{\"@type\":\"WebPage\",\"@id\":\"https:\\\/\\\/www.baltvilla.lv\\\/en\\\/veikals\\\/spa-interneta-veikals-baltvilla\\\/spa-masazas\\\/atjaunojosa-spa-masaza-uzmirdzi-svetkos\\\/\",\"url\":\"https:\\\/\\\/www.baltvilla.lv\\\/en\\\/veikals\\\/spa-interneta-veikals-baltvilla\\\/spa-masazas\\\/atjaunojosa-spa-masaza-uzmirdzi-svetkos\\\/\",\"name\":\"Uzmirdzi svetkos | Baltvilla spa | Baltvilla\",\"isPartOf\":{\"@id\":\"https:\\\/\\\/www.baltvilla.lv\\\/en\\\/#website\"},\"primaryImageOfPage\":{\"@id\":\"https:\\\/\\\/www.baltvilla.lv\\\/en\\\/veikals\\\/spa-interneta-veikals-baltvilla\\\/spa-masazas\\\/atjaunojosa-spa-masaza-uzmirdzi-svetkos\\\/#primaryimage\"},\"image\":{\"@id\":\"https:\\\/\\\/www.baltvilla.lv\\\/en\\\/veikals\\\/spa-interneta-veikals-baltvilla\\\/spa-masazas\\\/atjaunojosa-spa-masaza-uzmirdzi-svetkos\\\/#primaryimage\"},\"thumbnailUrl\":\"https:\\\/\\\/www.baltvilla.lv\\\/wp-content\\\/uploads\\\/2025\\\/11\\\/Bv-SPA-106.jpg\",\"datePublished\":\"2025-11-21T11:11:21+00:00\",\"dateModified\":\"2025-11-21T11:28:23+00:00\",\"description\":\"\u012apa\u0161a spa \u0137erme\u0146a un sejas mas\u0101\u017ea ar \u0113terisko e\u013c\u013cu, kuras sast\u0101v\u0101 ir apels\u012bns, mandar\u012bns, citrons un cajeput un Lime C vitam\u012bna sejas mas\u0101\u017ea.\",\"breadcrumb\":{\"@id\":\"https:\\\/\\\/www.baltvilla.lv\\\/en\\\/veikals\\\/spa-interneta-veikals-baltvilla\\\/spa-masazas\\\/atjaunojosa-spa-masaza-uzmirdzi-svetkos\\\/#breadcrumb\"},\"inLanguage\":\"en-US\",\"potentialAction\":[{\"@type\":\"ReadAction\",\"target\":[\"https:\\\/\\\/www.baltvilla.lv\\\/en\\\/veikals\\\/spa-interneta-veikals-baltvilla\\\/spa-masazas\\\/atjaunojosa-spa-masaza-uzmirdzi-svetkos\\\/\"]}]},{\"@type\":\"ImageObject\",\"inLanguage\":\"en-US\",\"@id\":\"https:\\\/\\\/www.baltvilla.lv\\\/en\\\/veikals\\\/spa-interneta-veikals-baltvilla\\\/spa-masazas\\\/atjaunojosa-spa-masaza-uzmirdzi-svetkos\\\/#primaryimage\",\"url\":\"https:\\\/\\\/www.baltvilla.lv\\\/wp-content\\\/uploads\\\/2025\\\/11\\\/Bv-SPA-106.jpg\",\"contentUrl\":\"https:\\\/\\\/www.baltvilla.lv\\\/wp-content\\\/uploads\\\/2025\\\/11\\\/Bv-SPA-106.jpg\",\"width\":1800,\"height\":1200},{\"@type\":\"BreadcrumbList\",\"@id\":\"https:\\\/\\\/www.baltvilla.lv\\\/en\\\/veikals\\\/spa-interneta-veikals-baltvilla\\\/spa-masazas\\\/atjaunojosa-spa-masaza-uzmirdzi-svetkos\\\/#breadcrumb\",\"itemListElement\":[{\"@type\":\"ListItem\",\"position\":1,\"name\":\"Home\",\"item\":\"https:\\\/\\\/www.baltvilla.lv\\\/en\\\/\"},{\"@type\":\"ListItem\",\"position\":2,\"name\":\"Shop\",\"item\":\"https:\\\/\\\/www.baltvilla.lv\\\/shop-2\\\/?lang=en\"},{\"@type\":\"ListItem\",\"position\":3,\"name\":\"Atjaunojo\u0161a spa mas\u0101\u017ea \u201eUzmirdzi sv\u0113tkos\u201d\"}]},{\"@type\":\"WebSite\",\"@id\":\"https:\\\/\\\/www.baltvilla.lv\\\/en\\\/#website\",\"url\":\"https:\\\/\\\/www.baltvilla.lv\\\/en\\\/\",\"name\":\"Baltvilla\",\"description\":\"\",\"publisher\":{\"@id\":\"https:\\\/\\\/www.baltvilla.lv\\\/en\\\/#organization\"},\"potentialAction\":[{\"@type\":\"SearchAction\",\"target\":{\"@type\":\"EntryPoint\",\"urlTemplate\":\"https:\\\/\\\/www.baltvilla.lv\\\/en\\\/?s={search_term_string}\"},\"query-input\":{\"@type\":\"PropertyValueSpecification\",\"valueRequired\":true,\"valueName\":\"search_term_string\"}}],\"inLanguage\":\"en-US\"},{\"@type\":\"Organization\",\"@id\":\"https:\\\/\\\/www.baltvilla.lv\\\/en\\\/#organization\",\"name\":\"Hotel \\\"Baltvilla\\\"\",\"url\":\"https:\\\/\\\/www.baltvilla.lv\\\/en\\\/\",\"logo\":{\"@type\":\"ImageObject\",\"inLanguage\":\"en-US\",\"@id\":\"https:\\\/\\\/www.baltvilla.lv\\\/en\\\/#\\\/schema\\\/logo\\\/image\\\/\",\"url\":\"https:\\\/\\\/www.baltvilla.lv\\\/wp-content\\\/uploads\\\/2021\\\/04\\\/baltvilla-logo.png\",\"contentUrl\":\"https:\\\/\\\/www.baltvilla.lv\\\/wp-content\\\/uploads\\\/2021\\\/04\\\/baltvilla-logo.png\",\"width\":207,\"height\":42,\"caption\":\"Hotel \\\"Baltvilla\\\"\"},\"image\":{\"@id\":\"https:\\\/\\\/www.baltvilla.lv\\\/en\\\/#\\\/schema\\\/logo\\\/image\\\/\"}}]}<\/script>\n<!-- \/ Yoast SEO plugin. -->","yoast_head_json":{"title":"Uzmirdzi svetkos | Baltvilla spa | Baltvilla","description":"\u012apa\u0161a spa \u0137erme\u0146a un sejas mas\u0101\u017ea ar \u0113terisko e\u013c\u013cu, kuras sast\u0101v\u0101 ir apels\u012bns, mandar\u012bns, citrons un cajeput un Lime C vitam\u012bna sejas mas\u0101\u017ea.","robots":{"index":"index","follow":"follow","max-snippet":"max-snippet:-1","max-image-preview":"max-image-preview:large","max-video-preview":"max-video-preview:-1"},"canonical":"https:\/\/www.baltvilla.lv\/en\/veikals\/spa-interneta-veikals-baltvilla\/spa-masazas\/atjaunojosa-spa-masaza-uzmirdzi-svetkos\/","og_locale":"en_US","og_type":"article","og_title":"Uzmirdzi svetkos | Baltvilla spa | Baltvilla","og_description":"\u012apa\u0161a spa \u0137erme\u0146a un sejas mas\u0101\u017ea ar \u0113terisko e\u013c\u013cu, kuras sast\u0101v\u0101 ir apels\u012bns, mandar\u012bns, citrons un cajeput un Lime C vitam\u012bna sejas mas\u0101\u017ea.","og_url":"https:\/\/www.baltvilla.lv\/en\/veikals\/spa-interneta-veikals-baltvilla\/spa-masazas\/atjaunojosa-spa-masaza-uzmirdzi-svetkos\/","og_site_name":"Baltvilla","article_modified_time":"2025-11-21T11:28:23+00:00","og_image":[{"width":1800,"height":1200,"url":"https:\/\/www.baltvilla.lv\/wp-content\/uploads\/2025\/11\/Bv-SPA-106.jpg","type":"image\/jpeg"}],"twitter_card":"summary_large_image","twitter_misc":{"Est. reading time":"1 minute"},"schema":{"@context":"https:\/\/schema.org","@graph":[{"@type":"WebPage","@id":"https:\/\/www.baltvilla.lv\/en\/veikals\/spa-interneta-veikals-baltvilla\/spa-masazas\/atjaunojosa-spa-masaza-uzmirdzi-svetkos\/","url":"https:\/\/www.baltvilla.lv\/en\/veikals\/spa-interneta-veikals-baltvilla\/spa-masazas\/atjaunojosa-spa-masaza-uzmirdzi-svetkos\/","name":"Uzmirdzi svetkos | Baltvilla spa | Baltvilla","isPartOf":{"@id":"https:\/\/www.baltvilla.lv\/en\/#website"},"primaryImageOfPage":{"@id":"https:\/\/www.baltvilla.lv\/en\/veikals\/spa-interneta-veikals-baltvilla\/spa-masazas\/atjaunojosa-spa-masaza-uzmirdzi-svetkos\/#primaryimage"},"image":{"@id":"https:\/\/www.baltvilla.lv\/en\/veikals\/spa-interneta-veikals-baltvilla\/spa-masazas\/atjaunojosa-spa-masaza-uzmirdzi-svetkos\/#primaryimage"},"thumbnailUrl":"https:\/\/www.baltvilla.lv\/wp-content\/uploads\/2025\/11\/Bv-SPA-106.jpg","datePublished":"2025-11-21T11:11:21+00:00","dateModified":"2025-11-21T11:28:23+00:00","description":"\u012apa\u0161a spa \u0137erme\u0146a un sejas mas\u0101\u017ea ar \u0113terisko e\u013c\u013cu, kuras sast\u0101v\u0101 ir apels\u012bns, mandar\u012bns, citrons un cajeput un Lime C vitam\u012bna sejas mas\u0101\u017ea.","breadcrumb":{"@id":"https:\/\/www.baltvilla.lv\/en\/veikals\/spa-interneta-veikals-baltvilla\/spa-masazas\/atjaunojosa-spa-masaza-uzmirdzi-svetkos\/#breadcrumb"},"inLanguage":"en-US","potentialAction":[{"@type":"ReadAction","target":["https:\/\/www.baltvilla.lv\/en\/veikals\/spa-interneta-veikals-baltvilla\/spa-masazas\/atjaunojosa-spa-masaza-uzmirdzi-svetkos\/"]}]},{"@type":"ImageObject","inLanguage":"en-US","@id":"https:\/\/www.baltvilla.lv\/en\/veikals\/spa-interneta-veikals-baltvilla\/spa-masazas\/atjaunojosa-spa-masaza-uzmirdzi-svetkos\/#primaryimage","url":"https:\/\/www.baltvilla.lv\/wp-content\/uploads\/2025\/11\/Bv-SPA-106.jpg","contentUrl":"https:\/\/www.baltvilla.lv\/wp-content\/uploads\/2025\/11\/Bv-SPA-106.jpg","width":1800,"height":1200},{"@type":"BreadcrumbList","@id":"https:\/\/www.baltvilla.lv\/en\/veikals\/spa-interneta-veikals-baltvilla\/spa-masazas\/atjaunojosa-spa-masaza-uzmirdzi-svetkos\/#breadcrumb","itemListElement":[{"@type":"ListItem","position":1,"name":"Home","item":"https:\/\/www.baltvilla.lv\/en\/"},{"@type":"ListItem","position":2,"name":"Shop","item":"https:\/\/www.baltvilla.lv\/shop-2\/?lang=en"},{"@type":"ListItem","position":3,"name":"Atjaunojo\u0161a spa mas\u0101\u017ea \u201eUzmirdzi sv\u0113tkos\u201d"}]},{"@type":"WebSite","@id":"https:\/\/www.baltvilla.lv\/en\/#website","url":"https:\/\/www.baltvilla.lv\/en\/","name":"Baltvilla","description":"","publisher":{"@id":"https:\/\/www.baltvilla.lv\/en\/#organization"},"potentialAction":[{"@type":"SearchAction","target":{"@type":"EntryPoint","urlTemplate":"https:\/\/www.baltvilla.lv\/en\/?s={search_term_string}"},"query-input":{"@type":"PropertyValueSpecification","valueRequired":true,"valueName":"search_term_string"}}],"inLanguage":"en-US"},{"@type":"Organization","@id":"https:\/\/www.baltvilla.lv\/en\/#organization","name":"Hotel \"Baltvilla\"","url":"https:\/\/www.baltvilla.lv\/en\/","logo":{"@type":"ImageObject","inLanguage":"en-US","@id":"https:\/\/www.baltvilla.lv\/en\/#\/schema\/logo\/image\/","url":"https:\/\/www.baltvilla.lv\/wp-content\/uploads\/2021\/04\/baltvilla-logo.png","contentUrl":"https:\/\/www.baltvilla.lv\/wp-content\/uploads\/2021\/04\/baltvilla-logo.png","width":207,"height":42,"caption":"Hotel \"Baltvilla\""},"image":{"@id":"https:\/\/www.baltvilla.lv\/en\/#\/schema\/logo\/image\/"}}]}},"_links":{"self":[{"href":"https:\/\/www.baltvilla.lv\/en\/wp-json\/wp\/v2\/product\/23991","targetHints":{"allow":["GET"]}}],"collection":[{"href":"https:\/\/www.baltvilla.lv\/en\/wp-json\/wp\/v2\/product"}],"about":[{"href":"https:\/\/www.baltvilla.lv\/en\/wp-json\/wp\/v2\/types\/product"}],"replies":[{"embeddable":true,"href":"https:\/\/www.baltvilla.lv\/en\/wp-json\/wp\/v2\/comments?post=23991"}],"wp:featuredmedia":[{"embeddable":true,"href":"https:\/\/www.baltvilla.lv\/en\/wp-json\/wp\/v2\/media\/23983"}],"wp:attachment":[{"href":"https:\/\/www.baltvilla.lv\/en\/wp-json\/wp\/v2\/media?parent=23991"}],"wp:term":[{"taxonomy":"product_brand","embeddable":true,"href":"https:\/\/www.baltvilla.lv\/en\/wp-json\/wp\/v2\/product_brand?post=23991"},{"taxonomy":"product_cat","embeddable":true,"href":"https:\/\/www.baltvilla.lv\/en\/wp-json\/wp\/v2\/product_cat?post=23991"},{"taxonomy":"product_tag","embeddable":true,"href":"https:\/\/www.baltvilla.lv\/en\/wp-json\/wp\/v2\/product_tag?post=23991"}],"curies":[{"name":"wp","href":"https:\/\/api.w.org\/{rel}","templated":true}]}}