{"id":23943,"date":"2025-11-14T13:27:04","date_gmt":"2025-11-14T11:27:04","guid":{"rendered":"https:\/\/www.baltvilla.lv\/?post_type=product&#038;p=23943"},"modified":"2026-03-09T13:22:00","modified_gmt":"2026-03-09T11:22:00","slug":"pavasara-mirkli-baltvilla","status":"publish","type":"product","link":"https:\/\/www.baltvilla.lv\/en\/veikals\/ipasie-piedavajumi\/pavasara-mirkli-baltvilla\/","title":{"rendered":"Pavasara mirk\u013ci Baltvill\u0101"},"content":{"rendered":"<h3>Pied\u0101v\u0101jum\u0101 iek\u013cauti<\/h3>\n<ul>\n<li>Nak\u0161\u0146o\u0161ana div\u0101m person\u0101m viesn\u012bcas \u201eBaltvilla\u201d <a href=\"https:\/\/www.baltvilla.lv\/viesnica\/numuri\/superior-numurs\/\" target=\"_blank\" rel=\"noopener\">paaugstin\u0101tas kategorijas numur\u0101<\/a><\/li>\n<li>3 k\u0101rtu vakari\u0146as restor\u0101n\u0101<\/li>\n<li>Gardas un nesteidz\u012bgas brokastis n\u0101kamaj\u0101 r\u012bt\u0101. Sestdien\u0101s un sv\u0113tdien\u0101s brokastu laiks ir 7.30-12.00.<\/li>\n<li>Numur\u0101 pieejama t\u0113ja ar &#8220;Baltvillas&#8221; na\u0161\u0137iem.<\/li>\n<li>Labos laikapst\u0101k\u013cos pied\u0101v\u0101jam izbraucienu ar velosip\u0113diem.<\/li>\n<\/ul>\n<h3>Papildu inform\u0101cija<\/h3>\n<ul>\n<li>Iera\u0161an\u0101s viesn\u012bc\u0101 ir iesp\u0113jama no plkst. 15.00. Neatkar\u012bgi no iera\u0161an\u0101s laika izrakst\u012b\u0161an\u0101s laiks ir l\u012bdz plkst. 12.00.<\/li>\n<\/ul>\n","protected":false},"excerpt":{"rendered":"<p>Aizmirsti steigu un \u013cauj sev ienirt \u012bs\u0101, bet mierpiln\u0101 noska\u0146\u0101. J\u016bs sagaid\u012bs komfortabls numurs, izsmalcin\u0101tas vakari\u0146as restor\u0101n\u0101 <em>Baltvilla<\/em> un nesteidz\u012bgas brokastis. \u013bauj sev siltiem un patiesi baud\u0101miem atp\u016btas mirk\u013ciem \u2014 Baltvilla par\u016bp\u0113sies par visu p\u0101r\u0113jo.<\/p>\n","protected":false},"featured_media":24771,"comment_status":"closed","ping_status":"closed","template":"","meta":{"_acf_changed":false},"product_brand":[],"product_cat":[33],"product_tag":[],"class_list":{"0":"post-23943","1":"product","2":"type-product","3":"status-publish","4":"has-post-thumbnail","6":"product_cat-ipasie-piedavajumi","8":"first","9":"instock","10":"taxable","11":"shipping-taxable","12":"purchasable","13":"product-type-simple"},"acf":[],"yoast_head":"<!-- This site is optimized with the Yoast SEO plugin v27.4 - https:\/\/yoast.com\/product\/yoast-seo-wordpress\/ -->\n<title>Pavasara mirk\u013ci Baltvill\u0101 | \u012apa\u0161ais pied\u0101v\u0101jums | \u201eBaltvilla\u201d<\/title>\n<meta name=\"description\" content=\"Aizmirsti steigu un \u013cauj sev ienirt \u012bs\u0101, bet mierpiln\u0101 noska\u0146\u0101.Tevi sagaid\u012bs \u0113rts numurs, izsmalcin\u0101tas vakari\u0146as un nesteidz\u012bgas brokastis.\" \/>\n<meta name=\"robots\" content=\"index, follow, max-snippet:-1, max-image-preview:large, max-video-preview:-1\" \/>\n<link rel=\"canonical\" href=\"https:\/\/www.baltvilla.lv\/en\/veikals\/ipasie-piedavajumi\/pavasara-mirkli-baltvilla\/\" \/>\n<meta property=\"og:locale\" content=\"en_US\" \/>\n<meta property=\"og:type\" content=\"article\" \/>\n<meta property=\"og:title\" content=\"Pavasara mirk\u013ci Baltvill\u0101 | \u012apa\u0161ais pied\u0101v\u0101jums | \u201eBaltvilla\u201d\" \/>\n<meta property=\"og:description\" content=\"Aizmirsti steigu un \u013cauj sev ienirt \u012bs\u0101, bet mierpiln\u0101 noska\u0146\u0101.Tevi sagaid\u012bs \u0113rts numurs, izsmalcin\u0101tas vakari\u0146as un nesteidz\u012bgas brokastis.\" \/>\n<meta property=\"og:url\" content=\"https:\/\/www.baltvilla.lv\/en\/veikals\/ipasie-piedavajumi\/pavasara-mirkli-baltvilla\/\" \/>\n<meta property=\"og:site_name\" content=\"Baltvilla\" \/>\n<meta property=\"article:modified_time\" content=\"2026-03-09T11:22:00+00:00\" \/>\n<meta property=\"og:image\" content=\"https:\/\/www.baltvilla.lv\/wp-content\/uploads\/2025\/11\/SUP_DBL_67.jpg\" \/>\n\t<meta property=\"og:image:width\" content=\"1600\" \/>\n\t<meta property=\"og:image:height\" content=\"1067\" \/>\n\t<meta property=\"og:image:type\" content=\"image\/jpeg\" \/>\n<meta name=\"twitter:card\" content=\"summary_large_image\" \/>\n<meta name=\"twitter:label1\" content=\"Est. reading time\" \/>\n\t<meta name=\"twitter:data1\" content=\"1 minute\" \/>\n<script type=\"application\/ld+json\" class=\"yoast-schema-graph\">{\"@context\":\"https:\\\/\\\/schema.org\",\"@graph\":[{\"@type\":\"WebPage\",\"@id\":\"https:\\\/\\\/www.baltvilla.lv\\\/en\\\/veikals\\\/ipasie-piedavajumi\\\/pavasara-mirkli-baltvilla\\\/\",\"url\":\"https:\\\/\\\/www.baltvilla.lv\\\/en\\\/veikals\\\/ipasie-piedavajumi\\\/pavasara-mirkli-baltvilla\\\/\",\"name\":\"Pavasara mirk\u013ci Baltvill\u0101 | \u012apa\u0161ais pied\u0101v\u0101jums | \u201eBaltvilla\u201d\",\"isPartOf\":{\"@id\":\"https:\\\/\\\/www.baltvilla.lv\\\/en\\\/#website\"},\"primaryImageOfPage\":{\"@id\":\"https:\\\/\\\/www.baltvilla.lv\\\/en\\\/veikals\\\/ipasie-piedavajumi\\\/pavasara-mirkli-baltvilla\\\/#primaryimage\"},\"image\":{\"@id\":\"https:\\\/\\\/www.baltvilla.lv\\\/en\\\/veikals\\\/ipasie-piedavajumi\\\/pavasara-mirkli-baltvilla\\\/#primaryimage\"},\"thumbnailUrl\":\"https:\\\/\\\/www.baltvilla.lv\\\/wp-content\\\/uploads\\\/2025\\\/11\\\/SUP_DBL_67.jpg\",\"datePublished\":\"2025-11-14T11:27:04+00:00\",\"dateModified\":\"2026-03-09T11:22:00+00:00\",\"description\":\"Aizmirsti steigu un \u013cauj sev ienirt \u012bs\u0101, bet mierpiln\u0101 noska\u0146\u0101.Tevi sagaid\u012bs \u0113rts numurs, izsmalcin\u0101tas vakari\u0146as un nesteidz\u012bgas brokastis.\",\"breadcrumb\":{\"@id\":\"https:\\\/\\\/www.baltvilla.lv\\\/en\\\/veikals\\\/ipasie-piedavajumi\\\/pavasara-mirkli-baltvilla\\\/#breadcrumb\"},\"inLanguage\":\"en-US\",\"potentialAction\":[{\"@type\":\"ReadAction\",\"target\":[\"https:\\\/\\\/www.baltvilla.lv\\\/en\\\/veikals\\\/ipasie-piedavajumi\\\/pavasara-mirkli-baltvilla\\\/\"]}]},{\"@type\":\"ImageObject\",\"inLanguage\":\"en-US\",\"@id\":\"https:\\\/\\\/www.baltvilla.lv\\\/en\\\/veikals\\\/ipasie-piedavajumi\\\/pavasara-mirkli-baltvilla\\\/#primaryimage\",\"url\":\"https:\\\/\\\/www.baltvilla.lv\\\/wp-content\\\/uploads\\\/2025\\\/11\\\/SUP_DBL_67.jpg\",\"contentUrl\":\"https:\\\/\\\/www.baltvilla.lv\\\/wp-content\\\/uploads\\\/2025\\\/11\\\/SUP_DBL_67.jpg\",\"width\":1600,\"height\":1067},{\"@type\":\"BreadcrumbList\",\"@id\":\"https:\\\/\\\/www.baltvilla.lv\\\/en\\\/veikals\\\/ipasie-piedavajumi\\\/pavasara-mirkli-baltvilla\\\/#breadcrumb\",\"itemListElement\":[{\"@type\":\"ListItem\",\"position\":1,\"name\":\"Home\",\"item\":\"https:\\\/\\\/www.baltvilla.lv\\\/en\\\/\"},{\"@type\":\"ListItem\",\"position\":2,\"name\":\"Shop\",\"item\":\"https:\\\/\\\/www.baltvilla.lv\\\/shop-2\\\/?lang=en\"},{\"@type\":\"ListItem\",\"position\":3,\"name\":\"Pavasara mirk\u013ci Baltvill\u0101\"}]},{\"@type\":\"WebSite\",\"@id\":\"https:\\\/\\\/www.baltvilla.lv\\\/en\\\/#website\",\"url\":\"https:\\\/\\\/www.baltvilla.lv\\\/en\\\/\",\"name\":\"Baltvilla\",\"description\":\"\",\"publisher\":{\"@id\":\"https:\\\/\\\/www.baltvilla.lv\\\/en\\\/#organization\"},\"potentialAction\":[{\"@type\":\"SearchAction\",\"target\":{\"@type\":\"EntryPoint\",\"urlTemplate\":\"https:\\\/\\\/www.baltvilla.lv\\\/en\\\/?s={search_term_string}\"},\"query-input\":{\"@type\":\"PropertyValueSpecification\",\"valueRequired\":true,\"valueName\":\"search_term_string\"}}],\"inLanguage\":\"en-US\"},{\"@type\":\"Organization\",\"@id\":\"https:\\\/\\\/www.baltvilla.lv\\\/en\\\/#organization\",\"name\":\"Hotel \\\"Baltvilla\\\"\",\"url\":\"https:\\\/\\\/www.baltvilla.lv\\\/en\\\/\",\"logo\":{\"@type\":\"ImageObject\",\"inLanguage\":\"en-US\",\"@id\":\"https:\\\/\\\/www.baltvilla.lv\\\/en\\\/#\\\/schema\\\/logo\\\/image\\\/\",\"url\":\"https:\\\/\\\/www.baltvilla.lv\\\/wp-content\\\/uploads\\\/2021\\\/04\\\/baltvilla-logo.png\",\"contentUrl\":\"https:\\\/\\\/www.baltvilla.lv\\\/wp-content\\\/uploads\\\/2021\\\/04\\\/baltvilla-logo.png\",\"width\":207,\"height\":42,\"caption\":\"Hotel \\\"Baltvilla\\\"\"},\"image\":{\"@id\":\"https:\\\/\\\/www.baltvilla.lv\\\/en\\\/#\\\/schema\\\/logo\\\/image\\\/\"}}]}<\/script>\n<!-- \/ Yoast SEO plugin. -->","yoast_head_json":{"title":"Pavasara mirk\u013ci Baltvill\u0101 | \u012apa\u0161ais pied\u0101v\u0101jums | \u201eBaltvilla\u201d","description":"Aizmirsti steigu un \u013cauj sev ienirt \u012bs\u0101, bet mierpiln\u0101 noska\u0146\u0101.Tevi sagaid\u012bs \u0113rts numurs, izsmalcin\u0101tas vakari\u0146as un nesteidz\u012bgas brokastis.","robots":{"index":"index","follow":"follow","max-snippet":"max-snippet:-1","max-image-preview":"max-image-preview:large","max-video-preview":"max-video-preview:-1"},"canonical":"https:\/\/www.baltvilla.lv\/en\/veikals\/ipasie-piedavajumi\/pavasara-mirkli-baltvilla\/","og_locale":"en_US","og_type":"article","og_title":"Pavasara mirk\u013ci Baltvill\u0101 | \u012apa\u0161ais pied\u0101v\u0101jums | \u201eBaltvilla\u201d","og_description":"Aizmirsti steigu un \u013cauj sev ienirt \u012bs\u0101, bet mierpiln\u0101 noska\u0146\u0101.Tevi sagaid\u012bs \u0113rts numurs, izsmalcin\u0101tas vakari\u0146as un nesteidz\u012bgas brokastis.","og_url":"https:\/\/www.baltvilla.lv\/en\/veikals\/ipasie-piedavajumi\/pavasara-mirkli-baltvilla\/","og_site_name":"Baltvilla","article_modified_time":"2026-03-09T11:22:00+00:00","og_image":[{"width":1600,"height":1067,"url":"https:\/\/www.baltvilla.lv\/wp-content\/uploads\/2025\/11\/SUP_DBL_67.jpg","type":"image\/jpeg"}],"twitter_card":"summary_large_image","twitter_misc":{"Est. reading time":"1 minute"},"schema":{"@context":"https:\/\/schema.org","@graph":[{"@type":"WebPage","@id":"https:\/\/www.baltvilla.lv\/en\/veikals\/ipasie-piedavajumi\/pavasara-mirkli-baltvilla\/","url":"https:\/\/www.baltvilla.lv\/en\/veikals\/ipasie-piedavajumi\/pavasara-mirkli-baltvilla\/","name":"Pavasara mirk\u013ci Baltvill\u0101 | \u012apa\u0161ais pied\u0101v\u0101jums | \u201eBaltvilla\u201d","isPartOf":{"@id":"https:\/\/www.baltvilla.lv\/en\/#website"},"primaryImageOfPage":{"@id":"https:\/\/www.baltvilla.lv\/en\/veikals\/ipasie-piedavajumi\/pavasara-mirkli-baltvilla\/#primaryimage"},"image":{"@id":"https:\/\/www.baltvilla.lv\/en\/veikals\/ipasie-piedavajumi\/pavasara-mirkli-baltvilla\/#primaryimage"},"thumbnailUrl":"https:\/\/www.baltvilla.lv\/wp-content\/uploads\/2025\/11\/SUP_DBL_67.jpg","datePublished":"2025-11-14T11:27:04+00:00","dateModified":"2026-03-09T11:22:00+00:00","description":"Aizmirsti steigu un \u013cauj sev ienirt \u012bs\u0101, bet mierpiln\u0101 noska\u0146\u0101.Tevi sagaid\u012bs \u0113rts numurs, izsmalcin\u0101tas vakari\u0146as un nesteidz\u012bgas brokastis.","breadcrumb":{"@id":"https:\/\/www.baltvilla.lv\/en\/veikals\/ipasie-piedavajumi\/pavasara-mirkli-baltvilla\/#breadcrumb"},"inLanguage":"en-US","potentialAction":[{"@type":"ReadAction","target":["https:\/\/www.baltvilla.lv\/en\/veikals\/ipasie-piedavajumi\/pavasara-mirkli-baltvilla\/"]}]},{"@type":"ImageObject","inLanguage":"en-US","@id":"https:\/\/www.baltvilla.lv\/en\/veikals\/ipasie-piedavajumi\/pavasara-mirkli-baltvilla\/#primaryimage","url":"https:\/\/www.baltvilla.lv\/wp-content\/uploads\/2025\/11\/SUP_DBL_67.jpg","contentUrl":"https:\/\/www.baltvilla.lv\/wp-content\/uploads\/2025\/11\/SUP_DBL_67.jpg","width":1600,"height":1067},{"@type":"BreadcrumbList","@id":"https:\/\/www.baltvilla.lv\/en\/veikals\/ipasie-piedavajumi\/pavasara-mirkli-baltvilla\/#breadcrumb","itemListElement":[{"@type":"ListItem","position":1,"name":"Home","item":"https:\/\/www.baltvilla.lv\/en\/"},{"@type":"ListItem","position":2,"name":"Shop","item":"https:\/\/www.baltvilla.lv\/shop-2\/?lang=en"},{"@type":"ListItem","position":3,"name":"Pavasara mirk\u013ci Baltvill\u0101"}]},{"@type":"WebSite","@id":"https:\/\/www.baltvilla.lv\/en\/#website","url":"https:\/\/www.baltvilla.lv\/en\/","name":"Baltvilla","description":"","publisher":{"@id":"https:\/\/www.baltvilla.lv\/en\/#organization"},"potentialAction":[{"@type":"SearchAction","target":{"@type":"EntryPoint","urlTemplate":"https:\/\/www.baltvilla.lv\/en\/?s={search_term_string}"},"query-input":{"@type":"PropertyValueSpecification","valueRequired":true,"valueName":"search_term_string"}}],"inLanguage":"en-US"},{"@type":"Organization","@id":"https:\/\/www.baltvilla.lv\/en\/#organization","name":"Hotel \"Baltvilla\"","url":"https:\/\/www.baltvilla.lv\/en\/","logo":{"@type":"ImageObject","inLanguage":"en-US","@id":"https:\/\/www.baltvilla.lv\/en\/#\/schema\/logo\/image\/","url":"https:\/\/www.baltvilla.lv\/wp-content\/uploads\/2021\/04\/baltvilla-logo.png","contentUrl":"https:\/\/www.baltvilla.lv\/wp-content\/uploads\/2021\/04\/baltvilla-logo.png","width":207,"height":42,"caption":"Hotel \"Baltvilla\""},"image":{"@id":"https:\/\/www.baltvilla.lv\/en\/#\/schema\/logo\/image\/"}}]}},"_links":{"self":[{"href":"https:\/\/www.baltvilla.lv\/en\/wp-json\/wp\/v2\/product\/23943","targetHints":{"allow":["GET"]}}],"collection":[{"href":"https:\/\/www.baltvilla.lv\/en\/wp-json\/wp\/v2\/product"}],"about":[{"href":"https:\/\/www.baltvilla.lv\/en\/wp-json\/wp\/v2\/types\/product"}],"replies":[{"embeddable":true,"href":"https:\/\/www.baltvilla.lv\/en\/wp-json\/wp\/v2\/comments?post=23943"}],"wp:featuredmedia":[{"embeddable":true,"href":"https:\/\/www.baltvilla.lv\/en\/wp-json\/wp\/v2\/media\/24771"}],"wp:attachment":[{"href":"https:\/\/www.baltvilla.lv\/en\/wp-json\/wp\/v2\/media?parent=23943"}],"wp:term":[{"taxonomy":"product_brand","embeddable":true,"href":"https:\/\/www.baltvilla.lv\/en\/wp-json\/wp\/v2\/product_brand?post=23943"},{"taxonomy":"product_cat","embeddable":true,"href":"https:\/\/www.baltvilla.lv\/en\/wp-json\/wp\/v2\/product_cat?post=23943"},{"taxonomy":"product_tag","embeddable":true,"href":"https:\/\/www.baltvilla.lv\/en\/wp-json\/wp\/v2\/product_tag?post=23943"}],"curies":[{"name":"wp","href":"https:\/\/api.w.org\/{rel}","templated":true}]}}