{"id":22378,"date":"2025-05-09T14:58:45","date_gmt":"2025-05-09T11:58:45","guid":{"rendered":"https:\/\/www.baltvilla.lv\/?post_type=product&#038;p=22378"},"modified":"2026-01-28T10:47:37","modified_gmt":"2026-01-28T08:47:37","slug":"uzkodas-svinibam-1","status":"publish","type":"product","link":"https:\/\/www.baltvilla.lv\/en\/veikals\/banketi\/uzkodas-svinibu-galdam-banketi\/uzkodas-svinibam-1\/","title":{"rendered":"Uzkodas svin\u012bb\u0101m 1"},"content":{"rendered":"<ul>\n<li>Gril\u0113tu t\u012b\u0123ergarne\u013cu un romie\u0161u lapu sal\u0101ti ar an\u0161ovu kr\u0113mu un Parmez\u0101na sieru<\/li>\n<li>Ceptas Latvijas bietes ar kazas sieru, apels\u012bnu filej\u0101m, ciedru riekstiem un medus\u2013trife\u013cu m\u0113rci<\/li>\n<li>C\u016bkga\u013cas ter\u012bne ar p\u012bles aknu past\u0113ti, gril\u0113tu papriku un marin\u0113tu patisonu<\/li>\n<li>Brie\u017ea ga\u013cas tartars ar olu dzeltenuma g\u0113lu, marin\u0113tu patisonu un kartupe\u013cu \u010dipsiem<\/li>\n<li>Za\u013cumos un saldsk\u0101b\u0101 m\u0113rc\u0113 iztur\u0113ts zandarts ar burk\u0101niem un fenheli viegl\u0101 <em>escabeche<\/em> marin\u0101d\u0113<\/li>\n<\/ul>\n","protected":false},"excerpt":{"rendered":"<p style=\"margin: 0cm;\">\u0160is uzkodu pied\u0101v\u0101jums paredz\u0113ts j\u016bsu svin\u012bb\u0101m restor\u0101n\u0101, lai uzaicin\u0101tie viesi justos gaid\u012bti un gardi pacien\u0101ti jau no pirm\u0101 mirk\u013ca! Uzkodas atrad\u012bsies uz jums paredz\u0113t\u0101 galda un iedvesmos gar\u0161u k\u0101rpi\u0146as pirms pamat\u0113dienu pasnieg\u0161anas. T\u0101s lieliski sader\u0113s gan ar v\u012bniem, gan aperit\u012bviem.<\/p>\n<p>Minim\u0101lais pas\u016bt\u012bjums 6 pers.<\/p>\n<p>&nbsp;<\/p>\n","protected":false},"featured_media":22379,"comment_status":"open","ping_status":"closed","template":"","meta":{"_acf_changed":false},"product_brand":[],"product_cat":[109,115],"product_tag":[],"class_list":{"0":"post-22378","1":"product","2":"type-product","3":"status-publish","4":"has-post-thumbnail","6":"product_cat-banketi","7":"product_cat-uzkodas-svinibu-galdam-banketi","9":"first","10":"instock","11":"taxable","12":"shipping-taxable","13":"purchasable","14":"product-type-simple"},"acf":[],"yoast_head":"<!-- This site is optimized with the Yoast SEO plugin v27.4 - https:\/\/yoast.com\/product\/yoast-seo-wordpress\/ -->\n<title>Uzkodas svinibu galdam | Banketi | Baltvilla<\/title>\n<meta name=\"description\" content=\"Daudzveid\u012bgas uzkodas sv\u0113tku galdam vai svin\u012bb\u0101m - ve\u0123et\u0101r\u0101s, ar zivi vai ga\u013cu. \u0112rti pas\u016bt\u0101mas un serv\u0113jamas svin\u012bb\u0101m, korporat\u012bvajiem pas\u0101kumiem.\" \/>\n<meta name=\"robots\" content=\"index, follow, max-snippet:-1, max-image-preview:large, max-video-preview:-1\" \/>\n<link rel=\"canonical\" href=\"https:\/\/www.baltvilla.lv\/en\/veikals\/banketi\/uzkodas-svinibu-galdam-banketi\/uzkodas-svinibam-1\/\" \/>\n<meta property=\"og:locale\" content=\"en_US\" \/>\n<meta property=\"og:type\" content=\"article\" \/>\n<meta property=\"og:title\" content=\"Uzkodas svinibu galdam | Banketi | Baltvilla\" \/>\n<meta property=\"og:description\" content=\"Daudzveid\u012bgas uzkodas sv\u0113tku galdam vai svin\u012bb\u0101m - ve\u0123et\u0101r\u0101s, ar zivi vai ga\u013cu. \u0112rti pas\u016bt\u0101mas un serv\u0113jamas svin\u012bb\u0101m, korporat\u012bvajiem pas\u0101kumiem.\" \/>\n<meta property=\"og:url\" content=\"https:\/\/www.baltvilla.lv\/en\/veikals\/banketi\/uzkodas-svinibu-galdam-banketi\/uzkodas-svinibam-1\/\" \/>\n<meta property=\"og:site_name\" content=\"Baltvilla\" \/>\n<meta property=\"article:modified_time\" content=\"2026-01-28T08:47:37+00:00\" \/>\n<meta property=\"og:image\" content=\"https:\/\/www.baltvilla.lv\/wp-content\/uploads\/2025\/05\/BV9-65.jpg\" \/>\n\t<meta property=\"og:image:width\" content=\"1800\" \/>\n\t<meta property=\"og:image:height\" content=\"1200\" \/>\n\t<meta property=\"og:image:type\" content=\"image\/jpeg\" \/>\n<meta name=\"twitter:card\" content=\"summary_large_image\" \/>\n<meta name=\"twitter:label1\" content=\"Est. reading time\" \/>\n\t<meta name=\"twitter:data1\" content=\"1 minute\" \/>\n<script type=\"application\/ld+json\" class=\"yoast-schema-graph\">{\"@context\":\"https:\\\/\\\/schema.org\",\"@graph\":[{\"@type\":\"WebPage\",\"@id\":\"https:\\\/\\\/www.baltvilla.lv\\\/en\\\/veikals\\\/banketi\\\/uzkodas-svinibu-galdam-banketi\\\/uzkodas-svinibam-1\\\/\",\"url\":\"https:\\\/\\\/www.baltvilla.lv\\\/en\\\/veikals\\\/banketi\\\/uzkodas-svinibu-galdam-banketi\\\/uzkodas-svinibam-1\\\/\",\"name\":\"Uzkodas svinibu galdam | Banketi | Baltvilla\",\"isPartOf\":{\"@id\":\"https:\\\/\\\/www.baltvilla.lv\\\/en\\\/#website\"},\"primaryImageOfPage\":{\"@id\":\"https:\\\/\\\/www.baltvilla.lv\\\/en\\\/veikals\\\/banketi\\\/uzkodas-svinibu-galdam-banketi\\\/uzkodas-svinibam-1\\\/#primaryimage\"},\"image\":{\"@id\":\"https:\\\/\\\/www.baltvilla.lv\\\/en\\\/veikals\\\/banketi\\\/uzkodas-svinibu-galdam-banketi\\\/uzkodas-svinibam-1\\\/#primaryimage\"},\"thumbnailUrl\":\"https:\\\/\\\/www.baltvilla.lv\\\/wp-content\\\/uploads\\\/2025\\\/05\\\/BV9-65.jpg\",\"datePublished\":\"2025-05-09T11:58:45+00:00\",\"dateModified\":\"2026-01-28T08:47:37+00:00\",\"description\":\"Daudzveid\u012bgas uzkodas sv\u0113tku galdam vai svin\u012bb\u0101m - ve\u0123et\u0101r\u0101s, ar zivi vai ga\u013cu. \u0112rti pas\u016bt\u0101mas un serv\u0113jamas svin\u012bb\u0101m, korporat\u012bvajiem pas\u0101kumiem.\",\"breadcrumb\":{\"@id\":\"https:\\\/\\\/www.baltvilla.lv\\\/en\\\/veikals\\\/banketi\\\/uzkodas-svinibu-galdam-banketi\\\/uzkodas-svinibam-1\\\/#breadcrumb\"},\"inLanguage\":\"en-US\",\"potentialAction\":[{\"@type\":\"ReadAction\",\"target\":[\"https:\\\/\\\/www.baltvilla.lv\\\/en\\\/veikals\\\/banketi\\\/uzkodas-svinibu-galdam-banketi\\\/uzkodas-svinibam-1\\\/\"]}]},{\"@type\":\"ImageObject\",\"inLanguage\":\"en-US\",\"@id\":\"https:\\\/\\\/www.baltvilla.lv\\\/en\\\/veikals\\\/banketi\\\/uzkodas-svinibu-galdam-banketi\\\/uzkodas-svinibam-1\\\/#primaryimage\",\"url\":\"https:\\\/\\\/www.baltvilla.lv\\\/wp-content\\\/uploads\\\/2025\\\/05\\\/BV9-65.jpg\",\"contentUrl\":\"https:\\\/\\\/www.baltvilla.lv\\\/wp-content\\\/uploads\\\/2025\\\/05\\\/BV9-65.jpg\",\"width\":1800,\"height\":1200},{\"@type\":\"BreadcrumbList\",\"@id\":\"https:\\\/\\\/www.baltvilla.lv\\\/en\\\/veikals\\\/banketi\\\/uzkodas-svinibu-galdam-banketi\\\/uzkodas-svinibam-1\\\/#breadcrumb\",\"itemListElement\":[{\"@type\":\"ListItem\",\"position\":1,\"name\":\"Home\",\"item\":\"https:\\\/\\\/www.baltvilla.lv\\\/en\\\/\"},{\"@type\":\"ListItem\",\"position\":2,\"name\":\"Shop\",\"item\":\"https:\\\/\\\/www.baltvilla.lv\\\/shop-2\\\/?lang=en\"},{\"@type\":\"ListItem\",\"position\":3,\"name\":\"Uzkodas svin\u012bb\u0101m 1\"}]},{\"@type\":\"WebSite\",\"@id\":\"https:\\\/\\\/www.baltvilla.lv\\\/en\\\/#website\",\"url\":\"https:\\\/\\\/www.baltvilla.lv\\\/en\\\/\",\"name\":\"Baltvilla\",\"description\":\"\",\"publisher\":{\"@id\":\"https:\\\/\\\/www.baltvilla.lv\\\/en\\\/#organization\"},\"potentialAction\":[{\"@type\":\"SearchAction\",\"target\":{\"@type\":\"EntryPoint\",\"urlTemplate\":\"https:\\\/\\\/www.baltvilla.lv\\\/en\\\/?s={search_term_string}\"},\"query-input\":{\"@type\":\"PropertyValueSpecification\",\"valueRequired\":true,\"valueName\":\"search_term_string\"}}],\"inLanguage\":\"en-US\"},{\"@type\":\"Organization\",\"@id\":\"https:\\\/\\\/www.baltvilla.lv\\\/en\\\/#organization\",\"name\":\"Hotel \\\"Baltvilla\\\"\",\"url\":\"https:\\\/\\\/www.baltvilla.lv\\\/en\\\/\",\"logo\":{\"@type\":\"ImageObject\",\"inLanguage\":\"en-US\",\"@id\":\"https:\\\/\\\/www.baltvilla.lv\\\/en\\\/#\\\/schema\\\/logo\\\/image\\\/\",\"url\":\"https:\\\/\\\/www.baltvilla.lv\\\/wp-content\\\/uploads\\\/2021\\\/04\\\/baltvilla-logo.png\",\"contentUrl\":\"https:\\\/\\\/www.baltvilla.lv\\\/wp-content\\\/uploads\\\/2021\\\/04\\\/baltvilla-logo.png\",\"width\":207,\"height\":42,\"caption\":\"Hotel \\\"Baltvilla\\\"\"},\"image\":{\"@id\":\"https:\\\/\\\/www.baltvilla.lv\\\/en\\\/#\\\/schema\\\/logo\\\/image\\\/\"}}]}<\/script>\n<!-- \/ Yoast SEO plugin. -->","yoast_head_json":{"title":"Uzkodas svinibu galdam | Banketi | Baltvilla","description":"Daudzveid\u012bgas uzkodas sv\u0113tku galdam vai svin\u012bb\u0101m - ve\u0123et\u0101r\u0101s, ar zivi vai ga\u013cu. \u0112rti pas\u016bt\u0101mas un serv\u0113jamas svin\u012bb\u0101m, korporat\u012bvajiem pas\u0101kumiem.","robots":{"index":"index","follow":"follow","max-snippet":"max-snippet:-1","max-image-preview":"max-image-preview:large","max-video-preview":"max-video-preview:-1"},"canonical":"https:\/\/www.baltvilla.lv\/en\/veikals\/banketi\/uzkodas-svinibu-galdam-banketi\/uzkodas-svinibam-1\/","og_locale":"en_US","og_type":"article","og_title":"Uzkodas svinibu galdam | Banketi | Baltvilla","og_description":"Daudzveid\u012bgas uzkodas sv\u0113tku galdam vai svin\u012bb\u0101m - ve\u0123et\u0101r\u0101s, ar zivi vai ga\u013cu. \u0112rti pas\u016bt\u0101mas un serv\u0113jamas svin\u012bb\u0101m, korporat\u012bvajiem pas\u0101kumiem.","og_url":"https:\/\/www.baltvilla.lv\/en\/veikals\/banketi\/uzkodas-svinibu-galdam-banketi\/uzkodas-svinibam-1\/","og_site_name":"Baltvilla","article_modified_time":"2026-01-28T08:47:37+00:00","og_image":[{"width":1800,"height":1200,"url":"https:\/\/www.baltvilla.lv\/wp-content\/uploads\/2025\/05\/BV9-65.jpg","type":"image\/jpeg"}],"twitter_card":"summary_large_image","twitter_misc":{"Est. reading time":"1 minute"},"schema":{"@context":"https:\/\/schema.org","@graph":[{"@type":"WebPage","@id":"https:\/\/www.baltvilla.lv\/en\/veikals\/banketi\/uzkodas-svinibu-galdam-banketi\/uzkodas-svinibam-1\/","url":"https:\/\/www.baltvilla.lv\/en\/veikals\/banketi\/uzkodas-svinibu-galdam-banketi\/uzkodas-svinibam-1\/","name":"Uzkodas svinibu galdam | Banketi | Baltvilla","isPartOf":{"@id":"https:\/\/www.baltvilla.lv\/en\/#website"},"primaryImageOfPage":{"@id":"https:\/\/www.baltvilla.lv\/en\/veikals\/banketi\/uzkodas-svinibu-galdam-banketi\/uzkodas-svinibam-1\/#primaryimage"},"image":{"@id":"https:\/\/www.baltvilla.lv\/en\/veikals\/banketi\/uzkodas-svinibu-galdam-banketi\/uzkodas-svinibam-1\/#primaryimage"},"thumbnailUrl":"https:\/\/www.baltvilla.lv\/wp-content\/uploads\/2025\/05\/BV9-65.jpg","datePublished":"2025-05-09T11:58:45+00:00","dateModified":"2026-01-28T08:47:37+00:00","description":"Daudzveid\u012bgas uzkodas sv\u0113tku galdam vai svin\u012bb\u0101m - ve\u0123et\u0101r\u0101s, ar zivi vai ga\u013cu. \u0112rti pas\u016bt\u0101mas un serv\u0113jamas svin\u012bb\u0101m, korporat\u012bvajiem pas\u0101kumiem.","breadcrumb":{"@id":"https:\/\/www.baltvilla.lv\/en\/veikals\/banketi\/uzkodas-svinibu-galdam-banketi\/uzkodas-svinibam-1\/#breadcrumb"},"inLanguage":"en-US","potentialAction":[{"@type":"ReadAction","target":["https:\/\/www.baltvilla.lv\/en\/veikals\/banketi\/uzkodas-svinibu-galdam-banketi\/uzkodas-svinibam-1\/"]}]},{"@type":"ImageObject","inLanguage":"en-US","@id":"https:\/\/www.baltvilla.lv\/en\/veikals\/banketi\/uzkodas-svinibu-galdam-banketi\/uzkodas-svinibam-1\/#primaryimage","url":"https:\/\/www.baltvilla.lv\/wp-content\/uploads\/2025\/05\/BV9-65.jpg","contentUrl":"https:\/\/www.baltvilla.lv\/wp-content\/uploads\/2025\/05\/BV9-65.jpg","width":1800,"height":1200},{"@type":"BreadcrumbList","@id":"https:\/\/www.baltvilla.lv\/en\/veikals\/banketi\/uzkodas-svinibu-galdam-banketi\/uzkodas-svinibam-1\/#breadcrumb","itemListElement":[{"@type":"ListItem","position":1,"name":"Home","item":"https:\/\/www.baltvilla.lv\/en\/"},{"@type":"ListItem","position":2,"name":"Shop","item":"https:\/\/www.baltvilla.lv\/shop-2\/?lang=en"},{"@type":"ListItem","position":3,"name":"Uzkodas svin\u012bb\u0101m 1"}]},{"@type":"WebSite","@id":"https:\/\/www.baltvilla.lv\/en\/#website","url":"https:\/\/www.baltvilla.lv\/en\/","name":"Baltvilla","description":"","publisher":{"@id":"https:\/\/www.baltvilla.lv\/en\/#organization"},"potentialAction":[{"@type":"SearchAction","target":{"@type":"EntryPoint","urlTemplate":"https:\/\/www.baltvilla.lv\/en\/?s={search_term_string}"},"query-input":{"@type":"PropertyValueSpecification","valueRequired":true,"valueName":"search_term_string"}}],"inLanguage":"en-US"},{"@type":"Organization","@id":"https:\/\/www.baltvilla.lv\/en\/#organization","name":"Hotel \"Baltvilla\"","url":"https:\/\/www.baltvilla.lv\/en\/","logo":{"@type":"ImageObject","inLanguage":"en-US","@id":"https:\/\/www.baltvilla.lv\/en\/#\/schema\/logo\/image\/","url":"https:\/\/www.baltvilla.lv\/wp-content\/uploads\/2021\/04\/baltvilla-logo.png","contentUrl":"https:\/\/www.baltvilla.lv\/wp-content\/uploads\/2021\/04\/baltvilla-logo.png","width":207,"height":42,"caption":"Hotel \"Baltvilla\""},"image":{"@id":"https:\/\/www.baltvilla.lv\/en\/#\/schema\/logo\/image\/"}}]}},"_links":{"self":[{"href":"https:\/\/www.baltvilla.lv\/en\/wp-json\/wp\/v2\/product\/22378","targetHints":{"allow":["GET"]}}],"collection":[{"href":"https:\/\/www.baltvilla.lv\/en\/wp-json\/wp\/v2\/product"}],"about":[{"href":"https:\/\/www.baltvilla.lv\/en\/wp-json\/wp\/v2\/types\/product"}],"replies":[{"embeddable":true,"href":"https:\/\/www.baltvilla.lv\/en\/wp-json\/wp\/v2\/comments?post=22378"}],"wp:featuredmedia":[{"embeddable":true,"href":"https:\/\/www.baltvilla.lv\/en\/wp-json\/wp\/v2\/media\/22379"}],"wp:attachment":[{"href":"https:\/\/www.baltvilla.lv\/en\/wp-json\/wp\/v2\/media?parent=22378"}],"wp:term":[{"taxonomy":"product_brand","embeddable":true,"href":"https:\/\/www.baltvilla.lv\/en\/wp-json\/wp\/v2\/product_brand?post=22378"},{"taxonomy":"product_cat","embeddable":true,"href":"https:\/\/www.baltvilla.lv\/en\/wp-json\/wp\/v2\/product_cat?post=22378"},{"taxonomy":"product_tag","embeddable":true,"href":"https:\/\/www.baltvilla.lv\/en\/wp-json\/wp\/v2\/product_tag?post=22378"}],"curies":[{"name":"wp","href":"https:\/\/api.w.org\/{rel}","templated":true}]}}