{"id":21619,"date":"2025-04-07T13:00:37","date_gmt":"2025-04-07T10:00:37","guid":{"rendered":"https:\/\/www.baltvilla.lv\/?post_type=product&#038;p=21619"},"modified":"2026-01-28T10:51:53","modified_gmt":"2026-01-28T08:51:53","slug":"banketu-karte-4","status":"publish","type":"product","link":"https:\/\/www.baltvilla.lv\/en\/veikals\/banketi\/edienkartes-banketiem\/banketu-karte-4\/","title":{"rendered":"Banketu karte 4"},"content":{"rendered":"<h3>Uzkodas un sal\u0101ti<\/h3>\n<ul>\n<li>K\u016bpin\u0101ta la\u0161a un za\u013co lapu sal\u0101ti ar tom\u0101tiem, viegli marin\u0113tiem gur\u0137iem un citrusu m\u0113rci<\/li>\n<li>Burrata siera, za\u013co lapu un rukolas sal\u0101ti ar svaig\u0101m zemen\u0113m<\/li>\n<li>Gril\u0113tas vistas un za\u013co lapu sal\u0101ti ar svaigiem gur\u0137iem, v\u012b\u0123\u0113m, mandel\u0113m un Balsamico &#8211; medus merci<\/li>\n<li>Zivju asorti &#8211; mazs\u0101l\u012bta la\u0161a fileja, m\u012bdijas, kalm\u0101ru gredzeni, t\u012b\u0123ergarneles, an\u0161ovi un ol\u012bvas<\/li>\n<li>Pl\u0101ni griezts viegli cepts tuncis ar svaig\u0101m spin\u0101tu lap\u0101m, kaperiem un marakujas m\u0113rci<\/li>\n<li>L\u0113ni gatavots asto\u0146k\u0101jis ar blan\u0161\u0113tiem spar\u0123e\u013ciem, apels\u012bnu filej\u0101m un Holandes m\u0113rci<\/li>\n<li>Brie\u017ea ga\u013cas tartars ar ceptu bieti, marin\u0113tu olas dzeltenumu un trife\u013cu pulveri<\/li>\n<li>Pl\u0101ni griezta j\u0113ra ciska ar spar\u0123e\u013ciem, paipalu olu un karameliz\u0113tiem s\u012bpoliem<\/li>\n<li>Portobello s\u0113\u0146u un p\u012bles ga\u013cas Confit ar gur\u0137u tartaru un sieru Camembert<\/li>\n<li>Antipasti \u2013 za\u013c\u0101s un meln\u0101s ol\u012bvas, arti\u0161oki, saul\u0113 kalt\u0113ti tom\u0101ti, p\u0113r\u013cu s\u012bpoli\u0146i Cipolline un mazie, marin\u0113tie gur\u0137\u012b\u0161i Cornichon<\/li>\n<\/ul>\n<h3>Pamat\u0113dieni<\/h3>\n<p><em>2 pamat\u0113dieni p\u0113c J\u016bsu izv\u0113les<\/em><\/p>\n<ul>\n<li>Paltusa fileja ar ceptu selerijas sakni, tom\u0101tu salsu un kaperiem<br \/>\nvai<\/li>\n<li>Cepta p\u012bles kr\u016bti\u0146a ar burk\u0101nu kr\u0113mu, \u0161imeji s\u0113n\u0113m, turku zir\u0146iem un trife\u013cu m\u0113rci<\/li>\n<\/ul>\n<h3>Mini deseru izlase<\/h3>\n<ul>\n<li>\u0160okol\u0101des k\u016bka ar braunija gabali\u0146iem un \u0137ir\u0161iem<\/li>\n<li>Balt\u0101s \u0161okol\u0101des siera k\u016bka ar svaig\u0101m og\u0101m<\/li>\n<\/ul>\n","protected":false},"excerpt":{"rendered":"<p>\u0160aj\u0101 banketu \u0113dienkart\u0113 ietverta pla\u0161a uzkodu izv\u0113le, divi pamat\u0113dieni un mini desertu izlase. Cena vienai personai 55 \u20ac. Minim\u0101lais pas\u016bt\u012bjums no 20 pers.<\/p>\n<p>Kafija, t\u0113ja, \u016bdens un maizes grozi\u0146\u0161 iek\u013cauts cen\u0101.<\/p>\n","protected":false},"featured_media":21801,"comment_status":"open","ping_status":"closed","template":"","meta":{"_acf_changed":false},"product_brand":[],"product_cat":[109,110],"product_tag":[],"class_list":{"0":"post-21619","1":"product","2":"type-product","3":"status-publish","4":"has-post-thumbnail","6":"product_cat-banketi","7":"product_cat-edienkartes-banketiem","9":"first","10":"instock","11":"taxable","12":"shipping-taxable","13":"purchasable","14":"product-type-simple"},"acf":[],"yoast_head":"<!-- This site is optimized with the Yoast SEO plugin v27.4 - https:\/\/yoast.com\/product\/yoast-seo-wordpress\/ -->\n<title>Banketu karte | Banketi | Restor\u0101ns &quot;Baltvilla&quot;<\/title>\n<meta name=\"description\" content=\"Pied\u0101v\u0101jam pla\u0161u uzkodu pied\u0101v\u0101jumu un pamat\u0113dienu izv\u0113li J\u016bsu sv\u0113tku pas\u0101kumiem - k\u0101z\u0101m, krist\u012bb\u0101m, korporat\u012bvajiem pas\u0101kumiem.\" \/>\n<meta name=\"robots\" content=\"index, follow, max-snippet:-1, max-image-preview:large, max-video-preview:-1\" \/>\n<link rel=\"canonical\" href=\"https:\/\/www.baltvilla.lv\/en\/veikals\/banketi\/edienkartes-banketiem\/banketu-karte-4\/\" \/>\n<meta property=\"og:locale\" content=\"en_US\" \/>\n<meta property=\"og:type\" content=\"article\" \/>\n<meta property=\"og:title\" content=\"Banketu karte | Banketi | Restor\u0101ns &quot;Baltvilla&quot;\" \/>\n<meta property=\"og:description\" content=\"Pied\u0101v\u0101jam pla\u0161u uzkodu pied\u0101v\u0101jumu un pamat\u0113dienu izv\u0113li J\u016bsu sv\u0113tku pas\u0101kumiem - k\u0101z\u0101m, krist\u012bb\u0101m, korporat\u012bvajiem pas\u0101kumiem.\" \/>\n<meta property=\"og:url\" content=\"https:\/\/www.baltvilla.lv\/en\/veikals\/banketi\/edienkartes-banketiem\/banketu-karte-4\/\" \/>\n<meta property=\"og:site_name\" content=\"Baltvilla\" \/>\n<meta property=\"article:modified_time\" content=\"2026-01-28T08:51:53+00:00\" \/>\n<meta property=\"og:image\" content=\"https:\/\/www.baltvilla.lv\/wp-content\/uploads\/2025\/04\/bs-svetki-9.jpg\" \/>\n\t<meta property=\"og:image:width\" content=\"1800\" \/>\n\t<meta property=\"og:image:height\" content=\"1200\" \/>\n\t<meta property=\"og:image:type\" content=\"image\/jpeg\" \/>\n<meta name=\"twitter:card\" content=\"summary_large_image\" \/>\n<meta name=\"twitter:label1\" content=\"Est. reading time\" \/>\n\t<meta name=\"twitter:data1\" content=\"2 minutes\" \/>\n<script type=\"application\/ld+json\" class=\"yoast-schema-graph\">{\"@context\":\"https:\\\/\\\/schema.org\",\"@graph\":[{\"@type\":\"WebPage\",\"@id\":\"https:\\\/\\\/www.baltvilla.lv\\\/en\\\/veikals\\\/banketi\\\/edienkartes-banketiem\\\/banketu-karte-4\\\/\",\"url\":\"https:\\\/\\\/www.baltvilla.lv\\\/en\\\/veikals\\\/banketi\\\/edienkartes-banketiem\\\/banketu-karte-4\\\/\",\"name\":\"Banketu karte | Banketi | Restor\u0101ns \\\"Baltvilla\\\"\",\"isPartOf\":{\"@id\":\"https:\\\/\\\/www.baltvilla.lv\\\/en\\\/#website\"},\"primaryImageOfPage\":{\"@id\":\"https:\\\/\\\/www.baltvilla.lv\\\/en\\\/veikals\\\/banketi\\\/edienkartes-banketiem\\\/banketu-karte-4\\\/#primaryimage\"},\"image\":{\"@id\":\"https:\\\/\\\/www.baltvilla.lv\\\/en\\\/veikals\\\/banketi\\\/edienkartes-banketiem\\\/banketu-karte-4\\\/#primaryimage\"},\"thumbnailUrl\":\"https:\\\/\\\/www.baltvilla.lv\\\/wp-content\\\/uploads\\\/2025\\\/04\\\/bs-svetki-9.jpg\",\"datePublished\":\"2025-04-07T10:00:37+00:00\",\"dateModified\":\"2026-01-28T08:51:53+00:00\",\"description\":\"Pied\u0101v\u0101jam pla\u0161u uzkodu pied\u0101v\u0101jumu un pamat\u0113dienu izv\u0113li J\u016bsu sv\u0113tku pas\u0101kumiem - k\u0101z\u0101m, krist\u012bb\u0101m, korporat\u012bvajiem pas\u0101kumiem.\",\"breadcrumb\":{\"@id\":\"https:\\\/\\\/www.baltvilla.lv\\\/en\\\/veikals\\\/banketi\\\/edienkartes-banketiem\\\/banketu-karte-4\\\/#breadcrumb\"},\"inLanguage\":\"en-US\",\"potentialAction\":[{\"@type\":\"ReadAction\",\"target\":[\"https:\\\/\\\/www.baltvilla.lv\\\/en\\\/veikals\\\/banketi\\\/edienkartes-banketiem\\\/banketu-karte-4\\\/\"]}]},{\"@type\":\"ImageObject\",\"inLanguage\":\"en-US\",\"@id\":\"https:\\\/\\\/www.baltvilla.lv\\\/en\\\/veikals\\\/banketi\\\/edienkartes-banketiem\\\/banketu-karte-4\\\/#primaryimage\",\"url\":\"https:\\\/\\\/www.baltvilla.lv\\\/wp-content\\\/uploads\\\/2025\\\/04\\\/bs-svetki-9.jpg\",\"contentUrl\":\"https:\\\/\\\/www.baltvilla.lv\\\/wp-content\\\/uploads\\\/2025\\\/04\\\/bs-svetki-9.jpg\",\"width\":1800,\"height\":1200},{\"@type\":\"BreadcrumbList\",\"@id\":\"https:\\\/\\\/www.baltvilla.lv\\\/en\\\/veikals\\\/banketi\\\/edienkartes-banketiem\\\/banketu-karte-4\\\/#breadcrumb\",\"itemListElement\":[{\"@type\":\"ListItem\",\"position\":1,\"name\":\"Home\",\"item\":\"https:\\\/\\\/www.baltvilla.lv\\\/en\\\/\"},{\"@type\":\"ListItem\",\"position\":2,\"name\":\"Shop\",\"item\":\"https:\\\/\\\/www.baltvilla.lv\\\/shop-2\\\/?lang=en\"},{\"@type\":\"ListItem\",\"position\":3,\"name\":\"Banketu karte 4\"}]},{\"@type\":\"WebSite\",\"@id\":\"https:\\\/\\\/www.baltvilla.lv\\\/en\\\/#website\",\"url\":\"https:\\\/\\\/www.baltvilla.lv\\\/en\\\/\",\"name\":\"Baltvilla\",\"description\":\"\",\"publisher\":{\"@id\":\"https:\\\/\\\/www.baltvilla.lv\\\/en\\\/#organization\"},\"potentialAction\":[{\"@type\":\"SearchAction\",\"target\":{\"@type\":\"EntryPoint\",\"urlTemplate\":\"https:\\\/\\\/www.baltvilla.lv\\\/en\\\/?s={search_term_string}\"},\"query-input\":{\"@type\":\"PropertyValueSpecification\",\"valueRequired\":true,\"valueName\":\"search_term_string\"}}],\"inLanguage\":\"en-US\"},{\"@type\":\"Organization\",\"@id\":\"https:\\\/\\\/www.baltvilla.lv\\\/en\\\/#organization\",\"name\":\"Hotel \\\"Baltvilla\\\"\",\"url\":\"https:\\\/\\\/www.baltvilla.lv\\\/en\\\/\",\"logo\":{\"@type\":\"ImageObject\",\"inLanguage\":\"en-US\",\"@id\":\"https:\\\/\\\/www.baltvilla.lv\\\/en\\\/#\\\/schema\\\/logo\\\/image\\\/\",\"url\":\"https:\\\/\\\/www.baltvilla.lv\\\/wp-content\\\/uploads\\\/2021\\\/04\\\/baltvilla-logo.png\",\"contentUrl\":\"https:\\\/\\\/www.baltvilla.lv\\\/wp-content\\\/uploads\\\/2021\\\/04\\\/baltvilla-logo.png\",\"width\":207,\"height\":42,\"caption\":\"Hotel \\\"Baltvilla\\\"\"},\"image\":{\"@id\":\"https:\\\/\\\/www.baltvilla.lv\\\/en\\\/#\\\/schema\\\/logo\\\/image\\\/\"}}]}<\/script>\n<!-- \/ Yoast SEO plugin. -->","yoast_head_json":{"title":"Banketu karte | Banketi | Restor\u0101ns \"Baltvilla\"","description":"Pied\u0101v\u0101jam pla\u0161u uzkodu pied\u0101v\u0101jumu un pamat\u0113dienu izv\u0113li J\u016bsu sv\u0113tku pas\u0101kumiem - k\u0101z\u0101m, krist\u012bb\u0101m, korporat\u012bvajiem pas\u0101kumiem.","robots":{"index":"index","follow":"follow","max-snippet":"max-snippet:-1","max-image-preview":"max-image-preview:large","max-video-preview":"max-video-preview:-1"},"canonical":"https:\/\/www.baltvilla.lv\/en\/veikals\/banketi\/edienkartes-banketiem\/banketu-karte-4\/","og_locale":"en_US","og_type":"article","og_title":"Banketu karte | Banketi | Restor\u0101ns \"Baltvilla\"","og_description":"Pied\u0101v\u0101jam pla\u0161u uzkodu pied\u0101v\u0101jumu un pamat\u0113dienu izv\u0113li J\u016bsu sv\u0113tku pas\u0101kumiem - k\u0101z\u0101m, krist\u012bb\u0101m, korporat\u012bvajiem pas\u0101kumiem.","og_url":"https:\/\/www.baltvilla.lv\/en\/veikals\/banketi\/edienkartes-banketiem\/banketu-karte-4\/","og_site_name":"Baltvilla","article_modified_time":"2026-01-28T08:51:53+00:00","og_image":[{"width":1800,"height":1200,"url":"https:\/\/www.baltvilla.lv\/wp-content\/uploads\/2025\/04\/bs-svetki-9.jpg","type":"image\/jpeg"}],"twitter_card":"summary_large_image","twitter_misc":{"Est. reading time":"2 minutes"},"schema":{"@context":"https:\/\/schema.org","@graph":[{"@type":"WebPage","@id":"https:\/\/www.baltvilla.lv\/en\/veikals\/banketi\/edienkartes-banketiem\/banketu-karte-4\/","url":"https:\/\/www.baltvilla.lv\/en\/veikals\/banketi\/edienkartes-banketiem\/banketu-karte-4\/","name":"Banketu karte | Banketi | Restor\u0101ns \"Baltvilla\"","isPartOf":{"@id":"https:\/\/www.baltvilla.lv\/en\/#website"},"primaryImageOfPage":{"@id":"https:\/\/www.baltvilla.lv\/en\/veikals\/banketi\/edienkartes-banketiem\/banketu-karte-4\/#primaryimage"},"image":{"@id":"https:\/\/www.baltvilla.lv\/en\/veikals\/banketi\/edienkartes-banketiem\/banketu-karte-4\/#primaryimage"},"thumbnailUrl":"https:\/\/www.baltvilla.lv\/wp-content\/uploads\/2025\/04\/bs-svetki-9.jpg","datePublished":"2025-04-07T10:00:37+00:00","dateModified":"2026-01-28T08:51:53+00:00","description":"Pied\u0101v\u0101jam pla\u0161u uzkodu pied\u0101v\u0101jumu un pamat\u0113dienu izv\u0113li J\u016bsu sv\u0113tku pas\u0101kumiem - k\u0101z\u0101m, krist\u012bb\u0101m, korporat\u012bvajiem pas\u0101kumiem.","breadcrumb":{"@id":"https:\/\/www.baltvilla.lv\/en\/veikals\/banketi\/edienkartes-banketiem\/banketu-karte-4\/#breadcrumb"},"inLanguage":"en-US","potentialAction":[{"@type":"ReadAction","target":["https:\/\/www.baltvilla.lv\/en\/veikals\/banketi\/edienkartes-banketiem\/banketu-karte-4\/"]}]},{"@type":"ImageObject","inLanguage":"en-US","@id":"https:\/\/www.baltvilla.lv\/en\/veikals\/banketi\/edienkartes-banketiem\/banketu-karte-4\/#primaryimage","url":"https:\/\/www.baltvilla.lv\/wp-content\/uploads\/2025\/04\/bs-svetki-9.jpg","contentUrl":"https:\/\/www.baltvilla.lv\/wp-content\/uploads\/2025\/04\/bs-svetki-9.jpg","width":1800,"height":1200},{"@type":"BreadcrumbList","@id":"https:\/\/www.baltvilla.lv\/en\/veikals\/banketi\/edienkartes-banketiem\/banketu-karte-4\/#breadcrumb","itemListElement":[{"@type":"ListItem","position":1,"name":"Home","item":"https:\/\/www.baltvilla.lv\/en\/"},{"@type":"ListItem","position":2,"name":"Shop","item":"https:\/\/www.baltvilla.lv\/shop-2\/?lang=en"},{"@type":"ListItem","position":3,"name":"Banketu karte 4"}]},{"@type":"WebSite","@id":"https:\/\/www.baltvilla.lv\/en\/#website","url":"https:\/\/www.baltvilla.lv\/en\/","name":"Baltvilla","description":"","publisher":{"@id":"https:\/\/www.baltvilla.lv\/en\/#organization"},"potentialAction":[{"@type":"SearchAction","target":{"@type":"EntryPoint","urlTemplate":"https:\/\/www.baltvilla.lv\/en\/?s={search_term_string}"},"query-input":{"@type":"PropertyValueSpecification","valueRequired":true,"valueName":"search_term_string"}}],"inLanguage":"en-US"},{"@type":"Organization","@id":"https:\/\/www.baltvilla.lv\/en\/#organization","name":"Hotel \"Baltvilla\"","url":"https:\/\/www.baltvilla.lv\/en\/","logo":{"@type":"ImageObject","inLanguage":"en-US","@id":"https:\/\/www.baltvilla.lv\/en\/#\/schema\/logo\/image\/","url":"https:\/\/www.baltvilla.lv\/wp-content\/uploads\/2021\/04\/baltvilla-logo.png","contentUrl":"https:\/\/www.baltvilla.lv\/wp-content\/uploads\/2021\/04\/baltvilla-logo.png","width":207,"height":42,"caption":"Hotel \"Baltvilla\""},"image":{"@id":"https:\/\/www.baltvilla.lv\/en\/#\/schema\/logo\/image\/"}}]}},"_links":{"self":[{"href":"https:\/\/www.baltvilla.lv\/en\/wp-json\/wp\/v2\/product\/21619","targetHints":{"allow":["GET"]}}],"collection":[{"href":"https:\/\/www.baltvilla.lv\/en\/wp-json\/wp\/v2\/product"}],"about":[{"href":"https:\/\/www.baltvilla.lv\/en\/wp-json\/wp\/v2\/types\/product"}],"replies":[{"embeddable":true,"href":"https:\/\/www.baltvilla.lv\/en\/wp-json\/wp\/v2\/comments?post=21619"}],"wp:featuredmedia":[{"embeddable":true,"href":"https:\/\/www.baltvilla.lv\/en\/wp-json\/wp\/v2\/media\/21801"}],"wp:attachment":[{"href":"https:\/\/www.baltvilla.lv\/en\/wp-json\/wp\/v2\/media?parent=21619"}],"wp:term":[{"taxonomy":"product_brand","embeddable":true,"href":"https:\/\/www.baltvilla.lv\/en\/wp-json\/wp\/v2\/product_brand?post=21619"},{"taxonomy":"product_cat","embeddable":true,"href":"https:\/\/www.baltvilla.lv\/en\/wp-json\/wp\/v2\/product_cat?post=21619"},{"taxonomy":"product_tag","embeddable":true,"href":"https:\/\/www.baltvilla.lv\/en\/wp-json\/wp\/v2\/product_tag?post=21619"}],"curies":[{"name":"wp","href":"https:\/\/api.w.org\/{rel}","templated":true}]}}