{"id":19399,"date":"2024-11-21T13:03:43","date_gmt":"2024-11-21T11:03:43","guid":{"rendered":"https:\/\/www.baltvilla.lv\/?post_type=product&#038;p=19399"},"modified":"2025-11-06T11:42:22","modified_gmt":"2025-11-06T09:42:22","slug":"tonizejosa-spa-kermena-masaza-dzivibas-energija","status":"publish","type":"product","link":"https:\/\/www.baltvilla.lv\/en\/veikals\/spa-interneta-veikals-baltvilla\/spa-masazas\/tonizejosa-spa-kermena-masaza-dzivibas-energija\/","title":{"rendered":"Toniz\u0113jo\u0161a spa \u0137erme\u0146a mas\u0101\u017ea \u201eDz\u012bv\u012bbas ener\u0123ija&#8221;"},"content":{"rendered":"<p>Toniz\u0113jo\u0161a mas\u0101\u017ea \u0137ermenim, kas apvieno divas iedarb\u012bgas tehnikas. Pirm\u0101 da\u013ca \u2013 Zilais oke\u0101ns \u2013 pal\u012bdz izvad\u012bt lieko \u0161\u0137idrumu, mazina piet\u016bkumu un sniedz svaiguma saj\u016btu. Otr\u0101 da\u013ca \u2013 Za\u013c\u0101 zeme \u2013 veicina tauku samazin\u0101\u0161anos, uzlabo \u0137erme\u0146a aprises un harmoniz\u0113 \u0137ermeni. Mas\u0101\u017ea notiek ar \u0113teriskaj\u0101m e\u013c\u013c\u0101m un \u012bpa\u0161\u0101m kust\u012bb\u0101m pa ener\u0123ijas l\u012bnij\u0101m \u2013 saj\u016bti sp\u0113ku un vieglumu!<\/p>\n","protected":false},"excerpt":{"rendered":"<p>Toniz\u0113jo\u0161a mas\u0101\u017ea \u0137ermenim, kas apvieno divas iedarb\u012bgas tehnikas: Zil\u0101 oke\u0101na toniz\u0113jo\u0161\u0101 mas\u0101\u017eas un Za\u013c\u0101s zemes l\u012bdzsvarojo\u0161\u0101 mas\u0101\u017eas. Proced\u016bras garums 60 min.<\/p>\n","protected":false},"featured_media":22113,"comment_status":"closed","ping_status":"closed","template":"","meta":{"_acf_changed":false},"product_brand":[],"product_cat":[46,126],"product_tag":[],"class_list":{"0":"post-19399","1":"product","2":"type-product","3":"status-publish","4":"has-post-thumbnail","6":"product_cat-spa-interneta-veikals-baltvilla","7":"product_cat-spa-masazas","9":"first","10":"instock","11":"virtual","12":"taxable","13":"purchasable","14":"product-type-simple"},"acf":[],"yoast_head":"<!-- This site is optimized with the Yoast SEO plugin v27.4 - https:\/\/yoast.com\/product\/yoast-seo-wordpress\/ -->\n<title>Spa \u0137erme\u0146a mas\u0101\u017ea | Baltvilla spa | Baltvilla<\/title>\n<meta name=\"description\" content=\"Spa \u0137erme\u0146a mas\u0101\u017ea, kas v\u0113rsta uz \u0137erme\u0146a relaks\u0101ciju harmoniju un tonusu, ilgst 60 min un sniedz piln\u012bgu atp\u016btu miesai un garam.\" \/>\n<meta name=\"robots\" content=\"index, follow, max-snippet:-1, max-image-preview:large, max-video-preview:-1\" \/>\n<link rel=\"canonical\" href=\"https:\/\/www.baltvilla.lv\/en\/veikals\/spa-interneta-veikals-baltvilla\/spa-masazas\/tonizejosa-spa-kermena-masaza-dzivibas-energija\/\" \/>\n<meta property=\"og:locale\" content=\"en_US\" \/>\n<meta property=\"og:type\" content=\"article\" \/>\n<meta property=\"og:title\" content=\"Spa \u0137erme\u0146a mas\u0101\u017ea | Baltvilla spa | Baltvilla\" \/>\n<meta property=\"og:description\" content=\"Spa \u0137erme\u0146a mas\u0101\u017ea, kas v\u0113rsta uz \u0137erme\u0146a relaks\u0101ciju harmoniju un tonusu, ilgst 60 min un sniedz piln\u012bgu atp\u016btu miesai un garam.\" \/>\n<meta property=\"og:url\" content=\"https:\/\/www.baltvilla.lv\/en\/veikals\/spa-interneta-veikals-baltvilla\/spa-masazas\/tonizejosa-spa-kermena-masaza-dzivibas-energija\/\" \/>\n<meta property=\"og:site_name\" content=\"Baltvilla\" \/>\n<meta property=\"article:modified_time\" content=\"2025-11-06T09:42:22+00:00\" \/>\n<meta property=\"og:image\" content=\"https:\/\/www.baltvilla.lv\/wp-content\/uploads\/2025\/05\/Bv-SPA-199.jpg\" \/>\n\t<meta property=\"og:image:width\" content=\"1800\" \/>\n\t<meta property=\"og:image:height\" content=\"1200\" \/>\n\t<meta property=\"og:image:type\" content=\"image\/jpeg\" \/>\n<meta name=\"twitter:card\" content=\"summary_large_image\" \/>\n<meta name=\"twitter:label1\" content=\"Est. reading time\" \/>\n\t<meta name=\"twitter:data1\" content=\"1 minute\" \/>\n<script type=\"application\/ld+json\" class=\"yoast-schema-graph\">{\"@context\":\"https:\\\/\\\/schema.org\",\"@graph\":[{\"@type\":\"WebPage\",\"@id\":\"https:\\\/\\\/www.baltvilla.lv\\\/en\\\/veikals\\\/spa-interneta-veikals-baltvilla\\\/spa-masazas\\\/tonizejosa-spa-kermena-masaza-dzivibas-energija\\\/\",\"url\":\"https:\\\/\\\/www.baltvilla.lv\\\/en\\\/veikals\\\/spa-interneta-veikals-baltvilla\\\/spa-masazas\\\/tonizejosa-spa-kermena-masaza-dzivibas-energija\\\/\",\"name\":\"Spa \u0137erme\u0146a mas\u0101\u017ea | Baltvilla spa | Baltvilla\",\"isPartOf\":{\"@id\":\"https:\\\/\\\/www.baltvilla.lv\\\/en\\\/#website\"},\"primaryImageOfPage\":{\"@id\":\"https:\\\/\\\/www.baltvilla.lv\\\/en\\\/veikals\\\/spa-interneta-veikals-baltvilla\\\/spa-masazas\\\/tonizejosa-spa-kermena-masaza-dzivibas-energija\\\/#primaryimage\"},\"image\":{\"@id\":\"https:\\\/\\\/www.baltvilla.lv\\\/en\\\/veikals\\\/spa-interneta-veikals-baltvilla\\\/spa-masazas\\\/tonizejosa-spa-kermena-masaza-dzivibas-energija\\\/#primaryimage\"},\"thumbnailUrl\":\"https:\\\/\\\/www.baltvilla.lv\\\/wp-content\\\/uploads\\\/2025\\\/05\\\/Bv-SPA-199.jpg\",\"datePublished\":\"2024-11-21T11:03:43+00:00\",\"dateModified\":\"2025-11-06T09:42:22+00:00\",\"description\":\"Spa \u0137erme\u0146a mas\u0101\u017ea, kas v\u0113rsta uz \u0137erme\u0146a relaks\u0101ciju harmoniju un tonusu, ilgst 60 min un sniedz piln\u012bgu atp\u016btu miesai un garam.\",\"breadcrumb\":{\"@id\":\"https:\\\/\\\/www.baltvilla.lv\\\/en\\\/veikals\\\/spa-interneta-veikals-baltvilla\\\/spa-masazas\\\/tonizejosa-spa-kermena-masaza-dzivibas-energija\\\/#breadcrumb\"},\"inLanguage\":\"en-US\",\"potentialAction\":[{\"@type\":\"ReadAction\",\"target\":[\"https:\\\/\\\/www.baltvilla.lv\\\/en\\\/veikals\\\/spa-interneta-veikals-baltvilla\\\/spa-masazas\\\/tonizejosa-spa-kermena-masaza-dzivibas-energija\\\/\"]}]},{\"@type\":\"ImageObject\",\"inLanguage\":\"en-US\",\"@id\":\"https:\\\/\\\/www.baltvilla.lv\\\/en\\\/veikals\\\/spa-interneta-veikals-baltvilla\\\/spa-masazas\\\/tonizejosa-spa-kermena-masaza-dzivibas-energija\\\/#primaryimage\",\"url\":\"https:\\\/\\\/www.baltvilla.lv\\\/wp-content\\\/uploads\\\/2025\\\/05\\\/Bv-SPA-199.jpg\",\"contentUrl\":\"https:\\\/\\\/www.baltvilla.lv\\\/wp-content\\\/uploads\\\/2025\\\/05\\\/Bv-SPA-199.jpg\",\"width\":1800,\"height\":1200},{\"@type\":\"BreadcrumbList\",\"@id\":\"https:\\\/\\\/www.baltvilla.lv\\\/en\\\/veikals\\\/spa-interneta-veikals-baltvilla\\\/spa-masazas\\\/tonizejosa-spa-kermena-masaza-dzivibas-energija\\\/#breadcrumb\",\"itemListElement\":[{\"@type\":\"ListItem\",\"position\":1,\"name\":\"Home\",\"item\":\"https:\\\/\\\/www.baltvilla.lv\\\/en\\\/\"},{\"@type\":\"ListItem\",\"position\":2,\"name\":\"Shop\",\"item\":\"https:\\\/\\\/www.baltvilla.lv\\\/shop-2\\\/?lang=en\"},{\"@type\":\"ListItem\",\"position\":3,\"name\":\"Toniz\u0113jo\u0161a spa \u0137erme\u0146a mas\u0101\u017ea \u201eDz\u012bv\u012bbas ener\u0123ija&#8221;\"}]},{\"@type\":\"WebSite\",\"@id\":\"https:\\\/\\\/www.baltvilla.lv\\\/en\\\/#website\",\"url\":\"https:\\\/\\\/www.baltvilla.lv\\\/en\\\/\",\"name\":\"Baltvilla\",\"description\":\"\",\"publisher\":{\"@id\":\"https:\\\/\\\/www.baltvilla.lv\\\/en\\\/#organization\"},\"potentialAction\":[{\"@type\":\"SearchAction\",\"target\":{\"@type\":\"EntryPoint\",\"urlTemplate\":\"https:\\\/\\\/www.baltvilla.lv\\\/en\\\/?s={search_term_string}\"},\"query-input\":{\"@type\":\"PropertyValueSpecification\",\"valueRequired\":true,\"valueName\":\"search_term_string\"}}],\"inLanguage\":\"en-US\"},{\"@type\":\"Organization\",\"@id\":\"https:\\\/\\\/www.baltvilla.lv\\\/en\\\/#organization\",\"name\":\"Hotel \\\"Baltvilla\\\"\",\"url\":\"https:\\\/\\\/www.baltvilla.lv\\\/en\\\/\",\"logo\":{\"@type\":\"ImageObject\",\"inLanguage\":\"en-US\",\"@id\":\"https:\\\/\\\/www.baltvilla.lv\\\/en\\\/#\\\/schema\\\/logo\\\/image\\\/\",\"url\":\"https:\\\/\\\/www.baltvilla.lv\\\/wp-content\\\/uploads\\\/2021\\\/04\\\/baltvilla-logo.png\",\"contentUrl\":\"https:\\\/\\\/www.baltvilla.lv\\\/wp-content\\\/uploads\\\/2021\\\/04\\\/baltvilla-logo.png\",\"width\":207,\"height\":42,\"caption\":\"Hotel \\\"Baltvilla\\\"\"},\"image\":{\"@id\":\"https:\\\/\\\/www.baltvilla.lv\\\/en\\\/#\\\/schema\\\/logo\\\/image\\\/\"}}]}<\/script>\n<!-- \/ Yoast SEO plugin. -->","yoast_head_json":{"title":"Spa \u0137erme\u0146a mas\u0101\u017ea | Baltvilla spa | Baltvilla","description":"Spa \u0137erme\u0146a mas\u0101\u017ea, kas v\u0113rsta uz \u0137erme\u0146a relaks\u0101ciju harmoniju un tonusu, ilgst 60 min un sniedz piln\u012bgu atp\u016btu miesai un garam.","robots":{"index":"index","follow":"follow","max-snippet":"max-snippet:-1","max-image-preview":"max-image-preview:large","max-video-preview":"max-video-preview:-1"},"canonical":"https:\/\/www.baltvilla.lv\/en\/veikals\/spa-interneta-veikals-baltvilla\/spa-masazas\/tonizejosa-spa-kermena-masaza-dzivibas-energija\/","og_locale":"en_US","og_type":"article","og_title":"Spa \u0137erme\u0146a mas\u0101\u017ea | Baltvilla spa | Baltvilla","og_description":"Spa \u0137erme\u0146a mas\u0101\u017ea, kas v\u0113rsta uz \u0137erme\u0146a relaks\u0101ciju harmoniju un tonusu, ilgst 60 min un sniedz piln\u012bgu atp\u016btu miesai un garam.","og_url":"https:\/\/www.baltvilla.lv\/en\/veikals\/spa-interneta-veikals-baltvilla\/spa-masazas\/tonizejosa-spa-kermena-masaza-dzivibas-energija\/","og_site_name":"Baltvilla","article_modified_time":"2025-11-06T09:42:22+00:00","og_image":[{"width":1800,"height":1200,"url":"https:\/\/www.baltvilla.lv\/wp-content\/uploads\/2025\/05\/Bv-SPA-199.jpg","type":"image\/jpeg"}],"twitter_card":"summary_large_image","twitter_misc":{"Est. reading time":"1 minute"},"schema":{"@context":"https:\/\/schema.org","@graph":[{"@type":"WebPage","@id":"https:\/\/www.baltvilla.lv\/en\/veikals\/spa-interneta-veikals-baltvilla\/spa-masazas\/tonizejosa-spa-kermena-masaza-dzivibas-energija\/","url":"https:\/\/www.baltvilla.lv\/en\/veikals\/spa-interneta-veikals-baltvilla\/spa-masazas\/tonizejosa-spa-kermena-masaza-dzivibas-energija\/","name":"Spa \u0137erme\u0146a mas\u0101\u017ea | Baltvilla spa | Baltvilla","isPartOf":{"@id":"https:\/\/www.baltvilla.lv\/en\/#website"},"primaryImageOfPage":{"@id":"https:\/\/www.baltvilla.lv\/en\/veikals\/spa-interneta-veikals-baltvilla\/spa-masazas\/tonizejosa-spa-kermena-masaza-dzivibas-energija\/#primaryimage"},"image":{"@id":"https:\/\/www.baltvilla.lv\/en\/veikals\/spa-interneta-veikals-baltvilla\/spa-masazas\/tonizejosa-spa-kermena-masaza-dzivibas-energija\/#primaryimage"},"thumbnailUrl":"https:\/\/www.baltvilla.lv\/wp-content\/uploads\/2025\/05\/Bv-SPA-199.jpg","datePublished":"2024-11-21T11:03:43+00:00","dateModified":"2025-11-06T09:42:22+00:00","description":"Spa \u0137erme\u0146a mas\u0101\u017ea, kas v\u0113rsta uz \u0137erme\u0146a relaks\u0101ciju harmoniju un tonusu, ilgst 60 min un sniedz piln\u012bgu atp\u016btu miesai un garam.","breadcrumb":{"@id":"https:\/\/www.baltvilla.lv\/en\/veikals\/spa-interneta-veikals-baltvilla\/spa-masazas\/tonizejosa-spa-kermena-masaza-dzivibas-energija\/#breadcrumb"},"inLanguage":"en-US","potentialAction":[{"@type":"ReadAction","target":["https:\/\/www.baltvilla.lv\/en\/veikals\/spa-interneta-veikals-baltvilla\/spa-masazas\/tonizejosa-spa-kermena-masaza-dzivibas-energija\/"]}]},{"@type":"ImageObject","inLanguage":"en-US","@id":"https:\/\/www.baltvilla.lv\/en\/veikals\/spa-interneta-veikals-baltvilla\/spa-masazas\/tonizejosa-spa-kermena-masaza-dzivibas-energija\/#primaryimage","url":"https:\/\/www.baltvilla.lv\/wp-content\/uploads\/2025\/05\/Bv-SPA-199.jpg","contentUrl":"https:\/\/www.baltvilla.lv\/wp-content\/uploads\/2025\/05\/Bv-SPA-199.jpg","width":1800,"height":1200},{"@type":"BreadcrumbList","@id":"https:\/\/www.baltvilla.lv\/en\/veikals\/spa-interneta-veikals-baltvilla\/spa-masazas\/tonizejosa-spa-kermena-masaza-dzivibas-energija\/#breadcrumb","itemListElement":[{"@type":"ListItem","position":1,"name":"Home","item":"https:\/\/www.baltvilla.lv\/en\/"},{"@type":"ListItem","position":2,"name":"Shop","item":"https:\/\/www.baltvilla.lv\/shop-2\/?lang=en"},{"@type":"ListItem","position":3,"name":"Toniz\u0113jo\u0161a spa \u0137erme\u0146a mas\u0101\u017ea \u201eDz\u012bv\u012bbas ener\u0123ija&#8221;"}]},{"@type":"WebSite","@id":"https:\/\/www.baltvilla.lv\/en\/#website","url":"https:\/\/www.baltvilla.lv\/en\/","name":"Baltvilla","description":"","publisher":{"@id":"https:\/\/www.baltvilla.lv\/en\/#organization"},"potentialAction":[{"@type":"SearchAction","target":{"@type":"EntryPoint","urlTemplate":"https:\/\/www.baltvilla.lv\/en\/?s={search_term_string}"},"query-input":{"@type":"PropertyValueSpecification","valueRequired":true,"valueName":"search_term_string"}}],"inLanguage":"en-US"},{"@type":"Organization","@id":"https:\/\/www.baltvilla.lv\/en\/#organization","name":"Hotel \"Baltvilla\"","url":"https:\/\/www.baltvilla.lv\/en\/","logo":{"@type":"ImageObject","inLanguage":"en-US","@id":"https:\/\/www.baltvilla.lv\/en\/#\/schema\/logo\/image\/","url":"https:\/\/www.baltvilla.lv\/wp-content\/uploads\/2021\/04\/baltvilla-logo.png","contentUrl":"https:\/\/www.baltvilla.lv\/wp-content\/uploads\/2021\/04\/baltvilla-logo.png","width":207,"height":42,"caption":"Hotel \"Baltvilla\""},"image":{"@id":"https:\/\/www.baltvilla.lv\/en\/#\/schema\/logo\/image\/"}}]}},"_links":{"self":[{"href":"https:\/\/www.baltvilla.lv\/en\/wp-json\/wp\/v2\/product\/19399","targetHints":{"allow":["GET"]}}],"collection":[{"href":"https:\/\/www.baltvilla.lv\/en\/wp-json\/wp\/v2\/product"}],"about":[{"href":"https:\/\/www.baltvilla.lv\/en\/wp-json\/wp\/v2\/types\/product"}],"replies":[{"embeddable":true,"href":"https:\/\/www.baltvilla.lv\/en\/wp-json\/wp\/v2\/comments?post=19399"}],"wp:featuredmedia":[{"embeddable":true,"href":"https:\/\/www.baltvilla.lv\/en\/wp-json\/wp\/v2\/media\/22113"}],"wp:attachment":[{"href":"https:\/\/www.baltvilla.lv\/en\/wp-json\/wp\/v2\/media?parent=19399"}],"wp:term":[{"taxonomy":"product_brand","embeddable":true,"href":"https:\/\/www.baltvilla.lv\/en\/wp-json\/wp\/v2\/product_brand?post=19399"},{"taxonomy":"product_cat","embeddable":true,"href":"https:\/\/www.baltvilla.lv\/en\/wp-json\/wp\/v2\/product_cat?post=19399"},{"taxonomy":"product_tag","embeddable":true,"href":"https:\/\/www.baltvilla.lv\/en\/wp-json\/wp\/v2\/product_tag?post=19399"}],"curies":[{"name":"wp","href":"https:\/\/api.w.org\/{rel}","templated":true}]}}