{"id":19361,"date":"2024-11-20T12:08:16","date_gmt":"2024-11-20T10:08:16","guid":{"rendered":"https:\/\/www.baltvilla.lv\/?post_type=product&#038;p=19361"},"modified":"2025-11-06T11:27:01","modified_gmt":"2025-11-06T09:27:01","slug":"regenerejosa-spa-sejas-procedura-debesis","status":"publish","type":"product","link":"https:\/\/www.baltvilla.lv\/en\/veikals\/spa-interneta-veikals-baltvilla\/spa-proceduras-sejai\/regenerejosa-spa-sejas-procedura-debesis\/","title":{"rendered":"Re\u0123ener\u0113jo\u0161a spa sejas proced\u016bra \u201eDebesis\u201d"},"content":{"rendered":"<p>Proced\u016br\u0101 izmantot\u0101 Vagheggi Emozioni l\u012bnija iemieso t\u012bras skaistumkop\u0161anas konceptu, iedarb\u012bgi iedarbojoties uz sejas m\u012bmikas \u0161\u016bn\u0101m.<br data-start=\"171\" data-end=\"174\" \/>T\u0101s sast\u0101v\u0101 eso\u0161\u0101 kurkuma ir augs ar sp\u0113c\u012bg\u0101m re\u0123ener\u0113jo\u0161\u0101m un dziedino\u0161\u0101m \u012bpa\u0161\u012bb\u0101m, pateicoties taj\u0101 eso\u0161ajam kurkum\u012bnam.<\/p>\n","protected":false},"excerpt":{"rendered":"<p>Maigi izl\u012bdzina grumbi\u0146as un m\u012bmikas l\u012bnijas, padarot \u0101du glud\u0101ku un jaun\u0101ku. Ide\u0101li, ja sejai nepiecie\u0161ams miers, l\u012bdzsvars un maigs atjaunojums p\u0113c emocion\u0101li akt\u012bva laika.<\/p>\n<p>Spa proced\u016bra ilgst 60 min.<\/p>\n<p>&nbsp;<\/p>\n","protected":false},"featured_media":22916,"comment_status":"closed","ping_status":"closed","template":"","meta":{"_acf_changed":false},"product_brand":[],"product_cat":[125,46],"product_tag":[],"class_list":{"0":"post-19361","1":"product","2":"type-product","3":"status-publish","4":"has-post-thumbnail","6":"product_cat-spa-proceduras-sejai","7":"product_cat-spa-interneta-veikals-baltvilla","9":"first","10":"instock","11":"virtual","12":"taxable","13":"purchasable","14":"product-type-simple"},"acf":[],"yoast_head":"<!-- This site is optimized with the Yoast SEO plugin v27.4 - https:\/\/yoast.com\/product\/yoast-seo-wordpress\/ -->\n<title>Spa procedura sejai &quot;Debesis&quot; | | Baltvilla spa | Baltvilla<\/title>\n<meta name=\"description\" content=\"Spa proced\u016bra sejai, kas v\u0113rsta uz atjauno\u0161anu un uzlabo\u0161anu. Proced\u016br\u0101 ir izmantota Vagheggi Rehydra kosm\u0113tikas l\u012bniju un spa tehniku.\" \/>\n<meta name=\"robots\" content=\"index, follow, max-snippet:-1, max-image-preview:large, max-video-preview:-1\" \/>\n<link rel=\"canonical\" href=\"https:\/\/www.baltvilla.lv\/en\/veikals\/spa-interneta-veikals-baltvilla\/spa-proceduras-sejai\/regenerejosa-spa-sejas-procedura-debesis\/\" \/>\n<meta property=\"og:locale\" content=\"en_US\" \/>\n<meta property=\"og:type\" content=\"article\" \/>\n<meta property=\"og:title\" content=\"Spa procedura sejai &quot;Debesis&quot; | | Baltvilla spa | Baltvilla\" \/>\n<meta property=\"og:description\" content=\"Spa proced\u016bra sejai, kas v\u0113rsta uz atjauno\u0161anu un uzlabo\u0161anu. Proced\u016br\u0101 ir izmantota Vagheggi Rehydra kosm\u0113tikas l\u012bniju un spa tehniku.\" \/>\n<meta property=\"og:url\" content=\"https:\/\/www.baltvilla.lv\/en\/veikals\/spa-interneta-veikals-baltvilla\/spa-proceduras-sejai\/regenerejosa-spa-sejas-procedura-debesis\/\" \/>\n<meta property=\"og:site_name\" content=\"Baltvilla\" \/>\n<meta property=\"article:modified_time\" content=\"2025-11-06T09:27:01+00:00\" \/>\n<meta property=\"og:image\" content=\"https:\/\/www.baltvilla.lv\/wp-content\/uploads\/2024\/11\/Bv-SPA-107.jpg\" \/>\n\t<meta property=\"og:image:width\" content=\"1800\" \/>\n\t<meta property=\"og:image:height\" content=\"1200\" \/>\n\t<meta property=\"og:image:type\" content=\"image\/jpeg\" \/>\n<meta name=\"twitter:card\" content=\"summary_large_image\" \/>\n<meta name=\"twitter:label1\" content=\"Est. reading time\" \/>\n\t<meta name=\"twitter:data1\" content=\"1 minute\" \/>\n<script type=\"application\/ld+json\" class=\"yoast-schema-graph\">{\"@context\":\"https:\\\/\\\/schema.org\",\"@graph\":[{\"@type\":\"WebPage\",\"@id\":\"https:\\\/\\\/www.baltvilla.lv\\\/en\\\/veikals\\\/spa-interneta-veikals-baltvilla\\\/spa-proceduras-sejai\\\/regenerejosa-spa-sejas-procedura-debesis\\\/\",\"url\":\"https:\\\/\\\/www.baltvilla.lv\\\/en\\\/veikals\\\/spa-interneta-veikals-baltvilla\\\/spa-proceduras-sejai\\\/regenerejosa-spa-sejas-procedura-debesis\\\/\",\"name\":\"Spa procedura sejai \\\"Debesis\\\" | | Baltvilla spa | Baltvilla\",\"isPartOf\":{\"@id\":\"https:\\\/\\\/www.baltvilla.lv\\\/en\\\/#website\"},\"primaryImageOfPage\":{\"@id\":\"https:\\\/\\\/www.baltvilla.lv\\\/en\\\/veikals\\\/spa-interneta-veikals-baltvilla\\\/spa-proceduras-sejai\\\/regenerejosa-spa-sejas-procedura-debesis\\\/#primaryimage\"},\"image\":{\"@id\":\"https:\\\/\\\/www.baltvilla.lv\\\/en\\\/veikals\\\/spa-interneta-veikals-baltvilla\\\/spa-proceduras-sejai\\\/regenerejosa-spa-sejas-procedura-debesis\\\/#primaryimage\"},\"thumbnailUrl\":\"https:\\\/\\\/www.baltvilla.lv\\\/wp-content\\\/uploads\\\/2024\\\/11\\\/Bv-SPA-107.jpg\",\"datePublished\":\"2024-11-20T10:08:16+00:00\",\"dateModified\":\"2025-11-06T09:27:01+00:00\",\"description\":\"Spa proced\u016bra sejai, kas v\u0113rsta uz atjauno\u0161anu un uzlabo\u0161anu. Proced\u016br\u0101 ir izmantota Vagheggi Rehydra kosm\u0113tikas l\u012bniju un spa tehniku.\",\"breadcrumb\":{\"@id\":\"https:\\\/\\\/www.baltvilla.lv\\\/en\\\/veikals\\\/spa-interneta-veikals-baltvilla\\\/spa-proceduras-sejai\\\/regenerejosa-spa-sejas-procedura-debesis\\\/#breadcrumb\"},\"inLanguage\":\"en-US\",\"potentialAction\":[{\"@type\":\"ReadAction\",\"target\":[\"https:\\\/\\\/www.baltvilla.lv\\\/en\\\/veikals\\\/spa-interneta-veikals-baltvilla\\\/spa-proceduras-sejai\\\/regenerejosa-spa-sejas-procedura-debesis\\\/\"]}]},{\"@type\":\"ImageObject\",\"inLanguage\":\"en-US\",\"@id\":\"https:\\\/\\\/www.baltvilla.lv\\\/en\\\/veikals\\\/spa-interneta-veikals-baltvilla\\\/spa-proceduras-sejai\\\/regenerejosa-spa-sejas-procedura-debesis\\\/#primaryimage\",\"url\":\"https:\\\/\\\/www.baltvilla.lv\\\/wp-content\\\/uploads\\\/2024\\\/11\\\/Bv-SPA-107.jpg\",\"contentUrl\":\"https:\\\/\\\/www.baltvilla.lv\\\/wp-content\\\/uploads\\\/2024\\\/11\\\/Bv-SPA-107.jpg\",\"width\":1800,\"height\":1200},{\"@type\":\"BreadcrumbList\",\"@id\":\"https:\\\/\\\/www.baltvilla.lv\\\/en\\\/veikals\\\/spa-interneta-veikals-baltvilla\\\/spa-proceduras-sejai\\\/regenerejosa-spa-sejas-procedura-debesis\\\/#breadcrumb\",\"itemListElement\":[{\"@type\":\"ListItem\",\"position\":1,\"name\":\"Home\",\"item\":\"https:\\\/\\\/www.baltvilla.lv\\\/en\\\/\"},{\"@type\":\"ListItem\",\"position\":2,\"name\":\"Shop\",\"item\":\"https:\\\/\\\/www.baltvilla.lv\\\/shop-2\\\/?lang=en\"},{\"@type\":\"ListItem\",\"position\":3,\"name\":\"Re\u0123ener\u0113jo\u0161a spa sejas proced\u016bra \u201eDebesis\u201d\"}]},{\"@type\":\"WebSite\",\"@id\":\"https:\\\/\\\/www.baltvilla.lv\\\/en\\\/#website\",\"url\":\"https:\\\/\\\/www.baltvilla.lv\\\/en\\\/\",\"name\":\"Baltvilla\",\"description\":\"\",\"publisher\":{\"@id\":\"https:\\\/\\\/www.baltvilla.lv\\\/en\\\/#organization\"},\"potentialAction\":[{\"@type\":\"SearchAction\",\"target\":{\"@type\":\"EntryPoint\",\"urlTemplate\":\"https:\\\/\\\/www.baltvilla.lv\\\/en\\\/?s={search_term_string}\"},\"query-input\":{\"@type\":\"PropertyValueSpecification\",\"valueRequired\":true,\"valueName\":\"search_term_string\"}}],\"inLanguage\":\"en-US\"},{\"@type\":\"Organization\",\"@id\":\"https:\\\/\\\/www.baltvilla.lv\\\/en\\\/#organization\",\"name\":\"Hotel \\\"Baltvilla\\\"\",\"url\":\"https:\\\/\\\/www.baltvilla.lv\\\/en\\\/\",\"logo\":{\"@type\":\"ImageObject\",\"inLanguage\":\"en-US\",\"@id\":\"https:\\\/\\\/www.baltvilla.lv\\\/en\\\/#\\\/schema\\\/logo\\\/image\\\/\",\"url\":\"https:\\\/\\\/www.baltvilla.lv\\\/wp-content\\\/uploads\\\/2021\\\/04\\\/baltvilla-logo.png\",\"contentUrl\":\"https:\\\/\\\/www.baltvilla.lv\\\/wp-content\\\/uploads\\\/2021\\\/04\\\/baltvilla-logo.png\",\"width\":207,\"height\":42,\"caption\":\"Hotel \\\"Baltvilla\\\"\"},\"image\":{\"@id\":\"https:\\\/\\\/www.baltvilla.lv\\\/en\\\/#\\\/schema\\\/logo\\\/image\\\/\"}}]}<\/script>\n<!-- \/ Yoast SEO plugin. -->","yoast_head_json":{"title":"Spa procedura sejai \"Debesis\" | | Baltvilla spa | Baltvilla","description":"Spa proced\u016bra sejai, kas v\u0113rsta uz atjauno\u0161anu un uzlabo\u0161anu. Proced\u016br\u0101 ir izmantota Vagheggi Rehydra kosm\u0113tikas l\u012bniju un spa tehniku.","robots":{"index":"index","follow":"follow","max-snippet":"max-snippet:-1","max-image-preview":"max-image-preview:large","max-video-preview":"max-video-preview:-1"},"canonical":"https:\/\/www.baltvilla.lv\/en\/veikals\/spa-interneta-veikals-baltvilla\/spa-proceduras-sejai\/regenerejosa-spa-sejas-procedura-debesis\/","og_locale":"en_US","og_type":"article","og_title":"Spa procedura sejai \"Debesis\" | | Baltvilla spa | Baltvilla","og_description":"Spa proced\u016bra sejai, kas v\u0113rsta uz atjauno\u0161anu un uzlabo\u0161anu. Proced\u016br\u0101 ir izmantota Vagheggi Rehydra kosm\u0113tikas l\u012bniju un spa tehniku.","og_url":"https:\/\/www.baltvilla.lv\/en\/veikals\/spa-interneta-veikals-baltvilla\/spa-proceduras-sejai\/regenerejosa-spa-sejas-procedura-debesis\/","og_site_name":"Baltvilla","article_modified_time":"2025-11-06T09:27:01+00:00","og_image":[{"width":1800,"height":1200,"url":"https:\/\/www.baltvilla.lv\/wp-content\/uploads\/2024\/11\/Bv-SPA-107.jpg","type":"image\/jpeg"}],"twitter_card":"summary_large_image","twitter_misc":{"Est. reading time":"1 minute"},"schema":{"@context":"https:\/\/schema.org","@graph":[{"@type":"WebPage","@id":"https:\/\/www.baltvilla.lv\/en\/veikals\/spa-interneta-veikals-baltvilla\/spa-proceduras-sejai\/regenerejosa-spa-sejas-procedura-debesis\/","url":"https:\/\/www.baltvilla.lv\/en\/veikals\/spa-interneta-veikals-baltvilla\/spa-proceduras-sejai\/regenerejosa-spa-sejas-procedura-debesis\/","name":"Spa procedura sejai \"Debesis\" | | Baltvilla spa | Baltvilla","isPartOf":{"@id":"https:\/\/www.baltvilla.lv\/en\/#website"},"primaryImageOfPage":{"@id":"https:\/\/www.baltvilla.lv\/en\/veikals\/spa-interneta-veikals-baltvilla\/spa-proceduras-sejai\/regenerejosa-spa-sejas-procedura-debesis\/#primaryimage"},"image":{"@id":"https:\/\/www.baltvilla.lv\/en\/veikals\/spa-interneta-veikals-baltvilla\/spa-proceduras-sejai\/regenerejosa-spa-sejas-procedura-debesis\/#primaryimage"},"thumbnailUrl":"https:\/\/www.baltvilla.lv\/wp-content\/uploads\/2024\/11\/Bv-SPA-107.jpg","datePublished":"2024-11-20T10:08:16+00:00","dateModified":"2025-11-06T09:27:01+00:00","description":"Spa proced\u016bra sejai, kas v\u0113rsta uz atjauno\u0161anu un uzlabo\u0161anu. Proced\u016br\u0101 ir izmantota Vagheggi Rehydra kosm\u0113tikas l\u012bniju un spa tehniku.","breadcrumb":{"@id":"https:\/\/www.baltvilla.lv\/en\/veikals\/spa-interneta-veikals-baltvilla\/spa-proceduras-sejai\/regenerejosa-spa-sejas-procedura-debesis\/#breadcrumb"},"inLanguage":"en-US","potentialAction":[{"@type":"ReadAction","target":["https:\/\/www.baltvilla.lv\/en\/veikals\/spa-interneta-veikals-baltvilla\/spa-proceduras-sejai\/regenerejosa-spa-sejas-procedura-debesis\/"]}]},{"@type":"ImageObject","inLanguage":"en-US","@id":"https:\/\/www.baltvilla.lv\/en\/veikals\/spa-interneta-veikals-baltvilla\/spa-proceduras-sejai\/regenerejosa-spa-sejas-procedura-debesis\/#primaryimage","url":"https:\/\/www.baltvilla.lv\/wp-content\/uploads\/2024\/11\/Bv-SPA-107.jpg","contentUrl":"https:\/\/www.baltvilla.lv\/wp-content\/uploads\/2024\/11\/Bv-SPA-107.jpg","width":1800,"height":1200},{"@type":"BreadcrumbList","@id":"https:\/\/www.baltvilla.lv\/en\/veikals\/spa-interneta-veikals-baltvilla\/spa-proceduras-sejai\/regenerejosa-spa-sejas-procedura-debesis\/#breadcrumb","itemListElement":[{"@type":"ListItem","position":1,"name":"Home","item":"https:\/\/www.baltvilla.lv\/en\/"},{"@type":"ListItem","position":2,"name":"Shop","item":"https:\/\/www.baltvilla.lv\/shop-2\/?lang=en"},{"@type":"ListItem","position":3,"name":"Re\u0123ener\u0113jo\u0161a spa sejas proced\u016bra \u201eDebesis\u201d"}]},{"@type":"WebSite","@id":"https:\/\/www.baltvilla.lv\/en\/#website","url":"https:\/\/www.baltvilla.lv\/en\/","name":"Baltvilla","description":"","publisher":{"@id":"https:\/\/www.baltvilla.lv\/en\/#organization"},"potentialAction":[{"@type":"SearchAction","target":{"@type":"EntryPoint","urlTemplate":"https:\/\/www.baltvilla.lv\/en\/?s={search_term_string}"},"query-input":{"@type":"PropertyValueSpecification","valueRequired":true,"valueName":"search_term_string"}}],"inLanguage":"en-US"},{"@type":"Organization","@id":"https:\/\/www.baltvilla.lv\/en\/#organization","name":"Hotel \"Baltvilla\"","url":"https:\/\/www.baltvilla.lv\/en\/","logo":{"@type":"ImageObject","inLanguage":"en-US","@id":"https:\/\/www.baltvilla.lv\/en\/#\/schema\/logo\/image\/","url":"https:\/\/www.baltvilla.lv\/wp-content\/uploads\/2021\/04\/baltvilla-logo.png","contentUrl":"https:\/\/www.baltvilla.lv\/wp-content\/uploads\/2021\/04\/baltvilla-logo.png","width":207,"height":42,"caption":"Hotel \"Baltvilla\""},"image":{"@id":"https:\/\/www.baltvilla.lv\/en\/#\/schema\/logo\/image\/"}}]}},"_links":{"self":[{"href":"https:\/\/www.baltvilla.lv\/en\/wp-json\/wp\/v2\/product\/19361","targetHints":{"allow":["GET"]}}],"collection":[{"href":"https:\/\/www.baltvilla.lv\/en\/wp-json\/wp\/v2\/product"}],"about":[{"href":"https:\/\/www.baltvilla.lv\/en\/wp-json\/wp\/v2\/types\/product"}],"replies":[{"embeddable":true,"href":"https:\/\/www.baltvilla.lv\/en\/wp-json\/wp\/v2\/comments?post=19361"}],"wp:featuredmedia":[{"embeddable":true,"href":"https:\/\/www.baltvilla.lv\/en\/wp-json\/wp\/v2\/media\/22916"}],"wp:attachment":[{"href":"https:\/\/www.baltvilla.lv\/en\/wp-json\/wp\/v2\/media?parent=19361"}],"wp:term":[{"taxonomy":"product_brand","embeddable":true,"href":"https:\/\/www.baltvilla.lv\/en\/wp-json\/wp\/v2\/product_brand?post=19361"},{"taxonomy":"product_cat","embeddable":true,"href":"https:\/\/www.baltvilla.lv\/en\/wp-json\/wp\/v2\/product_cat?post=19361"},{"taxonomy":"product_tag","embeddable":true,"href":"https:\/\/www.baltvilla.lv\/en\/wp-json\/wp\/v2\/product_tag?post=19361"}],"curies":[{"name":"wp","href":"https:\/\/api.w.org\/{rel}","templated":true}]}}