{"id":19357,"date":"2024-11-20T11:57:06","date_gmt":"2024-11-20T09:57:06","guid":{"rendered":"https:\/\/www.baltvilla.lv\/?post_type=product&#038;p=19357"},"modified":"2025-11-06T11:28:40","modified_gmt":"2025-11-06T09:28:40","slug":"tonizejosa-spa-sejas-procedura-gaisma","status":"publish","type":"product","link":"https:\/\/www.baltvilla.lv\/en\/veikals\/spa-interneta-veikals-baltvilla\/spa-proceduras-sejai\/tonizejosa-spa-sejas-procedura-gaisma\/","title":{"rendered":"Toniz\u0113jo\u0161a spa sejas proced\u016bra \u201eGaisma\u201d"},"content":{"rendered":"<p>Meksikas laima ekstrakts ir Lime Infinity l\u012bnijas galven\u0101 sast\u0101vda\u013ca \u2013 bag\u0101ts ar nomierino\u0161iem, antioksidantu un kapil\u0101rus stiprino\u0161\u0101m viel\u0101m. Tas aizsarg\u0101 \u0161\u016bnas no stresa un pies\u0101r\u0146ojuma. Pateicoties modernai tehnolo\u0123ijai, akt\u012bv\u0101s vielas tiek ieg\u016btas \u012bpa\u0161i efekt\u012bv\u0101 veid\u0101, saglab\u0101jot to maksim\u0101lo iedarb\u012bbu.<\/p>\n","protected":false},"excerpt":{"rendered":"<p>Att\u012bra \u0101du no stresa un pies\u0101r\u0146ojuma, padarot to svaigu, gai\u0161u un aizsarg\u0101tu. Piem\u0113rota ikvienam, kas j\u016bt, ka \u0101da k\u013cuvusi bl\u0101va vai nogurusi.<\/p>\n<p>Spa proced\u016bra ilgst 60 min.<\/p>\n<p>&nbsp;<\/p>\n","protected":false},"featured_media":22930,"comment_status":"closed","ping_status":"closed","template":"","meta":{"_acf_changed":false},"product_brand":[],"product_cat":[46,125],"product_tag":[],"class_list":{"0":"post-19357","1":"product","2":"type-product","3":"status-publish","4":"has-post-thumbnail","6":"product_cat-spa-interneta-veikals-baltvilla","7":"product_cat-spa-proceduras-sejai","9":"first","10":"instock","11":"virtual","12":"taxable","13":"purchasable","14":"product-type-simple"},"acf":[],"yoast_head":"<!-- This site is optimized with the Yoast SEO plugin v27.4 - https:\/\/yoast.com\/product\/yoast-seo-wordpress\/ -->\n<title>Spa procedura sejai &quot;Gaisma&quot; | | Baltvilla spa | Baltvilla<\/title>\n<meta name=\"description\" content=\"Spa proced\u016bra sejai, kas v\u0113rsta uz \u0101das att\u012br\u012b\u0161anu un detoksu. Proced\u016br\u0101 ir izmantota Vagheggi Rehydra kosm\u0113tikas l\u012bnija.\" \/>\n<meta name=\"robots\" content=\"index, follow, max-snippet:-1, max-image-preview:large, max-video-preview:-1\" \/>\n<link rel=\"canonical\" href=\"https:\/\/www.baltvilla.lv\/en\/veikals\/spa-interneta-veikals-baltvilla\/spa-proceduras-sejai\/tonizejosa-spa-sejas-procedura-gaisma\/\" \/>\n<meta property=\"og:locale\" content=\"en_US\" \/>\n<meta property=\"og:type\" content=\"article\" \/>\n<meta property=\"og:title\" content=\"Spa procedura sejai &quot;Gaisma&quot; | | Baltvilla spa | Baltvilla\" \/>\n<meta property=\"og:description\" content=\"Spa proced\u016bra sejai, kas v\u0113rsta uz \u0101das att\u012br\u012b\u0161anu un detoksu. Proced\u016br\u0101 ir izmantota Vagheggi Rehydra kosm\u0113tikas l\u012bnija.\" \/>\n<meta property=\"og:url\" content=\"https:\/\/www.baltvilla.lv\/en\/veikals\/spa-interneta-veikals-baltvilla\/spa-proceduras-sejai\/tonizejosa-spa-sejas-procedura-gaisma\/\" \/>\n<meta property=\"og:site_name\" content=\"Baltvilla\" \/>\n<meta property=\"article:modified_time\" content=\"2025-11-06T09:28:40+00:00\" \/>\n<meta property=\"og:image\" content=\"https:\/\/www.baltvilla.lv\/wp-content\/uploads\/2024\/11\/Bv-SPA-194.jpg\" \/>\n\t<meta property=\"og:image:width\" content=\"1800\" \/>\n\t<meta property=\"og:image:height\" content=\"1200\" \/>\n\t<meta property=\"og:image:type\" content=\"image\/jpeg\" \/>\n<meta name=\"twitter:card\" content=\"summary_large_image\" \/>\n<meta name=\"twitter:label1\" content=\"Est. reading time\" \/>\n\t<meta name=\"twitter:data1\" content=\"1 minute\" \/>\n<script type=\"application\/ld+json\" class=\"yoast-schema-graph\">{\"@context\":\"https:\\\/\\\/schema.org\",\"@graph\":[{\"@type\":\"WebPage\",\"@id\":\"https:\\\/\\\/www.baltvilla.lv\\\/en\\\/veikals\\\/spa-interneta-veikals-baltvilla\\\/spa-proceduras-sejai\\\/tonizejosa-spa-sejas-procedura-gaisma\\\/\",\"url\":\"https:\\\/\\\/www.baltvilla.lv\\\/en\\\/veikals\\\/spa-interneta-veikals-baltvilla\\\/spa-proceduras-sejai\\\/tonizejosa-spa-sejas-procedura-gaisma\\\/\",\"name\":\"Spa procedura sejai \\\"Gaisma\\\" | | Baltvilla spa | Baltvilla\",\"isPartOf\":{\"@id\":\"https:\\\/\\\/www.baltvilla.lv\\\/en\\\/#website\"},\"primaryImageOfPage\":{\"@id\":\"https:\\\/\\\/www.baltvilla.lv\\\/en\\\/veikals\\\/spa-interneta-veikals-baltvilla\\\/spa-proceduras-sejai\\\/tonizejosa-spa-sejas-procedura-gaisma\\\/#primaryimage\"},\"image\":{\"@id\":\"https:\\\/\\\/www.baltvilla.lv\\\/en\\\/veikals\\\/spa-interneta-veikals-baltvilla\\\/spa-proceduras-sejai\\\/tonizejosa-spa-sejas-procedura-gaisma\\\/#primaryimage\"},\"thumbnailUrl\":\"https:\\\/\\\/www.baltvilla.lv\\\/wp-content\\\/uploads\\\/2024\\\/11\\\/Bv-SPA-194.jpg\",\"datePublished\":\"2024-11-20T09:57:06+00:00\",\"dateModified\":\"2025-11-06T09:28:40+00:00\",\"description\":\"Spa proced\u016bra sejai, kas v\u0113rsta uz \u0101das att\u012br\u012b\u0161anu un detoksu. Proced\u016br\u0101 ir izmantota Vagheggi Rehydra kosm\u0113tikas l\u012bnija.\",\"breadcrumb\":{\"@id\":\"https:\\\/\\\/www.baltvilla.lv\\\/en\\\/veikals\\\/spa-interneta-veikals-baltvilla\\\/spa-proceduras-sejai\\\/tonizejosa-spa-sejas-procedura-gaisma\\\/#breadcrumb\"},\"inLanguage\":\"en-US\",\"potentialAction\":[{\"@type\":\"ReadAction\",\"target\":[\"https:\\\/\\\/www.baltvilla.lv\\\/en\\\/veikals\\\/spa-interneta-veikals-baltvilla\\\/spa-proceduras-sejai\\\/tonizejosa-spa-sejas-procedura-gaisma\\\/\"]}]},{\"@type\":\"ImageObject\",\"inLanguage\":\"en-US\",\"@id\":\"https:\\\/\\\/www.baltvilla.lv\\\/en\\\/veikals\\\/spa-interneta-veikals-baltvilla\\\/spa-proceduras-sejai\\\/tonizejosa-spa-sejas-procedura-gaisma\\\/#primaryimage\",\"url\":\"https:\\\/\\\/www.baltvilla.lv\\\/wp-content\\\/uploads\\\/2024\\\/11\\\/Bv-SPA-194.jpg\",\"contentUrl\":\"https:\\\/\\\/www.baltvilla.lv\\\/wp-content\\\/uploads\\\/2024\\\/11\\\/Bv-SPA-194.jpg\",\"width\":1800,\"height\":1200},{\"@type\":\"BreadcrumbList\",\"@id\":\"https:\\\/\\\/www.baltvilla.lv\\\/en\\\/veikals\\\/spa-interneta-veikals-baltvilla\\\/spa-proceduras-sejai\\\/tonizejosa-spa-sejas-procedura-gaisma\\\/#breadcrumb\",\"itemListElement\":[{\"@type\":\"ListItem\",\"position\":1,\"name\":\"Home\",\"item\":\"https:\\\/\\\/www.baltvilla.lv\\\/en\\\/\"},{\"@type\":\"ListItem\",\"position\":2,\"name\":\"Shop\",\"item\":\"https:\\\/\\\/www.baltvilla.lv\\\/shop-2\\\/?lang=en\"},{\"@type\":\"ListItem\",\"position\":3,\"name\":\"Toniz\u0113jo\u0161a spa sejas proced\u016bra \u201eGaisma\u201d\"}]},{\"@type\":\"WebSite\",\"@id\":\"https:\\\/\\\/www.baltvilla.lv\\\/en\\\/#website\",\"url\":\"https:\\\/\\\/www.baltvilla.lv\\\/en\\\/\",\"name\":\"Baltvilla\",\"description\":\"\",\"publisher\":{\"@id\":\"https:\\\/\\\/www.baltvilla.lv\\\/en\\\/#organization\"},\"potentialAction\":[{\"@type\":\"SearchAction\",\"target\":{\"@type\":\"EntryPoint\",\"urlTemplate\":\"https:\\\/\\\/www.baltvilla.lv\\\/en\\\/?s={search_term_string}\"},\"query-input\":{\"@type\":\"PropertyValueSpecification\",\"valueRequired\":true,\"valueName\":\"search_term_string\"}}],\"inLanguage\":\"en-US\"},{\"@type\":\"Organization\",\"@id\":\"https:\\\/\\\/www.baltvilla.lv\\\/en\\\/#organization\",\"name\":\"Hotel \\\"Baltvilla\\\"\",\"url\":\"https:\\\/\\\/www.baltvilla.lv\\\/en\\\/\",\"logo\":{\"@type\":\"ImageObject\",\"inLanguage\":\"en-US\",\"@id\":\"https:\\\/\\\/www.baltvilla.lv\\\/en\\\/#\\\/schema\\\/logo\\\/image\\\/\",\"url\":\"https:\\\/\\\/www.baltvilla.lv\\\/wp-content\\\/uploads\\\/2021\\\/04\\\/baltvilla-logo.png\",\"contentUrl\":\"https:\\\/\\\/www.baltvilla.lv\\\/wp-content\\\/uploads\\\/2021\\\/04\\\/baltvilla-logo.png\",\"width\":207,\"height\":42,\"caption\":\"Hotel \\\"Baltvilla\\\"\"},\"image\":{\"@id\":\"https:\\\/\\\/www.baltvilla.lv\\\/en\\\/#\\\/schema\\\/logo\\\/image\\\/\"}}]}<\/script>\n<!-- \/ Yoast SEO plugin. -->","yoast_head_json":{"title":"Spa procedura sejai \"Gaisma\" | | Baltvilla spa | Baltvilla","description":"Spa proced\u016bra sejai, kas v\u0113rsta uz \u0101das att\u012br\u012b\u0161anu un detoksu. Proced\u016br\u0101 ir izmantota Vagheggi Rehydra kosm\u0113tikas l\u012bnija.","robots":{"index":"index","follow":"follow","max-snippet":"max-snippet:-1","max-image-preview":"max-image-preview:large","max-video-preview":"max-video-preview:-1"},"canonical":"https:\/\/www.baltvilla.lv\/en\/veikals\/spa-interneta-veikals-baltvilla\/spa-proceduras-sejai\/tonizejosa-spa-sejas-procedura-gaisma\/","og_locale":"en_US","og_type":"article","og_title":"Spa procedura sejai \"Gaisma\" | | Baltvilla spa | Baltvilla","og_description":"Spa proced\u016bra sejai, kas v\u0113rsta uz \u0101das att\u012br\u012b\u0161anu un detoksu. Proced\u016br\u0101 ir izmantota Vagheggi Rehydra kosm\u0113tikas l\u012bnija.","og_url":"https:\/\/www.baltvilla.lv\/en\/veikals\/spa-interneta-veikals-baltvilla\/spa-proceduras-sejai\/tonizejosa-spa-sejas-procedura-gaisma\/","og_site_name":"Baltvilla","article_modified_time":"2025-11-06T09:28:40+00:00","og_image":[{"width":1800,"height":1200,"url":"https:\/\/www.baltvilla.lv\/wp-content\/uploads\/2024\/11\/Bv-SPA-194.jpg","type":"image\/jpeg"}],"twitter_card":"summary_large_image","twitter_misc":{"Est. reading time":"1 minute"},"schema":{"@context":"https:\/\/schema.org","@graph":[{"@type":"WebPage","@id":"https:\/\/www.baltvilla.lv\/en\/veikals\/spa-interneta-veikals-baltvilla\/spa-proceduras-sejai\/tonizejosa-spa-sejas-procedura-gaisma\/","url":"https:\/\/www.baltvilla.lv\/en\/veikals\/spa-interneta-veikals-baltvilla\/spa-proceduras-sejai\/tonizejosa-spa-sejas-procedura-gaisma\/","name":"Spa procedura sejai \"Gaisma\" | | Baltvilla spa | Baltvilla","isPartOf":{"@id":"https:\/\/www.baltvilla.lv\/en\/#website"},"primaryImageOfPage":{"@id":"https:\/\/www.baltvilla.lv\/en\/veikals\/spa-interneta-veikals-baltvilla\/spa-proceduras-sejai\/tonizejosa-spa-sejas-procedura-gaisma\/#primaryimage"},"image":{"@id":"https:\/\/www.baltvilla.lv\/en\/veikals\/spa-interneta-veikals-baltvilla\/spa-proceduras-sejai\/tonizejosa-spa-sejas-procedura-gaisma\/#primaryimage"},"thumbnailUrl":"https:\/\/www.baltvilla.lv\/wp-content\/uploads\/2024\/11\/Bv-SPA-194.jpg","datePublished":"2024-11-20T09:57:06+00:00","dateModified":"2025-11-06T09:28:40+00:00","description":"Spa proced\u016bra sejai, kas v\u0113rsta uz \u0101das att\u012br\u012b\u0161anu un detoksu. Proced\u016br\u0101 ir izmantota Vagheggi Rehydra kosm\u0113tikas l\u012bnija.","breadcrumb":{"@id":"https:\/\/www.baltvilla.lv\/en\/veikals\/spa-interneta-veikals-baltvilla\/spa-proceduras-sejai\/tonizejosa-spa-sejas-procedura-gaisma\/#breadcrumb"},"inLanguage":"en-US","potentialAction":[{"@type":"ReadAction","target":["https:\/\/www.baltvilla.lv\/en\/veikals\/spa-interneta-veikals-baltvilla\/spa-proceduras-sejai\/tonizejosa-spa-sejas-procedura-gaisma\/"]}]},{"@type":"ImageObject","inLanguage":"en-US","@id":"https:\/\/www.baltvilla.lv\/en\/veikals\/spa-interneta-veikals-baltvilla\/spa-proceduras-sejai\/tonizejosa-spa-sejas-procedura-gaisma\/#primaryimage","url":"https:\/\/www.baltvilla.lv\/wp-content\/uploads\/2024\/11\/Bv-SPA-194.jpg","contentUrl":"https:\/\/www.baltvilla.lv\/wp-content\/uploads\/2024\/11\/Bv-SPA-194.jpg","width":1800,"height":1200},{"@type":"BreadcrumbList","@id":"https:\/\/www.baltvilla.lv\/en\/veikals\/spa-interneta-veikals-baltvilla\/spa-proceduras-sejai\/tonizejosa-spa-sejas-procedura-gaisma\/#breadcrumb","itemListElement":[{"@type":"ListItem","position":1,"name":"Home","item":"https:\/\/www.baltvilla.lv\/en\/"},{"@type":"ListItem","position":2,"name":"Shop","item":"https:\/\/www.baltvilla.lv\/shop-2\/?lang=en"},{"@type":"ListItem","position":3,"name":"Toniz\u0113jo\u0161a spa sejas proced\u016bra \u201eGaisma\u201d"}]},{"@type":"WebSite","@id":"https:\/\/www.baltvilla.lv\/en\/#website","url":"https:\/\/www.baltvilla.lv\/en\/","name":"Baltvilla","description":"","publisher":{"@id":"https:\/\/www.baltvilla.lv\/en\/#organization"},"potentialAction":[{"@type":"SearchAction","target":{"@type":"EntryPoint","urlTemplate":"https:\/\/www.baltvilla.lv\/en\/?s={search_term_string}"},"query-input":{"@type":"PropertyValueSpecification","valueRequired":true,"valueName":"search_term_string"}}],"inLanguage":"en-US"},{"@type":"Organization","@id":"https:\/\/www.baltvilla.lv\/en\/#organization","name":"Hotel \"Baltvilla\"","url":"https:\/\/www.baltvilla.lv\/en\/","logo":{"@type":"ImageObject","inLanguage":"en-US","@id":"https:\/\/www.baltvilla.lv\/en\/#\/schema\/logo\/image\/","url":"https:\/\/www.baltvilla.lv\/wp-content\/uploads\/2021\/04\/baltvilla-logo.png","contentUrl":"https:\/\/www.baltvilla.lv\/wp-content\/uploads\/2021\/04\/baltvilla-logo.png","width":207,"height":42,"caption":"Hotel \"Baltvilla\""},"image":{"@id":"https:\/\/www.baltvilla.lv\/en\/#\/schema\/logo\/image\/"}}]}},"_links":{"self":[{"href":"https:\/\/www.baltvilla.lv\/en\/wp-json\/wp\/v2\/product\/19357","targetHints":{"allow":["GET"]}}],"collection":[{"href":"https:\/\/www.baltvilla.lv\/en\/wp-json\/wp\/v2\/product"}],"about":[{"href":"https:\/\/www.baltvilla.lv\/en\/wp-json\/wp\/v2\/types\/product"}],"replies":[{"embeddable":true,"href":"https:\/\/www.baltvilla.lv\/en\/wp-json\/wp\/v2\/comments?post=19357"}],"wp:featuredmedia":[{"embeddable":true,"href":"https:\/\/www.baltvilla.lv\/en\/wp-json\/wp\/v2\/media\/22930"}],"wp:attachment":[{"href":"https:\/\/www.baltvilla.lv\/en\/wp-json\/wp\/v2\/media?parent=19357"}],"wp:term":[{"taxonomy":"product_brand","embeddable":true,"href":"https:\/\/www.baltvilla.lv\/en\/wp-json\/wp\/v2\/product_brand?post=19357"},{"taxonomy":"product_cat","embeddable":true,"href":"https:\/\/www.baltvilla.lv\/en\/wp-json\/wp\/v2\/product_cat?post=19357"},{"taxonomy":"product_tag","embeddable":true,"href":"https:\/\/www.baltvilla.lv\/en\/wp-json\/wp\/v2\/product_tag?post=19357"}],"curies":[{"name":"wp","href":"https:\/\/api.w.org\/{rel}","templated":true}]}}