{"id":19344,"date":"2024-11-20T09:32:10","date_gmt":"2024-11-20T07:32:10","guid":{"rendered":"https:\/\/www.baltvilla.lv\/?post_type=product&#038;p=19344"},"modified":"2025-06-06T12:36:28","modified_gmt":"2025-06-06T09:36:28","slug":"spa-rituals-roma","status":"publish","type":"product","link":"https:\/\/www.baltvilla.lv\/en\/veikals\/spa-interneta-veikals-baltvilla\/spa-rituali\/spa-rituals-roma\/","title":{"rendered":"Spa ritu\u0101ls \u201eRoma\u201d"},"content":{"rendered":"<p>Ritu\u0101la laik\u0101 izmantotie l\u012bdzek\u013ci bag\u0101t\u012bgi mitrina, atjauno un harmoniz\u0113 \u0101du. S\u0101kot ar juteklisku arome\u013c\u013ca izv\u0113li un turpinot ar nomierino\u0161u mas\u0101\u017eu, \u0161is ritu\u0101ls atmodina un atjauno, piepildot \u0137ermeni un pr\u0101tu ar dzi\u013co it\u0101\u013cu dz\u012bvesprieku.<br \/>\nJa izv\u0113l\u0113sieties piedz\u012bvot ritu\u0101lu \u201cRoma\u201d tad sajut\u012bsiet, k\u0101 \u0137ermenis piepild\u0101s ar mieru, \u013caujot J\u016bsu \u0137ermenim ieg\u016bt Romai rakstur\u012bgo maigumu un eleganci.<\/p>\n","protected":false},"excerpt":{"rendered":"<p>Grezn\u012bbas un miera pilns ritu\u0101ls, kas \u013cauj uz br\u012bdi apst\u0101ties. Pal\u012bdz atsl\u0101bin\u0101ties un izbaud\u012bt \u012bpa\u0161u kop\u0161anas pieredzi. Piem\u0113rots tiem, kas ilgojas p\u0113c miera un it\u0101liska dz\u012bvesprieka. Ritu\u0101la garums ir 90 min, iek\u013caujot t\u0113jas baud\u012b\u0161anu un ir ide\u0101la izv\u0113le tiem, kas mekl\u0113 gan fizisku, gan emocion\u0101lu labsaj\u016btu.<\/p>\n<p>&nbsp;<\/p>\n","protected":false},"featured_media":22962,"comment_status":"closed","ping_status":"closed","template":"","meta":{"_acf_changed":false},"product_brand":[],"product_cat":[46,124],"product_tag":[],"class_list":{"0":"post-19344","1":"product","2":"type-product","3":"status-publish","4":"has-post-thumbnail","6":"product_cat-spa-interneta-veikals-baltvilla","7":"product_cat-spa-rituali","9":"first","10":"instock","11":"virtual","12":"taxable","13":"purchasable","14":"product-type-simple"},"acf":[],"yoast_head":"<!-- This site is optimized with the Yoast SEO plugin v27.4 - https:\/\/yoast.com\/product\/yoast-seo-wordpress\/ -->\n<title>Spa ritu\u0101ls \u201eRoma\u201d | Spa ritu\u0101ls | Baltvilla spa<\/title>\n<meta name=\"description\" content=\"&quot;Roma&quot; spa ritu\u0101ls ir aizraujo\u0161s ce\u013cojums uz It\u0101lijas sirdi \u2013 seno, majest\u0101tisko Romu. \u0160is ritu\u0101ls ir veidots, lai \u013cautu piedz\u012bvot it\u0101lisko auru.\" \/>\n<meta name=\"robots\" content=\"index, follow, max-snippet:-1, max-image-preview:large, max-video-preview:-1\" \/>\n<link rel=\"canonical\" href=\"https:\/\/www.baltvilla.lv\/en\/veikals\/spa-interneta-veikals-baltvilla\/spa-rituali\/spa-rituals-roma\/\" \/>\n<meta property=\"og:locale\" content=\"en_US\" \/>\n<meta property=\"og:type\" content=\"article\" \/>\n<meta property=\"og:title\" content=\"Spa ritu\u0101ls \u201eRoma\u201d | Spa ritu\u0101ls | Baltvilla spa\" \/>\n<meta property=\"og:description\" content=\"&quot;Roma&quot; spa ritu\u0101ls ir aizraujo\u0161s ce\u013cojums uz It\u0101lijas sirdi \u2013 seno, majest\u0101tisko Romu. \u0160is ritu\u0101ls ir veidots, lai \u013cautu piedz\u012bvot it\u0101lisko auru.\" \/>\n<meta property=\"og:url\" content=\"https:\/\/www.baltvilla.lv\/en\/veikals\/spa-interneta-veikals-baltvilla\/spa-rituali\/spa-rituals-roma\/\" \/>\n<meta property=\"og:site_name\" content=\"Baltvilla\" \/>\n<meta property=\"article:modified_time\" content=\"2025-06-06T09:36:28+00:00\" \/>\n<meta property=\"og:image\" content=\"https:\/\/www.baltvilla.lv\/wp-content\/uploads\/2025\/06\/Bv-SPA-188.jpg\" \/>\n\t<meta property=\"og:image:width\" content=\"1800\" \/>\n\t<meta property=\"og:image:height\" content=\"1200\" \/>\n\t<meta property=\"og:image:type\" content=\"image\/jpeg\" \/>\n<meta name=\"twitter:card\" content=\"summary_large_image\" \/>\n<meta name=\"twitter:label1\" content=\"Est. reading time\" \/>\n\t<meta name=\"twitter:data1\" content=\"1 minute\" \/>\n<script type=\"application\/ld+json\" class=\"yoast-schema-graph\">{\"@context\":\"https:\\\/\\\/schema.org\",\"@graph\":[{\"@type\":\"WebPage\",\"@id\":\"https:\\\/\\\/www.baltvilla.lv\\\/en\\\/veikals\\\/spa-interneta-veikals-baltvilla\\\/spa-rituali\\\/spa-rituals-roma\\\/\",\"url\":\"https:\\\/\\\/www.baltvilla.lv\\\/en\\\/veikals\\\/spa-interneta-veikals-baltvilla\\\/spa-rituali\\\/spa-rituals-roma\\\/\",\"name\":\"Spa ritu\u0101ls \u201eRoma\u201d | Spa ritu\u0101ls | Baltvilla spa\",\"isPartOf\":{\"@id\":\"https:\\\/\\\/www.baltvilla.lv\\\/en\\\/#website\"},\"primaryImageOfPage\":{\"@id\":\"https:\\\/\\\/www.baltvilla.lv\\\/en\\\/veikals\\\/spa-interneta-veikals-baltvilla\\\/spa-rituali\\\/spa-rituals-roma\\\/#primaryimage\"},\"image\":{\"@id\":\"https:\\\/\\\/www.baltvilla.lv\\\/en\\\/veikals\\\/spa-interneta-veikals-baltvilla\\\/spa-rituali\\\/spa-rituals-roma\\\/#primaryimage\"},\"thumbnailUrl\":\"https:\\\/\\\/www.baltvilla.lv\\\/wp-content\\\/uploads\\\/2025\\\/06\\\/Bv-SPA-188.jpg\",\"datePublished\":\"2024-11-20T07:32:10+00:00\",\"dateModified\":\"2025-06-06T09:36:28+00:00\",\"description\":\"\\\"Roma\\\" spa ritu\u0101ls ir aizraujo\u0161s ce\u013cojums uz It\u0101lijas sirdi \u2013 seno, majest\u0101tisko Romu. \u0160is ritu\u0101ls ir veidots, lai \u013cautu piedz\u012bvot it\u0101lisko auru.\",\"breadcrumb\":{\"@id\":\"https:\\\/\\\/www.baltvilla.lv\\\/en\\\/veikals\\\/spa-interneta-veikals-baltvilla\\\/spa-rituali\\\/spa-rituals-roma\\\/#breadcrumb\"},\"inLanguage\":\"en-US\",\"potentialAction\":[{\"@type\":\"ReadAction\",\"target\":[\"https:\\\/\\\/www.baltvilla.lv\\\/en\\\/veikals\\\/spa-interneta-veikals-baltvilla\\\/spa-rituali\\\/spa-rituals-roma\\\/\"]}]},{\"@type\":\"ImageObject\",\"inLanguage\":\"en-US\",\"@id\":\"https:\\\/\\\/www.baltvilla.lv\\\/en\\\/veikals\\\/spa-interneta-veikals-baltvilla\\\/spa-rituali\\\/spa-rituals-roma\\\/#primaryimage\",\"url\":\"https:\\\/\\\/www.baltvilla.lv\\\/wp-content\\\/uploads\\\/2025\\\/06\\\/Bv-SPA-188.jpg\",\"contentUrl\":\"https:\\\/\\\/www.baltvilla.lv\\\/wp-content\\\/uploads\\\/2025\\\/06\\\/Bv-SPA-188.jpg\",\"width\":1800,\"height\":1200},{\"@type\":\"BreadcrumbList\",\"@id\":\"https:\\\/\\\/www.baltvilla.lv\\\/en\\\/veikals\\\/spa-interneta-veikals-baltvilla\\\/spa-rituali\\\/spa-rituals-roma\\\/#breadcrumb\",\"itemListElement\":[{\"@type\":\"ListItem\",\"position\":1,\"name\":\"Home\",\"item\":\"https:\\\/\\\/www.baltvilla.lv\\\/en\\\/\"},{\"@type\":\"ListItem\",\"position\":2,\"name\":\"Shop\",\"item\":\"https:\\\/\\\/www.baltvilla.lv\\\/shop-2\\\/?lang=en\"},{\"@type\":\"ListItem\",\"position\":3,\"name\":\"Spa ritu\u0101ls \u201eRoma\u201d\"}]},{\"@type\":\"WebSite\",\"@id\":\"https:\\\/\\\/www.baltvilla.lv\\\/en\\\/#website\",\"url\":\"https:\\\/\\\/www.baltvilla.lv\\\/en\\\/\",\"name\":\"Baltvilla\",\"description\":\"\",\"publisher\":{\"@id\":\"https:\\\/\\\/www.baltvilla.lv\\\/en\\\/#organization\"},\"potentialAction\":[{\"@type\":\"SearchAction\",\"target\":{\"@type\":\"EntryPoint\",\"urlTemplate\":\"https:\\\/\\\/www.baltvilla.lv\\\/en\\\/?s={search_term_string}\"},\"query-input\":{\"@type\":\"PropertyValueSpecification\",\"valueRequired\":true,\"valueName\":\"search_term_string\"}}],\"inLanguage\":\"en-US\"},{\"@type\":\"Organization\",\"@id\":\"https:\\\/\\\/www.baltvilla.lv\\\/en\\\/#organization\",\"name\":\"Hotel \\\"Baltvilla\\\"\",\"url\":\"https:\\\/\\\/www.baltvilla.lv\\\/en\\\/\",\"logo\":{\"@type\":\"ImageObject\",\"inLanguage\":\"en-US\",\"@id\":\"https:\\\/\\\/www.baltvilla.lv\\\/en\\\/#\\\/schema\\\/logo\\\/image\\\/\",\"url\":\"https:\\\/\\\/www.baltvilla.lv\\\/wp-content\\\/uploads\\\/2021\\\/04\\\/baltvilla-logo.png\",\"contentUrl\":\"https:\\\/\\\/www.baltvilla.lv\\\/wp-content\\\/uploads\\\/2021\\\/04\\\/baltvilla-logo.png\",\"width\":207,\"height\":42,\"caption\":\"Hotel \\\"Baltvilla\\\"\"},\"image\":{\"@id\":\"https:\\\/\\\/www.baltvilla.lv\\\/en\\\/#\\\/schema\\\/logo\\\/image\\\/\"}}]}<\/script>\n<!-- \/ Yoast SEO plugin. -->","yoast_head_json":{"title":"Spa ritu\u0101ls \u201eRoma\u201d | Spa ritu\u0101ls | Baltvilla spa","description":"\"Roma\" spa ritu\u0101ls ir aizraujo\u0161s ce\u013cojums uz It\u0101lijas sirdi \u2013 seno, majest\u0101tisko Romu. \u0160is ritu\u0101ls ir veidots, lai \u013cautu piedz\u012bvot it\u0101lisko auru.","robots":{"index":"index","follow":"follow","max-snippet":"max-snippet:-1","max-image-preview":"max-image-preview:large","max-video-preview":"max-video-preview:-1"},"canonical":"https:\/\/www.baltvilla.lv\/en\/veikals\/spa-interneta-veikals-baltvilla\/spa-rituali\/spa-rituals-roma\/","og_locale":"en_US","og_type":"article","og_title":"Spa ritu\u0101ls \u201eRoma\u201d | Spa ritu\u0101ls | Baltvilla spa","og_description":"\"Roma\" spa ritu\u0101ls ir aizraujo\u0161s ce\u013cojums uz It\u0101lijas sirdi \u2013 seno, majest\u0101tisko Romu. \u0160is ritu\u0101ls ir veidots, lai \u013cautu piedz\u012bvot it\u0101lisko auru.","og_url":"https:\/\/www.baltvilla.lv\/en\/veikals\/spa-interneta-veikals-baltvilla\/spa-rituali\/spa-rituals-roma\/","og_site_name":"Baltvilla","article_modified_time":"2025-06-06T09:36:28+00:00","og_image":[{"width":1800,"height":1200,"url":"https:\/\/www.baltvilla.lv\/wp-content\/uploads\/2025\/06\/Bv-SPA-188.jpg","type":"image\/jpeg"}],"twitter_card":"summary_large_image","twitter_misc":{"Est. reading time":"1 minute"},"schema":{"@context":"https:\/\/schema.org","@graph":[{"@type":"WebPage","@id":"https:\/\/www.baltvilla.lv\/en\/veikals\/spa-interneta-veikals-baltvilla\/spa-rituali\/spa-rituals-roma\/","url":"https:\/\/www.baltvilla.lv\/en\/veikals\/spa-interneta-veikals-baltvilla\/spa-rituali\/spa-rituals-roma\/","name":"Spa ritu\u0101ls \u201eRoma\u201d | Spa ritu\u0101ls | Baltvilla spa","isPartOf":{"@id":"https:\/\/www.baltvilla.lv\/en\/#website"},"primaryImageOfPage":{"@id":"https:\/\/www.baltvilla.lv\/en\/veikals\/spa-interneta-veikals-baltvilla\/spa-rituali\/spa-rituals-roma\/#primaryimage"},"image":{"@id":"https:\/\/www.baltvilla.lv\/en\/veikals\/spa-interneta-veikals-baltvilla\/spa-rituali\/spa-rituals-roma\/#primaryimage"},"thumbnailUrl":"https:\/\/www.baltvilla.lv\/wp-content\/uploads\/2025\/06\/Bv-SPA-188.jpg","datePublished":"2024-11-20T07:32:10+00:00","dateModified":"2025-06-06T09:36:28+00:00","description":"\"Roma\" spa ritu\u0101ls ir aizraujo\u0161s ce\u013cojums uz It\u0101lijas sirdi \u2013 seno, majest\u0101tisko Romu. \u0160is ritu\u0101ls ir veidots, lai \u013cautu piedz\u012bvot it\u0101lisko auru.","breadcrumb":{"@id":"https:\/\/www.baltvilla.lv\/en\/veikals\/spa-interneta-veikals-baltvilla\/spa-rituali\/spa-rituals-roma\/#breadcrumb"},"inLanguage":"en-US","potentialAction":[{"@type":"ReadAction","target":["https:\/\/www.baltvilla.lv\/en\/veikals\/spa-interneta-veikals-baltvilla\/spa-rituali\/spa-rituals-roma\/"]}]},{"@type":"ImageObject","inLanguage":"en-US","@id":"https:\/\/www.baltvilla.lv\/en\/veikals\/spa-interneta-veikals-baltvilla\/spa-rituali\/spa-rituals-roma\/#primaryimage","url":"https:\/\/www.baltvilla.lv\/wp-content\/uploads\/2025\/06\/Bv-SPA-188.jpg","contentUrl":"https:\/\/www.baltvilla.lv\/wp-content\/uploads\/2025\/06\/Bv-SPA-188.jpg","width":1800,"height":1200},{"@type":"BreadcrumbList","@id":"https:\/\/www.baltvilla.lv\/en\/veikals\/spa-interneta-veikals-baltvilla\/spa-rituali\/spa-rituals-roma\/#breadcrumb","itemListElement":[{"@type":"ListItem","position":1,"name":"Home","item":"https:\/\/www.baltvilla.lv\/en\/"},{"@type":"ListItem","position":2,"name":"Shop","item":"https:\/\/www.baltvilla.lv\/shop-2\/?lang=en"},{"@type":"ListItem","position":3,"name":"Spa ritu\u0101ls \u201eRoma\u201d"}]},{"@type":"WebSite","@id":"https:\/\/www.baltvilla.lv\/en\/#website","url":"https:\/\/www.baltvilla.lv\/en\/","name":"Baltvilla","description":"","publisher":{"@id":"https:\/\/www.baltvilla.lv\/en\/#organization"},"potentialAction":[{"@type":"SearchAction","target":{"@type":"EntryPoint","urlTemplate":"https:\/\/www.baltvilla.lv\/en\/?s={search_term_string}"},"query-input":{"@type":"PropertyValueSpecification","valueRequired":true,"valueName":"search_term_string"}}],"inLanguage":"en-US"},{"@type":"Organization","@id":"https:\/\/www.baltvilla.lv\/en\/#organization","name":"Hotel \"Baltvilla\"","url":"https:\/\/www.baltvilla.lv\/en\/","logo":{"@type":"ImageObject","inLanguage":"en-US","@id":"https:\/\/www.baltvilla.lv\/en\/#\/schema\/logo\/image\/","url":"https:\/\/www.baltvilla.lv\/wp-content\/uploads\/2021\/04\/baltvilla-logo.png","contentUrl":"https:\/\/www.baltvilla.lv\/wp-content\/uploads\/2021\/04\/baltvilla-logo.png","width":207,"height":42,"caption":"Hotel \"Baltvilla\""},"image":{"@id":"https:\/\/www.baltvilla.lv\/en\/#\/schema\/logo\/image\/"}}]}},"_links":{"self":[{"href":"https:\/\/www.baltvilla.lv\/en\/wp-json\/wp\/v2\/product\/19344","targetHints":{"allow":["GET"]}}],"collection":[{"href":"https:\/\/www.baltvilla.lv\/en\/wp-json\/wp\/v2\/product"}],"about":[{"href":"https:\/\/www.baltvilla.lv\/en\/wp-json\/wp\/v2\/types\/product"}],"replies":[{"embeddable":true,"href":"https:\/\/www.baltvilla.lv\/en\/wp-json\/wp\/v2\/comments?post=19344"}],"wp:featuredmedia":[{"embeddable":true,"href":"https:\/\/www.baltvilla.lv\/en\/wp-json\/wp\/v2\/media\/22962"}],"wp:attachment":[{"href":"https:\/\/www.baltvilla.lv\/en\/wp-json\/wp\/v2\/media?parent=19344"}],"wp:term":[{"taxonomy":"product_brand","embeddable":true,"href":"https:\/\/www.baltvilla.lv\/en\/wp-json\/wp\/v2\/product_brand?post=19344"},{"taxonomy":"product_cat","embeddable":true,"href":"https:\/\/www.baltvilla.lv\/en\/wp-json\/wp\/v2\/product_cat?post=19344"},{"taxonomy":"product_tag","embeddable":true,"href":"https:\/\/www.baltvilla.lv\/en\/wp-json\/wp\/v2\/product_tag?post=19344"}],"curies":[{"name":"wp","href":"https:\/\/api.w.org\/{rel}","templated":true}]}}