{"id":19343,"date":"2024-11-19T15:38:04","date_gmt":"2024-11-19T13:38:04","guid":{"rendered":"https:\/\/www.baltvilla.lv\/?post_type=product&#038;p=19343"},"modified":"2025-06-06T11:55:08","modified_gmt":"2025-06-06T08:55:08","slug":"rituals-la-dolce-vita","status":"publish","type":"product","link":"https:\/\/www.baltvilla.lv\/en\/veikals\/spa-interneta-veikals-baltvilla\/spa-rituali-pariem\/rituals-la-dolce-vita\/","title":{"rendered":"Ritu\u0101ls &#8220;La Dolce Vita&#8221;"},"content":{"rendered":"<ul>\n<li>60 min\u016b\u0161u spa ritu\u0101ls div\u0101m person\u0101m ar galvas mas\u0101\u017eu un relaks\u0113jo\u0161u \u0137erme\u0146a mas\u0101\u017eu ar augst\u0101k\u0101s kvalit\u0101tes it\u0101\u013cu Vagheggi kosm\u0113tikas l\u012bdzek\u013ciem, iek\u013caujot t\u0113jas ritu\u0101lu nosl\u0113gum\u0101.<\/li>\n<li>Visi ritu\u0101lam nepiecie\u0161amie aksesu\u0101ri: dvie\u013ci, \u010d\u012bbas, hal\u0101ts.<\/li>\n<\/ul>\n","protected":false},"excerpt":{"rendered":"<p>It\u0101\u013cu \u201csald\u0101s dz\u012bves\u201d iedvesmots ritu\u0101ls diviem \u2013 romantiska un relaks\u0113jo\u0161a pieredze, kur\u0101 apvienojas maigums, tuv\u012bba un kop\u0101 b\u016b\u0161ana.<\/p>\n<p>&nbsp;<\/p>\n<p>&nbsp;<\/p>\n","protected":false},"featured_media":22910,"comment_status":"closed","ping_status":"closed","template":"","meta":{"_acf_changed":false},"product_brand":[],"product_cat":[46,127],"product_tag":[],"class_list":{"0":"post-19343","1":"product","2":"type-product","3":"status-publish","4":"has-post-thumbnail","6":"product_cat-spa-interneta-veikals-baltvilla","7":"product_cat-spa-rituali-pariem","9":"first","10":"instock","11":"virtual","12":"taxable","13":"purchasable","14":"product-type-simple"},"acf":[],"yoast_head":"<!-- This site is optimized with the Yoast SEO plugin v27.4 - https:\/\/yoast.com\/product\/yoast-seo-wordpress\/ -->\n<title>&quot;La Dolce Vita&quot; | D\u0101vanu karte | Spa proced\u016bra diviem | Baltvilla<\/title>\n<meta name=\"description\" content=\"Spa ritu\u0101ls div\u0101m person\u0101m. 60 min garum\u0101 div\u0101m person\u0101m relaks\u0113jo\u0161a pilna \u0137erme\u0146a mas\u0101\u017ea abiem ar tasi t\u0113jas abiem ritu\u0101la nosl\u0113gum\u0101.\" \/>\n<meta name=\"robots\" content=\"index, follow, max-snippet:-1, max-image-preview:large, max-video-preview:-1\" \/>\n<link rel=\"canonical\" href=\"https:\/\/www.baltvilla.lv\/en\/veikals\/spa-interneta-veikals-baltvilla\/spa-rituali-pariem\/rituals-la-dolce-vita\/\" \/>\n<meta property=\"og:locale\" content=\"en_US\" \/>\n<meta property=\"og:type\" content=\"article\" \/>\n<meta property=\"og:title\" content=\"&quot;La Dolce Vita&quot; | D\u0101vanu karte | Spa proced\u016bra diviem | Baltvilla\" \/>\n<meta property=\"og:description\" content=\"Spa ritu\u0101ls div\u0101m person\u0101m. 60 min garum\u0101 div\u0101m person\u0101m relaks\u0113jo\u0161a pilna \u0137erme\u0146a mas\u0101\u017ea abiem ar tasi t\u0113jas abiem ritu\u0101la nosl\u0113gum\u0101.\" \/>\n<meta property=\"og:url\" content=\"https:\/\/www.baltvilla.lv\/en\/veikals\/spa-interneta-veikals-baltvilla\/spa-rituali-pariem\/rituals-la-dolce-vita\/\" \/>\n<meta property=\"og:site_name\" content=\"Baltvilla\" \/>\n<meta property=\"article:modified_time\" content=\"2025-06-06T08:55:08+00:00\" \/>\n<meta property=\"og:image\" content=\"https:\/\/www.baltvilla.lv\/wp-content\/uploads\/2025\/06\/Bv-SPA-161.jpg\" \/>\n\t<meta property=\"og:image:width\" content=\"1800\" \/>\n\t<meta property=\"og:image:height\" content=\"1200\" \/>\n\t<meta property=\"og:image:type\" content=\"image\/jpeg\" \/>\n<meta name=\"twitter:card\" content=\"summary_large_image\" \/>\n<meta name=\"twitter:label1\" content=\"Est. reading time\" \/>\n\t<meta name=\"twitter:data1\" content=\"1 minute\" \/>\n<script type=\"application\/ld+json\" class=\"yoast-schema-graph\">{\"@context\":\"https:\\\/\\\/schema.org\",\"@graph\":[{\"@type\":\"WebPage\",\"@id\":\"https:\\\/\\\/www.baltvilla.lv\\\/en\\\/veikals\\\/spa-interneta-veikals-baltvilla\\\/spa-rituali-pariem\\\/rituals-la-dolce-vita\\\/\",\"url\":\"https:\\\/\\\/www.baltvilla.lv\\\/en\\\/veikals\\\/spa-interneta-veikals-baltvilla\\\/spa-rituali-pariem\\\/rituals-la-dolce-vita\\\/\",\"name\":\"\\\"La Dolce Vita\\\" | D\u0101vanu karte | Spa proced\u016bra diviem | Baltvilla\",\"isPartOf\":{\"@id\":\"https:\\\/\\\/www.baltvilla.lv\\\/en\\\/#website\"},\"primaryImageOfPage\":{\"@id\":\"https:\\\/\\\/www.baltvilla.lv\\\/en\\\/veikals\\\/spa-interneta-veikals-baltvilla\\\/spa-rituali-pariem\\\/rituals-la-dolce-vita\\\/#primaryimage\"},\"image\":{\"@id\":\"https:\\\/\\\/www.baltvilla.lv\\\/en\\\/veikals\\\/spa-interneta-veikals-baltvilla\\\/spa-rituali-pariem\\\/rituals-la-dolce-vita\\\/#primaryimage\"},\"thumbnailUrl\":\"https:\\\/\\\/www.baltvilla.lv\\\/wp-content\\\/uploads\\\/2025\\\/06\\\/Bv-SPA-161.jpg\",\"datePublished\":\"2024-11-19T13:38:04+00:00\",\"dateModified\":\"2025-06-06T08:55:08+00:00\",\"description\":\"Spa ritu\u0101ls div\u0101m person\u0101m. 60 min garum\u0101 div\u0101m person\u0101m relaks\u0113jo\u0161a pilna \u0137erme\u0146a mas\u0101\u017ea abiem ar tasi t\u0113jas abiem ritu\u0101la nosl\u0113gum\u0101.\",\"breadcrumb\":{\"@id\":\"https:\\\/\\\/www.baltvilla.lv\\\/en\\\/veikals\\\/spa-interneta-veikals-baltvilla\\\/spa-rituali-pariem\\\/rituals-la-dolce-vita\\\/#breadcrumb\"},\"inLanguage\":\"en-US\",\"potentialAction\":[{\"@type\":\"ReadAction\",\"target\":[\"https:\\\/\\\/www.baltvilla.lv\\\/en\\\/veikals\\\/spa-interneta-veikals-baltvilla\\\/spa-rituali-pariem\\\/rituals-la-dolce-vita\\\/\"]}]},{\"@type\":\"ImageObject\",\"inLanguage\":\"en-US\",\"@id\":\"https:\\\/\\\/www.baltvilla.lv\\\/en\\\/veikals\\\/spa-interneta-veikals-baltvilla\\\/spa-rituali-pariem\\\/rituals-la-dolce-vita\\\/#primaryimage\",\"url\":\"https:\\\/\\\/www.baltvilla.lv\\\/wp-content\\\/uploads\\\/2025\\\/06\\\/Bv-SPA-161.jpg\",\"contentUrl\":\"https:\\\/\\\/www.baltvilla.lv\\\/wp-content\\\/uploads\\\/2025\\\/06\\\/Bv-SPA-161.jpg\",\"width\":1800,\"height\":1200},{\"@type\":\"BreadcrumbList\",\"@id\":\"https:\\\/\\\/www.baltvilla.lv\\\/en\\\/veikals\\\/spa-interneta-veikals-baltvilla\\\/spa-rituali-pariem\\\/rituals-la-dolce-vita\\\/#breadcrumb\",\"itemListElement\":[{\"@type\":\"ListItem\",\"position\":1,\"name\":\"Home\",\"item\":\"https:\\\/\\\/www.baltvilla.lv\\\/en\\\/\"},{\"@type\":\"ListItem\",\"position\":2,\"name\":\"Shop\",\"item\":\"https:\\\/\\\/www.baltvilla.lv\\\/shop-2\\\/?lang=en\"},{\"@type\":\"ListItem\",\"position\":3,\"name\":\"Ritu\u0101ls &#8220;La Dolce Vita&#8221;\"}]},{\"@type\":\"WebSite\",\"@id\":\"https:\\\/\\\/www.baltvilla.lv\\\/en\\\/#website\",\"url\":\"https:\\\/\\\/www.baltvilla.lv\\\/en\\\/\",\"name\":\"Baltvilla\",\"description\":\"\",\"publisher\":{\"@id\":\"https:\\\/\\\/www.baltvilla.lv\\\/en\\\/#organization\"},\"potentialAction\":[{\"@type\":\"SearchAction\",\"target\":{\"@type\":\"EntryPoint\",\"urlTemplate\":\"https:\\\/\\\/www.baltvilla.lv\\\/en\\\/?s={search_term_string}\"},\"query-input\":{\"@type\":\"PropertyValueSpecification\",\"valueRequired\":true,\"valueName\":\"search_term_string\"}}],\"inLanguage\":\"en-US\"},{\"@type\":\"Organization\",\"@id\":\"https:\\\/\\\/www.baltvilla.lv\\\/en\\\/#organization\",\"name\":\"Hotel \\\"Baltvilla\\\"\",\"url\":\"https:\\\/\\\/www.baltvilla.lv\\\/en\\\/\",\"logo\":{\"@type\":\"ImageObject\",\"inLanguage\":\"en-US\",\"@id\":\"https:\\\/\\\/www.baltvilla.lv\\\/en\\\/#\\\/schema\\\/logo\\\/image\\\/\",\"url\":\"https:\\\/\\\/www.baltvilla.lv\\\/wp-content\\\/uploads\\\/2021\\\/04\\\/baltvilla-logo.png\",\"contentUrl\":\"https:\\\/\\\/www.baltvilla.lv\\\/wp-content\\\/uploads\\\/2021\\\/04\\\/baltvilla-logo.png\",\"width\":207,\"height\":42,\"caption\":\"Hotel \\\"Baltvilla\\\"\"},\"image\":{\"@id\":\"https:\\\/\\\/www.baltvilla.lv\\\/en\\\/#\\\/schema\\\/logo\\\/image\\\/\"}}]}<\/script>\n<!-- \/ Yoast SEO plugin. -->","yoast_head_json":{"title":"\"La Dolce Vita\" | D\u0101vanu karte | Spa proced\u016bra diviem | Baltvilla","description":"Spa ritu\u0101ls div\u0101m person\u0101m. 60 min garum\u0101 div\u0101m person\u0101m relaks\u0113jo\u0161a pilna \u0137erme\u0146a mas\u0101\u017ea abiem ar tasi t\u0113jas abiem ritu\u0101la nosl\u0113gum\u0101.","robots":{"index":"index","follow":"follow","max-snippet":"max-snippet:-1","max-image-preview":"max-image-preview:large","max-video-preview":"max-video-preview:-1"},"canonical":"https:\/\/www.baltvilla.lv\/en\/veikals\/spa-interneta-veikals-baltvilla\/spa-rituali-pariem\/rituals-la-dolce-vita\/","og_locale":"en_US","og_type":"article","og_title":"\"La Dolce Vita\" | D\u0101vanu karte | Spa proced\u016bra diviem | Baltvilla","og_description":"Spa ritu\u0101ls div\u0101m person\u0101m. 60 min garum\u0101 div\u0101m person\u0101m relaks\u0113jo\u0161a pilna \u0137erme\u0146a mas\u0101\u017ea abiem ar tasi t\u0113jas abiem ritu\u0101la nosl\u0113gum\u0101.","og_url":"https:\/\/www.baltvilla.lv\/en\/veikals\/spa-interneta-veikals-baltvilla\/spa-rituali-pariem\/rituals-la-dolce-vita\/","og_site_name":"Baltvilla","article_modified_time":"2025-06-06T08:55:08+00:00","og_image":[{"width":1800,"height":1200,"url":"https:\/\/www.baltvilla.lv\/wp-content\/uploads\/2025\/06\/Bv-SPA-161.jpg","type":"image\/jpeg"}],"twitter_card":"summary_large_image","twitter_misc":{"Est. reading time":"1 minute"},"schema":{"@context":"https:\/\/schema.org","@graph":[{"@type":"WebPage","@id":"https:\/\/www.baltvilla.lv\/en\/veikals\/spa-interneta-veikals-baltvilla\/spa-rituali-pariem\/rituals-la-dolce-vita\/","url":"https:\/\/www.baltvilla.lv\/en\/veikals\/spa-interneta-veikals-baltvilla\/spa-rituali-pariem\/rituals-la-dolce-vita\/","name":"\"La Dolce Vita\" | D\u0101vanu karte | Spa proced\u016bra diviem | Baltvilla","isPartOf":{"@id":"https:\/\/www.baltvilla.lv\/en\/#website"},"primaryImageOfPage":{"@id":"https:\/\/www.baltvilla.lv\/en\/veikals\/spa-interneta-veikals-baltvilla\/spa-rituali-pariem\/rituals-la-dolce-vita\/#primaryimage"},"image":{"@id":"https:\/\/www.baltvilla.lv\/en\/veikals\/spa-interneta-veikals-baltvilla\/spa-rituali-pariem\/rituals-la-dolce-vita\/#primaryimage"},"thumbnailUrl":"https:\/\/www.baltvilla.lv\/wp-content\/uploads\/2025\/06\/Bv-SPA-161.jpg","datePublished":"2024-11-19T13:38:04+00:00","dateModified":"2025-06-06T08:55:08+00:00","description":"Spa ritu\u0101ls div\u0101m person\u0101m. 60 min garum\u0101 div\u0101m person\u0101m relaks\u0113jo\u0161a pilna \u0137erme\u0146a mas\u0101\u017ea abiem ar tasi t\u0113jas abiem ritu\u0101la nosl\u0113gum\u0101.","breadcrumb":{"@id":"https:\/\/www.baltvilla.lv\/en\/veikals\/spa-interneta-veikals-baltvilla\/spa-rituali-pariem\/rituals-la-dolce-vita\/#breadcrumb"},"inLanguage":"en-US","potentialAction":[{"@type":"ReadAction","target":["https:\/\/www.baltvilla.lv\/en\/veikals\/spa-interneta-veikals-baltvilla\/spa-rituali-pariem\/rituals-la-dolce-vita\/"]}]},{"@type":"ImageObject","inLanguage":"en-US","@id":"https:\/\/www.baltvilla.lv\/en\/veikals\/spa-interneta-veikals-baltvilla\/spa-rituali-pariem\/rituals-la-dolce-vita\/#primaryimage","url":"https:\/\/www.baltvilla.lv\/wp-content\/uploads\/2025\/06\/Bv-SPA-161.jpg","contentUrl":"https:\/\/www.baltvilla.lv\/wp-content\/uploads\/2025\/06\/Bv-SPA-161.jpg","width":1800,"height":1200},{"@type":"BreadcrumbList","@id":"https:\/\/www.baltvilla.lv\/en\/veikals\/spa-interneta-veikals-baltvilla\/spa-rituali-pariem\/rituals-la-dolce-vita\/#breadcrumb","itemListElement":[{"@type":"ListItem","position":1,"name":"Home","item":"https:\/\/www.baltvilla.lv\/en\/"},{"@type":"ListItem","position":2,"name":"Shop","item":"https:\/\/www.baltvilla.lv\/shop-2\/?lang=en"},{"@type":"ListItem","position":3,"name":"Ritu\u0101ls &#8220;La Dolce Vita&#8221;"}]},{"@type":"WebSite","@id":"https:\/\/www.baltvilla.lv\/en\/#website","url":"https:\/\/www.baltvilla.lv\/en\/","name":"Baltvilla","description":"","publisher":{"@id":"https:\/\/www.baltvilla.lv\/en\/#organization"},"potentialAction":[{"@type":"SearchAction","target":{"@type":"EntryPoint","urlTemplate":"https:\/\/www.baltvilla.lv\/en\/?s={search_term_string}"},"query-input":{"@type":"PropertyValueSpecification","valueRequired":true,"valueName":"search_term_string"}}],"inLanguage":"en-US"},{"@type":"Organization","@id":"https:\/\/www.baltvilla.lv\/en\/#organization","name":"Hotel \"Baltvilla\"","url":"https:\/\/www.baltvilla.lv\/en\/","logo":{"@type":"ImageObject","inLanguage":"en-US","@id":"https:\/\/www.baltvilla.lv\/en\/#\/schema\/logo\/image\/","url":"https:\/\/www.baltvilla.lv\/wp-content\/uploads\/2021\/04\/baltvilla-logo.png","contentUrl":"https:\/\/www.baltvilla.lv\/wp-content\/uploads\/2021\/04\/baltvilla-logo.png","width":207,"height":42,"caption":"Hotel \"Baltvilla\""},"image":{"@id":"https:\/\/www.baltvilla.lv\/en\/#\/schema\/logo\/image\/"}}]}},"_links":{"self":[{"href":"https:\/\/www.baltvilla.lv\/en\/wp-json\/wp\/v2\/product\/19343","targetHints":{"allow":["GET"]}}],"collection":[{"href":"https:\/\/www.baltvilla.lv\/en\/wp-json\/wp\/v2\/product"}],"about":[{"href":"https:\/\/www.baltvilla.lv\/en\/wp-json\/wp\/v2\/types\/product"}],"replies":[{"embeddable":true,"href":"https:\/\/www.baltvilla.lv\/en\/wp-json\/wp\/v2\/comments?post=19343"}],"wp:featuredmedia":[{"embeddable":true,"href":"https:\/\/www.baltvilla.lv\/en\/wp-json\/wp\/v2\/media\/22910"}],"wp:attachment":[{"href":"https:\/\/www.baltvilla.lv\/en\/wp-json\/wp\/v2\/media?parent=19343"}],"wp:term":[{"taxonomy":"product_brand","embeddable":true,"href":"https:\/\/www.baltvilla.lv\/en\/wp-json\/wp\/v2\/product_brand?post=19343"},{"taxonomy":"product_cat","embeddable":true,"href":"https:\/\/www.baltvilla.lv\/en\/wp-json\/wp\/v2\/product_cat?post=19343"},{"taxonomy":"product_tag","embeddable":true,"href":"https:\/\/www.baltvilla.lv\/en\/wp-json\/wp\/v2\/product_tag?post=19343"}],"curies":[{"name":"wp","href":"https:\/\/api.w.org\/{rel}","templated":true}]}}