{"id":1897,"date":"2021-04-13T07:54:58","date_gmt":"2021-04-13T07:54:58","guid":{"rendered":"https:\/\/www.baltvilla.lv\/produkti\/import-placeholder-for-44947\/"},"modified":"2026-01-05T14:13:55","modified_gmt":"2026-01-05T12:13:55","slug":"baltvillas-davanu-karte","status":"publish","type":"product","link":"https:\/\/www.baltvilla.lv\/en\/veikals\/viesnica\/baltvillas-davanu-karte\/","title":{"rendered":"Baltvillas d\u0101vanu karte"},"content":{"rendered":"<p>Baltvillas d\u0101vanu karte ir k\u0101 brauciens ar laivu pa Baltezeru skaist\u0101 dien\u0101! Var\u0113s piest\u0101t tur, kur v\u0113l\u0113sies: uz gardu malt\u012bti (restor\u0101n\u0101), laisku atp\u016btu (SPA), palikt krast\u0101 (viesn\u012bca) vai pat turpin\u0101t vesel\u012bgi air\u0113t (Vesel\u012bbas centra pakalpojumi). Ieg\u0101d\u0101jies m\u016bsu D\u0101vanu karti un uzd\u0101vini iesp\u0113ju izv\u0113l\u0113ties v\u0113lam\u0101ko!<\/p>\n<h3>D\u0101vanu kartes izmanto\u0161anas iesp\u0113jas<\/h3>\n<ul>\n<li><strong>Nak\u0161\u0146o\u0161ana viesn\u012bc\u0101<\/strong> &#8211; viesn\u012bc\u0101 \u201eBaltvilla\u201d ir 38 komfortabli numuri, izv\u0113lieties Jums t\u012bkam\u0101ko un baudiet komfortablu atp\u016btu!<\/li>\n<li><strong>Malt\u012bte restor\u0101n\u0101 &#8211;\u00a0<\/strong>baudiet gardu malt\u012bti m\u016bsu <em>gourmet<\/em> restor\u0101n\u0101.<\/li>\n<li><strong>Spa<\/strong> &#8211; relaks\u0113jieties vai atjaunojiet ener\u0123iju, izv\u0113loties Jums t\u012bkam\u0101ko spa proced\u016bru. Piev\u0113rsiet uzman\u012bbu spa proced\u016bras rezerv\u0101cijas noteikumiem.<\/li>\n<li><strong>Vesel\u012bbas centra pakalpojumi<\/strong> &#8211; &#8220;Baltvilla&#8221; d\u0101vanu karte ir der\u012bga ar\u012b vesel\u012bbas centr\u0101 &#8220;Baltezers&#8221;!<\/li>\n<li><strong>\u012apa\u0161ie pied\u0101v\u0101jumi<\/strong> &#8211; ieg\u0101d\u0101jieties \u012bpa\u0161o pied\u0101v\u0101jumu! T\u0101 b\u016bs dubulta d\u0101vana!<\/li>\n<li><strong>Konditoreja<\/strong> &#8211; pas\u016btiet sv\u0113tku mielasta desertu vai baudiet sv\u0113tkus ikdien\u0101!<\/li>\n<\/ul>\n<p>&nbsp;<\/p>\n<p><strong>D\u0101vanu kartes der\u012bguma termi\u0146\u0161<\/strong><\/p>\n<p>D\u0101vanu karte ir der\u012bga vienu gadu, kop\u0161 t\u0101s ieg\u0101des br\u012b\u017ea. D\u0101vanu kartes der\u012bguma termi\u0146\u0161 ir min\u0113ts uz t\u0101s. P\u0113c der\u012bguma termi\u0146a beig\u0101m d\u0101vanu karte tiek autom\u0101tiski sl\u0113gta.\u00a0Nozaud\u0113\u0161anas gad\u012bjum\u0101, ta netiek atjaunota.<\/p>\n<p><strong>Spa pakalpojumu rezerv\u0101cija, izmantojot d\u0101vanu karti<\/strong><\/p>\n<p>Rezerv\u0113jot pakalpojumus &#8220;Baltvilla&#8221; spa, bez maksas rezerv\u0101ciju atcelt var l\u012bdz 12 stund\u0101m pirms rezerv\u0113t\u0101 pakalpojuma laika. Rezerv\u0101ciju atce\u013cot maz\u0101k nek\u0101 12 stundas pirms proced\u016bras, no d\u0101vanu kartes tiks ietur\u0113ta summa, kas ir vien\u0101da ar 50% no rezerv\u0113t\u0101 pakalpojuma v\u0113rt\u012bbas.<\/p>\n<p>&nbsp;<\/p>\n","protected":false},"excerpt":{"rendered":"<p>&#8220;Baltvilla&#8221; pied\u0101v\u0101 pla\u0161as d\u0101vanu kartes izmanto\u0161anas iesp\u0113jas m\u016bsu viesn\u012bc\u0101, spa un restor\u0101n\u0101.<\/p>\n<p><strong>Izv\u0113lieties d\u0101vanu karti 30, 50, 100 vai 150 eiro v\u0113rt\u012bb\u0101 NOSPIE\u017dOT: IZV\u0112LIETIES SUMMU!<\/strong><\/p>\n","protected":false},"featured_media":22309,"comment_status":"closed","ping_status":"closed","template":"","meta":{"_acf_changed":false},"product_brand":[],"product_cat":[48,34,46,32],"product_tag":[],"class_list":{"0":"post-1897","1":"product","2":"type-product","3":"status-publish","4":"has-post-thumbnail","6":"product_cat-davanu-kartes","7":"product_cat-restorans","8":"product_cat-spa-interneta-veikals-baltvilla","9":"product_cat-viesnica","11":"first","12":"instock","13":"taxable","14":"shipping-taxable","15":"purchasable","16":"product-type-variable"},"acf":[],"yoast_head":"<!-- This site is optimized with the Yoast SEO plugin v27.4 - https:\/\/yoast.com\/product\/yoast-seo-wordpress\/ -->\n<title>D\u0101vanu karte - &quot;Baltvilla&quot; viesn\u012bc\u0101, restor\u0101n\u0101, spa | Baltvilla<\/title>\n<meta name=\"description\" content=\"Izv\u0113lieties d\u0101vanu kartes v\u0113rt\u012bbu s\u0101kot no 30 EUR. Pla\u0161as d\u0101vanu kartes izmanto\u0161anas iesp\u0113jas - &quot;Baltvilla&quot; viesn\u012bc\u0101, restor\u0101n\u0101 un spa\" \/>\n<meta name=\"robots\" content=\"index, follow, max-snippet:-1, max-image-preview:large, max-video-preview:-1\" \/>\n<link rel=\"canonical\" href=\"https:\/\/www.baltvilla.lv\/en\/veikals\/viesnica\/baltvillas-davanu-karte\/\" \/>\n<meta property=\"og:locale\" content=\"en_US\" \/>\n<meta property=\"og:type\" content=\"article\" \/>\n<meta property=\"og:title\" content=\"D\u0101vanu karte - &quot;Baltvilla&quot; viesn\u012bc\u0101, restor\u0101n\u0101, spa | Baltvilla\" \/>\n<meta property=\"og:description\" content=\"Izv\u0113lieties d\u0101vanu kartes v\u0113rt\u012bbu s\u0101kot no 30 EUR. Pla\u0161as d\u0101vanu kartes izmanto\u0161anas iesp\u0113jas - &quot;Baltvilla&quot; viesn\u012bc\u0101, restor\u0101n\u0101 un spa\" \/>\n<meta property=\"og:url\" content=\"https:\/\/www.baltvilla.lv\/en\/veikals\/viesnica\/baltvillas-davanu-karte\/\" \/>\n<meta property=\"og:site_name\" content=\"Baltvilla\" \/>\n<meta property=\"article:modified_time\" content=\"2026-01-05T12:13:55+00:00\" \/>\n<meta property=\"og:image\" content=\"https:\/\/www.baltvilla.lv\/wp-content\/uploads\/2025\/05\/BV10-115.jpg\" \/>\n\t<meta property=\"og:image:width\" content=\"1800\" \/>\n\t<meta property=\"og:image:height\" content=\"1200\" \/>\n\t<meta property=\"og:image:type\" content=\"image\/jpeg\" \/>\n<meta name=\"twitter:card\" content=\"summary_large_image\" \/>\n<meta name=\"twitter:label1\" content=\"Est. reading time\" \/>\n\t<meta name=\"twitter:data1\" content=\"2 minutes\" \/>\n<script type=\"application\/ld+json\" class=\"yoast-schema-graph\">{\"@context\":\"https:\\\/\\\/schema.org\",\"@graph\":[{\"@type\":\"WebPage\",\"@id\":\"https:\\\/\\\/www.baltvilla.lv\\\/en\\\/veikals\\\/viesnica\\\/baltvillas-davanu-karte\\\/\",\"url\":\"https:\\\/\\\/www.baltvilla.lv\\\/en\\\/veikals\\\/viesnica\\\/baltvillas-davanu-karte\\\/\",\"name\":\"D\u0101vanu karte - \\\"Baltvilla\\\" viesn\u012bc\u0101, restor\u0101n\u0101, spa | Baltvilla\",\"isPartOf\":{\"@id\":\"https:\\\/\\\/www.baltvilla.lv\\\/en\\\/#website\"},\"primaryImageOfPage\":{\"@id\":\"https:\\\/\\\/www.baltvilla.lv\\\/en\\\/veikals\\\/viesnica\\\/baltvillas-davanu-karte\\\/#primaryimage\"},\"image\":{\"@id\":\"https:\\\/\\\/www.baltvilla.lv\\\/en\\\/veikals\\\/viesnica\\\/baltvillas-davanu-karte\\\/#primaryimage\"},\"thumbnailUrl\":\"https:\\\/\\\/www.baltvilla.lv\\\/wp-content\\\/uploads\\\/2025\\\/05\\\/BV10-115.jpg\",\"datePublished\":\"2021-04-13T07:54:58+00:00\",\"dateModified\":\"2026-01-05T12:13:55+00:00\",\"description\":\"Izv\u0113lieties d\u0101vanu kartes v\u0113rt\u012bbu s\u0101kot no 30 EUR. Pla\u0161as d\u0101vanu kartes izmanto\u0161anas iesp\u0113jas - \\\"Baltvilla\\\" viesn\u012bc\u0101, restor\u0101n\u0101 un spa\",\"breadcrumb\":{\"@id\":\"https:\\\/\\\/www.baltvilla.lv\\\/en\\\/veikals\\\/viesnica\\\/baltvillas-davanu-karte\\\/#breadcrumb\"},\"inLanguage\":\"en-US\",\"potentialAction\":[{\"@type\":\"ReadAction\",\"target\":[\"https:\\\/\\\/www.baltvilla.lv\\\/en\\\/veikals\\\/viesnica\\\/baltvillas-davanu-karte\\\/\"]}]},{\"@type\":\"ImageObject\",\"inLanguage\":\"en-US\",\"@id\":\"https:\\\/\\\/www.baltvilla.lv\\\/en\\\/veikals\\\/viesnica\\\/baltvillas-davanu-karte\\\/#primaryimage\",\"url\":\"https:\\\/\\\/www.baltvilla.lv\\\/wp-content\\\/uploads\\\/2025\\\/05\\\/BV10-115.jpg\",\"contentUrl\":\"https:\\\/\\\/www.baltvilla.lv\\\/wp-content\\\/uploads\\\/2025\\\/05\\\/BV10-115.jpg\",\"width\":1800,\"height\":1200},{\"@type\":\"BreadcrumbList\",\"@id\":\"https:\\\/\\\/www.baltvilla.lv\\\/en\\\/veikals\\\/viesnica\\\/baltvillas-davanu-karte\\\/#breadcrumb\",\"itemListElement\":[{\"@type\":\"ListItem\",\"position\":1,\"name\":\"Home\",\"item\":\"https:\\\/\\\/www.baltvilla.lv\\\/en\\\/\"},{\"@type\":\"ListItem\",\"position\":2,\"name\":\"Shop\",\"item\":\"https:\\\/\\\/www.baltvilla.lv\\\/shop-2\\\/?lang=en\"},{\"@type\":\"ListItem\",\"position\":3,\"name\":\"Baltvillas d\u0101vanu karte\"}]},{\"@type\":\"WebSite\",\"@id\":\"https:\\\/\\\/www.baltvilla.lv\\\/en\\\/#website\",\"url\":\"https:\\\/\\\/www.baltvilla.lv\\\/en\\\/\",\"name\":\"Baltvilla\",\"description\":\"\",\"publisher\":{\"@id\":\"https:\\\/\\\/www.baltvilla.lv\\\/en\\\/#organization\"},\"potentialAction\":[{\"@type\":\"SearchAction\",\"target\":{\"@type\":\"EntryPoint\",\"urlTemplate\":\"https:\\\/\\\/www.baltvilla.lv\\\/en\\\/?s={search_term_string}\"},\"query-input\":{\"@type\":\"PropertyValueSpecification\",\"valueRequired\":true,\"valueName\":\"search_term_string\"}}],\"inLanguage\":\"en-US\"},{\"@type\":\"Organization\",\"@id\":\"https:\\\/\\\/www.baltvilla.lv\\\/en\\\/#organization\",\"name\":\"Hotel \\\"Baltvilla\\\"\",\"url\":\"https:\\\/\\\/www.baltvilla.lv\\\/en\\\/\",\"logo\":{\"@type\":\"ImageObject\",\"inLanguage\":\"en-US\",\"@id\":\"https:\\\/\\\/www.baltvilla.lv\\\/en\\\/#\\\/schema\\\/logo\\\/image\\\/\",\"url\":\"https:\\\/\\\/www.baltvilla.lv\\\/wp-content\\\/uploads\\\/2021\\\/04\\\/baltvilla-logo.png\",\"contentUrl\":\"https:\\\/\\\/www.baltvilla.lv\\\/wp-content\\\/uploads\\\/2021\\\/04\\\/baltvilla-logo.png\",\"width\":207,\"height\":42,\"caption\":\"Hotel \\\"Baltvilla\\\"\"},\"image\":{\"@id\":\"https:\\\/\\\/www.baltvilla.lv\\\/en\\\/#\\\/schema\\\/logo\\\/image\\\/\"}}]}<\/script>\n<!-- \/ Yoast SEO plugin. -->","yoast_head_json":{"title":"D\u0101vanu karte - \"Baltvilla\" viesn\u012bc\u0101, restor\u0101n\u0101, spa | Baltvilla","description":"Izv\u0113lieties d\u0101vanu kartes v\u0113rt\u012bbu s\u0101kot no 30 EUR. Pla\u0161as d\u0101vanu kartes izmanto\u0161anas iesp\u0113jas - \"Baltvilla\" viesn\u012bc\u0101, restor\u0101n\u0101 un spa","robots":{"index":"index","follow":"follow","max-snippet":"max-snippet:-1","max-image-preview":"max-image-preview:large","max-video-preview":"max-video-preview:-1"},"canonical":"https:\/\/www.baltvilla.lv\/en\/veikals\/viesnica\/baltvillas-davanu-karte\/","og_locale":"en_US","og_type":"article","og_title":"D\u0101vanu karte - \"Baltvilla\" viesn\u012bc\u0101, restor\u0101n\u0101, spa | Baltvilla","og_description":"Izv\u0113lieties d\u0101vanu kartes v\u0113rt\u012bbu s\u0101kot no 30 EUR. Pla\u0161as d\u0101vanu kartes izmanto\u0161anas iesp\u0113jas - \"Baltvilla\" viesn\u012bc\u0101, restor\u0101n\u0101 un spa","og_url":"https:\/\/www.baltvilla.lv\/en\/veikals\/viesnica\/baltvillas-davanu-karte\/","og_site_name":"Baltvilla","article_modified_time":"2026-01-05T12:13:55+00:00","og_image":[{"width":1800,"height":1200,"url":"https:\/\/www.baltvilla.lv\/wp-content\/uploads\/2025\/05\/BV10-115.jpg","type":"image\/jpeg"}],"twitter_card":"summary_large_image","twitter_misc":{"Est. reading time":"2 minutes"},"schema":{"@context":"https:\/\/schema.org","@graph":[{"@type":"WebPage","@id":"https:\/\/www.baltvilla.lv\/en\/veikals\/viesnica\/baltvillas-davanu-karte\/","url":"https:\/\/www.baltvilla.lv\/en\/veikals\/viesnica\/baltvillas-davanu-karte\/","name":"D\u0101vanu karte - \"Baltvilla\" viesn\u012bc\u0101, restor\u0101n\u0101, spa | Baltvilla","isPartOf":{"@id":"https:\/\/www.baltvilla.lv\/en\/#website"},"primaryImageOfPage":{"@id":"https:\/\/www.baltvilla.lv\/en\/veikals\/viesnica\/baltvillas-davanu-karte\/#primaryimage"},"image":{"@id":"https:\/\/www.baltvilla.lv\/en\/veikals\/viesnica\/baltvillas-davanu-karte\/#primaryimage"},"thumbnailUrl":"https:\/\/www.baltvilla.lv\/wp-content\/uploads\/2025\/05\/BV10-115.jpg","datePublished":"2021-04-13T07:54:58+00:00","dateModified":"2026-01-05T12:13:55+00:00","description":"Izv\u0113lieties d\u0101vanu kartes v\u0113rt\u012bbu s\u0101kot no 30 EUR. Pla\u0161as d\u0101vanu kartes izmanto\u0161anas iesp\u0113jas - \"Baltvilla\" viesn\u012bc\u0101, restor\u0101n\u0101 un spa","breadcrumb":{"@id":"https:\/\/www.baltvilla.lv\/en\/veikals\/viesnica\/baltvillas-davanu-karte\/#breadcrumb"},"inLanguage":"en-US","potentialAction":[{"@type":"ReadAction","target":["https:\/\/www.baltvilla.lv\/en\/veikals\/viesnica\/baltvillas-davanu-karte\/"]}]},{"@type":"ImageObject","inLanguage":"en-US","@id":"https:\/\/www.baltvilla.lv\/en\/veikals\/viesnica\/baltvillas-davanu-karte\/#primaryimage","url":"https:\/\/www.baltvilla.lv\/wp-content\/uploads\/2025\/05\/BV10-115.jpg","contentUrl":"https:\/\/www.baltvilla.lv\/wp-content\/uploads\/2025\/05\/BV10-115.jpg","width":1800,"height":1200},{"@type":"BreadcrumbList","@id":"https:\/\/www.baltvilla.lv\/en\/veikals\/viesnica\/baltvillas-davanu-karte\/#breadcrumb","itemListElement":[{"@type":"ListItem","position":1,"name":"Home","item":"https:\/\/www.baltvilla.lv\/en\/"},{"@type":"ListItem","position":2,"name":"Shop","item":"https:\/\/www.baltvilla.lv\/shop-2\/?lang=en"},{"@type":"ListItem","position":3,"name":"Baltvillas d\u0101vanu karte"}]},{"@type":"WebSite","@id":"https:\/\/www.baltvilla.lv\/en\/#website","url":"https:\/\/www.baltvilla.lv\/en\/","name":"Baltvilla","description":"","publisher":{"@id":"https:\/\/www.baltvilla.lv\/en\/#organization"},"potentialAction":[{"@type":"SearchAction","target":{"@type":"EntryPoint","urlTemplate":"https:\/\/www.baltvilla.lv\/en\/?s={search_term_string}"},"query-input":{"@type":"PropertyValueSpecification","valueRequired":true,"valueName":"search_term_string"}}],"inLanguage":"en-US"},{"@type":"Organization","@id":"https:\/\/www.baltvilla.lv\/en\/#organization","name":"Hotel \"Baltvilla\"","url":"https:\/\/www.baltvilla.lv\/en\/","logo":{"@type":"ImageObject","inLanguage":"en-US","@id":"https:\/\/www.baltvilla.lv\/en\/#\/schema\/logo\/image\/","url":"https:\/\/www.baltvilla.lv\/wp-content\/uploads\/2021\/04\/baltvilla-logo.png","contentUrl":"https:\/\/www.baltvilla.lv\/wp-content\/uploads\/2021\/04\/baltvilla-logo.png","width":207,"height":42,"caption":"Hotel \"Baltvilla\""},"image":{"@id":"https:\/\/www.baltvilla.lv\/en\/#\/schema\/logo\/image\/"}}]}},"_links":{"self":[{"href":"https:\/\/www.baltvilla.lv\/en\/wp-json\/wp\/v2\/product\/1897","targetHints":{"allow":["GET"]}}],"collection":[{"href":"https:\/\/www.baltvilla.lv\/en\/wp-json\/wp\/v2\/product"}],"about":[{"href":"https:\/\/www.baltvilla.lv\/en\/wp-json\/wp\/v2\/types\/product"}],"replies":[{"embeddable":true,"href":"https:\/\/www.baltvilla.lv\/en\/wp-json\/wp\/v2\/comments?post=1897"}],"wp:featuredmedia":[{"embeddable":true,"href":"https:\/\/www.baltvilla.lv\/en\/wp-json\/wp\/v2\/media\/22309"}],"wp:attachment":[{"href":"https:\/\/www.baltvilla.lv\/en\/wp-json\/wp\/v2\/media?parent=1897"}],"wp:term":[{"taxonomy":"product_brand","embeddable":true,"href":"https:\/\/www.baltvilla.lv\/en\/wp-json\/wp\/v2\/product_brand?post=1897"},{"taxonomy":"product_cat","embeddable":true,"href":"https:\/\/www.baltvilla.lv\/en\/wp-json\/wp\/v2\/product_cat?post=1897"},{"taxonomy":"product_tag","embeddable":true,"href":"https:\/\/www.baltvilla.lv\/en\/wp-json\/wp\/v2\/product_tag?post=1897"}],"curies":[{"name":"wp","href":"https:\/\/api.w.org\/{rel}","templated":true}]}}