{"id":17331,"date":"2024-05-14T12:58:13","date_gmt":"2024-05-14T09:58:13","guid":{"rendered":"https:\/\/www.baltvilla.lv\/?post_type=product&#038;p=17331"},"modified":"2025-06-05T16:21:32","modified_gmt":"2025-06-05T13:21:32","slug":"rituals-amore-italiano","status":"publish","type":"product","link":"https:\/\/www.baltvilla.lv\/en\/veikals\/spa-interneta-veikals-baltvilla\/spa-rituali-pariem\/rituals-amore-italiano\/","title":{"rendered":"Ritu\u0101ls &#8220;Amore Italiano&#8221;"},"content":{"rendered":"<ul>\n<li>60 min\u016b\u0161u spa ritu\u0101ls div\u0101m person\u0101m ar dzi\u013ci relaks\u0113jo\u0161u pilnu \u0137erme\u0146a mas\u0101\u017eu ar augst\u0101k\u0101s kvalit\u0101tes it\u0101\u013cu Vagheggi kosm\u0113tikas l\u012bdzek\u013ciem, iek\u013caujot t\u0113jas ritu\u0101lu nosl\u0113gum\u0101.<\/li>\n<li>Visi ritu\u0101lam nepiecie\u0161amie aksesu\u0101ri: dvie\u013ci, \u010d\u012bbas, hal\u0101ts.<\/li>\n<\/ul>\n","protected":false},"excerpt":{"rendered":"<p>Dodies neaizmirstam\u0101 It\u0101lijas iedvesmot\u0101 ce\u013cojum\u0101 divat\u0101 \u2013 ar m\u012blest\u012bbu, maigumu un siltumu. Ritu\u0101la laik\u0101 baud\u012bsiet pilna \u0137erme\u0146a mas\u0101\u017eu ar izsmalcin\u0101t\u0101m Vagheggi kosm\u0113tikas e\u013c\u013c\u0101m, kas rad\u012btas no Vidusj\u016bras augiem un arom\u0101tiem \u2013 lavanda, rozmar\u012bns, citrusaug\u013ci.<\/p>\n<p>&nbsp;<\/p>\n<p>&nbsp;<\/p>\n","protected":false},"featured_media":22949,"comment_status":"closed","ping_status":"closed","template":"","meta":{"_acf_changed":false},"product_brand":[],"product_cat":[46,127],"product_tag":[],"class_list":{"0":"post-17331","1":"product","2":"type-product","3":"status-publish","4":"has-post-thumbnail","6":"product_cat-spa-interneta-veikals-baltvilla","7":"product_cat-spa-rituali-pariem","9":"first","10":"instock","11":"virtual","12":"taxable","13":"purchasable","14":"product-type-simple"},"acf":[],"yoast_head":"<!-- This site is optimized with the Yoast SEO plugin v27.4 - https:\/\/yoast.com\/product\/yoast-seo-wordpress\/ -->\n<title>&quot;Amore Italiano&quot; | D\u0101vanu karte | Spa proced\u016bra diviem | Baltvilla<\/title>\n<meta name=\"description\" content=\"Spa ritu\u0101ls div\u0101m person\u0101m. 60 min garum\u0101 div\u0101m person\u0101m relaks\u0113jo\u0161a pilna \u0137erme\u0146a mas\u0101\u017ea abiem ar tasi t\u0113jas abiem ritu\u0101la nosl\u0113gum\u0101.\" \/>\n<meta name=\"robots\" content=\"index, follow, max-snippet:-1, max-image-preview:large, max-video-preview:-1\" \/>\n<link rel=\"canonical\" href=\"https:\/\/www.baltvilla.lv\/en\/veikals\/spa-interneta-veikals-baltvilla\/spa-rituali-pariem\/rituals-amore-italiano\/\" \/>\n<meta property=\"og:locale\" content=\"en_US\" \/>\n<meta property=\"og:type\" content=\"article\" \/>\n<meta property=\"og:title\" content=\"&quot;Amore Italiano&quot; | D\u0101vanu karte | Spa proced\u016bra diviem | Baltvilla\" \/>\n<meta property=\"og:description\" content=\"Spa ritu\u0101ls div\u0101m person\u0101m. 60 min garum\u0101 div\u0101m person\u0101m relaks\u0113jo\u0161a pilna \u0137erme\u0146a mas\u0101\u017ea abiem ar tasi t\u0113jas abiem ritu\u0101la nosl\u0113gum\u0101.\" \/>\n<meta property=\"og:url\" content=\"https:\/\/www.baltvilla.lv\/en\/veikals\/spa-interneta-veikals-baltvilla\/spa-rituali-pariem\/rituals-amore-italiano\/\" \/>\n<meta property=\"og:site_name\" content=\"Baltvilla\" \/>\n<meta property=\"article:modified_time\" content=\"2025-06-05T13:21:32+00:00\" \/>\n<meta property=\"og:image\" content=\"https:\/\/www.baltvilla.lv\/wp-content\/uploads\/2025\/06\/Bv-SPA-178.jpg\" \/>\n\t<meta property=\"og:image:width\" content=\"1800\" \/>\n\t<meta property=\"og:image:height\" content=\"1200\" \/>\n\t<meta property=\"og:image:type\" content=\"image\/jpeg\" \/>\n<meta name=\"twitter:card\" content=\"summary_large_image\" \/>\n<meta name=\"twitter:label1\" content=\"Est. reading time\" \/>\n\t<meta name=\"twitter:data1\" content=\"1 minute\" \/>\n<script type=\"application\/ld+json\" class=\"yoast-schema-graph\">{\"@context\":\"https:\\\/\\\/schema.org\",\"@graph\":[{\"@type\":\"WebPage\",\"@id\":\"https:\\\/\\\/www.baltvilla.lv\\\/en\\\/veikals\\\/spa-interneta-veikals-baltvilla\\\/spa-rituali-pariem\\\/rituals-amore-italiano\\\/\",\"url\":\"https:\\\/\\\/www.baltvilla.lv\\\/en\\\/veikals\\\/spa-interneta-veikals-baltvilla\\\/spa-rituali-pariem\\\/rituals-amore-italiano\\\/\",\"name\":\"\\\"Amore Italiano\\\" | D\u0101vanu karte | Spa proced\u016bra diviem | Baltvilla\",\"isPartOf\":{\"@id\":\"https:\\\/\\\/www.baltvilla.lv\\\/en\\\/#website\"},\"primaryImageOfPage\":{\"@id\":\"https:\\\/\\\/www.baltvilla.lv\\\/en\\\/veikals\\\/spa-interneta-veikals-baltvilla\\\/spa-rituali-pariem\\\/rituals-amore-italiano\\\/#primaryimage\"},\"image\":{\"@id\":\"https:\\\/\\\/www.baltvilla.lv\\\/en\\\/veikals\\\/spa-interneta-veikals-baltvilla\\\/spa-rituali-pariem\\\/rituals-amore-italiano\\\/#primaryimage\"},\"thumbnailUrl\":\"https:\\\/\\\/www.baltvilla.lv\\\/wp-content\\\/uploads\\\/2025\\\/06\\\/Bv-SPA-178.jpg\",\"datePublished\":\"2024-05-14T09:58:13+00:00\",\"dateModified\":\"2025-06-05T13:21:32+00:00\",\"description\":\"Spa ritu\u0101ls div\u0101m person\u0101m. 60 min garum\u0101 div\u0101m person\u0101m relaks\u0113jo\u0161a pilna \u0137erme\u0146a mas\u0101\u017ea abiem ar tasi t\u0113jas abiem ritu\u0101la nosl\u0113gum\u0101.\",\"breadcrumb\":{\"@id\":\"https:\\\/\\\/www.baltvilla.lv\\\/en\\\/veikals\\\/spa-interneta-veikals-baltvilla\\\/spa-rituali-pariem\\\/rituals-amore-italiano\\\/#breadcrumb\"},\"inLanguage\":\"en-US\",\"potentialAction\":[{\"@type\":\"ReadAction\",\"target\":[\"https:\\\/\\\/www.baltvilla.lv\\\/en\\\/veikals\\\/spa-interneta-veikals-baltvilla\\\/spa-rituali-pariem\\\/rituals-amore-italiano\\\/\"]}]},{\"@type\":\"ImageObject\",\"inLanguage\":\"en-US\",\"@id\":\"https:\\\/\\\/www.baltvilla.lv\\\/en\\\/veikals\\\/spa-interneta-veikals-baltvilla\\\/spa-rituali-pariem\\\/rituals-amore-italiano\\\/#primaryimage\",\"url\":\"https:\\\/\\\/www.baltvilla.lv\\\/wp-content\\\/uploads\\\/2025\\\/06\\\/Bv-SPA-178.jpg\",\"contentUrl\":\"https:\\\/\\\/www.baltvilla.lv\\\/wp-content\\\/uploads\\\/2025\\\/06\\\/Bv-SPA-178.jpg\",\"width\":1800,\"height\":1200},{\"@type\":\"BreadcrumbList\",\"@id\":\"https:\\\/\\\/www.baltvilla.lv\\\/en\\\/veikals\\\/spa-interneta-veikals-baltvilla\\\/spa-rituali-pariem\\\/rituals-amore-italiano\\\/#breadcrumb\",\"itemListElement\":[{\"@type\":\"ListItem\",\"position\":1,\"name\":\"Home\",\"item\":\"https:\\\/\\\/www.baltvilla.lv\\\/en\\\/\"},{\"@type\":\"ListItem\",\"position\":2,\"name\":\"Shop\",\"item\":\"https:\\\/\\\/www.baltvilla.lv\\\/shop-2\\\/?lang=en\"},{\"@type\":\"ListItem\",\"position\":3,\"name\":\"Ritu\u0101ls &#8220;Amore Italiano&#8221;\"}]},{\"@type\":\"WebSite\",\"@id\":\"https:\\\/\\\/www.baltvilla.lv\\\/en\\\/#website\",\"url\":\"https:\\\/\\\/www.baltvilla.lv\\\/en\\\/\",\"name\":\"Baltvilla\",\"description\":\"\",\"publisher\":{\"@id\":\"https:\\\/\\\/www.baltvilla.lv\\\/en\\\/#organization\"},\"potentialAction\":[{\"@type\":\"SearchAction\",\"target\":{\"@type\":\"EntryPoint\",\"urlTemplate\":\"https:\\\/\\\/www.baltvilla.lv\\\/en\\\/?s={search_term_string}\"},\"query-input\":{\"@type\":\"PropertyValueSpecification\",\"valueRequired\":true,\"valueName\":\"search_term_string\"}}],\"inLanguage\":\"en-US\"},{\"@type\":\"Organization\",\"@id\":\"https:\\\/\\\/www.baltvilla.lv\\\/en\\\/#organization\",\"name\":\"Hotel \\\"Baltvilla\\\"\",\"url\":\"https:\\\/\\\/www.baltvilla.lv\\\/en\\\/\",\"logo\":{\"@type\":\"ImageObject\",\"inLanguage\":\"en-US\",\"@id\":\"https:\\\/\\\/www.baltvilla.lv\\\/en\\\/#\\\/schema\\\/logo\\\/image\\\/\",\"url\":\"https:\\\/\\\/www.baltvilla.lv\\\/wp-content\\\/uploads\\\/2021\\\/04\\\/baltvilla-logo.png\",\"contentUrl\":\"https:\\\/\\\/www.baltvilla.lv\\\/wp-content\\\/uploads\\\/2021\\\/04\\\/baltvilla-logo.png\",\"width\":207,\"height\":42,\"caption\":\"Hotel \\\"Baltvilla\\\"\"},\"image\":{\"@id\":\"https:\\\/\\\/www.baltvilla.lv\\\/en\\\/#\\\/schema\\\/logo\\\/image\\\/\"}}]}<\/script>\n<!-- \/ Yoast SEO plugin. -->","yoast_head_json":{"title":"\"Amore Italiano\" | D\u0101vanu karte | Spa proced\u016bra diviem | Baltvilla","description":"Spa ritu\u0101ls div\u0101m person\u0101m. 60 min garum\u0101 div\u0101m person\u0101m relaks\u0113jo\u0161a pilna \u0137erme\u0146a mas\u0101\u017ea abiem ar tasi t\u0113jas abiem ritu\u0101la nosl\u0113gum\u0101.","robots":{"index":"index","follow":"follow","max-snippet":"max-snippet:-1","max-image-preview":"max-image-preview:large","max-video-preview":"max-video-preview:-1"},"canonical":"https:\/\/www.baltvilla.lv\/en\/veikals\/spa-interneta-veikals-baltvilla\/spa-rituali-pariem\/rituals-amore-italiano\/","og_locale":"en_US","og_type":"article","og_title":"\"Amore Italiano\" | D\u0101vanu karte | Spa proced\u016bra diviem | Baltvilla","og_description":"Spa ritu\u0101ls div\u0101m person\u0101m. 60 min garum\u0101 div\u0101m person\u0101m relaks\u0113jo\u0161a pilna \u0137erme\u0146a mas\u0101\u017ea abiem ar tasi t\u0113jas abiem ritu\u0101la nosl\u0113gum\u0101.","og_url":"https:\/\/www.baltvilla.lv\/en\/veikals\/spa-interneta-veikals-baltvilla\/spa-rituali-pariem\/rituals-amore-italiano\/","og_site_name":"Baltvilla","article_modified_time":"2025-06-05T13:21:32+00:00","og_image":[{"width":1800,"height":1200,"url":"https:\/\/www.baltvilla.lv\/wp-content\/uploads\/2025\/06\/Bv-SPA-178.jpg","type":"image\/jpeg"}],"twitter_card":"summary_large_image","twitter_misc":{"Est. reading time":"1 minute"},"schema":{"@context":"https:\/\/schema.org","@graph":[{"@type":"WebPage","@id":"https:\/\/www.baltvilla.lv\/en\/veikals\/spa-interneta-veikals-baltvilla\/spa-rituali-pariem\/rituals-amore-italiano\/","url":"https:\/\/www.baltvilla.lv\/en\/veikals\/spa-interneta-veikals-baltvilla\/spa-rituali-pariem\/rituals-amore-italiano\/","name":"\"Amore Italiano\" | D\u0101vanu karte | Spa proced\u016bra diviem | Baltvilla","isPartOf":{"@id":"https:\/\/www.baltvilla.lv\/en\/#website"},"primaryImageOfPage":{"@id":"https:\/\/www.baltvilla.lv\/en\/veikals\/spa-interneta-veikals-baltvilla\/spa-rituali-pariem\/rituals-amore-italiano\/#primaryimage"},"image":{"@id":"https:\/\/www.baltvilla.lv\/en\/veikals\/spa-interneta-veikals-baltvilla\/spa-rituali-pariem\/rituals-amore-italiano\/#primaryimage"},"thumbnailUrl":"https:\/\/www.baltvilla.lv\/wp-content\/uploads\/2025\/06\/Bv-SPA-178.jpg","datePublished":"2024-05-14T09:58:13+00:00","dateModified":"2025-06-05T13:21:32+00:00","description":"Spa ritu\u0101ls div\u0101m person\u0101m. 60 min garum\u0101 div\u0101m person\u0101m relaks\u0113jo\u0161a pilna \u0137erme\u0146a mas\u0101\u017ea abiem ar tasi t\u0113jas abiem ritu\u0101la nosl\u0113gum\u0101.","breadcrumb":{"@id":"https:\/\/www.baltvilla.lv\/en\/veikals\/spa-interneta-veikals-baltvilla\/spa-rituali-pariem\/rituals-amore-italiano\/#breadcrumb"},"inLanguage":"en-US","potentialAction":[{"@type":"ReadAction","target":["https:\/\/www.baltvilla.lv\/en\/veikals\/spa-interneta-veikals-baltvilla\/spa-rituali-pariem\/rituals-amore-italiano\/"]}]},{"@type":"ImageObject","inLanguage":"en-US","@id":"https:\/\/www.baltvilla.lv\/en\/veikals\/spa-interneta-veikals-baltvilla\/spa-rituali-pariem\/rituals-amore-italiano\/#primaryimage","url":"https:\/\/www.baltvilla.lv\/wp-content\/uploads\/2025\/06\/Bv-SPA-178.jpg","contentUrl":"https:\/\/www.baltvilla.lv\/wp-content\/uploads\/2025\/06\/Bv-SPA-178.jpg","width":1800,"height":1200},{"@type":"BreadcrumbList","@id":"https:\/\/www.baltvilla.lv\/en\/veikals\/spa-interneta-veikals-baltvilla\/spa-rituali-pariem\/rituals-amore-italiano\/#breadcrumb","itemListElement":[{"@type":"ListItem","position":1,"name":"Home","item":"https:\/\/www.baltvilla.lv\/en\/"},{"@type":"ListItem","position":2,"name":"Shop","item":"https:\/\/www.baltvilla.lv\/shop-2\/?lang=en"},{"@type":"ListItem","position":3,"name":"Ritu\u0101ls &#8220;Amore Italiano&#8221;"}]},{"@type":"WebSite","@id":"https:\/\/www.baltvilla.lv\/en\/#website","url":"https:\/\/www.baltvilla.lv\/en\/","name":"Baltvilla","description":"","publisher":{"@id":"https:\/\/www.baltvilla.lv\/en\/#organization"},"potentialAction":[{"@type":"SearchAction","target":{"@type":"EntryPoint","urlTemplate":"https:\/\/www.baltvilla.lv\/en\/?s={search_term_string}"},"query-input":{"@type":"PropertyValueSpecification","valueRequired":true,"valueName":"search_term_string"}}],"inLanguage":"en-US"},{"@type":"Organization","@id":"https:\/\/www.baltvilla.lv\/en\/#organization","name":"Hotel \"Baltvilla\"","url":"https:\/\/www.baltvilla.lv\/en\/","logo":{"@type":"ImageObject","inLanguage":"en-US","@id":"https:\/\/www.baltvilla.lv\/en\/#\/schema\/logo\/image\/","url":"https:\/\/www.baltvilla.lv\/wp-content\/uploads\/2021\/04\/baltvilla-logo.png","contentUrl":"https:\/\/www.baltvilla.lv\/wp-content\/uploads\/2021\/04\/baltvilla-logo.png","width":207,"height":42,"caption":"Hotel \"Baltvilla\""},"image":{"@id":"https:\/\/www.baltvilla.lv\/en\/#\/schema\/logo\/image\/"}}]}},"_links":{"self":[{"href":"https:\/\/www.baltvilla.lv\/en\/wp-json\/wp\/v2\/product\/17331","targetHints":{"allow":["GET"]}}],"collection":[{"href":"https:\/\/www.baltvilla.lv\/en\/wp-json\/wp\/v2\/product"}],"about":[{"href":"https:\/\/www.baltvilla.lv\/en\/wp-json\/wp\/v2\/types\/product"}],"replies":[{"embeddable":true,"href":"https:\/\/www.baltvilla.lv\/en\/wp-json\/wp\/v2\/comments?post=17331"}],"wp:featuredmedia":[{"embeddable":true,"href":"https:\/\/www.baltvilla.lv\/en\/wp-json\/wp\/v2\/media\/22949"}],"wp:attachment":[{"href":"https:\/\/www.baltvilla.lv\/en\/wp-json\/wp\/v2\/media?parent=17331"}],"wp:term":[{"taxonomy":"product_brand","embeddable":true,"href":"https:\/\/www.baltvilla.lv\/en\/wp-json\/wp\/v2\/product_brand?post=17331"},{"taxonomy":"product_cat","embeddable":true,"href":"https:\/\/www.baltvilla.lv\/en\/wp-json\/wp\/v2\/product_cat?post=17331"},{"taxonomy":"product_tag","embeddable":true,"href":"https:\/\/www.baltvilla.lv\/en\/wp-json\/wp\/v2\/product_tag?post=17331"}],"curies":[{"name":"wp","href":"https:\/\/api.w.org\/{rel}","templated":true}]}}