{"id":14818,"date":"2023-10-03T10:05:51","date_gmt":"2023-10-03T07:05:51","guid":{"rendered":"https:\/\/www.baltvilla.lv\/?post_type=product&#038;p=14818"},"modified":"2023-10-03T10:10:23","modified_gmt":"2023-10-03T07:10:23","slug":"grauzdins-ar-artisokiem","status":"publish","type":"product","link":"https:\/\/www.baltvilla.lv\/en\/veikals\/banketi\/pirkstinuzkodas\/grauzdins-ar-artisokiem\/","title":{"rendered":"Grauzdi\u0146\u0161 ar arti\u0161okiem"},"content":{"rendered":"<p>&nbsp;<\/p>\n<ul>\n<li>Minim\u0101lais pas\u016bt\u012bjums 10 pers.<\/li>\n<li>Vienas uzkodas cena 2.50 eiro<\/li>\n<\/ul>\n","protected":false},"excerpt":{"rendered":"<p>Baltmaizes grauzdin\u0161 ar arti\u0161okiem, gvakamoles m\u0113rci un v\u012b\u0123\u0113m.<\/p>\n","protected":false},"featured_media":14819,"comment_status":"open","ping_status":"closed","template":"","meta":{"_acf_changed":false},"product_brand":[],"product_cat":[109,113],"product_tag":[],"class_list":{"0":"post-14818","1":"product","2":"type-product","3":"status-publish","4":"has-post-thumbnail","6":"product_cat-banketi","7":"product_cat-pirkstinuzkodas","9":"first","10":"instock","11":"taxable","12":"shipping-taxable","13":"purchasable","14":"product-type-simple"},"acf":[],"yoast_head":"<!-- This site is optimized with the Yoast SEO plugin v27.4 - https:\/\/yoast.com\/product\/yoast-seo-wordpress\/ -->\n<title>Vegetaras uzkodas | Banketi | Baltvilla<\/title>\n<meta name=\"description\" content=\"Gardas visu veidu uzkodas- ve\u0123et\u0101r\u0101s, ar zivi vai ga\u013cu. \u0112rti pas\u016bt\u0101mas un serv\u0113jamas svin\u012bb\u0101m, korporat\u012bvajiem vai citiem pas\u0101kumiem.\" \/>\n<meta name=\"robots\" content=\"index, follow, max-snippet:-1, max-image-preview:large, max-video-preview:-1\" \/>\n<link rel=\"canonical\" href=\"https:\/\/www.baltvilla.lv\/en\/veikals\/banketi\/pirkstinuzkodas\/grauzdins-ar-artisokiem\/\" \/>\n<meta property=\"og:locale\" content=\"en_US\" \/>\n<meta property=\"og:type\" content=\"article\" \/>\n<meta property=\"og:title\" content=\"Vegetaras uzkodas | Banketi | Baltvilla\" \/>\n<meta property=\"og:description\" content=\"Gardas visu veidu uzkodas- ve\u0123et\u0101r\u0101s, ar zivi vai ga\u013cu. \u0112rti pas\u016bt\u0101mas un serv\u0113jamas svin\u012bb\u0101m, korporat\u012bvajiem vai citiem pas\u0101kumiem.\" \/>\n<meta property=\"og:url\" content=\"https:\/\/www.baltvilla.lv\/en\/veikals\/banketi\/pirkstinuzkodas\/grauzdins-ar-artisokiem\/\" \/>\n<meta property=\"og:site_name\" content=\"Baltvilla\" \/>\n<meta property=\"article:modified_time\" content=\"2023-10-03T07:10:23+00:00\" \/>\n<meta property=\"og:image\" content=\"https:\/\/www.baltvilla.lv\/wp-content\/uploads\/2023\/10\/Uzkodas-23SEP-42.jpg\" \/>\n\t<meta property=\"og:image:width\" content=\"1800\" \/>\n\t<meta property=\"og:image:height\" content=\"1200\" \/>\n\t<meta property=\"og:image:type\" content=\"image\/jpeg\" \/>\n<meta name=\"twitter:card\" content=\"summary_large_image\" \/>\n<meta name=\"twitter:label1\" content=\"Est. reading time\" \/>\n\t<meta name=\"twitter:data1\" content=\"1 minute\" \/>\n<script type=\"application\/ld+json\" class=\"yoast-schema-graph\">{\"@context\":\"https:\\\/\\\/schema.org\",\"@graph\":[{\"@type\":\"WebPage\",\"@id\":\"https:\\\/\\\/www.baltvilla.lv\\\/en\\\/veikals\\\/banketi\\\/pirkstinuzkodas\\\/grauzdins-ar-artisokiem\\\/\",\"url\":\"https:\\\/\\\/www.baltvilla.lv\\\/en\\\/veikals\\\/banketi\\\/pirkstinuzkodas\\\/grauzdins-ar-artisokiem\\\/\",\"name\":\"Vegetaras uzkodas | Banketi | Baltvilla\",\"isPartOf\":{\"@id\":\"https:\\\/\\\/www.baltvilla.lv\\\/en\\\/#website\"},\"primaryImageOfPage\":{\"@id\":\"https:\\\/\\\/www.baltvilla.lv\\\/en\\\/veikals\\\/banketi\\\/pirkstinuzkodas\\\/grauzdins-ar-artisokiem\\\/#primaryimage\"},\"image\":{\"@id\":\"https:\\\/\\\/www.baltvilla.lv\\\/en\\\/veikals\\\/banketi\\\/pirkstinuzkodas\\\/grauzdins-ar-artisokiem\\\/#primaryimage\"},\"thumbnailUrl\":\"https:\\\/\\\/www.baltvilla.lv\\\/wp-content\\\/uploads\\\/2023\\\/10\\\/Uzkodas-23SEP-42.jpg\",\"datePublished\":\"2023-10-03T07:05:51+00:00\",\"dateModified\":\"2023-10-03T07:10:23+00:00\",\"description\":\"Gardas visu veidu uzkodas- ve\u0123et\u0101r\u0101s, ar zivi vai ga\u013cu. \u0112rti pas\u016bt\u0101mas un serv\u0113jamas svin\u012bb\u0101m, korporat\u012bvajiem vai citiem pas\u0101kumiem.\",\"breadcrumb\":{\"@id\":\"https:\\\/\\\/www.baltvilla.lv\\\/en\\\/veikals\\\/banketi\\\/pirkstinuzkodas\\\/grauzdins-ar-artisokiem\\\/#breadcrumb\"},\"inLanguage\":\"en-US\",\"potentialAction\":[{\"@type\":\"ReadAction\",\"target\":[\"https:\\\/\\\/www.baltvilla.lv\\\/en\\\/veikals\\\/banketi\\\/pirkstinuzkodas\\\/grauzdins-ar-artisokiem\\\/\"]}]},{\"@type\":\"ImageObject\",\"inLanguage\":\"en-US\",\"@id\":\"https:\\\/\\\/www.baltvilla.lv\\\/en\\\/veikals\\\/banketi\\\/pirkstinuzkodas\\\/grauzdins-ar-artisokiem\\\/#primaryimage\",\"url\":\"https:\\\/\\\/www.baltvilla.lv\\\/wp-content\\\/uploads\\\/2023\\\/10\\\/Uzkodas-23SEP-42.jpg\",\"contentUrl\":\"https:\\\/\\\/www.baltvilla.lv\\\/wp-content\\\/uploads\\\/2023\\\/10\\\/Uzkodas-23SEP-42.jpg\",\"width\":1800,\"height\":1200},{\"@type\":\"BreadcrumbList\",\"@id\":\"https:\\\/\\\/www.baltvilla.lv\\\/en\\\/veikals\\\/banketi\\\/pirkstinuzkodas\\\/grauzdins-ar-artisokiem\\\/#breadcrumb\",\"itemListElement\":[{\"@type\":\"ListItem\",\"position\":1,\"name\":\"Home\",\"item\":\"https:\\\/\\\/www.baltvilla.lv\\\/en\\\/\"},{\"@type\":\"ListItem\",\"position\":2,\"name\":\"Shop\",\"item\":\"https:\\\/\\\/www.baltvilla.lv\\\/shop-2\\\/?lang=en\"},{\"@type\":\"ListItem\",\"position\":3,\"name\":\"Grauzdi\u0146\u0161 ar arti\u0161okiem\"}]},{\"@type\":\"WebSite\",\"@id\":\"https:\\\/\\\/www.baltvilla.lv\\\/en\\\/#website\",\"url\":\"https:\\\/\\\/www.baltvilla.lv\\\/en\\\/\",\"name\":\"Baltvilla\",\"description\":\"\",\"publisher\":{\"@id\":\"https:\\\/\\\/www.baltvilla.lv\\\/en\\\/#organization\"},\"potentialAction\":[{\"@type\":\"SearchAction\",\"target\":{\"@type\":\"EntryPoint\",\"urlTemplate\":\"https:\\\/\\\/www.baltvilla.lv\\\/en\\\/?s={search_term_string}\"},\"query-input\":{\"@type\":\"PropertyValueSpecification\",\"valueRequired\":true,\"valueName\":\"search_term_string\"}}],\"inLanguage\":\"en-US\"},{\"@type\":\"Organization\",\"@id\":\"https:\\\/\\\/www.baltvilla.lv\\\/en\\\/#organization\",\"name\":\"Hotel \\\"Baltvilla\\\"\",\"url\":\"https:\\\/\\\/www.baltvilla.lv\\\/en\\\/\",\"logo\":{\"@type\":\"ImageObject\",\"inLanguage\":\"en-US\",\"@id\":\"https:\\\/\\\/www.baltvilla.lv\\\/en\\\/#\\\/schema\\\/logo\\\/image\\\/\",\"url\":\"https:\\\/\\\/www.baltvilla.lv\\\/wp-content\\\/uploads\\\/2021\\\/04\\\/baltvilla-logo.png\",\"contentUrl\":\"https:\\\/\\\/www.baltvilla.lv\\\/wp-content\\\/uploads\\\/2021\\\/04\\\/baltvilla-logo.png\",\"width\":207,\"height\":42,\"caption\":\"Hotel \\\"Baltvilla\\\"\"},\"image\":{\"@id\":\"https:\\\/\\\/www.baltvilla.lv\\\/en\\\/#\\\/schema\\\/logo\\\/image\\\/\"}}]}<\/script>\n<!-- \/ Yoast SEO plugin. -->","yoast_head_json":{"title":"Vegetaras uzkodas | Banketi | Baltvilla","description":"Gardas visu veidu uzkodas- ve\u0123et\u0101r\u0101s, ar zivi vai ga\u013cu. \u0112rti pas\u016bt\u0101mas un serv\u0113jamas svin\u012bb\u0101m, korporat\u012bvajiem vai citiem pas\u0101kumiem.","robots":{"index":"index","follow":"follow","max-snippet":"max-snippet:-1","max-image-preview":"max-image-preview:large","max-video-preview":"max-video-preview:-1"},"canonical":"https:\/\/www.baltvilla.lv\/en\/veikals\/banketi\/pirkstinuzkodas\/grauzdins-ar-artisokiem\/","og_locale":"en_US","og_type":"article","og_title":"Vegetaras uzkodas | Banketi | Baltvilla","og_description":"Gardas visu veidu uzkodas- ve\u0123et\u0101r\u0101s, ar zivi vai ga\u013cu. \u0112rti pas\u016bt\u0101mas un serv\u0113jamas svin\u012bb\u0101m, korporat\u012bvajiem vai citiem pas\u0101kumiem.","og_url":"https:\/\/www.baltvilla.lv\/en\/veikals\/banketi\/pirkstinuzkodas\/grauzdins-ar-artisokiem\/","og_site_name":"Baltvilla","article_modified_time":"2023-10-03T07:10:23+00:00","og_image":[{"width":1800,"height":1200,"url":"https:\/\/www.baltvilla.lv\/wp-content\/uploads\/2023\/10\/Uzkodas-23SEP-42.jpg","type":"image\/jpeg"}],"twitter_card":"summary_large_image","twitter_misc":{"Est. reading time":"1 minute"},"schema":{"@context":"https:\/\/schema.org","@graph":[{"@type":"WebPage","@id":"https:\/\/www.baltvilla.lv\/en\/veikals\/banketi\/pirkstinuzkodas\/grauzdins-ar-artisokiem\/","url":"https:\/\/www.baltvilla.lv\/en\/veikals\/banketi\/pirkstinuzkodas\/grauzdins-ar-artisokiem\/","name":"Vegetaras uzkodas | Banketi | Baltvilla","isPartOf":{"@id":"https:\/\/www.baltvilla.lv\/en\/#website"},"primaryImageOfPage":{"@id":"https:\/\/www.baltvilla.lv\/en\/veikals\/banketi\/pirkstinuzkodas\/grauzdins-ar-artisokiem\/#primaryimage"},"image":{"@id":"https:\/\/www.baltvilla.lv\/en\/veikals\/banketi\/pirkstinuzkodas\/grauzdins-ar-artisokiem\/#primaryimage"},"thumbnailUrl":"https:\/\/www.baltvilla.lv\/wp-content\/uploads\/2023\/10\/Uzkodas-23SEP-42.jpg","datePublished":"2023-10-03T07:05:51+00:00","dateModified":"2023-10-03T07:10:23+00:00","description":"Gardas visu veidu uzkodas- ve\u0123et\u0101r\u0101s, ar zivi vai ga\u013cu. \u0112rti pas\u016bt\u0101mas un serv\u0113jamas svin\u012bb\u0101m, korporat\u012bvajiem vai citiem pas\u0101kumiem.","breadcrumb":{"@id":"https:\/\/www.baltvilla.lv\/en\/veikals\/banketi\/pirkstinuzkodas\/grauzdins-ar-artisokiem\/#breadcrumb"},"inLanguage":"en-US","potentialAction":[{"@type":"ReadAction","target":["https:\/\/www.baltvilla.lv\/en\/veikals\/banketi\/pirkstinuzkodas\/grauzdins-ar-artisokiem\/"]}]},{"@type":"ImageObject","inLanguage":"en-US","@id":"https:\/\/www.baltvilla.lv\/en\/veikals\/banketi\/pirkstinuzkodas\/grauzdins-ar-artisokiem\/#primaryimage","url":"https:\/\/www.baltvilla.lv\/wp-content\/uploads\/2023\/10\/Uzkodas-23SEP-42.jpg","contentUrl":"https:\/\/www.baltvilla.lv\/wp-content\/uploads\/2023\/10\/Uzkodas-23SEP-42.jpg","width":1800,"height":1200},{"@type":"BreadcrumbList","@id":"https:\/\/www.baltvilla.lv\/en\/veikals\/banketi\/pirkstinuzkodas\/grauzdins-ar-artisokiem\/#breadcrumb","itemListElement":[{"@type":"ListItem","position":1,"name":"Home","item":"https:\/\/www.baltvilla.lv\/en\/"},{"@type":"ListItem","position":2,"name":"Shop","item":"https:\/\/www.baltvilla.lv\/shop-2\/?lang=en"},{"@type":"ListItem","position":3,"name":"Grauzdi\u0146\u0161 ar arti\u0161okiem"}]},{"@type":"WebSite","@id":"https:\/\/www.baltvilla.lv\/en\/#website","url":"https:\/\/www.baltvilla.lv\/en\/","name":"Baltvilla","description":"","publisher":{"@id":"https:\/\/www.baltvilla.lv\/en\/#organization"},"potentialAction":[{"@type":"SearchAction","target":{"@type":"EntryPoint","urlTemplate":"https:\/\/www.baltvilla.lv\/en\/?s={search_term_string}"},"query-input":{"@type":"PropertyValueSpecification","valueRequired":true,"valueName":"search_term_string"}}],"inLanguage":"en-US"},{"@type":"Organization","@id":"https:\/\/www.baltvilla.lv\/en\/#organization","name":"Hotel \"Baltvilla\"","url":"https:\/\/www.baltvilla.lv\/en\/","logo":{"@type":"ImageObject","inLanguage":"en-US","@id":"https:\/\/www.baltvilla.lv\/en\/#\/schema\/logo\/image\/","url":"https:\/\/www.baltvilla.lv\/wp-content\/uploads\/2021\/04\/baltvilla-logo.png","contentUrl":"https:\/\/www.baltvilla.lv\/wp-content\/uploads\/2021\/04\/baltvilla-logo.png","width":207,"height":42,"caption":"Hotel \"Baltvilla\""},"image":{"@id":"https:\/\/www.baltvilla.lv\/en\/#\/schema\/logo\/image\/"}}]}},"_links":{"self":[{"href":"https:\/\/www.baltvilla.lv\/en\/wp-json\/wp\/v2\/product\/14818","targetHints":{"allow":["GET"]}}],"collection":[{"href":"https:\/\/www.baltvilla.lv\/en\/wp-json\/wp\/v2\/product"}],"about":[{"href":"https:\/\/www.baltvilla.lv\/en\/wp-json\/wp\/v2\/types\/product"}],"replies":[{"embeddable":true,"href":"https:\/\/www.baltvilla.lv\/en\/wp-json\/wp\/v2\/comments?post=14818"}],"wp:featuredmedia":[{"embeddable":true,"href":"https:\/\/www.baltvilla.lv\/en\/wp-json\/wp\/v2\/media\/14819"}],"wp:attachment":[{"href":"https:\/\/www.baltvilla.lv\/en\/wp-json\/wp\/v2\/media?parent=14818"}],"wp:term":[{"taxonomy":"product_brand","embeddable":true,"href":"https:\/\/www.baltvilla.lv\/en\/wp-json\/wp\/v2\/product_brand?post=14818"},{"taxonomy":"product_cat","embeddable":true,"href":"https:\/\/www.baltvilla.lv\/en\/wp-json\/wp\/v2\/product_cat?post=14818"},{"taxonomy":"product_tag","embeddable":true,"href":"https:\/\/www.baltvilla.lv\/en\/wp-json\/wp\/v2\/product_tag?post=14818"}],"curies":[{"name":"wp","href":"https:\/\/api.w.org\/{rel}","templated":true}]}}