{"id":9403,"date":"2021-05-17T15:14:44","date_gmt":"2021-05-17T12:14:44","guid":{"rendered":"https:\/\/www.baltvilla.lv\/spa-etikete\/"},"modified":"2022-06-22T10:20:32","modified_gmt":"2022-06-22T07:20:32","slug":"spa-etikete","status":"publish","type":"page","link":"https:\/\/www.baltvilla.lv\/en\/spa-etikete\/","title":{"rendered":"Spa etiquette"},"content":{"rendered":"<div id=\"pl-9403\"  class=\"panel-layout\" ><div id=\"pg-9403-0\"  class=\"panel-grid panel-no-style\" ><div id=\"pgc-9403-0-0\"  class=\"panel-grid-cell\" ><div id=\"panel-9403-0-0-0\" class=\"so-panel widget widget_columns-icon-content-widget panel-first-child panel-last-child\" data-index=\"0\" ><div\n\t\t\t\n\t\t\tclass=\"so-widget-columns-icon-content-widget so-widget-columns-icon-content-widget-base\"\n\t\t\t\n\t\t><div class=\"widget-columns-icon-content  columns-icon-content--text-left columns-icon-content--icon-medium\">\n            <div class=\"row\">\n            <div class=\"column small-12 staff-slider__top-content widget-heading\">\n                <h2 class=\"columns-icon-content__title\">Baltvilla spa etiquette and terms<\/h2>                <h2 class=\"columns-icon-content__description\"><p><br data-mce-bogus=\"1\" \/><\/p>\n<\/h2>            <\/div>\n        <\/div>\n        <div class=\"row icon-columns\"><div class=\"column small-12 medium-4\"><div class=\"icon-column\"><img decoding=\"async\" class=\"image icon-column__icon\" src=\"https:\/\/www.baltvilla.lv\/wp-content\/uploads\/2021\/05\/Untitled-design-2.png\" alt=\"Atp\u016bta spa\" \/><h3 class=\"icon-column__title\">Peaceful rest<\/h3><div class=\"icon-column__description\"><p>The main goal of our spa is to help our guests enjoy a peaceful stay, so we invite every visitor turn off the sound of mobile phones and, if necessary, to speak in a muted tone.<\/p>\n<\/div><\/div><\/div><div class=\"column small-12 medium-4\"><div class=\"icon-column\"><img decoding=\"async\" class=\"image icon-column__icon\" src=\"https:\/\/www.baltvilla.lv\/wp-content\/uploads\/2021\/05\/Untitled-design.png\" alt=\"Atp\u016bta Latvij\u0101\" \/><h3 class=\"icon-column__title\">Reservation<\/h3><div class=\"icon-column__description\"><p>In order to guarantee the availability of the desired treatment, we invite you to book an appointment for the spa treatment in advance.<\/p>\n<\/div><\/div><\/div><div class=\"column small-12 medium-4\"><div class=\"icon-column\"><img decoding=\"async\" class=\"image icon-column__icon\" src=\"https:\/\/www.baltvilla.lv\/wp-content\/uploads\/2021\/05\/5-min.png\" alt=\"Atp\u016bta Baltezer\u0101\" \/><h3 class=\"icon-column__title\">5 minutes<\/h3><div class=\"icon-column__description\"><p>We invite you to visit the Baltvilla Spa 5 minutes before the time reserved for the procedure. This way you will be able to prepare for it in time: ask questions to specialists, inform about your health condition, etc. c.<\/p>\n<\/div><\/div><\/div><div class=\"column small-12 medium-4\"><div class=\"icon-column\"><img decoding=\"async\" class=\"image icon-column__icon\" src=\"https:\/\/www.baltvilla.lv\/wp-content\/uploads\/2021\/05\/Untitled-design-copy-2-1.png\" alt=\"Sirds vesel\u012bba dodoties uz spa\" \/><h3 class=\"icon-column__title\">Health<\/h3><div class=\"icon-column__description\"><p>Before the procedure, inform the spa specialist about your health condition: injuries, allergies, oncological diseases, etc. as it may affect the course of the procedure.<\/p>\n<\/div><\/div><\/div><div class=\"column small-12 medium-4\"><div class=\"icon-column\"><img decoding=\"async\" class=\"image icon-column__icon\" src=\"https:\/\/www.baltvilla.lv\/wp-content\/uploads\/2021\/05\/Untitled-design-copy-4.png\" alt=\"Baltvilla spa\" \/><h3 class=\"icon-column__title\">Heart health<\/h3><div class=\"icon-column__description\"><p>Guests with heart pain, high blood pressure and other health problems, or pregnant women, are advised to consult their doctor before booking an appointment.<\/p>\n<\/div><\/div><\/div><div class=\"column small-12 medium-4\"><div class=\"icon-column\"><img decoding=\"async\" class=\"image icon-column__icon\" src=\"https:\/\/www.baltvilla.lv\/wp-content\/uploads\/2021\/05\/Untitled-design-copy-15.png\" alt=\"Spa R\u012bgas apk\u0101rtn\u0113\" \/><h3 class=\"icon-column__title\">If you delay ...<\/h3><div class=\"icon-column__description\"><p>If you miss the start of the procedure, the procedure can be shortened or canceled. Please note that we want to provide quality treatments for every spa guest.<\/p>\n<\/div><\/div><\/div><div class=\"column small-12 medium-4\"><div class=\"icon-column\"><img decoding=\"async\" class=\"image icon-column__icon\" src=\"https:\/\/www.baltvilla.lv\/wp-content\/uploads\/2021\/05\/Untitled-design-copy-13.png\" alt=\"Peldm\u0113telis spa\" \/><h3 class=\"icon-column__title\">Bathrobe<\/h3><div class=\"icon-column__description\"><p>Guests of the Baltvilla Hotel are kindly requested to attend the treatment in the bathrobe located in your room.<\/p>\n<\/div><\/div><\/div><div class=\"column small-12 medium-4\"><div class=\"icon-column\"><img decoding=\"async\" class=\"image icon-column__icon\" src=\"https:\/\/www.baltvilla.lv\/wp-content\/uploads\/2021\/05\/Untitled-design-copy-11.png\" alt=\"Baltvilla spa higi\u0113na\" \/><h3 class=\"icon-column__title\">Hygiene<\/h3><div class=\"icon-column__description\"><p>Please take a shower before the procedure (in the hotel room, if you live in the hotel, at home, etc.).<\/p>\n<\/div><\/div><\/div><div class=\"column small-12 medium-4\"><div class=\"icon-column\"><img decoding=\"async\" class=\"image icon-column__icon\" src=\"https:\/\/www.baltvilla.lv\/wp-content\/uploads\/2021\/05\/Untitled-design-copy-8.png\" alt=\"Roku un p\u0113du vesel\u012bba apmekl\u0113jot spa\" \/><h3 class=\"icon-column__title\">Hand and foot health<\/h3><div class=\"icon-column__description\"><p>For the safety of our guests, we ask that people with nail fungus or similar illnesses do not visit the spa until the illness has been completely cured.<\/p>\n<\/div><\/div><\/div><div class=\"column small-12 medium-4\"><div class=\"icon-column\"><img decoding=\"async\" class=\"image icon-column__icon\" src=\"https:\/\/www.baltvilla.lv\/wp-content\/uploads\/2021\/05\/Untitled-design-copy-5.png\" alt=\"Bltvillas spa apmekl\u0113jot\" \/><h3 class=\"icon-column__title\">Jewelry<\/h3><div class=\"icon-column__description\"><p>In order to receive a full procedure, we invite you to remove all jewelry. Hotel guests can leave them in the room safe. Hotel Baltvilla\u2019s staff is not responsible for jewelry lost or damaged during spa treatments.<\/p>\n<\/div><\/div><\/div><div class=\"column small-12 medium-4\"><div class=\"icon-column\"><img decoding=\"async\" class=\"image icon-column__icon\" src=\"https:\/\/www.baltvilla.lv\/wp-content\/uploads\/2021\/05\/Untitled-design-copy-3.png\" alt=\"Spa Baltezer\u0101\" \/><h3 class=\"icon-column__title\">Inform the specialist<\/h3><div class=\"icon-column__description\"><p>Be sure to tell the specialist performing your procedure if you experience any discomfort or questions during it.<\/p>\n<\/div><\/div><\/div><div class=\"column small-12 medium-4\"><div class=\"icon-column\"><img decoding=\"async\" class=\"image icon-column__icon\" src=\"https:\/\/www.baltvilla.lv\/wp-content\/uploads\/2021\/05\/Untitled-design-copy-6.png\" alt=\"Spa apmkl\u0113jums Baltvillas viesn\u012bc\u0101\" \/><h3 class=\"icon-column__title\">Tea after the procedure<\/h3><div class=\"icon-column__description\"><p>After the procedure, you will be able to enjoy tea or water without rushing.<\/p>\n<\/div><\/div><\/div><div class=\"column small-12 medium-4\"><div class=\"icon-column\"><img decoding=\"async\" class=\"image icon-column__icon\" src=\"https:\/\/www.baltvilla.lv\/wp-content\/uploads\/2021\/05\/Untitled-design-copy-7.png\" alt=\"Spa apmekl\u0113jums Baltvill\u0101 tikai pieaugu\u0161ajiem\" \/><h3 class=\"icon-column__title\">Adults only<\/h3><div class=\"icon-column__description\"><p>Children under 18 years old are not allowed in the spa.<\/p>\n<\/div><\/div><\/div><div class=\"column small-12 medium-4\"><div class=\"icon-column\"><img decoding=\"async\" class=\"image icon-column__icon\" src=\"https:\/\/www.baltvilla.lv\/wp-content\/uploads\/2021\/05\/Untitled-design-copy-9.png\" alt=\"Spa v\u012brie\u0161iem\" \/><h3 class=\"icon-column__title\">Facial treatment for men<\/h3><div class=\"icon-column__description\"><p>We invite men to shave 3 hours before the facial treatment so our specialists will be able to guarantee a better result of the procedure and a more pleasant course.<\/p>\n<\/div><\/div><\/div><div class=\"column small-12 medium-4\"><div class=\"icon-column\"><img decoding=\"async\" class=\"image icon-column__icon\" src=\"https:\/\/www.baltvilla.lv\/wp-content\/uploads\/2021\/05\/Untitled-design-copy-14.png\" alt=\"aizliegts Spa lietot alkoholu vai sm\u0113\u0137\u0113t\" \/><h3 class=\"icon-column__title\">Alcohol and smoking<\/h3><div class=\"icon-column__description\"><p>Alcohol or smoking are not allowed in the spa. Guests are not served in the spa under the influence of alcohol.<\/p>\n<\/div><\/div><\/div><div class=\"column small-12 medium-4\"><div class=\"icon-column\"><img decoding=\"async\" class=\"image icon-column__icon\" src=\"https:\/\/www.baltvilla.lv\/wp-content\/uploads\/2021\/05\/Untitled-design-copy-12.png\" alt=\"Spa Baltvilla\" \/><h3 class=\"icon-column__title\">Before the procedure<\/h3><div class=\"icon-column__description\"><p>We do not recommend using heavy foods or alcoholic beverages before the procedures.<\/p>\n<\/div><\/div><\/div><\/div><\/div>\n<\/div><\/div><\/div><\/div><\/div>","protected":false},"excerpt":{"rendered":"<p>Baltvilla spa etiquette and terms Peaceful restThe main goal of our spa is to help our guests enjoy a peaceful stay, so&#8230;<\/p>\n","protected":false},"author":6,"featured_media":0,"parent":0,"menu_order":37,"comment_status":"closed","ping_status":"closed","template":"","meta":{"_acf_changed":false,"footnotes":""},"class_list":["post-9403","page","type-page","status-publish","hentry"],"acf":[],"yoast_head":"<!-- This site is optimized with the Yoast SEO plugin v26.7 - https:\/\/yoast.com\/wordpress\/plugins\/seo\/ -->\n<title>Spa eti\u0137ete | Ieteikumi apmekl\u0113jot spa | Baltvilla spa<\/title>\n<meta name=\"description\" content=\"Nesteidz\u012bgi baudiet atp\u016btu \u201eBaltvilla\u201d spa. Esam Jums sagatavoju\u0161i da\u017eus ieteikumus, lai J\u016bsu atp\u016bta norit\u0113tu v\u0113l pilnv\u0113rt\u012bg\u0101k. Spa eti\u0137ete\" \/>\n<meta name=\"robots\" content=\"index, follow, max-snippet:-1, max-image-preview:large, max-video-preview:-1\" \/>\n<link rel=\"canonical\" href=\"https:\/\/www.baltvilla.lv\/en\/spa-etikete\/\" \/>\n<meta property=\"og:locale\" content=\"en_US\" \/>\n<meta property=\"og:type\" content=\"article\" \/>\n<meta property=\"og:title\" content=\"Spa eti\u0137ete | Ieteikumi apmekl\u0113jot spa | Baltvilla spa\" \/>\n<meta property=\"og:description\" content=\"Nesteidz\u012bgi baudiet atp\u016btu \u201eBaltvilla\u201d spa. Esam Jums sagatavoju\u0161i da\u017eus ieteikumus, lai J\u016bsu atp\u016bta norit\u0113tu v\u0113l pilnv\u0113rt\u012bg\u0101k. Spa eti\u0137ete\" \/>\n<meta property=\"og:url\" content=\"https:\/\/www.baltvilla.lv\/en\/spa-etikete\/\" \/>\n<meta property=\"og:site_name\" content=\"Baltvilla\" \/>\n<meta property=\"article:modified_time\" content=\"2022-06-22T07:20:32+00:00\" \/>\n<meta name=\"twitter:card\" content=\"summary_large_image\" \/>\n<meta name=\"twitter:label1\" content=\"Est. reading time\" \/>\n\t<meta name=\"twitter:data1\" content=\"1 minute\" \/>\n<script type=\"application\/ld+json\" class=\"yoast-schema-graph\">{\"@context\":\"https:\/\/schema.org\",\"@graph\":[{\"@type\":\"WebPage\",\"@id\":\"https:\/\/www.baltvilla.lv\/en\/spa-etikete\/\",\"url\":\"https:\/\/www.baltvilla.lv\/en\/spa-etikete\/\",\"name\":\"Spa eti\u0137ete | Ieteikumi apmekl\u0113jot spa | Baltvilla spa\",\"isPartOf\":{\"@id\":\"https:\/\/www.baltvilla.lv\/en\/#website\"},\"datePublished\":\"2021-05-17T12:14:44+00:00\",\"dateModified\":\"2022-06-22T07:20:32+00:00\",\"description\":\"Nesteidz\u012bgi baudiet atp\u016btu \u201eBaltvilla\u201d spa. Esam Jums sagatavoju\u0161i da\u017eus ieteikumus, lai J\u016bsu atp\u016bta norit\u0113tu v\u0113l pilnv\u0113rt\u012bg\u0101k. Spa eti\u0137ete\",\"breadcrumb\":{\"@id\":\"https:\/\/www.baltvilla.lv\/en\/spa-etikete\/#breadcrumb\"},\"inLanguage\":\"en-US\",\"potentialAction\":[{\"@type\":\"ReadAction\",\"target\":[\"https:\/\/www.baltvilla.lv\/en\/spa-etikete\/\"]}]},{\"@type\":\"BreadcrumbList\",\"@id\":\"https:\/\/www.baltvilla.lv\/en\/spa-etikete\/#breadcrumb\",\"itemListElement\":[{\"@type\":\"ListItem\",\"position\":1,\"name\":\"Home\",\"item\":\"https:\/\/www.baltvilla.lv\/en\/\"},{\"@type\":\"ListItem\",\"position\":2,\"name\":\"Spa etiquette\"}]},{\"@type\":\"WebSite\",\"@id\":\"https:\/\/www.baltvilla.lv\/en\/#website\",\"url\":\"https:\/\/www.baltvilla.lv\/en\/\",\"name\":\"Baltvilla\",\"description\":\"\",\"publisher\":{\"@id\":\"https:\/\/www.baltvilla.lv\/en\/#organization\"},\"potentialAction\":[{\"@type\":\"SearchAction\",\"target\":{\"@type\":\"EntryPoint\",\"urlTemplate\":\"https:\/\/www.baltvilla.lv\/en\/?s={search_term_string}\"},\"query-input\":{\"@type\":\"PropertyValueSpecification\",\"valueRequired\":true,\"valueName\":\"search_term_string\"}}],\"inLanguage\":\"en-US\"},{\"@type\":\"Organization\",\"@id\":\"https:\/\/www.baltvilla.lv\/en\/#organization\",\"name\":\"Hotel \\\"Baltvilla\\\"\",\"url\":\"https:\/\/www.baltvilla.lv\/en\/\",\"logo\":{\"@type\":\"ImageObject\",\"inLanguage\":\"en-US\",\"@id\":\"https:\/\/www.baltvilla.lv\/en\/#\/schema\/logo\/image\/\",\"url\":\"https:\/\/www.baltvilla.lv\/wp-content\/uploads\/2021\/04\/baltvilla-logo.png\",\"contentUrl\":\"https:\/\/www.baltvilla.lv\/wp-content\/uploads\/2021\/04\/baltvilla-logo.png\",\"width\":207,\"height\":42,\"caption\":\"Hotel \\\"Baltvilla\\\"\"},\"image\":{\"@id\":\"https:\/\/www.baltvilla.lv\/en\/#\/schema\/logo\/image\/\"}}]}<\/script>\n<!-- \/ Yoast SEO plugin. -->","yoast_head_json":{"title":"Spa eti\u0137ete | Ieteikumi apmekl\u0113jot spa | Baltvilla spa","description":"Nesteidz\u012bgi baudiet atp\u016btu \u201eBaltvilla\u201d spa. Esam Jums sagatavoju\u0161i da\u017eus ieteikumus, lai J\u016bsu atp\u016bta norit\u0113tu v\u0113l pilnv\u0113rt\u012bg\u0101k. Spa eti\u0137ete","robots":{"index":"index","follow":"follow","max-snippet":"max-snippet:-1","max-image-preview":"max-image-preview:large","max-video-preview":"max-video-preview:-1"},"canonical":"https:\/\/www.baltvilla.lv\/en\/spa-etikete\/","og_locale":"en_US","og_type":"article","og_title":"Spa eti\u0137ete | Ieteikumi apmekl\u0113jot spa | Baltvilla spa","og_description":"Nesteidz\u012bgi baudiet atp\u016btu \u201eBaltvilla\u201d spa. Esam Jums sagatavoju\u0161i da\u017eus ieteikumus, lai J\u016bsu atp\u016bta norit\u0113tu v\u0113l pilnv\u0113rt\u012bg\u0101k. Spa eti\u0137ete","og_url":"https:\/\/www.baltvilla.lv\/en\/spa-etikete\/","og_site_name":"Baltvilla","article_modified_time":"2022-06-22T07:20:32+00:00","twitter_card":"summary_large_image","twitter_misc":{"Est. reading time":"1 minute"},"schema":{"@context":"https:\/\/schema.org","@graph":[{"@type":"WebPage","@id":"https:\/\/www.baltvilla.lv\/en\/spa-etikete\/","url":"https:\/\/www.baltvilla.lv\/en\/spa-etikete\/","name":"Spa eti\u0137ete | Ieteikumi apmekl\u0113jot spa | Baltvilla spa","isPartOf":{"@id":"https:\/\/www.baltvilla.lv\/en\/#website"},"datePublished":"2021-05-17T12:14:44+00:00","dateModified":"2022-06-22T07:20:32+00:00","description":"Nesteidz\u012bgi baudiet atp\u016btu \u201eBaltvilla\u201d spa. Esam Jums sagatavoju\u0161i da\u017eus ieteikumus, lai J\u016bsu atp\u016bta norit\u0113tu v\u0113l pilnv\u0113rt\u012bg\u0101k. Spa eti\u0137ete","breadcrumb":{"@id":"https:\/\/www.baltvilla.lv\/en\/spa-etikete\/#breadcrumb"},"inLanguage":"en-US","potentialAction":[{"@type":"ReadAction","target":["https:\/\/www.baltvilla.lv\/en\/spa-etikete\/"]}]},{"@type":"BreadcrumbList","@id":"https:\/\/www.baltvilla.lv\/en\/spa-etikete\/#breadcrumb","itemListElement":[{"@type":"ListItem","position":1,"name":"Home","item":"https:\/\/www.baltvilla.lv\/en\/"},{"@type":"ListItem","position":2,"name":"Spa etiquette"}]},{"@type":"WebSite","@id":"https:\/\/www.baltvilla.lv\/en\/#website","url":"https:\/\/www.baltvilla.lv\/en\/","name":"Baltvilla","description":"","publisher":{"@id":"https:\/\/www.baltvilla.lv\/en\/#organization"},"potentialAction":[{"@type":"SearchAction","target":{"@type":"EntryPoint","urlTemplate":"https:\/\/www.baltvilla.lv\/en\/?s={search_term_string}"},"query-input":{"@type":"PropertyValueSpecification","valueRequired":true,"valueName":"search_term_string"}}],"inLanguage":"en-US"},{"@type":"Organization","@id":"https:\/\/www.baltvilla.lv\/en\/#organization","name":"Hotel \"Baltvilla\"","url":"https:\/\/www.baltvilla.lv\/en\/","logo":{"@type":"ImageObject","inLanguage":"en-US","@id":"https:\/\/www.baltvilla.lv\/en\/#\/schema\/logo\/image\/","url":"https:\/\/www.baltvilla.lv\/wp-content\/uploads\/2021\/04\/baltvilla-logo.png","contentUrl":"https:\/\/www.baltvilla.lv\/wp-content\/uploads\/2021\/04\/baltvilla-logo.png","width":207,"height":42,"caption":"Hotel \"Baltvilla\""},"image":{"@id":"https:\/\/www.baltvilla.lv\/en\/#\/schema\/logo\/image\/"}}]}},"_links":{"self":[{"href":"https:\/\/www.baltvilla.lv\/en\/wp-json\/wp\/v2\/pages\/9403","targetHints":{"allow":["GET"]}}],"collection":[{"href":"https:\/\/www.baltvilla.lv\/en\/wp-json\/wp\/v2\/pages"}],"about":[{"href":"https:\/\/www.baltvilla.lv\/en\/wp-json\/wp\/v2\/types\/page"}],"author":[{"embeddable":true,"href":"https:\/\/www.baltvilla.lv\/en\/wp-json\/wp\/v2\/users\/6"}],"replies":[{"embeddable":true,"href":"https:\/\/www.baltvilla.lv\/en\/wp-json\/wp\/v2\/comments?post=9403"}],"version-history":[{"count":8,"href":"https:\/\/www.baltvilla.lv\/en\/wp-json\/wp\/v2\/pages\/9403\/revisions"}],"predecessor-version":[{"id":10289,"href":"https:\/\/www.baltvilla.lv\/en\/wp-json\/wp\/v2\/pages\/9403\/revisions\/10289"}],"wp:attachment":[{"href":"https:\/\/www.baltvilla.lv\/en\/wp-json\/wp\/v2\/media?parent=9403"}],"curies":[{"name":"wp","href":"https:\/\/api.w.org\/{rel}","templated":true}]}}