{"id":9299,"date":"2021-02-03T14:37:46","date_gmt":"2021-02-03T14:37:46","guid":{"rendered":"https:\/\/www.baltvilla.lv\/viesnica\/atputas-iespejas\/"},"modified":"2022-06-08T23:22:29","modified_gmt":"2022-06-08T20:22:29","slug":"options-for-recreation","status":"publish","type":"page","link":"https:\/\/www.baltvilla.lv\/en\/viesnica\/options-for-recreation\/","title":{"rendered":"Options for recreation"},"content":{"rendered":"<div id=\"pl-9299\"  class=\"panel-layout\" ><div id=\"pg-9299-0\"  class=\"panel-grid panel-no-style\" ><div id=\"pgc-9299-0-0\"  class=\"panel-grid-cell\" ><div id=\"panel-9299-0-0-0\" class=\"so-panel widget widget_breadcrumbs-widget panel-first-child\" data-index=\"0\" ><div\n\t\t\t\n\t\t\tclass=\"so-widget-breadcrumbs-widget so-widget-breadcrumbs-widget-base\"\n\t\t\t\n\t\t><div class=\"widget-breadcrumbs \">\n    \n<div class=\"row\"><div class=\"column\"><nav class=\"breadcrumb\">Home<\/nav><\/div><\/div><\/div>\n<\/div><\/div><div id=\"panel-9299-0-0-1\" class=\"so-panel widget widget_leisure-opportunities-widget panel-last-child\" data-index=\"1\" ><div\n\t\t\t\n\t\t\tclass=\"so-widget-leisure-opportunities-widget so-widget-leisure-opportunities-widget-base\"\n\t\t\t\n\t\t><div class=\"leisure-opportunities \">\n            <div class=\"row\">\n            <div class=\"column small-12 leisure-opportunities__top-content\">\n                <h1 class=\"leisure-opportunities__title\">Options for recreation<\/h1>                <h2 class=\"leisure-opportunities__description\"><p>During their stay at Baltvilla Hotel, its guests can find the kind of recreation that suits their interests: on hotel grounds, in its immediate vicinity, or a short trip away.<\/p>\n<p>We have put together a few options for different tastes. Please ask our hotel staff for more information about any additional options for recreation.<\/p>\n<\/h2>            <\/div>\n        <\/div>\n        <div class=\"leisure-opportunities__featured-block\"><div class=\"leisure-opportunities__featured-block-image\" style=\"background-image: url(https:\/\/www.baltvilla.lv\/wp-content\/uploads\/2021\/03\/BL-52-1200x800.jpg);\"><\/div><div class=\"leisure-opportunities__featured-block-content-wrapper\"><div class=\"row\"><div class=\"column small-12 medium-6\"><div class=\"leisure-opportunities__featured-block-content\"><h2 class=\"leisure-opportunities__featured-block-title\">Baltezers tree nursery<\/h2><div class=\"leisure-opportunities__featured-block-description\"><p>A visit to the Baltezers tree nursery is a good choice for those who like walks and are interested in plants. The nursery has more than 500 different species of plants, and their beauty is best enjoyed in spring and summer. Every year, the nursery adds even more plants that thrive in Latvian climate to its collection. During a tour or a visit there, you will certainly find some ideas and inspirations for your own garden. You will also be able to immediately buy many of the plants on display at the nursery.<\/p>\n<\/div><a class=\"link leisure-opportunities__featured-block-link\" href=\"http:\/\/baltezers.lv\/\" target=\"_blank\">baltezers.lv<\/a><div class=\"price-block price-block--light leisure-opportunities__featured-block-distance\"><p class=\"price-block__price\">4km<\/p><\/div><\/div><\/div><\/div><\/div><\/div>    <div class=\"leisure-opportunities__block-container\"><div class=\"row\"><div class=\"column small-12 medium-6 leisure-opportunities__block-image-container\"><div class=\"leisure-opportunities__block-image\" style=\"background-image: url(https:\/\/www.baltvilla.lv\/wp-content\/uploads\/2021\/03\/Brivdabas.jpg);\"><\/div><\/div><div class=\"column small-12 medium-6 leisure-opportunities__block-content-container\"><h2 class=\"leisure-opportunities__block-title\">Latvian Ethnographic Open-Air Museum<\/h2><div class=\"leisure-opportunities__block-description\"><p>The Latvian Ethnographic Open-Air Museum is one of the oldest open-air museums in Europe. Its exhibits cover an area of 87 ha, with more than 100 traditional buildings illustrating the life of peasants in what today is Latvia, within a period between late 1600\u2019s and the end of the 1930\u2019s.<\/p>\n<p>You can take a walk there on your own, or tour the museum together with a guide, who will be able to tell you about the exhibits in Latvian, Russian, English or German. At the museum, you can buy souvenirs, and enjoy real rustic soup or bread baked in a wood-fired oven at the Priedes pub.<\/p>\n<p>The museum often functions as a venue for various thematic events. You can find out more on the museum\u2019s website.<\/p>\n<\/div><a class=\"link leisure-opportunities__block-link\" href=\"http:\/\/brivdabasmuzejs.lv\" target=\"_blank\">brivdabasmuzejs.lv<\/a><div class=\"price-block price-block--light leisure-opportunities__block-distance\"><p class=\"price-block__price\">8km<\/p><\/div><\/div><\/div><div class=\"row\"><div class=\"column small-12 medium-6 leisure-opportunities__block-image-container\"><div class=\"leisure-opportunities__block-image\" style=\"background-image: url(https:\/\/www.baltvilla.lv\/wp-content\/uploads\/2021\/03\/nbd-v.jpg);\"><\/div><\/div><div class=\"column small-12 medium-6 leisure-opportunities__block-content-container\"><h2 class=\"leisure-opportunities__block-title\">National Botanical Garden in Salaspils<\/h2><div class=\"leisure-opportunities__block-description\"><p>The National Botanical Garden is one of the most beautiful sites to visit in Latvia, located not far from Baltvilla Hotel. It boasts the largest collection of plants in the Baltics, which its guests can see in all its beauty, most of all during the blossoming season in spring, summer and early autumn. Those visiting the Botanical Garden in winter will also enjoy its diverse exhibits, including an extensive collection of cactuses and other temporary exhibitions. The National Botanical Garden is a perfect place for you to discover plants from several continents and distant, exotic lands.<\/p>\n<\/div><a class=\"link leisure-opportunities__block-link\" href=\"https:\/\/www.nbd.gov.lv\/lv\/nacionalais-botaniskais-darzs\" target=\"_blank\">nbd.gov.lv<\/a><div class=\"price-block price-block--light leisure-opportunities__block-distance\"><p class=\"price-block__price\">23km<\/p><\/div><\/div><\/div><div class=\"row\"><div class=\"column small-12 medium-6 leisure-opportunities__block-image-container\"><div class=\"leisure-opportunities__block-image\" style=\"background-image: url(https:\/\/www.baltvilla.lv\/wp-content\/uploads\/2021\/03\/Saulkrasti_no_augsas-1200x798.jpg);\"><\/div><\/div><div class=\"column small-12 medium-6 leisure-opportunities__block-content-container\"><h2 class=\"leisure-opportunities__block-title\">Saulkrasti: a town by the sea<\/h2><div class=\"leisure-opportunities__block-description\"><p>Although traditionally, Saulkrasti and its seaside is sought after for recreation in summer, taking a walk on the beach brings joy in any season. The sea and the coniferous forest maintain their magic and special character throughout the year.<\/p>\n<p>The beach at Saulkrasti is 17 km long, and is fairly diverse, with singing sands in Lilaste, and rocky parts of the shore in Zvejniekciems.<\/p>\n<p>The Balt\u0101 Dune, from which you can get a wonderful view of the Gulf of Riga, is on the right bank, at the mouth of the In\u010dupe. There is a 3.6 km long Sunset (Saulrieta) trail leading from the Balt\u0101 Dune to the Saules bridge. Those who take it get a chance to see 20 venerable pine trees.<\/p>\n<\/div><a class=\"link leisure-opportunities__block-link\" href=\"https:\/\/saulkrasti.lv\/\" target=\"_blank\">saulkrasti.lv<\/a><div class=\"price-block price-block--light leisure-opportunities__block-distance\"><p class=\"price-block__price\">30km<\/p><\/div><\/div><\/div><div class=\"row\"><div class=\"column small-12 medium-6 leisure-opportunities__block-image-container\"><div class=\"leisure-opportunities__block-image\" style=\"background-image: url(https:\/\/www.baltvilla.lv\/wp-content\/uploads\/2021\/03\/Saulkrasti_velosipedu_muzeja_raditajs.jpg);\"><\/div><\/div><div class=\"column small-12 medium-6 leisure-opportunities__block-content-container\"><h2 class=\"leisure-opportunities__block-title\">Saulkrasti Bicycle Museum<\/h2><div class=\"leisure-opportunities__block-description\"><p>The Saulkrasti Bicycle Museum is an exciting place to visit, both for professional and casual cyclists. The museum\u2019s exhibits include one of the first penny-farthings made in Latvia, a Coventry-brand bicycle made in Britain, the first to have pneumatic tyres, a \u2018safety\u2019 bicycle made by the A. Leitners first bicycle factory in 1888, and many others. Has this museum inspired you to take a bicycle trip? Conveniently, it offers bicycle rentals. Though these bicycles are modern and comfortable to use.<\/p>\n<\/div><a class=\"link leisure-opportunities__block-link\" href=\"https:\/\/www.velomuseum.lv\" target=\"_blank\">velomuseum.lv<\/a><\/div><\/div><div class=\"row\"><div class=\"column small-12 medium-6 leisure-opportunities__block-image-container\"><div class=\"leisure-opportunities__block-image\" style=\"background-image: url(https:\/\/www.baltvilla.lv\/wp-content\/uploads\/2021\/03\/IMG_1672-800x534-1.jpg);\"><\/div><\/div><div class=\"column small-12 medium-6 leisure-opportunities__block-content-container\"><h2 class=\"leisure-opportunities__block-title\">Alfa shopping centre<\/h2><div class=\"leisure-opportunities__block-description\"><p>The multiple floors of the Alfa shopping centre offer shops, cafes, pharmacies, banks, salons, as well as a cinema. You can really spend a whole day here, if the weather during your stay isn\u2019t as good as you expected!<\/p>\n<\/div><a class=\"link leisure-opportunities__block-link\" href=\"https:\/\/alfacentrs.lv\/\" target=\"_blank\">alfacentrs.lv<\/a><div class=\"price-block price-block--light leisure-opportunities__block-distance\"><p class=\"price-block__price\">9km<\/p><\/div><\/div><\/div><div class=\"row\"><div class=\"column small-12 medium-6 leisure-opportunities__block-image-container\"><div class=\"leisure-opportunities__block-image\" style=\"background-image: url(https:\/\/www.baltvilla.lv\/wp-content\/uploads\/2021\/03\/pxpzfifqkeeczvirqdx1.jpg);\"><\/div><\/div><div class=\"column small-12 medium-6 leisure-opportunities__block-content-container\"><h2 class=\"leisure-opportunities__block-title\">Sigulda<\/h2><div class=\"leisure-opportunities__block-description\"><p>People call Sigulda the Switzerland of Vidzeme, and the town\u2019s surroundings offer some of the most beautiful locations in Latvia. In Sigulda, you can take a tour of Turaida Castle, or take a long walk along the countless forest trails around the town. The town\u2019s sky tram is the only one in the Baltics, and it offers a magical view of the old valley of the Gauja. In summer, Sigulda offers various options for outdoor fun, including bungee-jumping from the tram, toboggan, Tarz\u0101ns adventure park, among other things, with skiing tracks set up in winter.<\/p>\n<\/div><a class=\"link leisure-opportunities__block-link\" href=\"https:\/\/tourism.sigulda.lv\/\" target=\"_blank\">tourism.sigulda.lv<\/a><div class=\"price-block price-block--light leisure-opportunities__block-distance\"><p class=\"price-block__price\">40km<\/p><\/div><\/div><\/div><\/div><\/div>\n<\/div><\/div><\/div><\/div><\/div>","protected":false},"excerpt":{"rendered":"<p>Home Options for recreation During their stay at Baltvilla Hotel, its guests can find the kind of recreation that suits their interests:&#8230;<\/p>\n","protected":false},"author":1,"featured_media":0,"parent":8680,"menu_order":41,"comment_status":"closed","ping_status":"closed","template":"","meta":{"_acf_changed":false,"footnotes":""},"class_list":["post-9299","page","type-page","status-publish","hentry"],"acf":[],"yoast_head":"<!-- This site is optimized with the Yoast SEO plugin v27.4 - https:\/\/yoast.com\/product\/yoast-seo-wordpress\/ -->\n<title>Options for recreation | Baltvill\u0101<\/title>\n<meta name=\"description\" content=\"During their stay at Baltvilla Hotel, its guests can find the kind of recreation that suits their interests.\" \/>\n<meta name=\"robots\" content=\"index, follow, max-snippet:-1, max-image-preview:large, max-video-preview:-1\" \/>\n<link rel=\"canonical\" href=\"https:\/\/www.baltvilla.lv\/en\/viesnica\/options-for-recreation\/\" \/>\n<meta property=\"og:locale\" content=\"en_US\" \/>\n<meta property=\"og:type\" content=\"article\" \/>\n<meta property=\"og:title\" content=\"Options for recreation | Baltvill\u0101\" \/>\n<meta property=\"og:description\" content=\"During their stay at Baltvilla Hotel, its guests can find the kind of recreation that suits their interests.\" \/>\n<meta property=\"og:url\" content=\"https:\/\/www.baltvilla.lv\/en\/viesnica\/options-for-recreation\/\" \/>\n<meta property=\"og:site_name\" content=\"Baltvilla\" \/>\n<meta property=\"article:modified_time\" content=\"2022-06-08T20:22:29+00:00\" \/>\n<meta name=\"twitter:card\" content=\"summary_large_image\" \/>\n<meta name=\"twitter:label1\" content=\"Est. reading time\" \/>\n\t<meta name=\"twitter:data1\" content=\"1 minute\" \/>\n<script type=\"application\/ld+json\" class=\"yoast-schema-graph\">{\"@context\":\"https:\\\/\\\/schema.org\",\"@graph\":[{\"@type\":\"WebPage\",\"@id\":\"https:\\\/\\\/www.baltvilla.lv\\\/en\\\/viesnica\\\/options-for-recreation\\\/\",\"url\":\"https:\\\/\\\/www.baltvilla.lv\\\/en\\\/viesnica\\\/options-for-recreation\\\/\",\"name\":\"Options for recreation | Baltvill\u0101\",\"isPartOf\":{\"@id\":\"https:\\\/\\\/www.baltvilla.lv\\\/en\\\/#website\"},\"datePublished\":\"2021-02-03T14:37:46+00:00\",\"dateModified\":\"2022-06-08T20:22:29+00:00\",\"description\":\"During their stay at Baltvilla Hotel, its guests can find the kind of recreation that suits their interests.\",\"breadcrumb\":{\"@id\":\"https:\\\/\\\/www.baltvilla.lv\\\/en\\\/viesnica\\\/options-for-recreation\\\/#breadcrumb\"},\"inLanguage\":\"en-US\",\"potentialAction\":[{\"@type\":\"ReadAction\",\"target\":[\"https:\\\/\\\/www.baltvilla.lv\\\/en\\\/viesnica\\\/options-for-recreation\\\/\"]}]},{\"@type\":\"BreadcrumbList\",\"@id\":\"https:\\\/\\\/www.baltvilla.lv\\\/en\\\/viesnica\\\/options-for-recreation\\\/#breadcrumb\",\"itemListElement\":[{\"@type\":\"ListItem\",\"position\":1,\"name\":\"Home\",\"item\":\"https:\\\/\\\/www.baltvilla.lv\\\/en\\\/\"},{\"@type\":\"ListItem\",\"position\":2,\"name\":\"Hotel\",\"item\":\"https:\\\/\\\/www.baltvilla.lv\\\/en\\\/viesnica\\\/\"},{\"@type\":\"ListItem\",\"position\":3,\"name\":\"Options for recreation\"}]},{\"@type\":\"WebSite\",\"@id\":\"https:\\\/\\\/www.baltvilla.lv\\\/en\\\/#website\",\"url\":\"https:\\\/\\\/www.baltvilla.lv\\\/en\\\/\",\"name\":\"Baltvilla\",\"description\":\"\",\"publisher\":{\"@id\":\"https:\\\/\\\/www.baltvilla.lv\\\/en\\\/#organization\"},\"potentialAction\":[{\"@type\":\"SearchAction\",\"target\":{\"@type\":\"EntryPoint\",\"urlTemplate\":\"https:\\\/\\\/www.baltvilla.lv\\\/en\\\/?s={search_term_string}\"},\"query-input\":{\"@type\":\"PropertyValueSpecification\",\"valueRequired\":true,\"valueName\":\"search_term_string\"}}],\"inLanguage\":\"en-US\"},{\"@type\":\"Organization\",\"@id\":\"https:\\\/\\\/www.baltvilla.lv\\\/en\\\/#organization\",\"name\":\"Hotel \\\"Baltvilla\\\"\",\"url\":\"https:\\\/\\\/www.baltvilla.lv\\\/en\\\/\",\"logo\":{\"@type\":\"ImageObject\",\"inLanguage\":\"en-US\",\"@id\":\"https:\\\/\\\/www.baltvilla.lv\\\/en\\\/#\\\/schema\\\/logo\\\/image\\\/\",\"url\":\"https:\\\/\\\/www.baltvilla.lv\\\/wp-content\\\/uploads\\\/2021\\\/04\\\/baltvilla-logo.png\",\"contentUrl\":\"https:\\\/\\\/www.baltvilla.lv\\\/wp-content\\\/uploads\\\/2021\\\/04\\\/baltvilla-logo.png\",\"width\":207,\"height\":42,\"caption\":\"Hotel \\\"Baltvilla\\\"\"},\"image\":{\"@id\":\"https:\\\/\\\/www.baltvilla.lv\\\/en\\\/#\\\/schema\\\/logo\\\/image\\\/\"}}]}<\/script>\n<!-- \/ Yoast SEO plugin. -->","yoast_head_json":{"title":"Options for recreation | Baltvill\u0101","description":"During their stay at Baltvilla Hotel, its guests can find the kind of recreation that suits their interests.","robots":{"index":"index","follow":"follow","max-snippet":"max-snippet:-1","max-image-preview":"max-image-preview:large","max-video-preview":"max-video-preview:-1"},"canonical":"https:\/\/www.baltvilla.lv\/en\/viesnica\/options-for-recreation\/","og_locale":"en_US","og_type":"article","og_title":"Options for recreation | Baltvill\u0101","og_description":"During their stay at Baltvilla Hotel, its guests can find the kind of recreation that suits their interests.","og_url":"https:\/\/www.baltvilla.lv\/en\/viesnica\/options-for-recreation\/","og_site_name":"Baltvilla","article_modified_time":"2022-06-08T20:22:29+00:00","twitter_card":"summary_large_image","twitter_misc":{"Est. reading time":"1 minute"},"schema":{"@context":"https:\/\/schema.org","@graph":[{"@type":"WebPage","@id":"https:\/\/www.baltvilla.lv\/en\/viesnica\/options-for-recreation\/","url":"https:\/\/www.baltvilla.lv\/en\/viesnica\/options-for-recreation\/","name":"Options for recreation | Baltvill\u0101","isPartOf":{"@id":"https:\/\/www.baltvilla.lv\/en\/#website"},"datePublished":"2021-02-03T14:37:46+00:00","dateModified":"2022-06-08T20:22:29+00:00","description":"During their stay at Baltvilla Hotel, its guests can find the kind of recreation that suits their interests.","breadcrumb":{"@id":"https:\/\/www.baltvilla.lv\/en\/viesnica\/options-for-recreation\/#breadcrumb"},"inLanguage":"en-US","potentialAction":[{"@type":"ReadAction","target":["https:\/\/www.baltvilla.lv\/en\/viesnica\/options-for-recreation\/"]}]},{"@type":"BreadcrumbList","@id":"https:\/\/www.baltvilla.lv\/en\/viesnica\/options-for-recreation\/#breadcrumb","itemListElement":[{"@type":"ListItem","position":1,"name":"Home","item":"https:\/\/www.baltvilla.lv\/en\/"},{"@type":"ListItem","position":2,"name":"Hotel","item":"https:\/\/www.baltvilla.lv\/en\/viesnica\/"},{"@type":"ListItem","position":3,"name":"Options for recreation"}]},{"@type":"WebSite","@id":"https:\/\/www.baltvilla.lv\/en\/#website","url":"https:\/\/www.baltvilla.lv\/en\/","name":"Baltvilla","description":"","publisher":{"@id":"https:\/\/www.baltvilla.lv\/en\/#organization"},"potentialAction":[{"@type":"SearchAction","target":{"@type":"EntryPoint","urlTemplate":"https:\/\/www.baltvilla.lv\/en\/?s={search_term_string}"},"query-input":{"@type":"PropertyValueSpecification","valueRequired":true,"valueName":"search_term_string"}}],"inLanguage":"en-US"},{"@type":"Organization","@id":"https:\/\/www.baltvilla.lv\/en\/#organization","name":"Hotel \"Baltvilla\"","url":"https:\/\/www.baltvilla.lv\/en\/","logo":{"@type":"ImageObject","inLanguage":"en-US","@id":"https:\/\/www.baltvilla.lv\/en\/#\/schema\/logo\/image\/","url":"https:\/\/www.baltvilla.lv\/wp-content\/uploads\/2021\/04\/baltvilla-logo.png","contentUrl":"https:\/\/www.baltvilla.lv\/wp-content\/uploads\/2021\/04\/baltvilla-logo.png","width":207,"height":42,"caption":"Hotel \"Baltvilla\""},"image":{"@id":"https:\/\/www.baltvilla.lv\/en\/#\/schema\/logo\/image\/"}}]}},"_links":{"self":[{"href":"https:\/\/www.baltvilla.lv\/en\/wp-json\/wp\/v2\/pages\/9299","targetHints":{"allow":["GET"]}}],"collection":[{"href":"https:\/\/www.baltvilla.lv\/en\/wp-json\/wp\/v2\/pages"}],"about":[{"href":"https:\/\/www.baltvilla.lv\/en\/wp-json\/wp\/v2\/types\/page"}],"author":[{"embeddable":true,"href":"https:\/\/www.baltvilla.lv\/en\/wp-json\/wp\/v2\/users\/1"}],"replies":[{"embeddable":true,"href":"https:\/\/www.baltvilla.lv\/en\/wp-json\/wp\/v2\/comments?post=9299"}],"version-history":[{"count":7,"href":"https:\/\/www.baltvilla.lv\/en\/wp-json\/wp\/v2\/pages\/9299\/revisions"}],"predecessor-version":[{"id":10087,"href":"https:\/\/www.baltvilla.lv\/en\/wp-json\/wp\/v2\/pages\/9299\/revisions\/10087"}],"up":[{"embeddable":true,"href":"https:\/\/www.baltvilla.lv\/en\/wp-json\/wp\/v2\/pages\/8680"}],"wp:attachment":[{"href":"https:\/\/www.baltvilla.lv\/en\/wp-json\/wp\/v2\/media?parent=9299"}],"curies":[{"name":"wp","href":"https:\/\/api.w.org\/{rel}","templated":true}]}}