{"id":21627,"date":"2025-04-08T10:15:46","date_gmt":"2025-04-08T07:15:46","guid":{"rendered":"https:\/\/www.baltvilla.lv\/?page_id=21627"},"modified":"2025-04-08T10:17:05","modified_gmt":"2025-04-08T07:17:05","slug":"sanemt-piedavajumu","status":"publish","type":"page","link":"https:\/\/www.baltvilla.lv\/en\/celebrations-and-banquets\/sanemt-piedavajumu\/","title":{"rendered":"Sa\u0146emt pied\u0101v\u0101jumu"},"content":{"rendered":"<div id=\"pl-21627\"  class=\"panel-layout\" ><div id=\"pg-21627-0\"  class=\"panel-grid panel-no-style\" ><div id=\"pgc-21627-0-0\"  class=\"panel-grid-cell\" ><div id=\"panel-21627-0-0-0\" class=\"so-panel widget widget_contact-form-widget panel-first-child panel-last-child\" data-index=\"0\" ><div\n\t\t\t\n\t\t\tclass=\"so-widget-contact-form-widget so-widget-contact-form-widget-base\"\n\t\t\t\n\t\t><div class=\"contact-form-properties  widget-heading__title--large\">\n            <div class=\"row\">\n            <div class=\"column small-12 contact-form-properties__top-content widget-heading\">\n                                <h2 class=\"widget-heading__description\"><h1>Sa\u0146emt pied\u0101v\u0101jumu<\/h1>\n<\/h2>            <\/div>\n        <\/div>\n    \n    <div class=\"row\">\n        <div class=\"column small-12 medium-6 contact-form-properties__form-block\"><div class=\"contact-form-properties__form\">\n<div class=\"wpcf7 no-js\" id=\"wpcf7-f21630-o1\" lang=\"lv\" dir=\"ltr\" data-wpcf7-id=\"21630\">\n<div class=\"screen-reader-response\"><p role=\"status\" aria-live=\"polite\" aria-atomic=\"true\"><\/p> <ul><\/ul><\/div>\n<form action=\"\/en\/wp-json\/wp\/v2\/pages\/21627#wpcf7-f21630-o1\" method=\"post\" class=\"wpcf7-form init 265420daf455 cmatic-conn cmatic-aud-5 cmatic-mapd0-0 cmatic-v097802 cmatic-sent-0 cmatic-total-332\" aria-label=\"Contact form\" novalidate=\"novalidate\" data-status=\"init\">\n<fieldset class=\"hidden-fields-container\"><input type=\"hidden\" name=\"_wpcf7\" value=\"21630\" \/><input type=\"hidden\" name=\"_wpcf7_version\" value=\"6.1.5\" \/><input type=\"hidden\" name=\"_wpcf7_locale\" value=\"lv\" \/><input type=\"hidden\" name=\"_wpcf7_unit_tag\" value=\"wpcf7-f21630-o1\" \/><input type=\"hidden\" name=\"_wpcf7_container_post\" value=\"0\" \/><input type=\"hidden\" name=\"_wpcf7_posted_data_hash\" value=\"\" \/>\n<\/fieldset>\n<span id=\"wpcf7-69f406658d3c8-wrapper\" class=\"wpcf7-form-control-wrap first-name-wrap\" style=\"display:none !important; visibility:hidden !important;\"><label for=\"wpcf7-69f406658d3c8-field\" class=\"hp-message\">Please leave this field empty.<\/label><input id=\"wpcf7-69f406658d3c8-field\"  class=\"wpcf7-form-control wpcf7-text\" type=\"text\" name=\"first-name\" value=\"\" size=\"40\" tabindex=\"-1\" autocomplete=\"new-password\" \/><\/span>\n\n<div class=\"form__row\">\n    <div class=\"form__column half\">\n        <label class=\"form__label\"><span class=\"wpcf7-form-control-wrap\" data-name=\"your-name\"><input size=\"40\" maxlength=\"400\" class=\"wpcf7-form-control wpcf7-text wpcf7-validates-as-required form__input\" aria-required=\"true\" aria-invalid=\"false\" placeholder=\"J\u016bsu v\u0101rds *\" value=\"\" type=\"text\" name=\"your-name\" \/><\/span><\/label>\n    <\/div>\n    <div class=\"form__column half\">\n        <label class=\"form__label\"><span class=\"wpcf7-form-control-wrap\" data-name=\"your-email\"><input size=\"40\" maxlength=\"400\" class=\"wpcf7-form-control wpcf7-email wpcf7-validates-as-required wpcf7-text wpcf7-validates-as-email form__input\" aria-required=\"true\" aria-invalid=\"false\" placeholder=\"J\u016bsu e-pasta adrese *\" value=\"\" type=\"email\" name=\"your-email\" \/><\/span><\/label>\n    <\/div>\n<\/div>\n\n<span id=\"wpcf7-69f406658d748-wrapper\" class=\"wpcf7-form-control-wrap last-name-wrap\" style=\"display:none !important; visibility:hidden !important;\"><label for=\"wpcf7-69f406658d748-field\" class=\"hp-message\">Please leave this field empty.<\/label><input id=\"wpcf7-69f406658d748-field\"  class=\"wpcf7-form-control wpcf7-text\" type=\"text\" name=\"last-name\" value=\"\" size=\"40\" tabindex=\"-1\" autocomplete=\"new-password\" \/><\/span>\n\n<div class=\"form__row\">\n    <div class=\"form__column half\">\n        <label class=\"form__label\"><span class=\"wpcf7-form-control-wrap\" data-name=\"your-phone\"><input size=\"40\" maxlength=\"400\" class=\"wpcf7-form-control wpcf7-tel wpcf7-validates-as-required wpcf7-text wpcf7-validates-as-tel form__input\" aria-required=\"true\" aria-invalid=\"false\" placeholder=\"J\u016bsu telefona numurs *\" value=\"\" type=\"tel\" name=\"your-phone\" \/><\/span><\/label>\n    <\/div>\n    <div class=\"form__column half\">\n        <label class=\"form__label\"><span class=\"wpcf7-form-control-wrap\" data-name=\"guest-count\"><select class=\"wpcf7-form-control wpcf7-select wpcf7-validates-as-required form__input--select\" aria-required=\"true\" aria-invalid=\"false\" name=\"guest-count\"><option value=\"\">Viesu skaits *<\/option><option value=\"l\u012bdz 10 person\u0101m\">l\u012bdz 10 person\u0101m<\/option><option value=\"10 - 20 personas\">10 - 20 personas<\/option><option value=\"20 - 40 personas\">20 - 40 personas<\/option><option value=\"vair\u0101k par 40 person\u0101m\">vair\u0101k par 40 person\u0101m<\/option><\/select><\/span><\/label>\n    <\/div>\n<\/div>\n\n<div class=\"form__row\">\n    <div class=\"form__column half\">\n        <label class=\"form__label\"><span class=\"wpcf7-form-control-wrap\" data-name=\"reservation-date-from\"><input size=\"40\" maxlength=\"400\" class=\"wpcf7-form-control wpcf7-text wpcf7-validates-as-required form__input form__input--date\" aria-required=\"true\" aria-invalid=\"false\" placeholder=\"V\u0113lamais datums *\" value=\"\" type=\"text\" name=\"reservation-date-from\" \/><\/span><\/label>\n    <\/div>\n    <div class=\"form__column half\">\n        <label class=\"form__label\"><span class=\"wpcf7-form-control-wrap\" data-name=\"event-type\"><select class=\"wpcf7-form-control wpcf7-select wpcf7-validates-as-required form__input--select\" aria-required=\"true\" aria-invalid=\"false\" name=\"event-type\"><option value=\"\">Pas\u0101kuma veids *<\/option><option value=\"dzim\u0161anas diena\">dzim\u0161anas diena<\/option><option value=\"k\u0101zas\">k\u0101zas<\/option><option value=\"korporat\u012bvais pas\u0101kums\">korporat\u012bvais pas\u0101kums<\/option><option value=\"kafijas pauze\">kafijas pauze<\/option><option value=\"cits\">cits<\/option><\/select><\/span><\/label>\n    <\/div>\n<\/div>\n\n<div class=\"form__row\">\n    <div class=\"form__column full\">\n        <label class=\"form__label\">\n            <span class=\"wpcf7-form-control-wrap\" data-name=\"your-comments\"><textarea cols=\"40\" rows=\"10\" maxlength=\"2000\" class=\"wpcf7-form-control wpcf7-textarea form__input\" aria-invalid=\"false\" placeholder=\"J\u016bsu koment\u0101ri\" name=\"your-comments\"><\/textarea><\/span>\n        <\/label>\n    <\/div>\n<\/div>\n\n<div class=\"form__row\">\n    <div class=\"form__column full\">\n        <span class=\"wpcf7-form-control-wrap\" data-name=\"acceptance-108\"><span class=\"wpcf7-form-control wpcf7-acceptance\"><span class=\"wpcf7-list-item\"><label><input type=\"checkbox\" name=\"acceptance-108\" value=\"1\" class=\"form__acceptance\" aria-invalid=\"false\" \/><span class=\"wpcf7-list-item-label\">Piekr\u012btu SIA \"Balt Aliance\"&nbsp;<a href=\"https:\/\/www.baltvilla.lv\/privatuma-politika\/\" target=\"_blank\">priv\u0101tuma noteikumiem<\/a>*<\/span><\/label><\/span><\/span><\/span>\n    <\/div>\n<\/div>\n\n<div style=\"margin: 24px 0;\"><div class=\"wpcf7-turnstile cf-turnstile\" data-sitekey=\"0x4AAAAAABlMi2jyjePWajaD\" data-response-field-name=\"_wpcf7_turnstile_response\"><\/div><\/div>\n\n<div class=\"form__row\">\n    <div class=\"form__column full form__buttons-container\">\n        <input class=\"wpcf7-form-control wpcf7-submit has-spinner form__submit form__submit--white button\" type=\"submit\" value=\"Sazin\u0101ties\" \/>\n    <\/div>\n<\/div><div class=\"wpcf7-response-output\" aria-hidden=\"true\"><\/div>\n<\/form>\n<\/div>\n<\/div><\/div>        <div class=\"column small-12 medium-6 contact-form-properties__properties-block\"><div class=\"contact-form-properties__properties\"><h3>Rekviz\u012bti:<\/h3>\n<p>SIA \"Balt Aliance\"<br \/>\nSen\u010du prospekts 45, Baltezers, Garkalnes pagasts, Ropa\u017eu novads, LV-2164<br \/>\nRe\u0123. Nr.: 40003279227<br \/>\nAS Luminor banka, kods RIKOLV2<br \/>\nLV71RIKO0002013068733<\/p>\n<p>Alkohola tirgo\u0161anas At\u013c. Nr. 00000005926<\/p>\n<\/div><\/div>    <\/div>\n<\/div>\n<\/div><\/div><\/div><\/div><\/div>","protected":false},"excerpt":{"rendered":"<p>Sa\u0146emt pied\u0101v\u0101jumu Please leave this field empty. Please leave this field empty. Viesu skaits *l\u012bdz 10 person\u0101m10 &#8211; 20 personas20 &#8211; 40&#8230;<\/p>\n","protected":false},"author":1,"featured_media":0,"parent":21626,"menu_order":10,"comment_status":"closed","ping_status":"closed","template":"","meta":{"_acf_changed":false,"footnotes":""},"class_list":["post-21627","page","type-page","status-publish","hentry"],"acf":[],"yoast_head":"<!-- This site is optimized with the Yoast SEO plugin v27.4 - https:\/\/yoast.com\/product\/yoast-seo-wordpress\/ -->\n<title>Sa\u0146emt pied\u0101v\u0101jumu &#8226; Baltvilla<\/title>\n<meta name=\"robots\" content=\"index, follow, max-snippet:-1, max-image-preview:large, max-video-preview:-1\" \/>\n<link rel=\"canonical\" href=\"https:\/\/www.baltvilla.lv\/en\/celebrations-and-banquets\/sanemt-piedavajumu\/\" \/>\n<meta property=\"og:locale\" content=\"en_US\" \/>\n<meta property=\"og:type\" content=\"article\" \/>\n<meta property=\"og:title\" content=\"Sa\u0146emt pied\u0101v\u0101jumu &#8226; Baltvilla\" \/>\n<meta property=\"og:description\" content=\"Sa\u0146emt pied\u0101v\u0101jumu Please leave this field empty. Please leave this field empty. Viesu skaits *l\u012bdz 10 person\u0101m10 - 20 personas20 - 40...\" \/>\n<meta property=\"og:url\" content=\"https:\/\/www.baltvilla.lv\/en\/celebrations-and-banquets\/sanemt-piedavajumu\/\" \/>\n<meta property=\"og:site_name\" content=\"Baltvilla\" \/>\n<meta property=\"article:modified_time\" content=\"2025-04-08T07:17:05+00:00\" \/>\n<meta name=\"twitter:card\" content=\"summary_large_image\" \/>\n<meta name=\"twitter:label1\" content=\"Est. reading time\" \/>\n\t<meta name=\"twitter:data1\" content=\"1 minute\" \/>\n<script type=\"application\/ld+json\" class=\"yoast-schema-graph\">{\"@context\":\"https:\\\/\\\/schema.org\",\"@graph\":[{\"@type\":\"WebPage\",\"@id\":\"https:\\\/\\\/www.baltvilla.lv\\\/en\\\/celebrations-and-banquets\\\/sanemt-piedavajumu\\\/\",\"url\":\"https:\\\/\\\/www.baltvilla.lv\\\/en\\\/celebrations-and-banquets\\\/sanemt-piedavajumu\\\/\",\"name\":\"Sa\u0146emt pied\u0101v\u0101jumu &#8226; Baltvilla\",\"isPartOf\":{\"@id\":\"https:\\\/\\\/www.baltvilla.lv\\\/en\\\/#website\"},\"datePublished\":\"2025-04-08T07:15:46+00:00\",\"dateModified\":\"2025-04-08T07:17:05+00:00\",\"breadcrumb\":{\"@id\":\"https:\\\/\\\/www.baltvilla.lv\\\/en\\\/celebrations-and-banquets\\\/sanemt-piedavajumu\\\/#breadcrumb\"},\"inLanguage\":\"en-US\",\"potentialAction\":[{\"@type\":\"ReadAction\",\"target\":[\"https:\\\/\\\/www.baltvilla.lv\\\/en\\\/celebrations-and-banquets\\\/sanemt-piedavajumu\\\/\"]}]},{\"@type\":\"BreadcrumbList\",\"@id\":\"https:\\\/\\\/www.baltvilla.lv\\\/en\\\/celebrations-and-banquets\\\/sanemt-piedavajumu\\\/#breadcrumb\",\"itemListElement\":[{\"@type\":\"ListItem\",\"position\":1,\"name\":\"Home\",\"item\":\"https:\\\/\\\/www.baltvilla.lv\\\/en\\\/\"},{\"@type\":\"ListItem\",\"position\":2,\"name\":\"Celebrations and banquets\",\"item\":\"https:\\\/\\\/www.baltvilla.lv\\\/en\\\/celebrations-and-banquets\\\/\"},{\"@type\":\"ListItem\",\"position\":3,\"name\":\"Sa\u0146emt pied\u0101v\u0101jumu\"}]},{\"@type\":\"WebSite\",\"@id\":\"https:\\\/\\\/www.baltvilla.lv\\\/en\\\/#website\",\"url\":\"https:\\\/\\\/www.baltvilla.lv\\\/en\\\/\",\"name\":\"Baltvilla\",\"description\":\"\",\"publisher\":{\"@id\":\"https:\\\/\\\/www.baltvilla.lv\\\/en\\\/#organization\"},\"potentialAction\":[{\"@type\":\"SearchAction\",\"target\":{\"@type\":\"EntryPoint\",\"urlTemplate\":\"https:\\\/\\\/www.baltvilla.lv\\\/en\\\/?s={search_term_string}\"},\"query-input\":{\"@type\":\"PropertyValueSpecification\",\"valueRequired\":true,\"valueName\":\"search_term_string\"}}],\"inLanguage\":\"en-US\"},{\"@type\":\"Organization\",\"@id\":\"https:\\\/\\\/www.baltvilla.lv\\\/en\\\/#organization\",\"name\":\"Hotel \\\"Baltvilla\\\"\",\"url\":\"https:\\\/\\\/www.baltvilla.lv\\\/en\\\/\",\"logo\":{\"@type\":\"ImageObject\",\"inLanguage\":\"en-US\",\"@id\":\"https:\\\/\\\/www.baltvilla.lv\\\/en\\\/#\\\/schema\\\/logo\\\/image\\\/\",\"url\":\"https:\\\/\\\/www.baltvilla.lv\\\/wp-content\\\/uploads\\\/2021\\\/04\\\/baltvilla-logo.png\",\"contentUrl\":\"https:\\\/\\\/www.baltvilla.lv\\\/wp-content\\\/uploads\\\/2021\\\/04\\\/baltvilla-logo.png\",\"width\":207,\"height\":42,\"caption\":\"Hotel \\\"Baltvilla\\\"\"},\"image\":{\"@id\":\"https:\\\/\\\/www.baltvilla.lv\\\/en\\\/#\\\/schema\\\/logo\\\/image\\\/\"}}]}<\/script>\n<!-- \/ Yoast SEO plugin. -->","yoast_head_json":{"title":"Sa\u0146emt pied\u0101v\u0101jumu &#8226; Baltvilla","robots":{"index":"index","follow":"follow","max-snippet":"max-snippet:-1","max-image-preview":"max-image-preview:large","max-video-preview":"max-video-preview:-1"},"canonical":"https:\/\/www.baltvilla.lv\/en\/celebrations-and-banquets\/sanemt-piedavajumu\/","og_locale":"en_US","og_type":"article","og_title":"Sa\u0146emt pied\u0101v\u0101jumu &#8226; Baltvilla","og_description":"Sa\u0146emt pied\u0101v\u0101jumu Please leave this field empty. Please leave this field empty. Viesu skaits *l\u012bdz 10 person\u0101m10 - 20 personas20 - 40...","og_url":"https:\/\/www.baltvilla.lv\/en\/celebrations-and-banquets\/sanemt-piedavajumu\/","og_site_name":"Baltvilla","article_modified_time":"2025-04-08T07:17:05+00:00","twitter_card":"summary_large_image","twitter_misc":{"Est. reading time":"1 minute"},"schema":{"@context":"https:\/\/schema.org","@graph":[{"@type":"WebPage","@id":"https:\/\/www.baltvilla.lv\/en\/celebrations-and-banquets\/sanemt-piedavajumu\/","url":"https:\/\/www.baltvilla.lv\/en\/celebrations-and-banquets\/sanemt-piedavajumu\/","name":"Sa\u0146emt pied\u0101v\u0101jumu &#8226; Baltvilla","isPartOf":{"@id":"https:\/\/www.baltvilla.lv\/en\/#website"},"datePublished":"2025-04-08T07:15:46+00:00","dateModified":"2025-04-08T07:17:05+00:00","breadcrumb":{"@id":"https:\/\/www.baltvilla.lv\/en\/celebrations-and-banquets\/sanemt-piedavajumu\/#breadcrumb"},"inLanguage":"en-US","potentialAction":[{"@type":"ReadAction","target":["https:\/\/www.baltvilla.lv\/en\/celebrations-and-banquets\/sanemt-piedavajumu\/"]}]},{"@type":"BreadcrumbList","@id":"https:\/\/www.baltvilla.lv\/en\/celebrations-and-banquets\/sanemt-piedavajumu\/#breadcrumb","itemListElement":[{"@type":"ListItem","position":1,"name":"Home","item":"https:\/\/www.baltvilla.lv\/en\/"},{"@type":"ListItem","position":2,"name":"Celebrations and banquets","item":"https:\/\/www.baltvilla.lv\/en\/celebrations-and-banquets\/"},{"@type":"ListItem","position":3,"name":"Sa\u0146emt pied\u0101v\u0101jumu"}]},{"@type":"WebSite","@id":"https:\/\/www.baltvilla.lv\/en\/#website","url":"https:\/\/www.baltvilla.lv\/en\/","name":"Baltvilla","description":"","publisher":{"@id":"https:\/\/www.baltvilla.lv\/en\/#organization"},"potentialAction":[{"@type":"SearchAction","target":{"@type":"EntryPoint","urlTemplate":"https:\/\/www.baltvilla.lv\/en\/?s={search_term_string}"},"query-input":{"@type":"PropertyValueSpecification","valueRequired":true,"valueName":"search_term_string"}}],"inLanguage":"en-US"},{"@type":"Organization","@id":"https:\/\/www.baltvilla.lv\/en\/#organization","name":"Hotel \"Baltvilla\"","url":"https:\/\/www.baltvilla.lv\/en\/","logo":{"@type":"ImageObject","inLanguage":"en-US","@id":"https:\/\/www.baltvilla.lv\/en\/#\/schema\/logo\/image\/","url":"https:\/\/www.baltvilla.lv\/wp-content\/uploads\/2021\/04\/baltvilla-logo.png","contentUrl":"https:\/\/www.baltvilla.lv\/wp-content\/uploads\/2021\/04\/baltvilla-logo.png","width":207,"height":42,"caption":"Hotel \"Baltvilla\""},"image":{"@id":"https:\/\/www.baltvilla.lv\/en\/#\/schema\/logo\/image\/"}}]}},"_links":{"self":[{"href":"https:\/\/www.baltvilla.lv\/en\/wp-json\/wp\/v2\/pages\/21627","targetHints":{"allow":["GET"]}}],"collection":[{"href":"https:\/\/www.baltvilla.lv\/en\/wp-json\/wp\/v2\/pages"}],"about":[{"href":"https:\/\/www.baltvilla.lv\/en\/wp-json\/wp\/v2\/types\/page"}],"author":[{"embeddable":true,"href":"https:\/\/www.baltvilla.lv\/en\/wp-json\/wp\/v2\/users\/1"}],"replies":[{"embeddable":true,"href":"https:\/\/www.baltvilla.lv\/en\/wp-json\/wp\/v2\/comments?post=21627"}],"version-history":[{"count":2,"href":"https:\/\/www.baltvilla.lv\/en\/wp-json\/wp\/v2\/pages\/21627\/revisions"}],"predecessor-version":[{"id":21631,"href":"https:\/\/www.baltvilla.lv\/en\/wp-json\/wp\/v2\/pages\/21627\/revisions\/21631"}],"up":[{"embeddable":true,"href":"https:\/\/www.baltvilla.lv\/en\/wp-json\/wp\/v2\/pages\/21626"}],"wp:attachment":[{"href":"https:\/\/www.baltvilla.lv\/en\/wp-json\/wp\/v2\/media?parent=21627"}],"curies":[{"name":"wp","href":"https:\/\/api.w.org\/{rel}","templated":true}]}}