{"id":10251,"date":"2021-03-18T10:37:22","date_gmt":"2021-03-18T10:37:22","guid":{"rendered":"https:\/\/www.baltvilla.lv\/spa\/spa-masazas\/masaza-ar-karstajiem-akmeniem\/"},"modified":"2022-06-22T10:36:30","modified_gmt":"2022-06-22T07:36:30","slug":"masaza-ar-karstajiem-akmeniem","status":"publish","type":"page","link":"https:\/\/www.baltvilla.lv\/en\/spa\/spa-masazas\/masaza-ar-karstajiem-akmeniem\/","title":{"rendered":"Hot-stone massage"},"content":{"rendered":"","protected":false},"excerpt":{"rendered":"","protected":false},"author":1,"featured_media":0,"parent":10197,"menu_order":120,"comment_status":"closed","ping_status":"closed","template":"tpl-spa-item.php","meta":{"_acf_changed":false,"footnotes":""},"class_list":["post-10251","page","type-page","status-publish","hentry"],"acf":[],"yoast_head":"<!-- This site is optimized with the Yoast SEO plugin v27.4 - https:\/\/yoast.com\/product\/yoast-seo-wordpress\/ -->\n<title>Mas\u0101\u017ea ar karstajiem akme\u0146iem | Spa mas\u0101\u017eas | Baltvilla spa<\/title>\n<meta name=\"description\" content=\"\u0160\u012b mas\u0101\u017ea mazina saspringumu, nogurumu un s\u0101pes. Mas\u0101\u017eu veic ar uzsild\u012btiem vulk\u0101niskajiem akme\u0146iem, kam piem\u012bt dziedino\u0161s sp\u0113ks\" \/>\n<meta name=\"robots\" content=\"index, follow, max-snippet:-1, max-image-preview:large, max-video-preview:-1\" \/>\n<link rel=\"canonical\" href=\"https:\/\/www.baltvilla.lv\/en\/spa\/spa-masazas\/masaza-ar-karstajiem-akmeniem\/\" \/>\n<meta property=\"og:locale\" content=\"en_US\" \/>\n<meta property=\"og:type\" content=\"article\" \/>\n<meta property=\"og:title\" content=\"Mas\u0101\u017ea ar karstajiem akme\u0146iem | Spa mas\u0101\u017eas | Baltvilla spa\" \/>\n<meta property=\"og:description\" content=\"\u0160\u012b mas\u0101\u017ea mazina saspringumu, nogurumu un s\u0101pes. Mas\u0101\u017eu veic ar uzsild\u012btiem vulk\u0101niskajiem akme\u0146iem, kam piem\u012bt dziedino\u0161s sp\u0113ks\" \/>\n<meta property=\"og:url\" content=\"https:\/\/www.baltvilla.lv\/en\/spa\/spa-masazas\/masaza-ar-karstajiem-akmeniem\/\" \/>\n<meta property=\"og:site_name\" content=\"Baltvilla\" \/>\n<meta property=\"article:modified_time\" content=\"2022-06-22T07:36:30+00:00\" \/>\n<meta name=\"twitter:card\" content=\"summary_large_image\" \/>\n<script type=\"application\/ld+json\" class=\"yoast-schema-graph\">{\"@context\":\"https:\\\/\\\/schema.org\",\"@graph\":[{\"@type\":\"WebPage\",\"@id\":\"https:\\\/\\\/www.baltvilla.lv\\\/en\\\/spa\\\/spa-masazas\\\/masaza-ar-karstajiem-akmeniem\\\/\",\"url\":\"https:\\\/\\\/www.baltvilla.lv\\\/en\\\/spa\\\/spa-masazas\\\/masaza-ar-karstajiem-akmeniem\\\/\",\"name\":\"Mas\u0101\u017ea ar karstajiem akme\u0146iem | Spa mas\u0101\u017eas | Baltvilla spa\",\"isPartOf\":{\"@id\":\"https:\\\/\\\/www.baltvilla.lv\\\/en\\\/#website\"},\"datePublished\":\"2021-03-18T10:37:22+00:00\",\"dateModified\":\"2022-06-22T07:36:30+00:00\",\"description\":\"\u0160\u012b mas\u0101\u017ea mazina saspringumu, nogurumu un s\u0101pes. Mas\u0101\u017eu veic ar uzsild\u012btiem vulk\u0101niskajiem akme\u0146iem, kam piem\u012bt dziedino\u0161s sp\u0113ks\",\"breadcrumb\":{\"@id\":\"https:\\\/\\\/www.baltvilla.lv\\\/en\\\/spa\\\/spa-masazas\\\/masaza-ar-karstajiem-akmeniem\\\/#breadcrumb\"},\"inLanguage\":\"en-US\",\"potentialAction\":[{\"@type\":\"ReadAction\",\"target\":[\"https:\\\/\\\/www.baltvilla.lv\\\/en\\\/spa\\\/spa-masazas\\\/masaza-ar-karstajiem-akmeniem\\\/\"]}]},{\"@type\":\"BreadcrumbList\",\"@id\":\"https:\\\/\\\/www.baltvilla.lv\\\/en\\\/spa\\\/spa-masazas\\\/masaza-ar-karstajiem-akmeniem\\\/#breadcrumb\",\"itemListElement\":[{\"@type\":\"ListItem\",\"position\":1,\"name\":\"Home\",\"item\":\"https:\\\/\\\/www.baltvilla.lv\\\/en\\\/\"},{\"@type\":\"ListItem\",\"position\":2,\"name\":\"Spa\",\"item\":\"https:\\\/\\\/www.baltvilla.lv\\\/en\\\/spa\\\/\"},{\"@type\":\"ListItem\",\"position\":3,\"name\":\"Spa massages\",\"item\":\"https:\\\/\\\/www.baltvilla.lv\\\/en\\\/spa\\\/spa-masazas\\\/\"},{\"@type\":\"ListItem\",\"position\":4,\"name\":\"Hot-stone massage\"}]},{\"@type\":\"WebSite\",\"@id\":\"https:\\\/\\\/www.baltvilla.lv\\\/en\\\/#website\",\"url\":\"https:\\\/\\\/www.baltvilla.lv\\\/en\\\/\",\"name\":\"Baltvilla\",\"description\":\"\",\"publisher\":{\"@id\":\"https:\\\/\\\/www.baltvilla.lv\\\/en\\\/#organization\"},\"potentialAction\":[{\"@type\":\"SearchAction\",\"target\":{\"@type\":\"EntryPoint\",\"urlTemplate\":\"https:\\\/\\\/www.baltvilla.lv\\\/en\\\/?s={search_term_string}\"},\"query-input\":{\"@type\":\"PropertyValueSpecification\",\"valueRequired\":true,\"valueName\":\"search_term_string\"}}],\"inLanguage\":\"en-US\"},{\"@type\":\"Organization\",\"@id\":\"https:\\\/\\\/www.baltvilla.lv\\\/en\\\/#organization\",\"name\":\"Hotel \\\"Baltvilla\\\"\",\"url\":\"https:\\\/\\\/www.baltvilla.lv\\\/en\\\/\",\"logo\":{\"@type\":\"ImageObject\",\"inLanguage\":\"en-US\",\"@id\":\"https:\\\/\\\/www.baltvilla.lv\\\/en\\\/#\\\/schema\\\/logo\\\/image\\\/\",\"url\":\"https:\\\/\\\/www.baltvilla.lv\\\/wp-content\\\/uploads\\\/2021\\\/04\\\/baltvilla-logo.png\",\"contentUrl\":\"https:\\\/\\\/www.baltvilla.lv\\\/wp-content\\\/uploads\\\/2021\\\/04\\\/baltvilla-logo.png\",\"width\":207,\"height\":42,\"caption\":\"Hotel \\\"Baltvilla\\\"\"},\"image\":{\"@id\":\"https:\\\/\\\/www.baltvilla.lv\\\/en\\\/#\\\/schema\\\/logo\\\/image\\\/\"}}]}<\/script>\n<!-- \/ Yoast SEO plugin. -->","yoast_head_json":{"title":"Mas\u0101\u017ea ar karstajiem akme\u0146iem | Spa mas\u0101\u017eas | Baltvilla spa","description":"\u0160\u012b mas\u0101\u017ea mazina saspringumu, nogurumu un s\u0101pes. Mas\u0101\u017eu veic ar uzsild\u012btiem vulk\u0101niskajiem akme\u0146iem, kam piem\u012bt dziedino\u0161s sp\u0113ks","robots":{"index":"index","follow":"follow","max-snippet":"max-snippet:-1","max-image-preview":"max-image-preview:large","max-video-preview":"max-video-preview:-1"},"canonical":"https:\/\/www.baltvilla.lv\/en\/spa\/spa-masazas\/masaza-ar-karstajiem-akmeniem\/","og_locale":"en_US","og_type":"article","og_title":"Mas\u0101\u017ea ar karstajiem akme\u0146iem | Spa mas\u0101\u017eas | Baltvilla spa","og_description":"\u0160\u012b mas\u0101\u017ea mazina saspringumu, nogurumu un s\u0101pes. Mas\u0101\u017eu veic ar uzsild\u012btiem vulk\u0101niskajiem akme\u0146iem, kam piem\u012bt dziedino\u0161s sp\u0113ks","og_url":"https:\/\/www.baltvilla.lv\/en\/spa\/spa-masazas\/masaza-ar-karstajiem-akmeniem\/","og_site_name":"Baltvilla","article_modified_time":"2022-06-22T07:36:30+00:00","twitter_card":"summary_large_image","schema":{"@context":"https:\/\/schema.org","@graph":[{"@type":"WebPage","@id":"https:\/\/www.baltvilla.lv\/en\/spa\/spa-masazas\/masaza-ar-karstajiem-akmeniem\/","url":"https:\/\/www.baltvilla.lv\/en\/spa\/spa-masazas\/masaza-ar-karstajiem-akmeniem\/","name":"Mas\u0101\u017ea ar karstajiem akme\u0146iem | Spa mas\u0101\u017eas | Baltvilla spa","isPartOf":{"@id":"https:\/\/www.baltvilla.lv\/en\/#website"},"datePublished":"2021-03-18T10:37:22+00:00","dateModified":"2022-06-22T07:36:30+00:00","description":"\u0160\u012b mas\u0101\u017ea mazina saspringumu, nogurumu un s\u0101pes. Mas\u0101\u017eu veic ar uzsild\u012btiem vulk\u0101niskajiem akme\u0146iem, kam piem\u012bt dziedino\u0161s sp\u0113ks","breadcrumb":{"@id":"https:\/\/www.baltvilla.lv\/en\/spa\/spa-masazas\/masaza-ar-karstajiem-akmeniem\/#breadcrumb"},"inLanguage":"en-US","potentialAction":[{"@type":"ReadAction","target":["https:\/\/www.baltvilla.lv\/en\/spa\/spa-masazas\/masaza-ar-karstajiem-akmeniem\/"]}]},{"@type":"BreadcrumbList","@id":"https:\/\/www.baltvilla.lv\/en\/spa\/spa-masazas\/masaza-ar-karstajiem-akmeniem\/#breadcrumb","itemListElement":[{"@type":"ListItem","position":1,"name":"Home","item":"https:\/\/www.baltvilla.lv\/en\/"},{"@type":"ListItem","position":2,"name":"Spa","item":"https:\/\/www.baltvilla.lv\/en\/spa\/"},{"@type":"ListItem","position":3,"name":"Spa massages","item":"https:\/\/www.baltvilla.lv\/en\/spa\/spa-masazas\/"},{"@type":"ListItem","position":4,"name":"Hot-stone massage"}]},{"@type":"WebSite","@id":"https:\/\/www.baltvilla.lv\/en\/#website","url":"https:\/\/www.baltvilla.lv\/en\/","name":"Baltvilla","description":"","publisher":{"@id":"https:\/\/www.baltvilla.lv\/en\/#organization"},"potentialAction":[{"@type":"SearchAction","target":{"@type":"EntryPoint","urlTemplate":"https:\/\/www.baltvilla.lv\/en\/?s={search_term_string}"},"query-input":{"@type":"PropertyValueSpecification","valueRequired":true,"valueName":"search_term_string"}}],"inLanguage":"en-US"},{"@type":"Organization","@id":"https:\/\/www.baltvilla.lv\/en\/#organization","name":"Hotel \"Baltvilla\"","url":"https:\/\/www.baltvilla.lv\/en\/","logo":{"@type":"ImageObject","inLanguage":"en-US","@id":"https:\/\/www.baltvilla.lv\/en\/#\/schema\/logo\/image\/","url":"https:\/\/www.baltvilla.lv\/wp-content\/uploads\/2021\/04\/baltvilla-logo.png","contentUrl":"https:\/\/www.baltvilla.lv\/wp-content\/uploads\/2021\/04\/baltvilla-logo.png","width":207,"height":42,"caption":"Hotel \"Baltvilla\""},"image":{"@id":"https:\/\/www.baltvilla.lv\/en\/#\/schema\/logo\/image\/"}}]}},"_links":{"self":[{"href":"https:\/\/www.baltvilla.lv\/en\/wp-json\/wp\/v2\/pages\/10251","targetHints":{"allow":["GET"]}}],"collection":[{"href":"https:\/\/www.baltvilla.lv\/en\/wp-json\/wp\/v2\/pages"}],"about":[{"href":"https:\/\/www.baltvilla.lv\/en\/wp-json\/wp\/v2\/types\/page"}],"author":[{"embeddable":true,"href":"https:\/\/www.baltvilla.lv\/en\/wp-json\/wp\/v2\/users\/1"}],"replies":[{"embeddable":true,"href":"https:\/\/www.baltvilla.lv\/en\/wp-json\/wp\/v2\/comments?post=10251"}],"version-history":[{"count":2,"href":"https:\/\/www.baltvilla.lv\/en\/wp-json\/wp\/v2\/pages\/10251\/revisions"}],"predecessor-version":[{"id":10303,"href":"https:\/\/www.baltvilla.lv\/en\/wp-json\/wp\/v2\/pages\/10251\/revisions\/10303"}],"up":[{"embeddable":true,"href":"https:\/\/www.baltvilla.lv\/en\/wp-json\/wp\/v2\/pages\/10197"}],"wp:attachment":[{"href":"https:\/\/www.baltvilla.lv\/en\/wp-json\/wp\/v2\/media?parent=10251"}],"curies":[{"name":"wp","href":"https:\/\/api.w.org\/{rel}","templated":true}]}}