{"id":10201,"date":"2021-02-11T10:30:23","date_gmt":"2021-02-11T10:30:23","guid":{"rendered":"https:\/\/www.baltvilla.lv\/spa\/visi\/"},"modified":"2022-06-20T11:34:06","modified_gmt":"2022-06-20T08:34:06","slug":"visi","status":"publish","type":"page","link":"https:\/\/www.baltvilla.lv\/en\/spa\/visi\/","title":{"rendered":"All"},"content":{"rendered":"","protected":false},"excerpt":{"rendered":"","protected":false},"author":1,"featured_media":0,"parent":9292,"menu_order":86,"comment_status":"closed","ping_status":"closed","template":"tpl-spa-category.php","meta":{"_acf_changed":false,"footnotes":""},"class_list":["post-10201","page","type-page","status-publish","hentry"],"acf":[],"yoast_head":"<!-- This site is optimized with the Yoast SEO plugin v27.4 - https:\/\/yoast.com\/product\/yoast-seo-wordpress\/ -->\n<title>Spa mas\u0101\u017eas un ritu\u0101li d\u0101m\u0101m, kungiem un p\u0101riem | Baltvilla spa<\/title>\n<meta name=\"description\" content=\"Spa mas\u0101\u017eas, ritu\u0101li un proced\u016bras \u0137ermenim un sejai. Baudiet mierpilnu un romantisku atp\u016btu vai atjaunojiet ener\u0123iju \u201eBaltvilla\u201d spa.\" \/>\n<meta name=\"robots\" content=\"index, follow, max-snippet:-1, max-image-preview:large, max-video-preview:-1\" \/>\n<link rel=\"canonical\" href=\"https:\/\/www.baltvilla.lv\/en\/spa\/visi\/\" \/>\n<meta property=\"og:locale\" content=\"en_US\" \/>\n<meta property=\"og:type\" content=\"article\" \/>\n<meta property=\"og:title\" content=\"Spa mas\u0101\u017eas un ritu\u0101li d\u0101m\u0101m, kungiem un p\u0101riem | Baltvilla spa\" \/>\n<meta property=\"og:description\" content=\"Spa mas\u0101\u017eas, ritu\u0101li un proced\u016bras \u0137ermenim un sejai. Baudiet mierpilnu un romantisku atp\u016btu vai atjaunojiet ener\u0123iju \u201eBaltvilla\u201d spa.\" \/>\n<meta property=\"og:url\" content=\"https:\/\/www.baltvilla.lv\/en\/spa\/visi\/\" \/>\n<meta property=\"og:site_name\" content=\"Baltvilla\" \/>\n<meta property=\"article:modified_time\" content=\"2022-06-20T08:34:06+00:00\" \/>\n<meta name=\"twitter:card\" content=\"summary_large_image\" \/>\n<script type=\"application\/ld+json\" class=\"yoast-schema-graph\">{\"@context\":\"https:\\\/\\\/schema.org\",\"@graph\":[{\"@type\":\"WebPage\",\"@id\":\"https:\\\/\\\/www.baltvilla.lv\\\/en\\\/spa\\\/visi\\\/\",\"url\":\"https:\\\/\\\/www.baltvilla.lv\\\/en\\\/spa\\\/visi\\\/\",\"name\":\"Spa mas\u0101\u017eas un ritu\u0101li d\u0101m\u0101m, kungiem un p\u0101riem | Baltvilla spa\",\"isPartOf\":{\"@id\":\"https:\\\/\\\/www.baltvilla.lv\\\/en\\\/#website\"},\"datePublished\":\"2021-02-11T10:30:23+00:00\",\"dateModified\":\"2022-06-20T08:34:06+00:00\",\"description\":\"Spa mas\u0101\u017eas, ritu\u0101li un proced\u016bras \u0137ermenim un sejai. Baudiet mierpilnu un romantisku atp\u016btu vai atjaunojiet ener\u0123iju \u201eBaltvilla\u201d spa.\",\"breadcrumb\":{\"@id\":\"https:\\\/\\\/www.baltvilla.lv\\\/en\\\/spa\\\/visi\\\/#breadcrumb\"},\"inLanguage\":\"en-US\",\"potentialAction\":[{\"@type\":\"ReadAction\",\"target\":[\"https:\\\/\\\/www.baltvilla.lv\\\/en\\\/spa\\\/visi\\\/\"]}]},{\"@type\":\"BreadcrumbList\",\"@id\":\"https:\\\/\\\/www.baltvilla.lv\\\/en\\\/spa\\\/visi\\\/#breadcrumb\",\"itemListElement\":[{\"@type\":\"ListItem\",\"position\":1,\"name\":\"Home\",\"item\":\"https:\\\/\\\/www.baltvilla.lv\\\/en\\\/\"},{\"@type\":\"ListItem\",\"position\":2,\"name\":\"Spa\",\"item\":\"https:\\\/\\\/www.baltvilla.lv\\\/en\\\/spa\\\/\"},{\"@type\":\"ListItem\",\"position\":3,\"name\":\"All\"}]},{\"@type\":\"WebSite\",\"@id\":\"https:\\\/\\\/www.baltvilla.lv\\\/en\\\/#website\",\"url\":\"https:\\\/\\\/www.baltvilla.lv\\\/en\\\/\",\"name\":\"Baltvilla\",\"description\":\"\",\"publisher\":{\"@id\":\"https:\\\/\\\/www.baltvilla.lv\\\/en\\\/#organization\"},\"potentialAction\":[{\"@type\":\"SearchAction\",\"target\":{\"@type\":\"EntryPoint\",\"urlTemplate\":\"https:\\\/\\\/www.baltvilla.lv\\\/en\\\/?s={search_term_string}\"},\"query-input\":{\"@type\":\"PropertyValueSpecification\",\"valueRequired\":true,\"valueName\":\"search_term_string\"}}],\"inLanguage\":\"en-US\"},{\"@type\":\"Organization\",\"@id\":\"https:\\\/\\\/www.baltvilla.lv\\\/en\\\/#organization\",\"name\":\"Hotel \\\"Baltvilla\\\"\",\"url\":\"https:\\\/\\\/www.baltvilla.lv\\\/en\\\/\",\"logo\":{\"@type\":\"ImageObject\",\"inLanguage\":\"en-US\",\"@id\":\"https:\\\/\\\/www.baltvilla.lv\\\/en\\\/#\\\/schema\\\/logo\\\/image\\\/\",\"url\":\"https:\\\/\\\/www.baltvilla.lv\\\/wp-content\\\/uploads\\\/2021\\\/04\\\/baltvilla-logo.png\",\"contentUrl\":\"https:\\\/\\\/www.baltvilla.lv\\\/wp-content\\\/uploads\\\/2021\\\/04\\\/baltvilla-logo.png\",\"width\":207,\"height\":42,\"caption\":\"Hotel \\\"Baltvilla\\\"\"},\"image\":{\"@id\":\"https:\\\/\\\/www.baltvilla.lv\\\/en\\\/#\\\/schema\\\/logo\\\/image\\\/\"}}]}<\/script>\n<!-- \/ Yoast SEO plugin. -->","yoast_head_json":{"title":"Spa mas\u0101\u017eas un ritu\u0101li d\u0101m\u0101m, kungiem un p\u0101riem | Baltvilla spa","description":"Spa mas\u0101\u017eas, ritu\u0101li un proced\u016bras \u0137ermenim un sejai. Baudiet mierpilnu un romantisku atp\u016btu vai atjaunojiet ener\u0123iju \u201eBaltvilla\u201d spa.","robots":{"index":"index","follow":"follow","max-snippet":"max-snippet:-1","max-image-preview":"max-image-preview:large","max-video-preview":"max-video-preview:-1"},"canonical":"https:\/\/www.baltvilla.lv\/en\/spa\/visi\/","og_locale":"en_US","og_type":"article","og_title":"Spa mas\u0101\u017eas un ritu\u0101li d\u0101m\u0101m, kungiem un p\u0101riem | Baltvilla spa","og_description":"Spa mas\u0101\u017eas, ritu\u0101li un proced\u016bras \u0137ermenim un sejai. Baudiet mierpilnu un romantisku atp\u016btu vai atjaunojiet ener\u0123iju \u201eBaltvilla\u201d spa.","og_url":"https:\/\/www.baltvilla.lv\/en\/spa\/visi\/","og_site_name":"Baltvilla","article_modified_time":"2022-06-20T08:34:06+00:00","twitter_card":"summary_large_image","schema":{"@context":"https:\/\/schema.org","@graph":[{"@type":"WebPage","@id":"https:\/\/www.baltvilla.lv\/en\/spa\/visi\/","url":"https:\/\/www.baltvilla.lv\/en\/spa\/visi\/","name":"Spa mas\u0101\u017eas un ritu\u0101li d\u0101m\u0101m, kungiem un p\u0101riem | Baltvilla spa","isPartOf":{"@id":"https:\/\/www.baltvilla.lv\/en\/#website"},"datePublished":"2021-02-11T10:30:23+00:00","dateModified":"2022-06-20T08:34:06+00:00","description":"Spa mas\u0101\u017eas, ritu\u0101li un proced\u016bras \u0137ermenim un sejai. Baudiet mierpilnu un romantisku atp\u016btu vai atjaunojiet ener\u0123iju \u201eBaltvilla\u201d spa.","breadcrumb":{"@id":"https:\/\/www.baltvilla.lv\/en\/spa\/visi\/#breadcrumb"},"inLanguage":"en-US","potentialAction":[{"@type":"ReadAction","target":["https:\/\/www.baltvilla.lv\/en\/spa\/visi\/"]}]},{"@type":"BreadcrumbList","@id":"https:\/\/www.baltvilla.lv\/en\/spa\/visi\/#breadcrumb","itemListElement":[{"@type":"ListItem","position":1,"name":"Home","item":"https:\/\/www.baltvilla.lv\/en\/"},{"@type":"ListItem","position":2,"name":"Spa","item":"https:\/\/www.baltvilla.lv\/en\/spa\/"},{"@type":"ListItem","position":3,"name":"All"}]},{"@type":"WebSite","@id":"https:\/\/www.baltvilla.lv\/en\/#website","url":"https:\/\/www.baltvilla.lv\/en\/","name":"Baltvilla","description":"","publisher":{"@id":"https:\/\/www.baltvilla.lv\/en\/#organization"},"potentialAction":[{"@type":"SearchAction","target":{"@type":"EntryPoint","urlTemplate":"https:\/\/www.baltvilla.lv\/en\/?s={search_term_string}"},"query-input":{"@type":"PropertyValueSpecification","valueRequired":true,"valueName":"search_term_string"}}],"inLanguage":"en-US"},{"@type":"Organization","@id":"https:\/\/www.baltvilla.lv\/en\/#organization","name":"Hotel \"Baltvilla\"","url":"https:\/\/www.baltvilla.lv\/en\/","logo":{"@type":"ImageObject","inLanguage":"en-US","@id":"https:\/\/www.baltvilla.lv\/en\/#\/schema\/logo\/image\/","url":"https:\/\/www.baltvilla.lv\/wp-content\/uploads\/2021\/04\/baltvilla-logo.png","contentUrl":"https:\/\/www.baltvilla.lv\/wp-content\/uploads\/2021\/04\/baltvilla-logo.png","width":207,"height":42,"caption":"Hotel \"Baltvilla\""},"image":{"@id":"https:\/\/www.baltvilla.lv\/en\/#\/schema\/logo\/image\/"}}]}},"_links":{"self":[{"href":"https:\/\/www.baltvilla.lv\/en\/wp-json\/wp\/v2\/pages\/10201","targetHints":{"allow":["GET"]}}],"collection":[{"href":"https:\/\/www.baltvilla.lv\/en\/wp-json\/wp\/v2\/pages"}],"about":[{"href":"https:\/\/www.baltvilla.lv\/en\/wp-json\/wp\/v2\/types\/page"}],"author":[{"embeddable":true,"href":"https:\/\/www.baltvilla.lv\/en\/wp-json\/wp\/v2\/users\/1"}],"replies":[{"embeddable":true,"href":"https:\/\/www.baltvilla.lv\/en\/wp-json\/wp\/v2\/comments?post=10201"}],"version-history":[{"count":2,"href":"https:\/\/www.baltvilla.lv\/en\/wp-json\/wp\/v2\/pages\/10201\/revisions"}],"predecessor-version":[{"id":10203,"href":"https:\/\/www.baltvilla.lv\/en\/wp-json\/wp\/v2\/pages\/10201\/revisions\/10203"}],"up":[{"embeddable":true,"href":"https:\/\/www.baltvilla.lv\/en\/wp-json\/wp\/v2\/pages\/9292"}],"wp:attachment":[{"href":"https:\/\/www.baltvilla.lv\/en\/wp-json\/wp\/v2\/media?parent=10201"}],"curies":[{"name":"wp","href":"https:\/\/api.w.org\/{rel}","templated":true}]}}