{"id":10050,"date":"2021-03-08T16:31:19","date_gmt":"2021-03-08T16:31:19","guid":{"rendered":"https:\/\/www.baltvilla.lv\/viesnica\/our-numbers\/superior-numurs\/"},"modified":"2024-07-16T11:46:35","modified_gmt":"2024-07-16T08:46:35","slug":"superior-numurs","status":"publish","type":"page","link":"https:\/\/www.baltvilla.lv\/en\/viesnica\/our-numbers\/superior-numurs\/","title":{"rendered":"Superior room"},"content":{"rendered":"","protected":false},"excerpt":{"rendered":"","protected":false},"author":1,"featured_media":0,"parent":9321,"menu_order":55,"comment_status":"closed","ping_status":"closed","template":"tpl-room.php","meta":{"_acf_changed":false,"footnotes":""},"class_list":["post-10050","page","type-page","status-publish","hentry"],"acf":[],"yoast_head":"<!-- This site is optimized with the Yoast SEO plugin v27.4 - https:\/\/yoast.com\/product\/yoast-seo-wordpress\/ -->\n<title>Paaugstin\u0101tas kategorijas standarta numurs | Baltvilla<\/title>\n<meta name=\"description\" content=\"26 m2, numur\u0101 ir viss nepiecie\u0161amais kvalitat\u012bvai atp\u016btai, gardas brokastis iek\u013cautas cen\u0101. Viesn\u012bca \u201eBaltvilla\u201d atrodas R\u012bgas tuvum\u0101\" \/>\n<meta name=\"robots\" content=\"index, follow, max-snippet:-1, max-image-preview:large, max-video-preview:-1\" \/>\n<link rel=\"canonical\" href=\"https:\/\/www.baltvilla.lv\/en\/viesnica\/our-numbers\/superior-numurs\/\" \/>\n<meta property=\"og:locale\" content=\"en_US\" \/>\n<meta property=\"og:type\" content=\"article\" \/>\n<meta property=\"og:title\" content=\"Paaugstin\u0101tas kategorijas standarta numurs | Baltvilla\" \/>\n<meta property=\"og:description\" content=\"26 m2, numur\u0101 ir viss nepiecie\u0161amais kvalitat\u012bvai atp\u016btai, gardas brokastis iek\u013cautas cen\u0101. Viesn\u012bca \u201eBaltvilla\u201d atrodas R\u012bgas tuvum\u0101\" \/>\n<meta property=\"og:url\" content=\"https:\/\/www.baltvilla.lv\/en\/viesnica\/our-numbers\/superior-numurs\/\" \/>\n<meta property=\"og:site_name\" content=\"Baltvilla\" \/>\n<meta property=\"article:modified_time\" content=\"2024-07-16T08:46:35+00:00\" \/>\n<meta name=\"twitter:card\" content=\"summary_large_image\" \/>\n<script type=\"application\/ld+json\" class=\"yoast-schema-graph\">{\"@context\":\"https:\\\/\\\/schema.org\",\"@graph\":[{\"@type\":\"WebPage\",\"@id\":\"https:\\\/\\\/www.baltvilla.lv\\\/en\\\/viesnica\\\/our-numbers\\\/superior-numurs\\\/\",\"url\":\"https:\\\/\\\/www.baltvilla.lv\\\/en\\\/viesnica\\\/our-numbers\\\/superior-numurs\\\/\",\"name\":\"Paaugstin\u0101tas kategorijas standarta numurs | Baltvilla\",\"isPartOf\":{\"@id\":\"https:\\\/\\\/www.baltvilla.lv\\\/en\\\/#website\"},\"datePublished\":\"2021-03-08T16:31:19+00:00\",\"dateModified\":\"2024-07-16T08:46:35+00:00\",\"description\":\"26 m2, numur\u0101 ir viss nepiecie\u0161amais kvalitat\u012bvai atp\u016btai, gardas brokastis iek\u013cautas cen\u0101. Viesn\u012bca \u201eBaltvilla\u201d atrodas R\u012bgas tuvum\u0101\",\"breadcrumb\":{\"@id\":\"https:\\\/\\\/www.baltvilla.lv\\\/en\\\/viesnica\\\/our-numbers\\\/superior-numurs\\\/#breadcrumb\"},\"inLanguage\":\"en-US\",\"potentialAction\":[{\"@type\":\"ReadAction\",\"target\":[\"https:\\\/\\\/www.baltvilla.lv\\\/en\\\/viesnica\\\/our-numbers\\\/superior-numurs\\\/\"]}]},{\"@type\":\"BreadcrumbList\",\"@id\":\"https:\\\/\\\/www.baltvilla.lv\\\/en\\\/viesnica\\\/our-numbers\\\/superior-numurs\\\/#breadcrumb\",\"itemListElement\":[{\"@type\":\"ListItem\",\"position\":1,\"name\":\"Home\",\"item\":\"https:\\\/\\\/www.baltvilla.lv\\\/en\\\/\"},{\"@type\":\"ListItem\",\"position\":2,\"name\":\"Hotel\",\"item\":\"https:\\\/\\\/www.baltvilla.lv\\\/en\\\/viesnica\\\/\"},{\"@type\":\"ListItem\",\"position\":3,\"name\":\"Our rooms\",\"item\":\"https:\\\/\\\/www.baltvilla.lv\\\/en\\\/viesnica\\\/our-numbers\\\/\"},{\"@type\":\"ListItem\",\"position\":4,\"name\":\"Superior room\"}]},{\"@type\":\"WebSite\",\"@id\":\"https:\\\/\\\/www.baltvilla.lv\\\/en\\\/#website\",\"url\":\"https:\\\/\\\/www.baltvilla.lv\\\/en\\\/\",\"name\":\"Baltvilla\",\"description\":\"\",\"publisher\":{\"@id\":\"https:\\\/\\\/www.baltvilla.lv\\\/en\\\/#organization\"},\"potentialAction\":[{\"@type\":\"SearchAction\",\"target\":{\"@type\":\"EntryPoint\",\"urlTemplate\":\"https:\\\/\\\/www.baltvilla.lv\\\/en\\\/?s={search_term_string}\"},\"query-input\":{\"@type\":\"PropertyValueSpecification\",\"valueRequired\":true,\"valueName\":\"search_term_string\"}}],\"inLanguage\":\"en-US\"},{\"@type\":\"Organization\",\"@id\":\"https:\\\/\\\/www.baltvilla.lv\\\/en\\\/#organization\",\"name\":\"Hotel \\\"Baltvilla\\\"\",\"url\":\"https:\\\/\\\/www.baltvilla.lv\\\/en\\\/\",\"logo\":{\"@type\":\"ImageObject\",\"inLanguage\":\"en-US\",\"@id\":\"https:\\\/\\\/www.baltvilla.lv\\\/en\\\/#\\\/schema\\\/logo\\\/image\\\/\",\"url\":\"https:\\\/\\\/www.baltvilla.lv\\\/wp-content\\\/uploads\\\/2021\\\/04\\\/baltvilla-logo.png\",\"contentUrl\":\"https:\\\/\\\/www.baltvilla.lv\\\/wp-content\\\/uploads\\\/2021\\\/04\\\/baltvilla-logo.png\",\"width\":207,\"height\":42,\"caption\":\"Hotel \\\"Baltvilla\\\"\"},\"image\":{\"@id\":\"https:\\\/\\\/www.baltvilla.lv\\\/en\\\/#\\\/schema\\\/logo\\\/image\\\/\"}}]}<\/script>\n<!-- \/ Yoast SEO plugin. -->","yoast_head_json":{"title":"Paaugstin\u0101tas kategorijas standarta numurs | Baltvilla","description":"26 m2, numur\u0101 ir viss nepiecie\u0161amais kvalitat\u012bvai atp\u016btai, gardas brokastis iek\u013cautas cen\u0101. Viesn\u012bca \u201eBaltvilla\u201d atrodas R\u012bgas tuvum\u0101","robots":{"index":"index","follow":"follow","max-snippet":"max-snippet:-1","max-image-preview":"max-image-preview:large","max-video-preview":"max-video-preview:-1"},"canonical":"https:\/\/www.baltvilla.lv\/en\/viesnica\/our-numbers\/superior-numurs\/","og_locale":"en_US","og_type":"article","og_title":"Paaugstin\u0101tas kategorijas standarta numurs | Baltvilla","og_description":"26 m2, numur\u0101 ir viss nepiecie\u0161amais kvalitat\u012bvai atp\u016btai, gardas brokastis iek\u013cautas cen\u0101. Viesn\u012bca \u201eBaltvilla\u201d atrodas R\u012bgas tuvum\u0101","og_url":"https:\/\/www.baltvilla.lv\/en\/viesnica\/our-numbers\/superior-numurs\/","og_site_name":"Baltvilla","article_modified_time":"2024-07-16T08:46:35+00:00","twitter_card":"summary_large_image","schema":{"@context":"https:\/\/schema.org","@graph":[{"@type":"WebPage","@id":"https:\/\/www.baltvilla.lv\/en\/viesnica\/our-numbers\/superior-numurs\/","url":"https:\/\/www.baltvilla.lv\/en\/viesnica\/our-numbers\/superior-numurs\/","name":"Paaugstin\u0101tas kategorijas standarta numurs | Baltvilla","isPartOf":{"@id":"https:\/\/www.baltvilla.lv\/en\/#website"},"datePublished":"2021-03-08T16:31:19+00:00","dateModified":"2024-07-16T08:46:35+00:00","description":"26 m2, numur\u0101 ir viss nepiecie\u0161amais kvalitat\u012bvai atp\u016btai, gardas brokastis iek\u013cautas cen\u0101. Viesn\u012bca \u201eBaltvilla\u201d atrodas R\u012bgas tuvum\u0101","breadcrumb":{"@id":"https:\/\/www.baltvilla.lv\/en\/viesnica\/our-numbers\/superior-numurs\/#breadcrumb"},"inLanguage":"en-US","potentialAction":[{"@type":"ReadAction","target":["https:\/\/www.baltvilla.lv\/en\/viesnica\/our-numbers\/superior-numurs\/"]}]},{"@type":"BreadcrumbList","@id":"https:\/\/www.baltvilla.lv\/en\/viesnica\/our-numbers\/superior-numurs\/#breadcrumb","itemListElement":[{"@type":"ListItem","position":1,"name":"Home","item":"https:\/\/www.baltvilla.lv\/en\/"},{"@type":"ListItem","position":2,"name":"Hotel","item":"https:\/\/www.baltvilla.lv\/en\/viesnica\/"},{"@type":"ListItem","position":3,"name":"Our rooms","item":"https:\/\/www.baltvilla.lv\/en\/viesnica\/our-numbers\/"},{"@type":"ListItem","position":4,"name":"Superior room"}]},{"@type":"WebSite","@id":"https:\/\/www.baltvilla.lv\/en\/#website","url":"https:\/\/www.baltvilla.lv\/en\/","name":"Baltvilla","description":"","publisher":{"@id":"https:\/\/www.baltvilla.lv\/en\/#organization"},"potentialAction":[{"@type":"SearchAction","target":{"@type":"EntryPoint","urlTemplate":"https:\/\/www.baltvilla.lv\/en\/?s={search_term_string}"},"query-input":{"@type":"PropertyValueSpecification","valueRequired":true,"valueName":"search_term_string"}}],"inLanguage":"en-US"},{"@type":"Organization","@id":"https:\/\/www.baltvilla.lv\/en\/#organization","name":"Hotel \"Baltvilla\"","url":"https:\/\/www.baltvilla.lv\/en\/","logo":{"@type":"ImageObject","inLanguage":"en-US","@id":"https:\/\/www.baltvilla.lv\/en\/#\/schema\/logo\/image\/","url":"https:\/\/www.baltvilla.lv\/wp-content\/uploads\/2021\/04\/baltvilla-logo.png","contentUrl":"https:\/\/www.baltvilla.lv\/wp-content\/uploads\/2021\/04\/baltvilla-logo.png","width":207,"height":42,"caption":"Hotel \"Baltvilla\""},"image":{"@id":"https:\/\/www.baltvilla.lv\/en\/#\/schema\/logo\/image\/"}}]}},"_links":{"self":[{"href":"https:\/\/www.baltvilla.lv\/en\/wp-json\/wp\/v2\/pages\/10050","targetHints":{"allow":["GET"]}}],"collection":[{"href":"https:\/\/www.baltvilla.lv\/en\/wp-json\/wp\/v2\/pages"}],"about":[{"href":"https:\/\/www.baltvilla.lv\/en\/wp-json\/wp\/v2\/types\/page"}],"author":[{"embeddable":true,"href":"https:\/\/www.baltvilla.lv\/en\/wp-json\/wp\/v2\/users\/1"}],"replies":[{"embeddable":true,"href":"https:\/\/www.baltvilla.lv\/en\/wp-json\/wp\/v2\/comments?post=10050"}],"version-history":[{"count":4,"href":"https:\/\/www.baltvilla.lv\/en\/wp-json\/wp\/v2\/pages\/10050\/revisions"}],"predecessor-version":[{"id":18053,"href":"https:\/\/www.baltvilla.lv\/en\/wp-json\/wp\/v2\/pages\/10050\/revisions\/18053"}],"up":[{"embeddable":true,"href":"https:\/\/www.baltvilla.lv\/en\/wp-json\/wp\/v2\/pages\/9321"}],"wp:attachment":[{"href":"https:\/\/www.baltvilla.lv\/en\/wp-json\/wp\/v2\/media?parent=10050"}],"curies":[{"name":"wp","href":"https:\/\/api.w.org\/{rel}","templated":true}]}}